{"id":4861,"date":"2025-07-24T17:38:18","date_gmt":"2025-07-24T09:38:18","guid":{"rendered":"https:\/\/theperfumebottles.com\/?post_type=product&#038;p=4861"},"modified":"2026-04-01T14:02:53","modified_gmt":"2026-04-01T06:02:53","slug":"cream-storage-jars-empty-skincare-containers-wholesale","status":"publish","type":"product","link":"https:\/\/theperfumebottles.com\/sv\/produkt\/cream-storage-jars-empty-skincare-containers-wholesale\/","title":{"rendered":"1 oz kr\u00e4mf\u00f6rvaringsburkar \u2013 Tomma hudv\u00e5rdsbeh\u00e5llare grossist"},"content":{"rendered":"<p>F\u00f6rvaringsburkarna f\u00f6r gr\u00e4dde har en kompakt cylindrisk design som finns i tv\u00e5 glasvarianter: mjukt frostat glas och kristallklart glas. Den frostade burken har ett silverf\u00e4rgat skruvkork i metall, medan den genomskinliga burken har ett guldf\u00e4rgat metallkork.<\/p>\n<h2><span class=\"highlights\" data-v-df95d256=\"\">Viktiga specifikationer <\/span><\/h2>\n<table style=\"border-collapse: collapse; width: 600px; height: 81px; margin-left: 320px;\" border=\"0\" width=\"144\" cellspacing=\"0\" cellpadding=\"0\">\n<tbody>\n<tr style=\"height: 13.50pt;\">\n<td style=\"height: 13.50pt; width: 54.00pt;\" width=\"72\" height=\"18\">S\u00e4rdrag<\/td>\n<td style=\"width: 54.00pt;\" width=\"72\">Detalj<\/td>\n<\/tr>\n<tr style=\"height: 13.50pt;\">\n<td style=\"height: 13.50pt;\" height=\"18\">Kapacitet<\/td>\n<td>30 ml (1 oz)<\/td>\n<\/tr>\n<tr style=\"height: 13.50pt;\">\n<td style=\"height: 13.50pt;\" height=\"18\">Form<\/td>\n<td>Raksidig<\/td>\n<\/tr>\n<tr style=\"height: 13.50pt;\">\n<td style=\"height: 13.50pt;\" height=\"18\">T\u00e4tningsmekanism<\/td>\n<td>G\u00e4ngat metalllock (anpassningsbart)<\/td>\n<\/tr>\n<tr style=\"height: 13.50pt;\">\n<td style=\"height: 13.50pt;\" height=\"18\">Material<\/td>\n<td>Kristallglas<\/td>\n<\/tr>\n<tr style=\"height: 13.50pt;\">\n<td style=\"height: 13.50pt;\" height=\"18\">F\u00e4rg<\/td>\n<td>Matt<\/td>\n<\/tr>\n<tr style=\"height: 13.50pt;\">\n<td style=\"height: 13.50pt;\" height=\"18\">Anv\u00e4ndningsfall<\/td>\n<td>Ansiktskr\u00e4m, Kroppskr\u00e4m, \u00d6gonkr\u00e4m, L\u00e4ppkr\u00e4m<\/td>\n<\/tr>\n<\/tbody>\n<\/table>\n<h2>Framg\u00e5ngssaga: Specialbest\u00e4llning fr\u00e5n ett exklusivt hudv\u00e5rdsm\u00e4rke i F\u00f6renade Arabemiraten<\/h2>\n<p>Ett hudv\u00e5rdsm\u00e4rke baserat i Dubai valde v\u00e5ra tomma hudv\u00e5rdsbeh\u00e5llare p\u00e5 50 ml och specialdesignade 24K-f\u00f6rgyllda och ros\u00e9f\u00f6rgyllda silverkork. Resultatet var fantastiskt eftersom \u00e4delmetalltemat matchade m\u00e4rkets exklusiva positionering, vilket bidrog till att \u00f6ka deras f\u00f6rs\u00e4ljning av presentaskar under julhelgen med 60 %. De luftt\u00e4ta metallkorkarna f\u00f6rl\u00e4ngde h\u00e5llbarheten p\u00e5 deras v\u00e4xtbaserade kr\u00e4mer med 30 %. M\u00e4rkets enorma framg\u00e5ng ledde till en ytterligare best\u00e4llning p\u00e5 300 000 burkar f\u00f6r att producera en ny serie ansiktsoljor och serum.<\/p>\n<h2><span class=\"highlights\" data-v-df95d256=\"\"> Tips f\u00f6r anpassning<\/span><\/h2>\n<ul>\n<li><span class=\"highlights\" data-v-df95d256=\"\"><strong>F\u00e4rgalternativ:<\/strong> Byt ut frostat glas mot klart eller b\u00e4rnstensf\u00e4rgat glas f\u00f6r s\u00e4songskollektioner. <\/span><\/li>\n<li><span class=\"highlights\" data-v-df95d256=\"\"><strong>Uppgraderingar av lock:<\/strong> L\u00e4gg till en magnetisk f\u00f6rslutning f\u00f6r en flaskupplevelse i toppklass. <\/span><\/li>\n<li><span class=\"highlights\" data-v-df95d256=\"\"><strong>Milj\u00f6v\u00e4nlig twist:<\/strong> Kombinera de tomma hudv\u00e5rdsf\u00f6rpackningarna med biologiskt nedbrytbara etiketter eller v\u00e4xtbaserat bl\u00e4ck f\u00f6r att anpassa dig till h\u00e5llbara sk\u00f6nhetsf\u00f6rpackningar.<\/span><\/li>\n<\/ul>","protected":false},"excerpt":{"rendered":"<p>F\u00f6rvaringsburkar f\u00f6r kr\u00e4mer i frostat och klart glas. Tomma hudv\u00e5rdsbeh\u00e5llare med guld- och silverlock, perfekta f\u00f6r exklusiva kosmetikaf\u00f6rpackningar. Gratisprover.<\/p>","protected":false},"featured_media":4862,"comment_status":"open","ping_status":"closed","template":"","meta":{"_acf_changed":false,"site-sidebar-layout":"default","site-content-layout":"","ast-site-content-layout":"default","site-content-style":"default","site-sidebar-style":"default","ast-global-header-display":"","ast-banner-title-visibility":"","ast-main-header-display":"","ast-hfb-above-header-display":"","ast-hfb-below-header-display":"","ast-hfb-mobile-header-display":"","site-post-title":"","ast-breadcrumbs-content":"","ast-featured-img":"","footer-sml-layout":"","ast-disable-related-posts":"","theme-transparent-header-meta":"default","adv-header-id-meta":"","stick-header-meta":"","header-above-stick-meta":"","header-main-stick-meta":"","header-below-stick-meta":"","astra-migrate-meta-layouts":"set","ast-page-background-enabled":"default","ast-page-background-meta":{"desktop":{"background-color":"var(--ast-global-color-5)","background-image":"","background-repeat":"repeat","background-position":"center center","background-size":"auto","background-attachment":"scroll","background-type":"","background-media":"","overlay-type":"","overlay-color":"","overlay-opacity":"","overlay-gradient":""},"tablet":{"background-color":"","background-image":"","background-repeat":"repeat","background-position":"center center","background-size":"auto","background-attachment":"scroll","background-type":"","background-media":"","overlay-type":"","overlay-color":"","overlay-opacity":"","overlay-gradient":""},"mobile":{"background-color":"","background-image":"","background-repeat":"repeat","background-position":"center center","background-size":"auto","background-attachment":"scroll","background-type":"","background-media":"","overlay-type":"","overlay-color":"","overlay-opacity":"","overlay-gradient":""}},"ast-content-background-meta":{"desktop":{"background-color":"var(--ast-global-color-4)","background-image":"","background-repeat":"repeat","background-position":"center center","background-size":"auto","background-attachment":"scroll","background-type":"","background-media":"","overlay-type":"","overlay-color":"","overlay-opacity":"","overlay-gradient":""},"tablet":{"background-color":"var(--ast-global-color-4)","background-image":"","background-repeat":"repeat","background-position":"center center","background-size":"auto","background-attachment":"scroll","background-type":"","background-media":"","overlay-type":"","overlay-color":"","overlay-opacity":"","overlay-gradient":""},"mobile":{"background-color":"var(--ast-global-color-4)","background-image":"","background-repeat":"repeat","background-position":"center center","background-size":"auto","background-attachment":"scroll","background-type":"","background-media":"","overlay-type":"","overlay-color":"","overlay-opacity":"","overlay-gradient":""}}},"product_brand":[],"product_cat":[56,62,72],"product_tag":[181,182],"class_list":{"0":"post-4861","1":"product","2":"type-product","3":"status-publish","4":"has-post-thumbnail","6":"product_cat-cosmetic-jars","7":"product_cat-cosmetic-containers","8":"product_cat-cosmetic-packaging","9":"product_tag-cream-storage-jars","10":"product_tag-empty-skincare-containers","11":"desktop-align-left","12":"tablet-align-left","13":"mobile-align-left","15":"first","16":"instock","17":"shipping-taxable","18":"product-type-simple"},"acf":[],"jetpack_sharing_enabled":true,"_links":{"self":[{"href":"https:\/\/theperfumebottles.com\/sv\/wp-json\/wp\/v2\/product\/4861","targetHints":{"allow":["GET"]}}],"collection":[{"href":"https:\/\/theperfumebottles.com\/sv\/wp-json\/wp\/v2\/product"}],"about":[{"href":"https:\/\/theperfumebottles.com\/sv\/wp-json\/wp\/v2\/types\/product"}],"replies":[{"embeddable":true,"href":"https:\/\/theperfumebottles.com\/sv\/wp-json\/wp\/v2\/comments?post=4861"}],"wp:featuredmedia":[{"embeddable":true,"href":"https:\/\/theperfumebottles.com\/sv\/wp-json\/wp\/v2\/media\/4862"}],"wp:attachment":[{"href":"https:\/\/theperfumebottles.com\/sv\/wp-json\/wp\/v2\/media?parent=4861"}],"wp:term":[{"taxonomy":"product_brand","embeddable":true,"href":"https:\/\/theperfumebottles.com\/sv\/wp-json\/wp\/v2\/product_brand?post=4861"},{"taxonomy":"product_cat","embeddable":true,"href":"https:\/\/theperfumebottles.com\/sv\/wp-json\/wp\/v2\/product_cat?post=4861"},{"taxonomy":"product_tag","embeddable":true,"href":"https:\/\/theperfumebottles.com\/sv\/wp-json\/wp\/v2\/product_tag?post=4861"}],"curies":[{"name":"wp","href":"https:\/\/api.w.org\/{rel}","templated":true}]}}