{"id":4922,"date":"2025-07-25T17:56:06","date_gmt":"2025-07-25T09:56:06","guid":{"rendered":"https:\/\/theperfumebottles.com\/?post_type=product&#038;p=4922"},"modified":"2025-08-01T11:45:48","modified_gmt":"2025-08-01T03:45:48","slug":"empty-cosmetic-pots-custom-jar-packaging-for-skincare","status":"publish","type":"product","link":"https:\/\/theperfumebottles.com\/sv\/produkt\/empty-cosmetic-pots-custom-jar-packaging-for-skincare\/","title":{"rendered":"2oz 250ml 8oz tomma kosmetikaburkar \u2013 Anpassad burkf\u00f6rpackning f\u00f6r hudv\u00e5rd\u00a0"},"content":{"rendered":"<p>Beh\u00f6ver du en specialdesignad burkf\u00f6rpackning som kombinerar h\u00e5llbarhet och elegans? Dessa tomma kosmetikaburkar \u00e4r utformade f\u00f6r hudv\u00e5rdstillverkare och leverant\u00f6rer av kosmetikaf\u00f6rpackningar som vill skapa en l\u00e5ngvarig effekt.<\/p>\n<h2>Viktiga specifikationer<\/h2>\n<table style=\"border-collapse: collapse;width: 80%;height: 17px;margin-left: auto;margin-right: auto\" border=\"0\" width=\"144\" cellspacing=\"0\" cellpadding=\"0\">\n<tbody>\n<tr style=\"height: 13.50pt\">\n<td style=\"height: 13.50pt;width: 54.00pt\" width=\"72\" height=\"18\">Attribut<\/td>\n<td style=\"width: 54.00pt\" width=\"72\">Detaljer<\/td>\n<\/tr>\n<tr style=\"height: 13.50pt\">\n<td style=\"height: 13.50pt\" height=\"18\">Kapacitet<\/td>\n<td>2 oz, 250 ml, 8 oz<\/td>\n<\/tr>\n<tr style=\"height: 13.50pt\">\n<td style=\"height: 13.50pt\" height=\"18\">T\u00e4tningsmekanism<\/td>\n<td>G\u00e4ngad hals + plastlock (anpassningsbart)<\/td>\n<\/tr>\n<tr style=\"height: 13.50pt\">\n<td style=\"height: 13.50pt\" height=\"18\">Form<\/td>\n<td>Runda<\/td>\n<\/tr>\n<tr style=\"height: 13.50pt\">\n<td style=\"height: 13.50pt\" height=\"18\">Material<\/td>\n<td>Kristallglas<\/td>\n<\/tr>\n<tr style=\"height: 13.50pt\">\n<td style=\"height: 13.50pt\" height=\"18\">F\u00e4rg<\/td>\n<td>B\u00e4rnsten<\/td>\n<\/tr>\n<tr style=\"height: 13.50pt\">\n<td style=\"height: 13.50pt\" height=\"18\">Anv\u00e4ndningsfall<\/td>\n<td>Hudv\u00e5rdskr\u00e4mer<\/td>\n<\/tr>\n<\/tbody>\n<\/table>\n<h2>Framg\u00e5ngssaga: Ett hudv\u00e5rdsm\u00e4rkes f\u00f6rpackningsf\u00f6rvandling<\/h2>\n<p>Ett hudv\u00e5rdsm\u00e4rke ville lansera en serie C-vitaminserum. De valde dessa tomma kosmetikaburkar med b\u00e4rnstensf\u00e4rgat glas och specialdesignade guldetiketter. Resultatet? En f\u00f6rs\u00e4ljnings\u00f6kning p\u00e5 45 %, d\u00e4r kunderna lovordade &#034;finishen som k\u00e4nns som en lyxig spa-upplevelse i en burk&#034;.<\/p>\n<h2>Tips f\u00f6r anpassning<\/h2>\n<p>F\u00f6r ett f\u00f6rstklassigt utseende, kombinera b\u00e4rnstensf\u00e4rgat glas med vita eller metalliska etiketter, och \u00f6verv\u00e4g frostade eller genomskinliga etiketter f\u00f6r att framh\u00e4va produktinformationen. Att framh\u00e4va burken med pr\u00e4glade eller upph\u00f6jda texturer ger b\u00e5de synligt utseende och ett b\u00e4ttre grepp.<\/p>","protected":false},"excerpt":{"rendered":"<p>H\u00e5llbara tomma kosmetikburkar med b\u00e4rnstensf\u00e4rgat glas. Kosmetikburkf\u00f6rpackning f\u00f6r hudv\u00e5rd, anpassningsbar, leveransklar och perfekt f\u00f6r bulkbest\u00e4llningar.<\/p>","protected":false},"featured_media":4947,"comment_status":"open","ping_status":"closed","template":"","meta":{"_acf_changed":false,"site-sidebar-layout":"default","site-content-layout":"","ast-site-content-layout":"default","site-content-style":"default","site-sidebar-style":"default","ast-global-header-display":"","ast-banner-title-visibility":"","ast-main-header-display":"","ast-hfb-above-header-display":"","ast-hfb-below-header-display":"","ast-hfb-mobile-header-display":"","site-post-title":"","ast-breadcrumbs-content":"","ast-featured-img":"","footer-sml-layout":"","ast-disable-related-posts":"","theme-transparent-header-meta":"default","adv-header-id-meta":"","stick-header-meta":"","header-above-stick-meta":"","header-main-stick-meta":"","header-below-stick-meta":"","astra-migrate-meta-layouts":"set","ast-page-background-enabled":"default","ast-page-background-meta":{"desktop":{"background-color":"var(--ast-global-color-5)","background-image":"","background-repeat":"repeat","background-position":"center center","background-size":"auto","background-attachment":"scroll","background-type":"","background-media":"","overlay-type":"","overlay-color":"","overlay-opacity":"","overlay-gradient":""},"tablet":{"background-color":"","background-image":"","background-repeat":"repeat","background-position":"center center","background-size":"auto","background-attachment":"scroll","background-type":"","background-media":"","overlay-type":"","overlay-color":"","overlay-opacity":"","overlay-gradient":""},"mobile":{"background-color":"","background-image":"","background-repeat":"repeat","background-position":"center center","background-size":"auto","background-attachment":"scroll","background-type":"","background-media":"","overlay-type":"","overlay-color":"","overlay-opacity":"","overlay-gradient":""}},"ast-content-background-meta":{"desktop":{"background-color":"var(--ast-global-color-4)","background-image":"","background-repeat":"repeat","background-position":"center center","background-size":"auto","background-attachment":"scroll","background-type":"","background-media":"","overlay-type":"","overlay-color":"","overlay-opacity":"","overlay-gradient":""},"tablet":{"background-color":"var(--ast-global-color-4)","background-image":"","background-repeat":"repeat","background-position":"center center","background-size":"auto","background-attachment":"scroll","background-type":"","background-media":"","overlay-type":"","overlay-color":"","overlay-opacity":"","overlay-gradient":""},"mobile":{"background-color":"var(--ast-global-color-4)","background-image":"","background-repeat":"repeat","background-position":"center center","background-size":"auto","background-attachment":"scroll","background-type":"","background-media":"","overlay-type":"","overlay-color":"","overlay-opacity":"","overlay-gradient":""}}},"product_brand":[],"product_cat":[72,62,56],"product_tag":[194,193],"class_list":{"0":"post-4922","1":"product","2":"type-product","3":"status-publish","4":"has-post-thumbnail","6":"product_cat-cosmetic-packaging","7":"product_cat-cosmetic-containers","8":"product_cat-cosmetic-jars","9":"product_tag-cosmetic-jar-packaging","10":"product_tag-empty-cosmetic-pots","11":"desktop-align-left","12":"tablet-align-left","13":"mobile-align-left","15":"first","16":"instock","17":"shipping-taxable","18":"product-type-simple"},"acf":[],"jetpack_sharing_enabled":true,"_links":{"self":[{"href":"https:\/\/theperfumebottles.com\/sv\/wp-json\/wp\/v2\/product\/4922","targetHints":{"allow":["GET"]}}],"collection":[{"href":"https:\/\/theperfumebottles.com\/sv\/wp-json\/wp\/v2\/product"}],"about":[{"href":"https:\/\/theperfumebottles.com\/sv\/wp-json\/wp\/v2\/types\/product"}],"replies":[{"embeddable":true,"href":"https:\/\/theperfumebottles.com\/sv\/wp-json\/wp\/v2\/comments?post=4922"}],"wp:featuredmedia":[{"embeddable":true,"href":"https:\/\/theperfumebottles.com\/sv\/wp-json\/wp\/v2\/media\/4947"}],"wp:attachment":[{"href":"https:\/\/theperfumebottles.com\/sv\/wp-json\/wp\/v2\/media?parent=4922"}],"wp:term":[{"taxonomy":"product_brand","embeddable":true,"href":"https:\/\/theperfumebottles.com\/sv\/wp-json\/wp\/v2\/product_brand?post=4922"},{"taxonomy":"product_cat","embeddable":true,"href":"https:\/\/theperfumebottles.com\/sv\/wp-json\/wp\/v2\/product_cat?post=4922"},{"taxonomy":"product_tag","embeddable":true,"href":"https:\/\/theperfumebottles.com\/sv\/wp-json\/wp\/v2\/product_tag?post=4922"}],"curies":[{"name":"wp","href":"https:\/\/api.w.org\/{rel}","templated":true}]}}