{"id":4932,"date":"2025-07-25T17:57:13","date_gmt":"2025-07-25T09:57:13","guid":{"rendered":"https:\/\/theperfumebottles.com\/?post_type=product&#038;p=4932"},"modified":"2026-03-30T15:56:01","modified_gmt":"2026-03-30T07:56:01","slug":"clear-50ml-cosmetic-containers-with-gold-lids-wholesale","status":"publish","type":"product","link":"https:\/\/theperfumebottles.com\/sv\/produkt\/clear-50ml-cosmetic-containers-with-gold-lids-wholesale\/","title":{"rendered":"Genomskinliga 50 ml kosmetiska beh\u00e5llare med guldlock grossist"},"content":{"rendered":"<p>Dessa 50 ml kosmetikbeh\u00e5llare har en sofistikerad, skiktad design. Flaskan \u00e4r tillverkad av ett transparent cylindriskt glasr\u00f6r med en central extrem och h\u00f6gblank metallisk guldring runt. Korken \u00e4r av klar akryl, med en tunn metallisk ram av guld.<\/p>\n<h2><span class=\"highlights\" data-v-df95d256=\"\">Viktiga specifikationer <\/span><\/h2>\n<table style=\"border-collapse: collapse; width: 80%; height: 5px; margin-left: auto; margin-right: auto;\" border=\"0\" width=\"144\" cellspacing=\"0\" cellpadding=\"0\">\n<tbody>\n<tr style=\"height: 13.50pt;\">\n<td style=\"height: 13.50pt; width: 54.00pt;\" width=\"72\" height=\"18\">Attribut<\/td>\n<td style=\"width: 54.00pt;\" width=\"72\">Detaljer<\/td>\n<\/tr>\n<tr style=\"height: 13.50pt;\">\n<td style=\"height: 13.50pt;\" height=\"18\">Kapacitet<\/td>\n<td>50 ml<\/td>\n<\/tr>\n<tr style=\"height: 13.50pt;\">\n<td style=\"height: 13.50pt;\" height=\"18\">T\u00e4tningsmekanism<\/td>\n<td>G\u00e4ngad hals + plastlock (anpassningsbart)<\/td>\n<\/tr>\n<tr style=\"height: 13.50pt;\">\n<td style=\"height: 13.50pt;\" height=\"18\">Form<\/td>\n<td>Runda<\/td>\n<\/tr>\n<tr style=\"height: 13.50pt;\">\n<td style=\"height: 13.50pt;\" height=\"18\">Material<\/td>\n<td>Kristallglas<\/td>\n<\/tr>\n<tr style=\"height: 13.50pt;\">\n<td style=\"height: 13.50pt;\" height=\"18\">F\u00e4rg<\/td>\n<td>Rensa (anpassad)<\/td>\n<\/tr>\n<tr style=\"height: 13.50pt;\">\n<td style=\"height: 13.50pt;\" height=\"18\">Anv\u00e4ndningsfall<\/td>\n<td>Hudv\u00e5rdskr\u00e4m, lotionf\u00f6rpackning<\/td>\n<\/tr>\n<\/tbody>\n<\/table>\n<h2>Framg\u00e5ngssaga: Lyxig nattkr\u00e4m fr\u00e5n Mellan\u00f6stern<\/h2>\n<p>V\u00e5ra 50 ml genomskinliga kosmetikaburkar har specialanpassats av ett lyxigt sk\u00f6nhetsf\u00f6retag fr\u00e5n Mellan\u00f6stern, som har lagt till guldringar med en bel\u00e4ggning av ros\u00e9guld-PVD och pr\u00e4glad finish. De genomskinliga burkarna var en perfekt demonstration av bladguldet och detta ledde till en 300-procentig \u00f6kning av delningen p\u00e5 sociala medier. De f\u00f6rsta 50 000 enheterna s\u00e5ldes inom 72 timmar tack vare den vackra f\u00f6rpackningen. M\u00e4rkets enorma framg\u00e5ng ledde till en best\u00e4llning p\u00e5 ytterligare 750 000 burkar f\u00f6r att lansera ytterligare en familj av uppljusande primers och ansiktsoljor.<\/p>\n<h2><span class=\"highlights\" data-v-df95d256=\"\">Tips f\u00f6r anpassning <\/span><\/h2>\n<ul>\n<li><strong>F\u00e4rgharmoni:<\/strong> Kombinera rent glas med mjuka pastellf\u00e4rger eller vita etiketter f\u00f6r att skapa ett fr\u00e4scht, modernt och trendigt utseende.<\/li>\n<li><strong>Etikettdesign:<\/strong> Anv\u00e4nd tydliga eller metalliska etiketter f\u00f6r att lyfta fram viktiga ingredienser och produktf\u00f6rdelar, vilket f\u00f6rst\u00e4rker b\u00e5de utseende och kundinformation.<\/li>\n<li><strong>Texturerade funktioner:<\/strong> Anv\u00e4nd pr\u00e4glade former eller upph\u00f6jda texturer p\u00e5 glasburkarna f\u00f6r att f\u00f6rb\u00e4ttra greppet och ge dem en synlig och taktil attraktion.<\/li>\n<\/ul>","protected":false},"excerpt":{"rendered":"<p>50 ml kosmetikbeh\u00e5llare med klarglas och gulddetaljer. Kosmetikburkar i klarglas erbjuder lyxig look och luftt\u00e4t f\u00f6rsegling. Gratisprover tillg\u00e4ngliga idag.<\/p>","protected":false},"featured_media":4946,"comment_status":"open","ping_status":"closed","template":"","meta":{"_acf_changed":false,"site-sidebar-layout":"default","site-content-layout":"","ast-site-content-layout":"default","site-content-style":"default","site-sidebar-style":"default","ast-global-header-display":"","ast-banner-title-visibility":"","ast-main-header-display":"","ast-hfb-above-header-display":"","ast-hfb-below-header-display":"","ast-hfb-mobile-header-display":"","site-post-title":"","ast-breadcrumbs-content":"","ast-featured-img":"","footer-sml-layout":"","ast-disable-related-posts":"","theme-transparent-header-meta":"default","adv-header-id-meta":"","stick-header-meta":"","header-above-stick-meta":"","header-main-stick-meta":"","header-below-stick-meta":"","astra-migrate-meta-layouts":"set","ast-page-background-enabled":"default","ast-page-background-meta":{"desktop":{"background-color":"var(--ast-global-color-5)","background-image":"","background-repeat":"repeat","background-position":"center center","background-size":"auto","background-attachment":"scroll","background-type":"","background-media":"","overlay-type":"","overlay-color":"","overlay-opacity":"","overlay-gradient":""},"tablet":{"background-color":"","background-image":"","background-repeat":"repeat","background-position":"center center","background-size":"auto","background-attachment":"scroll","background-type":"","background-media":"","overlay-type":"","overlay-color":"","overlay-opacity":"","overlay-gradient":""},"mobile":{"background-color":"","background-image":"","background-repeat":"repeat","background-position":"center center","background-size":"auto","background-attachment":"scroll","background-type":"","background-media":"","overlay-type":"","overlay-color":"","overlay-opacity":"","overlay-gradient":""}},"ast-content-background-meta":{"desktop":{"background-color":"var(--ast-global-color-4)","background-image":"","background-repeat":"repeat","background-position":"center center","background-size":"auto","background-attachment":"scroll","background-type":"","background-media":"","overlay-type":"","overlay-color":"","overlay-opacity":"","overlay-gradient":""},"tablet":{"background-color":"var(--ast-global-color-4)","background-image":"","background-repeat":"repeat","background-position":"center center","background-size":"auto","background-attachment":"scroll","background-type":"","background-media":"","overlay-type":"","overlay-color":"","overlay-opacity":"","overlay-gradient":""},"mobile":{"background-color":"var(--ast-global-color-4)","background-image":"","background-repeat":"repeat","background-position":"center center","background-size":"auto","background-attachment":"scroll","background-type":"","background-media":"","overlay-type":"","overlay-color":"","overlay-opacity":"","overlay-gradient":""}}},"product_brand":[],"product_cat":[56,62,72],"product_tag":[197,198],"class_list":{"0":"post-4932","1":"product","2":"type-product","3":"status-publish","4":"has-post-thumbnail","6":"product_cat-cosmetic-jars","7":"product_cat-cosmetic-containers","8":"product_cat-cosmetic-packaging","9":"product_tag-50ml-cosmetic-containers","10":"product_tag-clear-glass-cosmetic-jars","11":"desktop-align-left","12":"tablet-align-left","13":"mobile-align-left","15":"first","16":"instock","17":"shipping-taxable","18":"product-type-simple"},"acf":[],"jetpack_sharing_enabled":true,"_links":{"self":[{"href":"https:\/\/theperfumebottles.com\/sv\/wp-json\/wp\/v2\/product\/4932","targetHints":{"allow":["GET"]}}],"collection":[{"href":"https:\/\/theperfumebottles.com\/sv\/wp-json\/wp\/v2\/product"}],"about":[{"href":"https:\/\/theperfumebottles.com\/sv\/wp-json\/wp\/v2\/types\/product"}],"replies":[{"embeddable":true,"href":"https:\/\/theperfumebottles.com\/sv\/wp-json\/wp\/v2\/comments?post=4932"}],"wp:featuredmedia":[{"embeddable":true,"href":"https:\/\/theperfumebottles.com\/sv\/wp-json\/wp\/v2\/media\/4946"}],"wp:attachment":[{"href":"https:\/\/theperfumebottles.com\/sv\/wp-json\/wp\/v2\/media?parent=4932"}],"wp:term":[{"taxonomy":"product_brand","embeddable":true,"href":"https:\/\/theperfumebottles.com\/sv\/wp-json\/wp\/v2\/product_brand?post=4932"},{"taxonomy":"product_cat","embeddable":true,"href":"https:\/\/theperfumebottles.com\/sv\/wp-json\/wp\/v2\/product_cat?post=4932"},{"taxonomy":"product_tag","embeddable":true,"href":"https:\/\/theperfumebottles.com\/sv\/wp-json\/wp\/v2\/product_tag?post=4932"}],"curies":[{"name":"wp","href":"https:\/\/api.w.org\/{rel}","templated":true}]}}