{"id":4985,"date":"2025-07-29T17:23:15","date_gmt":"2025-07-29T09:23:15","guid":{"rendered":"https:\/\/theperfumebottles.com\/?post_type=product&#038;p=4985"},"modified":"2026-04-28T15:56:07","modified_gmt":"2026-04-28T07:56:07","slug":"30ml-amber-cosmetic-jars-with-custom-options-in-bulk","status":"publish","type":"product","link":"https:\/\/theperfumebottles.com\/sv\/produkt\/30ml-amber-cosmetic-jars-with-custom-options-in-bulk\/","title":{"rendered":"30 ml b\u00e4rnstensf\u00e4rgade kosmetiska burkar med anpassade alternativ i bulk"},"content":{"rendered":"<p>Beh\u00f6ver du kosmetikaf\u00f6rpackningar som kombinerar funktionalitet och elegans? Dessa b\u00e4rnstensf\u00e4rgade kosmetikaburkar p\u00e5 30 ml \u00e4r designade f\u00f6r hudv\u00e5rdsm\u00e4rken och leverant\u00f6rer av sk\u00f6nhetsf\u00f6rpackningar som vill g\u00f6ra skillnad.<\/p>\n<h2>Viktiga specifikationer<\/h2>\n<table style=\"border-collapse: collapse; width: 986px; height: 5px; margin-left: 120px;\" border=\"0\" width=\"432\" cellspacing=\"0\" cellpadding=\"0\">\n<tbody>\n<tr style=\"height: 13.50pt;\">\n<td style=\"height: 13.5pt; width: 54pt; text-align: center;\" width=\"72\" height=\"18\">Kapacitet<\/td>\n<td style=\"width: 54pt; text-align: center;\" width=\"72\">T\u00e4tningsmetod<\/td>\n<td style=\"width: 54pt; text-align: center;\" width=\"72\">Form<\/td>\n<td style=\"width: 54pt; text-align: center;\" width=\"72\">Material<\/td>\n<td style=\"width: 54pt; text-align: center;\" width=\"72\">F\u00e4rg<\/td>\n<td style=\"width: 54pt; text-align: center;\" width=\"72\">Anv\u00e4ndningsfall<\/td>\n<\/tr>\n<tr style=\"height: 13.50pt;\">\n<td style=\"height: 13.5pt; text-align: center;\" height=\"18\">30 ml<\/td>\n<td style=\"text-align: center;\">G\u00e4ngad hals + Plastlock<\/td>\n<td style=\"text-align: center;\">Runda<\/td>\n<td style=\"text-align: center;\">Kristallglas<\/td>\n<td style=\"text-align: center;\">Amber (anpassningsbar)<\/td>\n<td style=\"text-align: center;\">L\u00e4ppbalsam, lotioner, kr\u00e4mer<\/td>\n<\/tr>\n<\/tbody>\n<\/table>\n<h2>Framg\u00e5ngssaga: Ett naturligt hudv\u00e5rdsm\u00e4rkes f\u00f6rpackningsrenovering<\/h2>\n<p>En startup inom ren sk\u00f6nhet beh\u00f6vde 30 ml b\u00e4rnstensf\u00e4rgade kosmetikaburkar till sitt C-vitaminserum. De valde v\u00e5ra kosmetikabeh\u00e5llare med specialdesignade mattsvarta lock och minimalistiska etiketter. Resultatet? En \u00f6kning av kundernas f\u00f6rtroende med 60 %, d\u00e4r k\u00f6pare kommenterade: \u201dDe b\u00e4rnstensf\u00e4rgade kosmetikaburkarna k\u00e4nns som ett lyxigt spa i mitt badrum.\u201d<\/p>\n<h2>Tips f\u00f6r anpassning<\/h2>\n<ul>\n<li><strong>F\u00e4rgkontrast:<\/strong> Kombinera b\u00e4rnstensf\u00e4rgat glas med vita eller guldf\u00e4rgade lock f\u00f6r ett f\u00f6rstklassigt utseende.<\/li>\n<li><strong>Etikettdesign:<\/strong> Anv\u00e4nd frostade etiketter med pr\u00e4glade varum\u00e4rken f\u00f6r en taktil upplevelse.<\/li>\n<li><strong>Materialblandning:<\/strong> Kombinera b\u00e4rnstensf\u00e4rgat glas med lock i borstat st\u00e5l eller frostat plast f\u00f6r att skapa en modern look f\u00f6r kosmetikabeh\u00e5llare.<\/li>\n<\/ul>","protected":false},"excerpt":{"rendered":"<p>30 ml b\u00e4rnstensf\u00e4rgade kosmetikaburkar f\u00f6r lotioner och kr\u00e4mer. Milj\u00f6v\u00e4nliga, UV-skyddande och leveransklara. Perfekta f\u00f6r sk\u00f6nhetsf\u00f6rpackningar i bulk.<\/p>","protected":false},"featured_media":4986,"comment_status":"open","ping_status":"closed","template":"","meta":{"_acf_changed":false,"site-sidebar-layout":"default","site-content-layout":"","ast-site-content-layout":"default","site-content-style":"default","site-sidebar-style":"default","ast-global-header-display":"","ast-banner-title-visibility":"","ast-main-header-display":"","ast-hfb-above-header-display":"","ast-hfb-below-header-display":"","ast-hfb-mobile-header-display":"","site-post-title":"","ast-breadcrumbs-content":"","ast-featured-img":"","footer-sml-layout":"","ast-disable-related-posts":"","theme-transparent-header-meta":"default","adv-header-id-meta":"","stick-header-meta":"","header-above-stick-meta":"","header-main-stick-meta":"","header-below-stick-meta":"","astra-migrate-meta-layouts":"set","ast-page-background-enabled":"default","ast-page-background-meta":{"desktop":{"background-color":"var(--ast-global-color-5)","background-image":"","background-repeat":"repeat","background-position":"center center","background-size":"auto","background-attachment":"scroll","background-type":"","background-media":"","overlay-type":"","overlay-color":"","overlay-opacity":"","overlay-gradient":""},"tablet":{"background-color":"","background-image":"","background-repeat":"repeat","background-position":"center center","background-size":"auto","background-attachment":"scroll","background-type":"","background-media":"","overlay-type":"","overlay-color":"","overlay-opacity":"","overlay-gradient":""},"mobile":{"background-color":"","background-image":"","background-repeat":"repeat","background-position":"center center","background-size":"auto","background-attachment":"scroll","background-type":"","background-media":"","overlay-type":"","overlay-color":"","overlay-opacity":"","overlay-gradient":""}},"ast-content-background-meta":{"desktop":{"background-color":"var(--ast-global-color-4)","background-image":"","background-repeat":"repeat","background-position":"center center","background-size":"auto","background-attachment":"scroll","background-type":"","background-media":"","overlay-type":"","overlay-color":"","overlay-opacity":"","overlay-gradient":""},"tablet":{"background-color":"var(--ast-global-color-4)","background-image":"","background-repeat":"repeat","background-position":"center center","background-size":"auto","background-attachment":"scroll","background-type":"","background-media":"","overlay-type":"","overlay-color":"","overlay-opacity":"","overlay-gradient":""},"mobile":{"background-color":"var(--ast-global-color-4)","background-image":"","background-repeat":"repeat","background-position":"center center","background-size":"auto","background-attachment":"scroll","background-type":"","background-media":"","overlay-type":"","overlay-color":"","overlay-opacity":"","overlay-gradient":""}}},"product_brand":[],"product_cat":[56,62,72],"product_tag":[201,200],"class_list":{"0":"post-4985","1":"product","2":"type-product","3":"status-publish","4":"has-post-thumbnail","6":"product_cat-cosmetic-jars","7":"product_cat-cosmetic-containers","8":"product_cat-cosmetic-packaging","9":"product_tag-30ml-cosmetic-jars","10":"product_tag-amber-cosmetic-jars","11":"desktop-align-left","12":"tablet-align-left","13":"mobile-align-left","15":"first","16":"instock","17":"shipping-taxable","18":"product-type-simple"},"acf":[],"jetpack_sharing_enabled":true,"_links":{"self":[{"href":"https:\/\/theperfumebottles.com\/sv\/wp-json\/wp\/v2\/product\/4985","targetHints":{"allow":["GET"]}}],"collection":[{"href":"https:\/\/theperfumebottles.com\/sv\/wp-json\/wp\/v2\/product"}],"about":[{"href":"https:\/\/theperfumebottles.com\/sv\/wp-json\/wp\/v2\/types\/product"}],"replies":[{"embeddable":true,"href":"https:\/\/theperfumebottles.com\/sv\/wp-json\/wp\/v2\/comments?post=4985"}],"wp:featuredmedia":[{"embeddable":true,"href":"https:\/\/theperfumebottles.com\/sv\/wp-json\/wp\/v2\/media\/4986"}],"wp:attachment":[{"href":"https:\/\/theperfumebottles.com\/sv\/wp-json\/wp\/v2\/media?parent=4985"}],"wp:term":[{"taxonomy":"product_brand","embeddable":true,"href":"https:\/\/theperfumebottles.com\/sv\/wp-json\/wp\/v2\/product_brand?post=4985"},{"taxonomy":"product_cat","embeddable":true,"href":"https:\/\/theperfumebottles.com\/sv\/wp-json\/wp\/v2\/product_cat?post=4985"},{"taxonomy":"product_tag","embeddable":true,"href":"https:\/\/theperfumebottles.com\/sv\/wp-json\/wp\/v2\/product_tag?post=4985"}],"curies":[{"name":"wp","href":"https:\/\/api.w.org\/{rel}","templated":true}]}}