{"id":4990,"date":"2025-07-29T17:27:28","date_gmt":"2025-07-29T09:27:28","guid":{"rendered":"https:\/\/theperfumebottles.com\/?post_type=product&#038;p=4990"},"modified":"2026-03-30T14:38:28","modified_gmt":"2026-03-30T06:38:28","slug":"custom-1-oz-cosmetic-jars-with-lids-wholesale","status":"publish","type":"product","link":"https:\/\/theperfumebottles.com\/sv\/produkt\/custom-1-oz-cosmetic-jars-with-lids-wholesale\/","title":{"rendered":"5g \u2013 80g Anpassade Kosmetikburkar med Lock Partihandel"},"content":{"rendered":"<p>De \u00e4r runda kosmetikburkar p\u00e5 28 ml som \u00e4r tillverkade av tv\u00e5 typer; mjukt frostat glas och kristallklart glas, och \u00e4r f\u00f6rpackade i cylindriska glasflaskor. Burkarna har en standardg\u00e4ngad skruv och kan ha metallskruvkork i svart, silver eller guld.<\/p>\n<h2><strong data-spm-anchor-id=\"5176.28103460.0.i23.29ab1db81jJxsg\">Viktiga specifikationer<\/strong><\/h2>\n<table style=\"border-collapse: collapse; width: 80%; margin-left: auto; margin-right: auto;\" border=\"0\" width=\"360\" cellspacing=\"0\" cellpadding=\"0\">\n<tbody>\n<tr style=\"height: 13.50pt;\">\n<td style=\"height: 13.50pt; width: 54.00pt;\" width=\"72\" height=\"18\">Kapacitet<\/td>\n<td style=\"width: 54.00pt;\" width=\"72\">T\u00e4tningsmetod<\/td>\n<td style=\"width: 54.00pt;\" width=\"72\">Material<\/td>\n<td style=\"width: 54.00pt;\" width=\"72\">F\u00e4rgalternativ<\/td>\n<td style=\"width: 54.00pt;\" width=\"72\">Anv\u00e4ndande<\/td>\n<\/tr>\n<tr style=\"height: 13.50pt;\">\n<td style=\"height: 13.50pt;\" height=\"18\">5g<\/td>\n<td class=\"et2\" rowspan=\"7\">G\u00e4ngad hals + Plast-\/Metalllock<\/td>\n<td class=\"et2\" rowspan=\"7\">Kristallglas<\/td>\n<td class=\"et2\" rowspan=\"7\">Amber, Matte och guldlock, eller som du beh\u00f6ver<\/td>\n<td class=\"et2\" rowspan=\"7\">Ansiktskr\u00e4m, kroppskr\u00e4m, \u00f6gonkr\u00e4m, l\u00e4ppkr\u00e4m\u2026<\/td>\n<\/tr>\n<tr style=\"height: 13.50pt;\">\n<td style=\"height: 13.50pt;\" height=\"18\">10 g<\/td>\n<\/tr>\n<tr style=\"height: 13.50pt;\">\n<td style=\"height: 13.50pt;\" height=\"18\">15 g (0,5 oz)<\/td>\n<\/tr>\n<tr style=\"height: 13.50pt;\">\n<td style=\"height: 13.50pt;\" height=\"18\">20 g<\/td>\n<\/tr>\n<tr style=\"height: 13.50pt;\">\n<td style=\"height: 13.50pt;\" height=\"18\">30 g (1 oz)<\/td>\n<\/tr>\n<tr style=\"height: 13.50pt;\">\n<td style=\"height: 13.50pt;\" height=\"18\">50 g<\/td>\n<\/tr>\n<tr style=\"height: 13.50pt;\">\n<td style=\"height: 13.50pt;\" height=\"18\">80 g<\/td>\n<\/tr>\n<\/tbody>\n<\/table>\n<h2>Framg\u00e5ngssaga: Specialbest\u00e4llning med ett amerikanskt ekologiskt hudv\u00e5rdsm\u00e4rke<\/h2>\n<p>V\u00e5rt anpassade kosmetikaf\u00f6rpackningssystem valdes av ett Kalifornienbaserat ekologiskt hudv\u00e5rdsm\u00e4rke som hade transparent glas med guldf\u00e4rgade kapsyler. Den personliga f\u00f6rpackningsl\u00f6sningen fick dramatiska konsekvenser: online-konverteringen f\u00f6rb\u00e4ttrades med 20 procent, och de h\u00f6gkvalitativa metallkapslarna skapade en idealisk f\u00f6rsegling som inte bara f\u00f6rl\u00e4ngde h\u00e5llbarheten f\u00f6r deras naturliga eteriska oljor med 30 procent, utan ocks\u00e5 hj\u00e4lpte till att visa upp texturen p\u00e5 serumet som f\u00f6rvarades i transparenta flaskor felfritt. De best\u00e4llde ocks\u00e5 ytterligare 420 000 burkar baserat p\u00e5 denna framg\u00e5ng f\u00f6r att lansera en ny fokuserad hudv\u00e5rdslinje och ett avtal med ett prenumerationspaket.<\/p>\n<h2>Anpassade kosmetiska f\u00f6rpackningsl\u00f6sningar<\/h2>\n<ul>\n<li>Lockmaterial och finish: F\u00f6rutom att man kan v\u00e4lja standardmetall finns det m\u00e5nga anpassade f\u00e4rgalternativ, s\u00e5som bambu, kork eller matt plast.<\/li>\n<li>Anpassade storlekar: Bygg specialiserade icke-standardstorlekar (t.ex. resestorlek 45 ml).<\/li>\n<li>Inre f\u00f6rsegling: F\u00f6r att ge mer fr\u00e4sch\u00f6r, l\u00e4gg till aluminiumfolie eller sensorf\u00f6rsegling under locket.<\/li>\n<\/ul>","protected":false},"excerpt":{"rendered":"<p>28 ml kosmetikburkar f\u00f6r hudv\u00e5rd och sk\u00f6nhet. Anpassad kosmetikf\u00f6rpackning med UV-skyddande glas, grossistpriser och redo att skickas.<\/p>","protected":false},"featured_media":4994,"comment_status":"open","ping_status":"closed","template":"","meta":{"_acf_changed":false,"site-sidebar-layout":"default","site-content-layout":"","ast-site-content-layout":"default","site-content-style":"default","site-sidebar-style":"default","ast-global-header-display":"","ast-banner-title-visibility":"","ast-main-header-display":"","ast-hfb-above-header-display":"","ast-hfb-below-header-display":"","ast-hfb-mobile-header-display":"","site-post-title":"","ast-breadcrumbs-content":"","ast-featured-img":"","footer-sml-layout":"","ast-disable-related-posts":"","theme-transparent-header-meta":"default","adv-header-id-meta":"","stick-header-meta":"","header-above-stick-meta":"","header-main-stick-meta":"","header-below-stick-meta":"","astra-migrate-meta-layouts":"set","ast-page-background-enabled":"default","ast-page-background-meta":{"desktop":{"background-color":"var(--ast-global-color-5)","background-image":"","background-repeat":"repeat","background-position":"center center","background-size":"auto","background-attachment":"scroll","background-type":"","background-media":"","overlay-type":"","overlay-color":"","overlay-opacity":"","overlay-gradient":""},"tablet":{"background-color":"","background-image":"","background-repeat":"repeat","background-position":"center center","background-size":"auto","background-attachment":"scroll","background-type":"","background-media":"","overlay-type":"","overlay-color":"","overlay-opacity":"","overlay-gradient":""},"mobile":{"background-color":"","background-image":"","background-repeat":"repeat","background-position":"center center","background-size":"auto","background-attachment":"scroll","background-type":"","background-media":"","overlay-type":"","overlay-color":"","overlay-opacity":"","overlay-gradient":""}},"ast-content-background-meta":{"desktop":{"background-color":"var(--ast-global-color-4)","background-image":"","background-repeat":"repeat","background-position":"center center","background-size":"auto","background-attachment":"scroll","background-type":"","background-media":"","overlay-type":"","overlay-color":"","overlay-opacity":"","overlay-gradient":""},"tablet":{"background-color":"var(--ast-global-color-4)","background-image":"","background-repeat":"repeat","background-position":"center center","background-size":"auto","background-attachment":"scroll","background-type":"","background-media":"","overlay-type":"","overlay-color":"","overlay-opacity":"","overlay-gradient":""},"mobile":{"background-color":"var(--ast-global-color-4)","background-image":"","background-repeat":"repeat","background-position":"center center","background-size":"auto","background-attachment":"scroll","background-type":"","background-media":"","overlay-type":"","overlay-color":"","overlay-opacity":"","overlay-gradient":""}}},"product_brand":[],"product_cat":[56,62,72],"product_tag":[203,202],"class_list":{"0":"post-4990","1":"product","2":"type-product","3":"status-publish","4":"has-post-thumbnail","6":"product_cat-cosmetic-jars","7":"product_cat-cosmetic-containers","8":"product_cat-cosmetic-packaging","9":"product_tag-1-oz-cosmetic-jars","10":"product_tag-custom-cosmetic-packaging","11":"desktop-align-left","12":"tablet-align-left","13":"mobile-align-left","15":"first","16":"instock","17":"shipping-taxable","18":"product-type-simple"},"acf":[],"jetpack_sharing_enabled":true,"_links":{"self":[{"href":"https:\/\/theperfumebottles.com\/sv\/wp-json\/wp\/v2\/product\/4990","targetHints":{"allow":["GET"]}}],"collection":[{"href":"https:\/\/theperfumebottles.com\/sv\/wp-json\/wp\/v2\/product"}],"about":[{"href":"https:\/\/theperfumebottles.com\/sv\/wp-json\/wp\/v2\/types\/product"}],"replies":[{"embeddable":true,"href":"https:\/\/theperfumebottles.com\/sv\/wp-json\/wp\/v2\/comments?post=4990"}],"wp:featuredmedia":[{"embeddable":true,"href":"https:\/\/theperfumebottles.com\/sv\/wp-json\/wp\/v2\/media\/4994"}],"wp:attachment":[{"href":"https:\/\/theperfumebottles.com\/sv\/wp-json\/wp\/v2\/media?parent=4990"}],"wp:term":[{"taxonomy":"product_brand","embeddable":true,"href":"https:\/\/theperfumebottles.com\/sv\/wp-json\/wp\/v2\/product_brand?post=4990"},{"taxonomy":"product_cat","embeddable":true,"href":"https:\/\/theperfumebottles.com\/sv\/wp-json\/wp\/v2\/product_cat?post=4990"},{"taxonomy":"product_tag","embeddable":true,"href":"https:\/\/theperfumebottles.com\/sv\/wp-json\/wp\/v2\/product_tag?post=4990"}],"curies":[{"name":"wp","href":"https:\/\/api.w.org\/{rel}","templated":true}]}}