{"id":5173,"date":"2025-08-05T16:32:00","date_gmt":"2025-08-05T08:32:00","guid":{"rendered":"https:\/\/theperfumebottles.com\/?post_type=product&#038;p=5173"},"modified":"2025-08-05T09:28:45","modified_gmt":"2025-08-05T01:28:45","slug":"bulk-glass-pump-bottle-cosmetic-glass-bottle-solutions","status":"publish","type":"product","link":"https:\/\/theperfumebottles.com\/sv\/produkt\/bulk-glass-pump-bottle-cosmetic-glass-bottle-solutions\/","title":{"rendered":"Bulkglaspumpflaska \u2013 Kosmetiska glasflaskl\u00f6sningar"},"content":{"rendered":"<p>Kolla in den h\u00e4r utm\u00e4rkta pumpflaskan i glas! Enkel, sofistikerad och diskret men \u00e4nd\u00e5 sofistikerad. Det h\u00e4r \u00e4r inte bara vilken vanlig sk\u00f6nhetsflaska som helst; den kommer att f\u00f6rb\u00e4ttra din dagliga hudv\u00e5rdsrutin. Den \u00e4r ren och klibbig, utan den billiga, dimmiga k\u00e4nslan av plastflaskor. Det frostade glaset klickar p\u00e5 vid varje tryck. Ska du skapa en logotyp? Vi f\u00f6rst\u00e5r! Behoven f\u00f6r sk\u00f6nhetsf\u00f6rpackningar i glas \u00e4r speciella. Vi erbjuder flexibla l\u00f6sningar som tillgodoser b\u00e5de sm\u00e5skaliga och storskaliga produktioner, vilket s\u00e4kerst\u00e4ller att dina produkter sticker ut fr\u00e5n sj\u00e4lva f\u00f6rpackningen.<\/p>\n<h2>Viktiga specifikationer<\/h2>\n<table style=\"border-collapse: collapse;margin-left: auto;margin-right: auto;width: 80%\" border=\"0\" width=\"555\" cellspacing=\"0\" cellpadding=\"0\">\n<tbody>\n<tr style=\"height: 13.50pt\">\n<td style=\"height: 13.50pt;width: 136.50pt\" width=\"182\" height=\"18\">S\u00e4rdrag<\/td>\n<td style=\"width: 279.75pt\" width=\"373\">Detaljer<\/td>\n<\/tr>\n<tr style=\"height: 13.50pt\">\n<td style=\"height: 13.50pt\" height=\"18\">Tillg\u00e4ngliga storlekar<\/td>\n<td>20 ml, 30 ml, 50 ml, 100 ml, 120 ml, 200 ml<\/td>\n<\/tr>\n<tr style=\"height: 13.50pt\">\n<td style=\"height: 13.50pt\" height=\"18\">Material<\/td>\n<td>Premium frostat glas<\/td>\n<\/tr>\n<tr style=\"height: 13.50pt\">\n<td style=\"height: 13.50pt\" height=\"18\">Lock<\/td>\n<td>Guldf\u00e4rgad skruvlock + pumphuvud i plast<\/td>\n<\/tr>\n<tr style=\"height: 13.50pt\">\n<td style=\"height: 13.50pt\" height=\"18\">Avsluta<\/td>\n<td>Mjukt matt, halkfritt grepp<\/td>\n<\/tr>\n<tr style=\"height: 13.50pt\">\n<td style=\"height: 13.50pt\" height=\"18\">Anpassning<\/td>\n<td>Alternativ f\u00f6r fullf\u00e4rg, etikett och kapsylfinish<\/td>\n<\/tr>\n<tr style=\"height: 13.50pt\">\n<td style=\"height: 13.50pt\" height=\"18\">B\u00e4st f\u00f6r<\/td>\n<td style=\"text-align: left\">Serum, lotioner, reng\u00f6ringsmedel, ansiktsoljor, presenter<\/td>\n<\/tr>\n<\/tbody>\n<\/table>\n<h2>Framg\u00e5ngssaga<\/h2>\n<p>Ett m\u00e4rke av naturliga ansiktsoljor anv\u00e4nde tidigare en genomskinlig plastflaska med en vanlig pump. Produkten i sig var ganska bra, men kunderna klagade hela tiden p\u00e5 att f\u00f6rpackningen &#034;s\u00e5g billig ut&#034; och &#034;tom, bortgl\u00f6md&#034;.<\/p>\n<p>Senare bytte de till v\u00e5r 50 ml glasflaska f\u00f6r kosmetika \u2013 en frostad vit flaska med guldf\u00e4rgad kork och en mjuk svart etikett. F\u00f6r\u00e4ndringen var omedelbar. Kunderna kommenterade: \u201dDen k\u00e4nns s\u00e5 mycket b\u00e4ttre\u201d och \u201dJag st\u00e5r inte ut med att sl\u00e4nga den efter att ha anv\u00e4nt den.\u201d En kommenterade till och med: \u201dJag anv\u00e4nder den inte bara, utan jag har den till och med p\u00e5 min byr\u00e5 som dekoration.\u201d Denna f\u00f6r\u00e4ndring ledde till en \u00f6kning av \u00e5terk\u00f6psfrekvensen med 45 %. Deras f\u00f6rpackning av glasflaskor f\u00f6r lotion har blivit en anledning f\u00f6r folk att v\u00e4lja deras framf\u00f6r etablerade varum\u00e4rken.<\/p>\n<h2>En bra produkt blir perfekt med snygg f\u00f6rpackning<\/h2>\n<p>Hudv\u00e5rd handlar inte bara om vad som finns i flaskan; k\u00e4nslan du f\u00e5r n\u00e4r du anv\u00e4nder den \u00e4r lika viktig. V\u00e5ra glaspumpflaskor och kosmetikaflaskor \u00e4r mer \u00e4n bara beh\u00e5llare; de \u200b\u200bg\u00f6r daglig hudv\u00e5rd till en ritual, ett s\u00e4tt att s\u00e4ga: &#034;Du f\u00f6rtj\u00e4nar att bli v\u00e4l behandlad.&#034; Fr\u00e5n glaslotionflaskor till kompletta f\u00f6rpackningsl\u00f6sningar f\u00f6r glaspumpflaskor hj\u00e4lper vi dig att skapa en verkligt minnesv\u00e4rd produkt.<\/p>","protected":false},"excerpt":{"rendered":"<p>H\u00f6gkvalitativ pumpflaska i glas och kosmetikglas, perfekt f\u00f6r f\u00f6rpackning av hudv\u00e5rds- och sk\u00f6nhetsprodukter. Perfekt f\u00f6r grossist- och bulkbest\u00e4llningar.<\/p>","protected":false},"featured_media":5174,"comment_status":"open","ping_status":"closed","template":"","meta":{"_acf_changed":false,"site-sidebar-layout":"default","site-content-layout":"","ast-site-content-layout":"default","site-content-style":"default","site-sidebar-style":"default","ast-global-header-display":"","ast-banner-title-visibility":"","ast-main-header-display":"","ast-hfb-above-header-display":"","ast-hfb-below-header-display":"","ast-hfb-mobile-header-display":"","site-post-title":"","ast-breadcrumbs-content":"","ast-featured-img":"","footer-sml-layout":"","ast-disable-related-posts":"","theme-transparent-header-meta":"default","adv-header-id-meta":"","stick-header-meta":"","header-above-stick-meta":"","header-main-stick-meta":"","header-below-stick-meta":"","astra-migrate-meta-layouts":"set","ast-page-background-enabled":"default","ast-page-background-meta":{"desktop":{"background-color":"var(--ast-global-color-5)","background-image":"","background-repeat":"repeat","background-position":"center center","background-size":"auto","background-attachment":"scroll","background-type":"","background-media":"","overlay-type":"","overlay-color":"","overlay-opacity":"","overlay-gradient":""},"tablet":{"background-color":"","background-image":"","background-repeat":"repeat","background-position":"center center","background-size":"auto","background-attachment":"scroll","background-type":"","background-media":"","overlay-type":"","overlay-color":"","overlay-opacity":"","overlay-gradient":""},"mobile":{"background-color":"","background-image":"","background-repeat":"repeat","background-position":"center center","background-size":"auto","background-attachment":"scroll","background-type":"","background-media":"","overlay-type":"","overlay-color":"","overlay-opacity":"","overlay-gradient":""}},"ast-content-background-meta":{"desktop":{"background-color":"var(--ast-global-color-4)","background-image":"","background-repeat":"repeat","background-position":"center center","background-size":"auto","background-attachment":"scroll","background-type":"","background-media":"","overlay-type":"","overlay-color":"","overlay-opacity":"","overlay-gradient":""},"tablet":{"background-color":"var(--ast-global-color-4)","background-image":"","background-repeat":"repeat","background-position":"center center","background-size":"auto","background-attachment":"scroll","background-type":"","background-media":"","overlay-type":"","overlay-color":"","overlay-opacity":"","overlay-gradient":""},"mobile":{"background-color":"var(--ast-global-color-4)","background-image":"","background-repeat":"repeat","background-position":"center center","background-size":"auto","background-attachment":"scroll","background-type":"","background-media":"","overlay-type":"","overlay-color":"","overlay-opacity":"","overlay-gradient":""}}},"product_brand":[],"product_cat":[62,72,71],"product_tag":[190,204],"class_list":{"0":"post-5173","1":"product","2":"type-product","3":"status-publish","4":"has-post-thumbnail","6":"product_cat-cosmetic-containers","7":"product_cat-cosmetic-packaging","8":"product_cat-glass-lotion-bottles","9":"product_tag-cosmetic-pots-with-lids","10":"product_tag-frosted-cosmetic-jars","11":"desktop-align-left","12":"tablet-align-left","13":"mobile-align-left","15":"first","16":"instock","17":"shipping-taxable","18":"product-type-simple"},"acf":[],"jetpack_sharing_enabled":true,"_links":{"self":[{"href":"https:\/\/theperfumebottles.com\/sv\/wp-json\/wp\/v2\/product\/5173","targetHints":{"allow":["GET"]}}],"collection":[{"href":"https:\/\/theperfumebottles.com\/sv\/wp-json\/wp\/v2\/product"}],"about":[{"href":"https:\/\/theperfumebottles.com\/sv\/wp-json\/wp\/v2\/types\/product"}],"replies":[{"embeddable":true,"href":"https:\/\/theperfumebottles.com\/sv\/wp-json\/wp\/v2\/comments?post=5173"}],"wp:featuredmedia":[{"embeddable":true,"href":"https:\/\/theperfumebottles.com\/sv\/wp-json\/wp\/v2\/media\/5174"}],"wp:attachment":[{"href":"https:\/\/theperfumebottles.com\/sv\/wp-json\/wp\/v2\/media?parent=5173"}],"wp:term":[{"taxonomy":"product_brand","embeddable":true,"href":"https:\/\/theperfumebottles.com\/sv\/wp-json\/wp\/v2\/product_brand?post=5173"},{"taxonomy":"product_cat","embeddable":true,"href":"https:\/\/theperfumebottles.com\/sv\/wp-json\/wp\/v2\/product_cat?post=5173"},{"taxonomy":"product_tag","embeddable":true,"href":"https:\/\/theperfumebottles.com\/sv\/wp-json\/wp\/v2\/product_tag?post=5173"}],"curies":[{"name":"wp","href":"https:\/\/api.w.org\/{rel}","templated":true}]}}