{"id":5185,"date":"2025-08-05T18:48:14","date_gmt":"2025-08-05T10:48:14","guid":{"rendered":"https:\/\/theperfumebottles.com\/?post_type=product&#038;p=5185"},"modified":"2025-08-05T17:03:32","modified_gmt":"2025-08-05T09:03:32","slug":"custom-frosted-glass-bottle-with-pump-wholesale","status":"publish","type":"product","link":"https:\/\/theperfumebottles.com\/sv\/produkt\/custom-frosted-glass-bottle-with-pump-wholesale\/","title":{"rendered":"100 ml anpassad frostad glasflaska med pump grossist"},"content":{"rendered":"<p>Om du har letat efter tomma glasflaskor med pumpf\u00f6rs\u00e4ljningsl\u00f6sningar, stanna. Du \u00e4r p\u00e5 r\u00e4tt plats. Oavsett om du \u00e4r en ensam tillverkare eller lanserar en liten hudv\u00e5rdslinje, \u00e4r dessa glasluftspumpflaskor byggda f\u00f6r prestanda och stil.<\/p>\n<p>Vi f\u00f6rst\u00e5r\u2014dina glasf\u00f6rpackningsbehov \u00e4r unika. D\u00e4rf\u00f6r gjorde vi n\u00e5got som passar: elegans, funktionell och helt din.<\/p>\n<h2>Viktiga specifikationer<\/h2>\n<table style=\"border-collapse: collapse;margin-left: auto;margin-right: auto;width: 80%\" border=\"0\" width=\"489\" cellspacing=\"0\" cellpadding=\"0\">\n<tbody>\n<tr style=\"height: 13.50pt\">\n<td style=\"height: 13.50pt;width: 112.50pt\" width=\"150\" height=\"18\">S\u00e4rdrag<\/td>\n<td style=\"width: 254.25pt\" width=\"339\">Detaljer<\/td>\n<\/tr>\n<tr style=\"height: 13.50pt\">\n<td style=\"height: 13.50pt\" height=\"18\">Kapacitet<\/td>\n<td>100 ml<\/td>\n<\/tr>\n<tr style=\"height: 13.50pt\">\n<td style=\"height: 13.50pt\" height=\"18\">Flaskmaterial<\/td>\n<td>Premium frostat glas<\/td>\n<\/tr>\n<tr style=\"height: 13.50pt\">\n<td style=\"height: 13.50pt\" height=\"18\">Pump Typ<\/td>\n<td>Luftfri<\/td>\n<\/tr>\n<tr style=\"height: 13.50pt\">\n<td style=\"height: 13.50pt\" height=\"18\">St\u00e4ngning<\/td>\n<td>Trycklock<\/td>\n<\/tr>\n<tr style=\"height: 13.50pt\">\n<td style=\"height: 13.50pt\" height=\"18\">F\u00f6rpackningsstorlek<\/td>\n<td>100mm \u00d7 100mm \u00d7 150mm (f\u00f6r enskild enhet)<\/td>\n<\/tr>\n<tr style=\"height: 13.50pt\">\n<td style=\"height: 13.50pt\" height=\"18\">Tillg\u00e4ngliga f\u00e4rger<\/td>\n<td>Anpassningsbar (svart, vit, ros, etc.)<\/td>\n<\/tr>\n<tr style=\"height: 13.50pt\">\n<td style=\"height: 13.50pt\" height=\"18\">Idealisk f\u00f6r<\/td>\n<td>Essenser, fuktighetskr\u00e4m, toner etc.<\/td>\n<\/tr>\n<\/tbody>\n<\/table>\n<h2>Framg\u00e5ngssaga<\/h2>\n<p>I en bekv\u00e4m liten k\u00f6k p\u00e5 f\u00f6rst\u00e4derna lanserade Lily sin entrepren\u00f6rsresa av hemgjorda, naturliga ansiktsoljor. Hon kastade hela sitt hj\u00e4rta och sj\u00e4lvavlagan i varje droppe, men hennes verkliga f\u00f6rpackning blev en pl\u00e5ga\u2014glasflaskorna l\u00e4ckte l\u00e4tt, och utseendet var blekt, v\u00e4rdel\u00f6st f\u00f6r de noggrant blandade oljorna.<\/p>\n<p>Lily bytte till en ljusr\u00f6d glas \u0432\u0430\u043a\u0443\u0443\u043cpumpflaska med ett enkelt guld pumphuvud och en minimalistisk varum\u00e4rke i sin egen format. Den nya f\u00f6rpackningen blev en omedelbar hit p\u00e5 Instagram! Meddelanden fl\u00f6dade in, fr\u00e5gande, \u201cVar k\u00f6pte du flaskan? Den \u00e4r s\u00e5 speciell!\u201d och \u201cAtt anv\u00e4nda den g\u00f6r min hudv\u00e5rdsskedje till en \u00e4nnu mer ritual.\u201d Inom bara n\u00e5gra m\u00e5nader f\u00f6rdubblade int\u00e4kterna, och \u00e4ven offlinebutiker kontaktade henne om partnerskap.<\/p>\n<p>Nyckeln till Lilies framg\u00e5ng ligger inte bara i att s\u00e4lja viktiga oljor utan att erbjuda en h\u00f6gteknologisk, njutningsfull hudv\u00e5rdserfarenhet genom sina fantastiska glaspumpflaskor. Denna innovativa omvandling b\u00f6rjade med att v\u00e4lja r\u00e4tt f\u00f6rpackning.<\/p>\n<h2>Slutsats<\/h2>\n<p>Bra hudv\u00e5rd f\u00f6rtj\u00e4nar bra f\u00f6rpackning. L\u00e5t inte ditt h\u00e5rda arbete d\u00f6ljas i en omt\u00e4nksam flaska. V\u00e5ra glasluftspumpflaskor skyddar din formel, h\u00f6jer din varum\u00e4rke och g\u00f6r att dina kunder s\u00e4ger \u201cJag \u00e4lskar detta.\u201d S\u00e5 forts\u00e4tt\u2014ge ditt produkt hemmet det f\u00f6rtj\u00e4nar.<\/p>","protected":false},"excerpt":{"rendered":"<p>Anpassade och l\u00f6sen glasflaskor med pump ochlock, perfekt f\u00f6r kosmetika, hudv\u00e5rd och stora B2B-f\u00f6rs\u00e4ljningsf\u00f6rpackningar med stilren och robust design.<\/p>","protected":false},"featured_media":5188,"comment_status":"open","ping_status":"closed","template":"","meta":{"_acf_changed":false,"site-sidebar-layout":"default","site-content-layout":"","ast-site-content-layout":"default","site-content-style":"default","site-sidebar-style":"default","ast-global-header-display":"","ast-banner-title-visibility":"","ast-main-header-display":"","ast-hfb-above-header-display":"","ast-hfb-below-header-display":"","ast-hfb-mobile-header-display":"","site-post-title":"","ast-breadcrumbs-content":"","ast-featured-img":"","footer-sml-layout":"","ast-disable-related-posts":"","theme-transparent-header-meta":"default","adv-header-id-meta":"","stick-header-meta":"","header-above-stick-meta":"","header-main-stick-meta":"","header-below-stick-meta":"","astra-migrate-meta-layouts":"set","ast-page-background-enabled":"default","ast-page-background-meta":{"desktop":{"background-color":"var(--ast-global-color-5)","background-image":"","background-repeat":"repeat","background-position":"center center","background-size":"auto","background-attachment":"scroll","background-type":"","background-media":"","overlay-type":"","overlay-color":"","overlay-opacity":"","overlay-gradient":""},"tablet":{"background-color":"","background-image":"","background-repeat":"repeat","background-position":"center center","background-size":"auto","background-attachment":"scroll","background-type":"","background-media":"","overlay-type":"","overlay-color":"","overlay-opacity":"","overlay-gradient":""},"mobile":{"background-color":"","background-image":"","background-repeat":"repeat","background-position":"center center","background-size":"auto","background-attachment":"scroll","background-type":"","background-media":"","overlay-type":"","overlay-color":"","overlay-opacity":"","overlay-gradient":""}},"ast-content-background-meta":{"desktop":{"background-color":"var(--ast-global-color-4)","background-image":"","background-repeat":"repeat","background-position":"center center","background-size":"auto","background-attachment":"scroll","background-type":"","background-media":"","overlay-type":"","overlay-color":"","overlay-opacity":"","overlay-gradient":""},"tablet":{"background-color":"var(--ast-global-color-4)","background-image":"","background-repeat":"repeat","background-position":"center center","background-size":"auto","background-attachment":"scroll","background-type":"","background-media":"","overlay-type":"","overlay-color":"","overlay-opacity":"","overlay-gradient":""},"mobile":{"background-color":"var(--ast-global-color-4)","background-image":"","background-repeat":"repeat","background-position":"center center","background-size":"auto","background-attachment":"scroll","background-type":"","background-media":"","overlay-type":"","overlay-color":"","overlay-opacity":"","overlay-gradient":""}}},"product_brand":[],"product_cat":[62,72,71],"product_tag":[190,204],"class_list":{"0":"post-5185","1":"product","2":"type-product","3":"status-publish","4":"has-post-thumbnail","6":"product_cat-cosmetic-containers","7":"product_cat-cosmetic-packaging","8":"product_cat-glass-lotion-bottles","9":"product_tag-cosmetic-pots-with-lids","10":"product_tag-frosted-cosmetic-jars","11":"desktop-align-left","12":"tablet-align-left","13":"mobile-align-left","15":"first","16":"instock","17":"shipping-taxable","18":"product-type-simple"},"acf":[],"jetpack_sharing_enabled":true,"_links":{"self":[{"href":"https:\/\/theperfumebottles.com\/sv\/wp-json\/wp\/v2\/product\/5185","targetHints":{"allow":["GET"]}}],"collection":[{"href":"https:\/\/theperfumebottles.com\/sv\/wp-json\/wp\/v2\/product"}],"about":[{"href":"https:\/\/theperfumebottles.com\/sv\/wp-json\/wp\/v2\/types\/product"}],"replies":[{"embeddable":true,"href":"https:\/\/theperfumebottles.com\/sv\/wp-json\/wp\/v2\/comments?post=5185"}],"wp:featuredmedia":[{"embeddable":true,"href":"https:\/\/theperfumebottles.com\/sv\/wp-json\/wp\/v2\/media\/5188"}],"wp:attachment":[{"href":"https:\/\/theperfumebottles.com\/sv\/wp-json\/wp\/v2\/media?parent=5185"}],"wp:term":[{"taxonomy":"product_brand","embeddable":true,"href":"https:\/\/theperfumebottles.com\/sv\/wp-json\/wp\/v2\/product_brand?post=5185"},{"taxonomy":"product_cat","embeddable":true,"href":"https:\/\/theperfumebottles.com\/sv\/wp-json\/wp\/v2\/product_cat?post=5185"},{"taxonomy":"product_tag","embeddable":true,"href":"https:\/\/theperfumebottles.com\/sv\/wp-json\/wp\/v2\/product_tag?post=5185"}],"curies":[{"name":"wp","href":"https:\/\/api.w.org\/{rel}","templated":true}]}}