{"id":5245,"date":"2025-08-07T10:30:11","date_gmt":"2025-08-07T02:30:11","guid":{"rendered":"https:\/\/theperfumebottles.com\/?post_type=product&#038;p=5245"},"modified":"2026-03-30T14:21:28","modified_gmt":"2026-03-30T06:21:28","slug":"essential-oil-glass-roller-bottles-for-packaging-wholesale","status":"publish","type":"product","link":"https:\/\/theperfumebottles.com\/sv\/produkt\/essential-oil-glass-roller-bottles-for-packaging-wholesale\/","title":{"rendered":"1 ml -100 ml eteriska oljeglasrullflaskor f\u00f6r f\u00f6rpackning grossist"},"content":{"rendered":"<p>Beh\u00f6ver du roll-on-flaskor i glas som kombinerar precision och elegans? Dessa roll-on-flaskor med eteriska oljor \u00e4r designade f\u00f6r varum\u00e4rken som vill ha kosmetikaf\u00f6rpackningar som sticker ut.<\/p>\n<h2><strong data-spm-anchor-id=\"5176.28103460.0.i9.29ab1db8AYaOUi\">Viktiga specifikationer<\/strong><\/h2>\n<table style=\"margin-left: auto; margin-right: auto; border-collapse: collapse; width: 80%;\" border=\"0\" width=\"144\" cellspacing=\"0\" cellpadding=\"0\">\n<tbody>\n<tr style=\"height: 13.50pt;\">\n<td style=\"height: 13.5pt; width: 54pt; text-align: center;\" width=\"72\" height=\"18\">S\u00e4rdrag<\/td>\n<td style=\"width: 54pt; text-align: center;\" width=\"72\">Detaljer<\/td>\n<\/tr>\n<tr style=\"height: 13.50pt;\">\n<td style=\"height: 13.5pt; text-align: center;\" height=\"18\">Kapacitet<\/td>\n<td style=\"text-align: center;\">1 ml, 2 ml, 3 ml, 5 ml, 10 ml, 15 ml, 20 ml, 30 ml, 50 ml, 100 ml<\/td>\n<\/tr>\n<tr style=\"height: 13.50pt;\">\n<td style=\"height: 13.5pt; text-align: center;\" height=\"18\">Material<\/td>\n<td style=\"text-align: center;\">Kristallglas<\/td>\n<\/tr>\n<tr style=\"height: 13.50pt;\">\n<td style=\"height: 13.5pt; text-align: center;\" height=\"18\">T\u00e4tningsmekanism<\/td>\n<td style=\"text-align: center;\">Roll-on (metallspets f\u00f6r roller)<\/td>\n<\/tr>\n<tr style=\"height: 13.50pt;\">\n<td style=\"height: 13.5pt; text-align: center;\" height=\"18\">F\u00e4rg<\/td>\n<td style=\"text-align: center;\">B\u00e4rnstensf\u00e4rgad\/Svart\/Brun\/Gr\u00f6n\/transparent<\/td>\n<\/tr>\n<tr style=\"height: 13.50pt;\">\n<td style=\"height: 13.5pt; text-align: center;\" height=\"18\">Anv\u00e4ndande<\/td>\n<td style=\"text-align: center;\">Eteriska oljor\/parfym\/kemi laboratoriekemikalier\u2026<\/td>\n<\/tr>\n<\/tbody>\n<\/table>\n<h2>Framg\u00e5ngsfall<\/h2>\n<p>Ett australiskt f\u00f6retag f\u00f6r naturliga h\u00e4lsoprodukter beh\u00f6vde desperat ett starkt lager av roll-on-flaskor med eteriska oljor. De best\u00e4mde sig s\u00e5 sm\u00e5ningom f\u00f6r de 50 ml b\u00e4rnstensf\u00e4rgade roll-on-flaskorna i glas som vi s\u00e5lde. Vi tillverkade \u00e4ven roll-on-kulorna i rostfritt st\u00e5l f\u00f6r att g\u00f6ra appliceringen enkel och smidig under anpassningsfasen och f\u00f6rs\u00e5g dem med svarta mattkorkar s\u00e5 att de skulle se moderiktiga och moderna ut. Dessutom best\u00e4mde sig kunden f\u00f6r att anv\u00e4nda screentryck f\u00f6r att trycka sin varum\u00e4rkeslogotyp och anv\u00e4nde en annan frostad ytbehandling f\u00f6r att skilja mellan olika produktformuleringar och versioner eftersom kunden ville anv\u00e4nda olika batcher.<\/p>\n<p>Produkten har haft en tillv\u00e4xt p\u00e5 30 procent under de f\u00f6rsta tv\u00e5 m\u00e5naderna efter lanseringen. Tack vare det positiva marknadsgenomslaget gjorde kunden omedelbart en uppf\u00f6ljningsorder och ut\u00f6kade denna f\u00f6rpackningsl\u00f6sning till att omfatta andra produkter i deras sortiment som \u00e4r blandningar av eteriska oljor.<\/p>\n<h2>\u00a0F\u00f6rslag f\u00f6r anpassning<\/h2>\n<ul>\n<li><strong>Ljusbest\u00e4ndiga alternativ:<\/strong> Brunt glas \u00e4r l\u00e4mpligt f\u00f6r eteriska oljor; gr\u00f6nt glas passar f\u00f6r dofter och laboratoriebruk.<\/li>\n<li><strong>Snygg och h\u00e5llbar:<\/strong> Popul\u00e4ra \u00e5r 2025, matta f\u00e4rger med om\u00e5ttlig m\u00e4ttnad (som Klein Blue, Fluorescerande Green) kombineras med UV-tryck och slitstarka etiketter. Rullkula och lockdesign s\u00e4kerst\u00e4ller hygien.<\/li>\n<li><strong>M\u00e5ngsidiga storlekar:<\/strong> Finns i 1\u2013100 ml (5 ml f\u00f6r resef\u00f6rpackningen, 30 ml elegant) f\u00f6r att tillgodose m\u00e5nga f\u00f6rpacknings\u00f6nskem\u00e5l.<\/li>\n<\/ul>","protected":false},"excerpt":{"rendered":"<p>Uppt\u00e4ck l\u00f6sningar f\u00f6r eteriska oljor i glasrullar fr\u00e5n en p\u00e5litlig leverant\u00f6r av kosmetiska f\u00f6rpackningar. H\u00e5llbara, leveransklara och anpassningsbara f\u00f6r grossistbest\u00e4llningar.<\/p>","protected":false},"featured_media":7498,"comment_status":"open","ping_status":"closed","template":"","meta":{"_acf_changed":false,"site-sidebar-layout":"default","site-content-layout":"","ast-site-content-layout":"default","site-content-style":"default","site-sidebar-style":"default","ast-global-header-display":"","ast-banner-title-visibility":"","ast-main-header-display":"","ast-hfb-above-header-display":"","ast-hfb-below-header-display":"","ast-hfb-mobile-header-display":"","site-post-title":"","ast-breadcrumbs-content":"","ast-featured-img":"","footer-sml-layout":"","ast-disable-related-posts":"","theme-transparent-header-meta":"default","adv-header-id-meta":"","stick-header-meta":"","header-above-stick-meta":"","header-main-stick-meta":"","header-below-stick-meta":"","astra-migrate-meta-layouts":"set","ast-page-background-enabled":"default","ast-page-background-meta":{"desktop":{"background-color":"var(--ast-global-color-5)","background-image":"","background-repeat":"repeat","background-position":"center center","background-size":"auto","background-attachment":"scroll","background-type":"","background-media":"","overlay-type":"","overlay-color":"","overlay-opacity":"","overlay-gradient":""},"tablet":{"background-color":"","background-image":"","background-repeat":"repeat","background-position":"center center","background-size":"auto","background-attachment":"scroll","background-type":"","background-media":"","overlay-type":"","overlay-color":"","overlay-opacity":"","overlay-gradient":""},"mobile":{"background-color":"","background-image":"","background-repeat":"repeat","background-position":"center center","background-size":"auto","background-attachment":"scroll","background-type":"","background-media":"","overlay-type":"","overlay-color":"","overlay-opacity":"","overlay-gradient":""}},"ast-content-background-meta":{"desktop":{"background-color":"var(--ast-global-color-4)","background-image":"","background-repeat":"repeat","background-position":"center center","background-size":"auto","background-attachment":"scroll","background-type":"","background-media":"","overlay-type":"","overlay-color":"","overlay-opacity":"","overlay-gradient":""},"tablet":{"background-color":"var(--ast-global-color-4)","background-image":"","background-repeat":"repeat","background-position":"center center","background-size":"auto","background-attachment":"scroll","background-type":"","background-media":"","overlay-type":"","overlay-color":"","overlay-opacity":"","overlay-gradient":""},"mobile":{"background-color":"var(--ast-global-color-4)","background-image":"","background-repeat":"repeat","background-position":"center center","background-size":"auto","background-attachment":"scroll","background-type":"","background-media":"","overlay-type":"","overlay-color":"","overlay-opacity":"","overlay-gradient":""}}},"product_brand":[],"product_cat":[60,62,72,57],"product_tag":[206,205],"class_list":{"0":"post-5245","1":"product","2":"type-product","3":"status-publish","4":"has-post-thumbnail","6":"product_cat-roller-bottles","7":"product_cat-cosmetic-containers","8":"product_cat-cosmetic-packaging","9":"product_cat-essential-oil-bottles","10":"product_tag-glass-roller-bottle","11":"product_tag-roll-on-bottles-essential-oils","12":"desktop-align-left","13":"tablet-align-left","14":"mobile-align-left","16":"first","17":"instock","18":"shipping-taxable","19":"product-type-simple"},"acf":[],"jetpack_sharing_enabled":true,"_links":{"self":[{"href":"https:\/\/theperfumebottles.com\/sv\/wp-json\/wp\/v2\/product\/5245","targetHints":{"allow":["GET"]}}],"collection":[{"href":"https:\/\/theperfumebottles.com\/sv\/wp-json\/wp\/v2\/product"}],"about":[{"href":"https:\/\/theperfumebottles.com\/sv\/wp-json\/wp\/v2\/types\/product"}],"replies":[{"embeddable":true,"href":"https:\/\/theperfumebottles.com\/sv\/wp-json\/wp\/v2\/comments?post=5245"}],"wp:featuredmedia":[{"embeddable":true,"href":"https:\/\/theperfumebottles.com\/sv\/wp-json\/wp\/v2\/media\/7498"}],"wp:attachment":[{"href":"https:\/\/theperfumebottles.com\/sv\/wp-json\/wp\/v2\/media?parent=5245"}],"wp:term":[{"taxonomy":"product_brand","embeddable":true,"href":"https:\/\/theperfumebottles.com\/sv\/wp-json\/wp\/v2\/product_brand?post=5245"},{"taxonomy":"product_cat","embeddable":true,"href":"https:\/\/theperfumebottles.com\/sv\/wp-json\/wp\/v2\/product_cat?post=5245"},{"taxonomy":"product_tag","embeddable":true,"href":"https:\/\/theperfumebottles.com\/sv\/wp-json\/wp\/v2\/product_tag?post=5245"}],"curies":[{"name":"wp","href":"https:\/\/api.w.org\/{rel}","templated":true}]}}