{"id":5273,"date":"2025-08-07T18:04:47","date_gmt":"2025-08-07T10:04:47","guid":{"rendered":"https:\/\/theperfumebottles.com\/?post_type=product&#038;p=5273"},"modified":"2026-04-02T14:26:39","modified_gmt":"2026-04-02T06:26:39","slug":"glass-lotion-bottle-with-pump-for-bulk-supply","status":"publish","type":"product","link":"https:\/\/theperfumebottles.com\/sv\/produkt\/glass-lotion-bottle-with-pump-for-bulk-supply\/","title":{"rendered":"20 ml 30 ml 40 ml 60 ml glaslotionflaska med pump f\u00f6r bulkleverans"},"content":{"rendered":"<p>Flaskdesignen p\u00e5 denna lotionflaska med pump har en cylindrisk form som anv\u00e4nder frostat glas f\u00f6r att skapa dess mjuka mj\u00f6lkvita utseende. Flaskans kropp och den vita plastpumpen \u00e4r sammankopplade med en naturlig bambustruktur som str\u00e4cker sig till det transparenta skyddsh\u00f6ljet som skyddar pumphuvudet.<\/p>\n<h2>Viktiga specifikationer<\/h2>\n<table style=\"border-collapse: collapse; margin-left: auto; margin-right: auto; width: 80%;\" border=\"0\" width=\"652\" cellspacing=\"0\" cellpadding=\"0\">\n<tbody>\n<tr style=\"height: 13.50pt;\">\n<td style=\"height: 13.50pt; width: 116.25pt;\" width=\"155\" height=\"18\">S\u00e4rdrag<\/td>\n<td style=\"width: 372.75pt;\" width=\"497\">Detalj<\/td>\n<\/tr>\n<tr style=\"height: 13.50pt;\">\n<td style=\"height: 13.50pt;\" height=\"18\">Tillg\u00e4ngliga storlekar<\/td>\n<td>20 ml, 30 ml, 40 ml, 60 ml (idealisk lotionflaska med pumpstorlek)<\/td>\n<\/tr>\n<tr style=\"height: 13.50pt;\">\n<td style=\"height: 13.50pt;\" height=\"18\">Material<\/td>\n<td>Natrium-kalciumglas<\/td>\n<\/tr>\n<tr style=\"height: 13.50pt;\">\n<td style=\"height: 13.50pt;\" height=\"18\">Pump<\/td>\n<td>plast med krage i naturtr\u00e4<\/td>\n<\/tr>\n<tr style=\"height: 13.50pt;\">\n<td style=\"height: 13.50pt;\" height=\"18\">Avsluta<\/td>\n<td>Matt vit glaskropp<\/td>\n<\/tr>\n<tr style=\"height: 13.50pt;\">\n<td style=\"height: 13.50pt;\" height=\"18\">Anpassning<\/td>\n<td>F\u00e4rg, tr\u00e4ton, logotypalternativ<\/td>\n<\/tr>\n<tr style=\"height: 13.50pt;\">\n<td style=\"height: 13.50pt;\" height=\"18\">Idealisk f\u00f6r<\/td>\n<td>Lotion, serum, fuktighetskr\u00e4m, kroppsv\u00e5rd<\/td>\n<\/tr>\n<\/tbody>\n<\/table>\n<h2>Framg\u00e5ngssaga<\/h2>\n<p>Ett Kalifornienbaserat varum\u00e4rke, Pure Beauty, valde v\u00e5r lotionprodukt p\u00e5 20 ml i glasflaska, som de specialanpassade genom att l\u00e4gga till en lasergraverad varum\u00e4rkeslogotyp p\u00e5 bambuhalsen och ett BPA-fritt vakuumpumphuvud. Kombinationen av naturmaterial \u00f6kade varum\u00e4rkets \u00e4kthet och h\u00e5llbarhet med 40 % enligt konsumentunders\u00f6kningar, medan vakuumpumphuvudet f\u00f6rl\u00e4ngde h\u00e5llbarheten f\u00f6r deras konserveringsmedelsfria lotion med 35 %. Varum\u00e4rket uppn\u00e5dde stor framg\u00e5ng och lade d\u00e4refter en ytterligare best\u00e4llning p\u00e5 500 000 flaskor f\u00f6r att producera en ny serie duschgel- och handkr\u00e4msprodukter.<\/p>\n<h2>Vill du anpassa din?<\/h2>\n<p>Du beh\u00f6ver inte h\u00e5lla dig till vitt. Denna tomma glasflaska med lotion \u00e4r helt anpassningsbar.<\/p>\n<ul>\n<li><strong>\u00c4ndra f\u00e4rgen:<\/strong> Prova mjuk salvia, varm beige eller djup marinbl\u00e5. Matcha ditt varum\u00e4rkes k\u00e4nsla.<\/li>\n<li><strong>Byt tr\u00e4:<\/strong> Ljus ek, valn\u00f6t eller bambu? Ja, det kan du.<\/li>\n<li><strong>L\u00e4gg till din logotyp:<\/strong> Vi erbjuder lasergravyr eller silkscreentryck \u2013 ditt val.<\/li>\n<li><strong>Skala smart:<\/strong> Beh\u00f6ver du 1000 enheter f\u00f6r en testk\u00f6rning? Eller 30 000 f\u00f6r en stor lansering? Vi hanterar b\u00e5da.<\/li>\n<\/ul>\n<p>Denna lotionflaska med pump \u00e4r inte bara en beh\u00e5llare. Det \u00e4r en m\u00e5larduk. Du bidrar med visionen. Vi f\u00f6rverkligar den.<\/p>","protected":false},"excerpt":{"rendered":"<p>Premium lotionflaska med pump i matt glas och naturlig bamburing. Glasflaska med lotion, perfekt f\u00f6r hudv\u00e5rdsm\u00e4rken. Snabb leverans \u00f6ver hela v\u00e4rlden.<\/p>","protected":false},"featured_media":5286,"comment_status":"open","ping_status":"closed","template":"","meta":{"_acf_changed":false,"site-sidebar-layout":"default","site-content-layout":"","ast-site-content-layout":"default","site-content-style":"default","site-sidebar-style":"default","ast-global-header-display":"","ast-banner-title-visibility":"","ast-main-header-display":"","ast-hfb-above-header-display":"","ast-hfb-below-header-display":"","ast-hfb-mobile-header-display":"","site-post-title":"","ast-breadcrumbs-content":"","ast-featured-img":"","footer-sml-layout":"","ast-disable-related-posts":"","theme-transparent-header-meta":"default","adv-header-id-meta":"","stick-header-meta":"","header-above-stick-meta":"","header-main-stick-meta":"","header-below-stick-meta":"","astra-migrate-meta-layouts":"set","ast-page-background-enabled":"default","ast-page-background-meta":{"desktop":{"background-color":"var(--ast-global-color-5)","background-image":"","background-repeat":"repeat","background-position":"center center","background-size":"auto","background-attachment":"scroll","background-type":"","background-media":"","overlay-type":"","overlay-color":"","overlay-opacity":"","overlay-gradient":""},"tablet":{"background-color":"","background-image":"","background-repeat":"repeat","background-position":"center center","background-size":"auto","background-attachment":"scroll","background-type":"","background-media":"","overlay-type":"","overlay-color":"","overlay-opacity":"","overlay-gradient":""},"mobile":{"background-color":"","background-image":"","background-repeat":"repeat","background-position":"center center","background-size":"auto","background-attachment":"scroll","background-type":"","background-media":"","overlay-type":"","overlay-color":"","overlay-opacity":"","overlay-gradient":""}},"ast-content-background-meta":{"desktop":{"background-color":"var(--ast-global-color-4)","background-image":"","background-repeat":"repeat","background-position":"center center","background-size":"auto","background-attachment":"scroll","background-type":"","background-media":"","overlay-type":"","overlay-color":"","overlay-opacity":"","overlay-gradient":""},"tablet":{"background-color":"var(--ast-global-color-4)","background-image":"","background-repeat":"repeat","background-position":"center center","background-size":"auto","background-attachment":"scroll","background-type":"","background-media":"","overlay-type":"","overlay-color":"","overlay-opacity":"","overlay-gradient":""},"mobile":{"background-color":"var(--ast-global-color-4)","background-image":"","background-repeat":"repeat","background-position":"center center","background-size":"auto","background-attachment":"scroll","background-type":"","background-media":"","overlay-type":"","overlay-color":"","overlay-opacity":"","overlay-gradient":""}}},"product_brand":[],"product_cat":[71,72,62],"product_tag":[190,204],"class_list":{"0":"post-5273","1":"product","2":"type-product","3":"status-publish","4":"has-post-thumbnail","6":"product_cat-glass-lotion-bottles","7":"product_cat-cosmetic-packaging","8":"product_cat-cosmetic-containers","9":"product_tag-cosmetic-pots-with-lids","10":"product_tag-frosted-cosmetic-jars","11":"desktop-align-left","12":"tablet-align-left","13":"mobile-align-left","15":"first","16":"instock","17":"shipping-taxable","18":"product-type-simple"},"acf":[],"jetpack_sharing_enabled":true,"_links":{"self":[{"href":"https:\/\/theperfumebottles.com\/sv\/wp-json\/wp\/v2\/product\/5273","targetHints":{"allow":["GET"]}}],"collection":[{"href":"https:\/\/theperfumebottles.com\/sv\/wp-json\/wp\/v2\/product"}],"about":[{"href":"https:\/\/theperfumebottles.com\/sv\/wp-json\/wp\/v2\/types\/product"}],"replies":[{"embeddable":true,"href":"https:\/\/theperfumebottles.com\/sv\/wp-json\/wp\/v2\/comments?post=5273"}],"wp:featuredmedia":[{"embeddable":true,"href":"https:\/\/theperfumebottles.com\/sv\/wp-json\/wp\/v2\/media\/5286"}],"wp:attachment":[{"href":"https:\/\/theperfumebottles.com\/sv\/wp-json\/wp\/v2\/media?parent=5273"}],"wp:term":[{"taxonomy":"product_brand","embeddable":true,"href":"https:\/\/theperfumebottles.com\/sv\/wp-json\/wp\/v2\/product_brand?post=5273"},{"taxonomy":"product_cat","embeddable":true,"href":"https:\/\/theperfumebottles.com\/sv\/wp-json\/wp\/v2\/product_cat?post=5273"},{"taxonomy":"product_tag","embeddable":true,"href":"https:\/\/theperfumebottles.com\/sv\/wp-json\/wp\/v2\/product_tag?post=5273"}],"curies":[{"name":"wp","href":"https:\/\/api.w.org\/{rel}","templated":true}]}}