{"id":5287,"date":"2025-08-07T18:38:59","date_gmt":"2025-08-07T10:38:59","guid":{"rendered":"https:\/\/theperfumebottles.com\/?post_type=product&#038;p=5287"},"modified":"2026-04-02T14:06:27","modified_gmt":"2026-04-02T06:06:27","slug":"wholesale-cosmetic-bottles-glass-with-lotion-pump","status":"publish","type":"product","link":"https:\/\/theperfumebottles.com\/sv\/produkt\/wholesale-cosmetic-bottles-glass-with-lotion-pump\/","title":{"rendered":"Partihandel 30ml tomma kosmetiska flaskor i glas med Glod Lotion Pump"},"content":{"rendered":"<p>Den h\u00f6gkvalitativa kosmetiska glasflaskan har en cylindrisk design med en f\u00f6rb\u00e4ttrad rundad bas som \u00e4r tillverkad av ultraklart premiumglas. Produkten har en sofistikerad guldf\u00e4rgad spraypump med ett genomskinligt s\u00e4kerhetslock i glas och flera f\u00e4rgalternativ.<\/p>\n<h2>Viktiga specifikationer<\/h2>\n<table style=\"border-collapse: collapse; margin-left: auto; margin-right: auto; width: 80%;\" border=\"0\" width=\"526\" cellspacing=\"0\" cellpadding=\"0\">\n<tbody>\n<tr style=\"height: 13.50pt;\">\n<td style=\"height: 13.50pt; width: 116.25pt;\" width=\"155\" height=\"18\">S\u00e4rdrag<\/td>\n<td style=\"width: 278.25pt;\" width=\"371\">Detalj<\/td>\n<\/tr>\n<tr style=\"height: 13.50pt;\">\n<td style=\"height: 13.50pt;\" height=\"18\">Kapacitet<\/td>\n<td>30 ml (optimal glasstorlek f\u00f6r kosmetikaflaskor)<\/td>\n<\/tr>\n<tr style=\"height: 13.50pt;\">\n<td style=\"height: 13.50pt;\" height=\"18\">Material<\/td>\n<td>Natrium-kalciumglas<\/td>\n<\/tr>\n<tr style=\"height: 13.50pt;\">\n<td style=\"height: 13.50pt;\" height=\"18\">Pump<\/td>\n<td>Metallskivapump (guldf\u00e4rgad)<\/td>\n<\/tr>\n<tr style=\"height: 13.50pt;\">\n<td style=\"height: 13.50pt;\" height=\"18\">Form<\/td>\n<td>Cylindrisk, elegant profil<\/td>\n<\/tr>\n<tr style=\"height: 13.50pt;\">\n<td style=\"height: 13.50pt;\" height=\"18\">Anpassning<\/td>\n<td>F\u00e4rgalternativ f\u00f6r glas och pump<\/td>\n<\/tr>\n<tr style=\"height: 13.50pt;\">\n<td style=\"height: 13.50pt;\" height=\"18\">Anv\u00e4ndningsfall<\/td>\n<td>Lotion, serum, fuktighetskr\u00e4m<\/td>\n<\/tr>\n<\/tbody>\n<\/table>\n<h2>Framg\u00e5ngssaga<\/h2>\n<p>Den franske parfym\u00f6ren valde v\u00e5r 30 ml tomma lotionflaska med pump f\u00f6r sin specialdesign, vilken inkluderade ett mattguldf\u00e4rgat pumphuvud och en sandbl\u00e4strad varum\u00e4rkeslogotyp. Den viktade basen ger produkten en &#034;premiumk\u00e4nsla&#034;, en punkt som n\u00e4mns i 95 % av kundrecensionerna. Den guldf\u00e4rgade spraymunstycket skapar en fin dimma som \u00f6kar produktv\u00e4rdet samtidigt som det minskar sprayspillet med 30 %. Doftsprayen uppn\u00e5dde starka f\u00f6rs\u00e4ljningsframg\u00e5ngar, vilket ledde till att de best\u00e4llde ytterligare 300 000 flaskor till sin nya doftspraylinje f\u00f6r rum och textiler.<\/p>\n<h2>Anpassningsalternativ f\u00f6r lotionflaskor<\/h2>\n<ul>\n<li>Pumphuvudet och halsen finns i fyra f\u00e4rgalternativ: guld, ros\u00e9guld, silver och svart.<\/li>\n<li>Systemet har tv\u00e5 sprutinst\u00e4llningar som inkluderar fin dimma och medeldimma tillsammans med kontinuerlig sprutfunktion.<\/li>\n<li>Produkten har ett magnetiskt metalllock som ger fullst\u00e4ndigt skydd mot l\u00e4ckage samtidigt som den \u00e4r enkel att transportera.<\/li>\n<\/ul>","protected":false},"excerpt":{"rendered":"<p>Bulkleverans av kosmetikaflaskor i glas med tom lotionflaska med pump \u2013 specialanpassade alternativ finns tillg\u00e4ngliga f\u00f6r hudv\u00e5rds- och sk\u00f6nhetsm\u00e4rken till grossistpriser.<\/p>","protected":false},"featured_media":5290,"comment_status":"open","ping_status":"closed","template":"","meta":{"_acf_changed":false,"site-sidebar-layout":"default","site-content-layout":"","ast-site-content-layout":"default","site-content-style":"default","site-sidebar-style":"default","ast-global-header-display":"","ast-banner-title-visibility":"","ast-main-header-display":"","ast-hfb-above-header-display":"","ast-hfb-below-header-display":"","ast-hfb-mobile-header-display":"","site-post-title":"","ast-breadcrumbs-content":"","ast-featured-img":"","footer-sml-layout":"","ast-disable-related-posts":"","theme-transparent-header-meta":"default","adv-header-id-meta":"","stick-header-meta":"","header-above-stick-meta":"","header-main-stick-meta":"","header-below-stick-meta":"","astra-migrate-meta-layouts":"set","ast-page-background-enabled":"default","ast-page-background-meta":{"desktop":{"background-color":"var(--ast-global-color-5)","background-image":"","background-repeat":"repeat","background-position":"center center","background-size":"auto","background-attachment":"scroll","background-type":"","background-media":"","overlay-type":"","overlay-color":"","overlay-opacity":"","overlay-gradient":""},"tablet":{"background-color":"","background-image":"","background-repeat":"repeat","background-position":"center center","background-size":"auto","background-attachment":"scroll","background-type":"","background-media":"","overlay-type":"","overlay-color":"","overlay-opacity":"","overlay-gradient":""},"mobile":{"background-color":"","background-image":"","background-repeat":"repeat","background-position":"center center","background-size":"auto","background-attachment":"scroll","background-type":"","background-media":"","overlay-type":"","overlay-color":"","overlay-opacity":"","overlay-gradient":""}},"ast-content-background-meta":{"desktop":{"background-color":"var(--ast-global-color-4)","background-image":"","background-repeat":"repeat","background-position":"center center","background-size":"auto","background-attachment":"scroll","background-type":"","background-media":"","overlay-type":"","overlay-color":"","overlay-opacity":"","overlay-gradient":""},"tablet":{"background-color":"var(--ast-global-color-4)","background-image":"","background-repeat":"repeat","background-position":"center center","background-size":"auto","background-attachment":"scroll","background-type":"","background-media":"","overlay-type":"","overlay-color":"","overlay-opacity":"","overlay-gradient":""},"mobile":{"background-color":"var(--ast-global-color-4)","background-image":"","background-repeat":"repeat","background-position":"center center","background-size":"auto","background-attachment":"scroll","background-type":"","background-media":"","overlay-type":"","overlay-color":"","overlay-opacity":"","overlay-gradient":""}}},"product_brand":[],"product_cat":[71,72,62],"product_tag":[190,204],"class_list":{"0":"post-5287","1":"product","2":"type-product","3":"status-publish","4":"has-post-thumbnail","6":"product_cat-glass-lotion-bottles","7":"product_cat-cosmetic-packaging","8":"product_cat-cosmetic-containers","9":"product_tag-cosmetic-pots-with-lids","10":"product_tag-frosted-cosmetic-jars","11":"desktop-align-left","12":"tablet-align-left","13":"mobile-align-left","15":"first","16":"instock","17":"shipping-taxable","18":"product-type-simple"},"acf":[],"jetpack_sharing_enabled":true,"_links":{"self":[{"href":"https:\/\/theperfumebottles.com\/sv\/wp-json\/wp\/v2\/product\/5287","targetHints":{"allow":["GET"]}}],"collection":[{"href":"https:\/\/theperfumebottles.com\/sv\/wp-json\/wp\/v2\/product"}],"about":[{"href":"https:\/\/theperfumebottles.com\/sv\/wp-json\/wp\/v2\/types\/product"}],"replies":[{"embeddable":true,"href":"https:\/\/theperfumebottles.com\/sv\/wp-json\/wp\/v2\/comments?post=5287"}],"wp:featuredmedia":[{"embeddable":true,"href":"https:\/\/theperfumebottles.com\/sv\/wp-json\/wp\/v2\/media\/5290"}],"wp:attachment":[{"href":"https:\/\/theperfumebottles.com\/sv\/wp-json\/wp\/v2\/media?parent=5287"}],"wp:term":[{"taxonomy":"product_brand","embeddable":true,"href":"https:\/\/theperfumebottles.com\/sv\/wp-json\/wp\/v2\/product_brand?post=5287"},{"taxonomy":"product_cat","embeddable":true,"href":"https:\/\/theperfumebottles.com\/sv\/wp-json\/wp\/v2\/product_cat?post=5287"},{"taxonomy":"product_tag","embeddable":true,"href":"https:\/\/theperfumebottles.com\/sv\/wp-json\/wp\/v2\/product_tag?post=5287"}],"curies":[{"name":"wp","href":"https:\/\/api.w.org\/{rel}","templated":true}]}}