{"id":5306,"date":"2025-08-11T09:05:47","date_gmt":"2025-08-11T01:05:47","guid":{"rendered":"https:\/\/theperfumebottles.com\/?post_type=product&#038;p=5306"},"modified":"2025-08-11T09:05:49","modified_gmt":"2025-08-11T01:05:49","slug":"10ml-amber-glass-roller-ball-bottles-for-cosmetic-packaging-wholesale","status":"publish","type":"product","link":"https:\/\/theperfumebottles.com\/sv\/produkt\/10ml-amber-glass-roller-ball-bottles-for-cosmetic-packaging-wholesale\/","title":{"rendered":"10 ml b\u00e4rnstensf\u00e4rgade glasrulleflaskor f\u00f6r kosmetisk f\u00f6rpackning grossist"},"content":{"rendered":"<p>Om du letar efter en beh\u00e5llare som skyddar din produkt fr\u00e5n UV-skador samtidigt som den g\u00f6r ett stiluttalande, \u00e4r den h\u00e4r flaskan din matchning.<\/p>\n<h2>Viktiga specifikationer<\/h2>\n<table style=\"margin-left: auto;margin-right: auto;border-collapse: collapse;width: 80%\" border=\"0\" width=\"144\" cellspacing=\"0\" cellpadding=\"0\">\n<tbody>\n<tr style=\"height: 13.50pt\">\n<td style=\"height: 13.50pt;width: 54.00pt\" width=\"72\" height=\"18\">S\u00e4rdrag<\/td>\n<td style=\"width: 54.00pt\" width=\"72\">Detaljer<\/td>\n<\/tr>\n<tr style=\"height: 13.50pt\">\n<td style=\"height: 13.50pt\" height=\"18\">Kapacitet<\/td>\n<td>10 ml<\/td>\n<\/tr>\n<tr style=\"height: 13.50pt\">\n<td style=\"height: 13.50pt\" height=\"18\">Material<\/td>\n<td>B\u00e4rnstensf\u00e4rgad kristallglas<\/td>\n<\/tr>\n<tr style=\"height: 13.50pt\">\n<td style=\"height: 13.50pt\" height=\"18\">T\u00e4tningsmekanism<\/td>\n<td>Roll-On (kula i rostfritt st\u00e5l)<\/td>\n<\/tr>\n<tr style=\"height: 13.50pt\">\n<td style=\"height: 13.50pt\" height=\"18\">Form<\/td>\n<td>Runda<\/td>\n<\/tr>\n<tr style=\"height: 13.50pt\">\n<td style=\"height: 13.50pt\" height=\"18\">Montering<\/td>\n<td>Rostfri st\u00e5lrulle + guldf\u00e4rgad metallk\u00e5pa<\/td>\n<\/tr>\n<\/tbody>\n<\/table>\n<h2>Framg\u00e5ngssaga: Hur ett v\u00e4xande hudv\u00e5rdsm\u00e4rke f\u00f6rb\u00e4ttrade kosmetikaf\u00f6rpackningars attraktionskraft<\/h2>\n<p>En hudv\u00e5rdstillverkare lanserade en ny hudv\u00e5rdslinje inriktad p\u00e5 milj\u00f6medvetna k\u00f6pare och valde b\u00e4rnstensf\u00e4rgade glasflaskor med b\u00f6jt\u00e5ng som f\u00f6rpackning. Genom att best\u00e4lla f\u00f6rpackningarna i bulk och inkludera anpassade etiketter med milj\u00f6budskap s\u00e4nkte de f\u00f6rpackningspriserna med 20 % och noterade en f\u00f6rs\u00e4ljnings\u00f6kning p\u00e5 60 %. \u201dBurkens b\u00f6jda form \u00e4r b\u00e5de modern och praktisk\u201d, konstaterade deras f\u00f6rpackningschef.<\/p>\n<h2>Tips f\u00f6r anpassning<\/h2>\n<ul>\n<li>Att para ihop etiketten med en \u00f6rtf\u00e4rg, tillsammans med gr\u00f6n mossa, skapar en avslappnad och mild visuell stil; att l\u00e4gga till metalliska inslag skapar en mer exklusiv k\u00e4nsla.<\/li>\n<li>Genom att integrera smart teknik g\u00f6r en QR-kod inb\u00e4ddad i flaskans kork f\u00f6rpackningen inte l\u00e4ngre bara estetiskt tilltalande utan ocks\u00e5 interaktiv. Anv\u00e4ndare kan skanna koden f\u00f6r att f\u00e5 tillg\u00e5ng till anv\u00e4ndningskommandon eller p\u00e5fyllningsstatistik.<\/li>\n<\/ul>","protected":false},"excerpt":{"rendered":"<p>F\u00f6rh\u00f6j din kosmetikaf\u00f6rpackning med b\u00e4rnstensf\u00e4rgade roll-on-glasflaskor. 10 ml roll-on-glasflaskor f\u00f6r hudv\u00e5rd, redo att skickas. Perfekt f\u00f6r grossistbest\u00e4llningar och sk\u00f6nhetsf\u00f6rpackningar.<\/p>","protected":false},"featured_media":5307,"comment_status":"open","ping_status":"closed","template":"","meta":{"_acf_changed":false,"site-sidebar-layout":"default","site-content-layout":"","ast-site-content-layout":"default","site-content-style":"default","site-sidebar-style":"default","ast-global-header-display":"","ast-banner-title-visibility":"","ast-main-header-display":"","ast-hfb-above-header-display":"","ast-hfb-below-header-display":"","ast-hfb-mobile-header-display":"","site-post-title":"","ast-breadcrumbs-content":"","ast-featured-img":"","footer-sml-layout":"","ast-disable-related-posts":"","theme-transparent-header-meta":"default","adv-header-id-meta":"","stick-header-meta":"","header-above-stick-meta":"","header-main-stick-meta":"","header-below-stick-meta":"","astra-migrate-meta-layouts":"set","ast-page-background-enabled":"default","ast-page-background-meta":{"desktop":{"background-color":"var(--ast-global-color-5)","background-image":"","background-repeat":"repeat","background-position":"center center","background-size":"auto","background-attachment":"scroll","background-type":"","background-media":"","overlay-type":"","overlay-color":"","overlay-opacity":"","overlay-gradient":""},"tablet":{"background-color":"","background-image":"","background-repeat":"repeat","background-position":"center center","background-size":"auto","background-attachment":"scroll","background-type":"","background-media":"","overlay-type":"","overlay-color":"","overlay-opacity":"","overlay-gradient":""},"mobile":{"background-color":"","background-image":"","background-repeat":"repeat","background-position":"center center","background-size":"auto","background-attachment":"scroll","background-type":"","background-media":"","overlay-type":"","overlay-color":"","overlay-opacity":"","overlay-gradient":""}},"ast-content-background-meta":{"desktop":{"background-color":"var(--ast-global-color-4)","background-image":"","background-repeat":"repeat","background-position":"center center","background-size":"auto","background-attachment":"scroll","background-type":"","background-media":"","overlay-type":"","overlay-color":"","overlay-opacity":"","overlay-gradient":""},"tablet":{"background-color":"var(--ast-global-color-4)","background-image":"","background-repeat":"repeat","background-position":"center center","background-size":"auto","background-attachment":"scroll","background-type":"","background-media":"","overlay-type":"","overlay-color":"","overlay-opacity":"","overlay-gradient":""},"mobile":{"background-color":"var(--ast-global-color-4)","background-image":"","background-repeat":"repeat","background-position":"center center","background-size":"auto","background-attachment":"scroll","background-type":"","background-media":"","overlay-type":"","overlay-color":"","overlay-opacity":"","overlay-gradient":""}}},"product_brand":[],"product_cat":[72,62,57,60],"product_tag":[213,214],"class_list":{"0":"post-5306","1":"product","2":"type-product","3":"status-publish","4":"has-post-thumbnail","6":"product_cat-cosmetic-packaging","7":"product_cat-cosmetic-containers","8":"product_cat-essential-oil-bottles","9":"product_cat-roller-bottles","10":"product_tag-amber-glass-roller-ball-bottles","11":"product_tag-roll-on-glass-bottles","12":"desktop-align-left","13":"tablet-align-left","14":"mobile-align-left","16":"first","17":"instock","18":"shipping-taxable","19":"product-type-simple"},"acf":[],"jetpack_sharing_enabled":true,"_links":{"self":[{"href":"https:\/\/theperfumebottles.com\/sv\/wp-json\/wp\/v2\/product\/5306","targetHints":{"allow":["GET"]}}],"collection":[{"href":"https:\/\/theperfumebottles.com\/sv\/wp-json\/wp\/v2\/product"}],"about":[{"href":"https:\/\/theperfumebottles.com\/sv\/wp-json\/wp\/v2\/types\/product"}],"replies":[{"embeddable":true,"href":"https:\/\/theperfumebottles.com\/sv\/wp-json\/wp\/v2\/comments?post=5306"}],"wp:featuredmedia":[{"embeddable":true,"href":"https:\/\/theperfumebottles.com\/sv\/wp-json\/wp\/v2\/media\/5307"}],"wp:attachment":[{"href":"https:\/\/theperfumebottles.com\/sv\/wp-json\/wp\/v2\/media?parent=5306"}],"wp:term":[{"taxonomy":"product_brand","embeddable":true,"href":"https:\/\/theperfumebottles.com\/sv\/wp-json\/wp\/v2\/product_brand?post=5306"},{"taxonomy":"product_cat","embeddable":true,"href":"https:\/\/theperfumebottles.com\/sv\/wp-json\/wp\/v2\/product_cat?post=5306"},{"taxonomy":"product_tag","embeddable":true,"href":"https:\/\/theperfumebottles.com\/sv\/wp-json\/wp\/v2\/product_tag?post=5306"}],"curies":[{"name":"wp","href":"https:\/\/api.w.org\/{rel}","templated":true}]}}