{"id":5311,"date":"2025-08-08T17:15:15","date_gmt":"2025-08-08T09:15:15","guid":{"rendered":"https:\/\/theperfumebottles.com\/?post_type=product&#038;p=5311"},"modified":"2025-08-08T17:17:29","modified_gmt":"2025-08-08T09:17:29","slug":"glass-roller-ball-bottle-essential-roll-on-container-for-cosmetic-packaging","status":"publish","type":"product","link":"https:\/\/theperfumebottles.com\/sv\/produkt\/glass-roller-ball-bottle-essential-roll-on-container-for-cosmetic-packaging\/","title":{"rendered":"30 ml 50 ml glasflaskor med rullboll \u2013 Roll-on-beh\u00e5llare f\u00f6r kosmetiska f\u00f6rpackningar"},"content":{"rendered":"<p>Beh\u00f6ver du en beh\u00e5llare som skyddar din produkt fr\u00e5n ljusskador samtidigt som den g\u00f6r appliceringen enkel? V\u00e5ra roll-on-glasflaskor \u00e4r designade f\u00f6r varum\u00e4rken som vill ha kosmetikaf\u00f6rpackningar som \u00e4r b\u00e5de funktionella och snygga.<\/p>\n<h2>Viktiga specifikationer<\/h2>\n<table style=\"border-collapse: collapse; width: 80%; margin-left: auto; margin-right: auto;\" border=\"0\" width=\"144\" cellspacing=\"0\" cellpadding=\"0\">\n<tbody>\n<tr style=\"height: 13.50pt;\">\n<td style=\"height: 13.50pt; width: 54.00pt;\" width=\"72\" height=\"18\">S\u00e4rdrag<\/td>\n<td style=\"width: 54.00pt;\" width=\"72\">Detaljer<\/td>\n<\/tr>\n<tr style=\"height: 13.50pt;\">\n<td style=\"height: 13.50pt;\" height=\"18\">Kapacitet<\/td>\n<td>30 ml 50 ml<\/td>\n<\/tr>\n<tr style=\"height: 13.50pt;\">\n<td style=\"height: 13.50pt;\" height=\"18\">Material<\/td>\n<td>Klarglas<\/td>\n<\/tr>\n<tr style=\"height: 13.50pt;\">\n<td style=\"height: 13.50pt;\" height=\"18\">T\u00e4tningsmekanism<\/td>\n<td>Roll-on<\/td>\n<\/tr>\n<tr style=\"height: 13.50pt;\">\n<td style=\"height: 13.50pt;\" height=\"18\">Montering<\/td>\n<td>Plastrulle + svart plastlock<\/td>\n<\/tr>\n<\/tbody>\n<\/table>\n<h2>Framg\u00e5ngssaga: Hur ett gr\u00f6nt hudv\u00e5rdsm\u00e4rke \u00f6kade f\u00f6rs\u00e4ljningen med specialanpassade roll-on-f\u00f6rpackningar<\/h2>\n<p>En tillverkare av milj\u00f6v\u00e4nlig hudv\u00e5rd lanserade en hudv\u00e5rdslinje riktad mot milj\u00f6medvetna kunder och valde glasflaskor med b\u00f6jningsmedel f\u00f6r sina kosmetikaf\u00f6rpackningar. Genom att best\u00e4lla f\u00f6rpackningarna i bulk och inkludera anpassade etiketter med milj\u00f6v\u00e4nligt budskap minskade de f\u00f6rpackningskostnaderna med 20 % och noterade en \u00f6kning av int\u00e4kterna med 60 %.<\/p>\n<h2>Riktlinjer f\u00f6r anpassning<\/h2>\n<ul>\n<li><strong>F\u00f6renklade flasklinjer:<\/strong> En str\u00f6mlinjeformad layout utan v\u00e4rdel\u00f6s ornamentik och en matt yta f\u00f6rkroppsligar en modern, minimalistisk estetik.<\/li>\n<li><strong>F\u00f6rb\u00e4ttrad visuell igenk\u00e4nning:<\/strong> Den genomskinliga glasflaskan och det svarta locket skapar en h\u00e4ngande doft som framh\u00e4ver v\u00e4tskans fyllighet och konsistens.<\/li>\n<\/ul>","protected":false},"excerpt":{"rendered":"<p>Uppt\u00e4ck en roll-on-glasflaska med UV-best\u00e4ndigt klarglas och precisionsdesign. Perfekt f\u00f6r hudv\u00e5rd, sk\u00f6nhetsf\u00f6rpackningar och grossistbest\u00e4llningar.<\/p>","protected":false},"featured_media":5312,"comment_status":"open","ping_status":"closed","template":"","meta":{"_acf_changed":false,"site-sidebar-layout":"default","site-content-layout":"","ast-site-content-layout":"default","site-content-style":"default","site-sidebar-style":"default","ast-global-header-display":"","ast-banner-title-visibility":"","ast-main-header-display":"","ast-hfb-above-header-display":"","ast-hfb-below-header-display":"","ast-hfb-mobile-header-display":"","site-post-title":"","ast-breadcrumbs-content":"","ast-featured-img":"","footer-sml-layout":"","ast-disable-related-posts":"","theme-transparent-header-meta":"default","adv-header-id-meta":"","stick-header-meta":"","header-above-stick-meta":"","header-main-stick-meta":"","header-below-stick-meta":"","astra-migrate-meta-layouts":"set","ast-page-background-enabled":"default","ast-page-background-meta":{"desktop":{"background-color":"var(--ast-global-color-5)","background-image":"","background-repeat":"repeat","background-position":"center center","background-size":"auto","background-attachment":"scroll","background-type":"","background-media":"","overlay-type":"","overlay-color":"","overlay-opacity":"","overlay-gradient":""},"tablet":{"background-color":"","background-image":"","background-repeat":"repeat","background-position":"center center","background-size":"auto","background-attachment":"scroll","background-type":"","background-media":"","overlay-type":"","overlay-color":"","overlay-opacity":"","overlay-gradient":""},"mobile":{"background-color":"","background-image":"","background-repeat":"repeat","background-position":"center center","background-size":"auto","background-attachment":"scroll","background-type":"","background-media":"","overlay-type":"","overlay-color":"","overlay-opacity":"","overlay-gradient":""}},"ast-content-background-meta":{"desktop":{"background-color":"var(--ast-global-color-4)","background-image":"","background-repeat":"repeat","background-position":"center center","background-size":"auto","background-attachment":"scroll","background-type":"","background-media":"","overlay-type":"","overlay-color":"","overlay-opacity":"","overlay-gradient":""},"tablet":{"background-color":"var(--ast-global-color-4)","background-image":"","background-repeat":"repeat","background-position":"center center","background-size":"auto","background-attachment":"scroll","background-type":"","background-media":"","overlay-type":"","overlay-color":"","overlay-opacity":"","overlay-gradient":""},"mobile":{"background-color":"var(--ast-global-color-4)","background-image":"","background-repeat":"repeat","background-position":"center center","background-size":"auto","background-attachment":"scroll","background-type":"","background-media":"","overlay-type":"","overlay-color":"","overlay-opacity":"","overlay-gradient":""}}},"product_brand":[],"product_cat":[72,62,57,60],"product_tag":[215,214],"class_list":{"0":"post-5311","1":"product","2":"type-product","3":"status-publish","4":"has-post-thumbnail","6":"product_cat-cosmetic-packaging","7":"product_cat-cosmetic-containers","8":"product_cat-essential-oil-bottles","9":"product_cat-roller-bottles","10":"product_tag-glass-roller-ball-bottle","11":"product_tag-roll-on-glass-bottles","12":"desktop-align-left","13":"tablet-align-left","14":"mobile-align-left","16":"first","17":"instock","18":"shipping-taxable","19":"product-type-simple"},"acf":[],"jetpack_sharing_enabled":true,"_links":{"self":[{"href":"https:\/\/theperfumebottles.com\/sv\/wp-json\/wp\/v2\/product\/5311","targetHints":{"allow":["GET"]}}],"collection":[{"href":"https:\/\/theperfumebottles.com\/sv\/wp-json\/wp\/v2\/product"}],"about":[{"href":"https:\/\/theperfumebottles.com\/sv\/wp-json\/wp\/v2\/types\/product"}],"replies":[{"embeddable":true,"href":"https:\/\/theperfumebottles.com\/sv\/wp-json\/wp\/v2\/comments?post=5311"}],"wp:featuredmedia":[{"embeddable":true,"href":"https:\/\/theperfumebottles.com\/sv\/wp-json\/wp\/v2\/media\/5312"}],"wp:attachment":[{"href":"https:\/\/theperfumebottles.com\/sv\/wp-json\/wp\/v2\/media?parent=5311"}],"wp:term":[{"taxonomy":"product_brand","embeddable":true,"href":"https:\/\/theperfumebottles.com\/sv\/wp-json\/wp\/v2\/product_brand?post=5311"},{"taxonomy":"product_cat","embeddable":true,"href":"https:\/\/theperfumebottles.com\/sv\/wp-json\/wp\/v2\/product_cat?post=5311"},{"taxonomy":"product_tag","embeddable":true,"href":"https:\/\/theperfumebottles.com\/sv\/wp-json\/wp\/v2\/product_tag?post=5311"}],"curies":[{"name":"wp","href":"https:\/\/api.w.org\/{rel}","templated":true}]}}