{"id":5354,"date":"2025-08-08T18:07:05","date_gmt":"2025-08-08T10:07:05","guid":{"rendered":"https:\/\/theperfumebottles.com\/?post_type=product&#038;p=5354"},"modified":"2026-04-01T15:42:44","modified_gmt":"2026-04-01T07:42:44","slug":"bulk-amber-glass-pump-bottles-for-skincare","status":"publish","type":"product","link":"https:\/\/theperfumebottles.com\/sv\/produkt\/bulk-amber-glass-pump-bottles-for-skincare\/","title":{"rendered":"Bulk 20ml 30ml 40ml Amber Glass Pumpflaskor f\u00f6r Lotionf\u00f6rpackning"},"content":{"rendered":"<p>De b\u00e4rnstensf\u00e4rgade glaspumpflaskorna anv\u00e4nder klart b\u00e4rnstensf\u00e4rgat glas f\u00f6r att skapa sin design, som inkluderar en kort cylindrisk form och en vit pumpdispenser med ett glaslock.<\/p>\n<h2>Viktiga specifikationer<\/h2>\n<table style=\"border-collapse: collapse; margin-left: auto; margin-right: auto; width: 80%;\" border=\"0\" width=\"445\" cellspacing=\"0\" cellpadding=\"0\">\n<tbody>\n<tr style=\"height: 13.50pt;\">\n<td style=\"height: 13.50pt; width: 136.50pt;\" width=\"182\" height=\"18\">S\u00e4rdrag<\/td>\n<td style=\"width: 197.25pt;\" width=\"263\">Detalj<\/td>\n<\/tr>\n<tr style=\"height: 13.50pt;\">\n<td style=\"height: 13.50pt;\" height=\"18\">Kapacitetsalternativ<\/td>\n<td>20 ml, 30 ml, 40 ml<\/td>\n<\/tr>\n<tr style=\"height: 13.50pt;\">\n<td style=\"height: 13.50pt;\" height=\"18\">Flaskstorlek (ungef\u00e4r)<\/td>\n<td>36 mm diameter, 55\u201382 mm h\u00f6jd<\/td>\n<\/tr>\n<tr style=\"height: 13.50pt;\">\n<td style=\"height: 13.50pt;\" height=\"18\">Material<\/td>\n<td>B\u00e4rnstensf\u00e4rgat glas<\/td>\n<\/tr>\n<tr style=\"height: 13.50pt;\">\n<td style=\"height: 13.50pt;\" height=\"18\">St\u00e4ngning<\/td>\n<td>Genomskinligt lock + vit pump<\/td>\n<\/tr>\n<tr style=\"height: 13.50pt;\">\n<td style=\"height: 13.50pt;\" height=\"18\">Idealisk f\u00f6r<\/td>\n<td>Hudv\u00e5rd, serum, lotioner<\/td>\n<\/tr>\n<\/tbody>\n<\/table>\n<h2>Framg\u00e5ngssaga<\/h2>\n<p>Ett Kalifornienbaserat sk\u00f6nhetsm\u00e4rke valde v\u00e5r 100 ml tomma lotionflaska med pump och specialanpassade det vita pumphuvudet och det frostade glaslocket. Den specialdesignade flaskdesignen gav ett betydande v\u00e4rde: det exakta pumphuvudet minskade den genomsnittliga m\u00e4ngden som kunderna anv\u00e4nde med 25 %, vilket f\u00f6rl\u00e4ngde produktens h\u00e5llbarhet, medan det unika frostade locket blev ett signaturelement f\u00f6r varum\u00e4rket, vilket resulterade i en \u00f6kning av omn\u00e4mnanden p\u00e5 sociala medier med 150 %. F\u00f6retaget expanderade sin verksamhet efter att ha uppn\u00e5tt framg\u00e5ng genom tv\u00e5 aktiviteter, inklusive att best\u00e4lla 620 000 flaskor av deras nya CBD-ansiktsoljeprodukt och etablera ett partnerskap med ett f\u00f6retag som s\u00e4ljer prenumerationsboxar f\u00f6r sk\u00f6nhetsprodukter.<\/p>\n<h2>Anpassningstips f\u00f6r att f\u00e5 ditt varum\u00e4rke att sticka ut p\u00e5 hyllan<\/h2>\n<p>Vill du f\u00e5 ditt varum\u00e4rke att f\u00e5nga uppm\u00e4rksamhet och beh\u00e5lla kunder?<\/p>\n<ul>\n<li><strong>Byt pumpmunstycke:<\/strong> Prova svart eller guld f\u00f6r en lyxig k\u00e4nsla.<\/li>\n<li><strong>Smart f\u00e4rg:<\/strong> Amber \u00e4r ett klassiskt val. Men om du vill ha en unik look erbjuder vi anpassade f\u00e4rgkombinationer.<\/li>\n<li><strong>Etikettutrymme:<\/strong> Den eleganta cylindriska formen ger dig utrymme att ber\u00e4tta din varum\u00e4rkeshistoria.<\/li>\n<li><strong>Storlekss\u00e4tt r\u00e4tt:<\/strong> V\u00e4lj 20 ml f\u00f6r reseflaskor och 40 ml f\u00f6r premiumpriser. Storleken b\u00f6r anpassas till din m\u00e5lgrupp.<\/li>\n<\/ul>","protected":false},"excerpt":{"rendered":"<p>B\u00e4rnstensf\u00e4rgade glasflaskor med pump, klassisk design och t\u00e4t f\u00f6rsegling. Tomma lotionflaskor med pump, perfekt f\u00f6r bulkbest\u00e4llningar. Grossistrabatter tillg\u00e4ngliga. Snabb leverans.<\/p>","protected":false},"featured_media":5369,"comment_status":"open","ping_status":"closed","template":"","meta":{"_acf_changed":false,"site-sidebar-layout":"default","site-content-layout":"","ast-site-content-layout":"default","site-content-style":"default","site-sidebar-style":"default","ast-global-header-display":"","ast-banner-title-visibility":"","ast-main-header-display":"","ast-hfb-above-header-display":"","ast-hfb-below-header-display":"","ast-hfb-mobile-header-display":"","site-post-title":"","ast-breadcrumbs-content":"","ast-featured-img":"","footer-sml-layout":"","ast-disable-related-posts":"","theme-transparent-header-meta":"default","adv-header-id-meta":"","stick-header-meta":"","header-above-stick-meta":"","header-main-stick-meta":"","header-below-stick-meta":"","astra-migrate-meta-layouts":"set","ast-page-background-enabled":"default","ast-page-background-meta":{"desktop":{"background-color":"var(--ast-global-color-5)","background-image":"","background-repeat":"repeat","background-position":"center center","background-size":"auto","background-attachment":"scroll","background-type":"","background-media":"","overlay-type":"","overlay-color":"","overlay-opacity":"","overlay-gradient":""},"tablet":{"background-color":"","background-image":"","background-repeat":"repeat","background-position":"center center","background-size":"auto","background-attachment":"scroll","background-type":"","background-media":"","overlay-type":"","overlay-color":"","overlay-opacity":"","overlay-gradient":""},"mobile":{"background-color":"","background-image":"","background-repeat":"repeat","background-position":"center center","background-size":"auto","background-attachment":"scroll","background-type":"","background-media":"","overlay-type":"","overlay-color":"","overlay-opacity":"","overlay-gradient":""}},"ast-content-background-meta":{"desktop":{"background-color":"var(--ast-global-color-4)","background-image":"","background-repeat":"repeat","background-position":"center center","background-size":"auto","background-attachment":"scroll","background-type":"","background-media":"","overlay-type":"","overlay-color":"","overlay-opacity":"","overlay-gradient":""},"tablet":{"background-color":"var(--ast-global-color-4)","background-image":"","background-repeat":"repeat","background-position":"center center","background-size":"auto","background-attachment":"scroll","background-type":"","background-media":"","overlay-type":"","overlay-color":"","overlay-opacity":"","overlay-gradient":""},"mobile":{"background-color":"var(--ast-global-color-4)","background-image":"","background-repeat":"repeat","background-position":"center center","background-size":"auto","background-attachment":"scroll","background-type":"","background-media":"","overlay-type":"","overlay-color":"","overlay-opacity":"","overlay-gradient":""}}},"product_brand":[],"product_cat":[71,72,62],"product_tag":[190,204],"class_list":{"0":"post-5354","1":"product","2":"type-product","3":"status-publish","4":"has-post-thumbnail","6":"product_cat-glass-lotion-bottles","7":"product_cat-cosmetic-packaging","8":"product_cat-cosmetic-containers","9":"product_tag-cosmetic-pots-with-lids","10":"product_tag-frosted-cosmetic-jars","11":"desktop-align-left","12":"tablet-align-left","13":"mobile-align-left","15":"first","16":"instock","17":"shipping-taxable","18":"product-type-simple"},"acf":[],"jetpack_sharing_enabled":true,"_links":{"self":[{"href":"https:\/\/theperfumebottles.com\/sv\/wp-json\/wp\/v2\/product\/5354","targetHints":{"allow":["GET"]}}],"collection":[{"href":"https:\/\/theperfumebottles.com\/sv\/wp-json\/wp\/v2\/product"}],"about":[{"href":"https:\/\/theperfumebottles.com\/sv\/wp-json\/wp\/v2\/types\/product"}],"replies":[{"embeddable":true,"href":"https:\/\/theperfumebottles.com\/sv\/wp-json\/wp\/v2\/comments?post=5354"}],"wp:featuredmedia":[{"embeddable":true,"href":"https:\/\/theperfumebottles.com\/sv\/wp-json\/wp\/v2\/media\/5369"}],"wp:attachment":[{"href":"https:\/\/theperfumebottles.com\/sv\/wp-json\/wp\/v2\/media?parent=5354"}],"wp:term":[{"taxonomy":"product_brand","embeddable":true,"href":"https:\/\/theperfumebottles.com\/sv\/wp-json\/wp\/v2\/product_brand?post=5354"},{"taxonomy":"product_cat","embeddable":true,"href":"https:\/\/theperfumebottles.com\/sv\/wp-json\/wp\/v2\/product_cat?post=5354"},{"taxonomy":"product_tag","embeddable":true,"href":"https:\/\/theperfumebottles.com\/sv\/wp-json\/wp\/v2\/product_tag?post=5354"}],"curies":[{"name":"wp","href":"https:\/\/api.w.org\/{rel}","templated":true}]}}