{"id":5355,"date":"2025-08-08T18:08:52","date_gmt":"2025-08-08T10:08:52","guid":{"rendered":"https:\/\/theperfumebottles.com\/?post_type=product&#038;p=5355"},"modified":"2026-04-01T15:09:21","modified_gmt":"2026-04-01T07:09:21","slug":"bulk-glass-amber-pump-bottle-for-cosmetic-packaging","status":"publish","type":"product","link":"https:\/\/theperfumebottles.com\/sv\/produkt\/bulk-glass-amber-pump-bottle-for-cosmetic-packaging\/","title":{"rendered":"5 ml -100 ml glasb\u00e4rnstenspumpflaskor f\u00f6r kosmetiska f\u00f6rpackningar"},"content":{"rendered":"<p>Den b\u00e4rnstensf\u00e4rgade pumpflaskan i glas har en modern design som skapar en beh\u00e5llare med sin rundade cylindriska form tillverkad av premiumgenomskinligt b\u00e4rnstensf\u00e4rgat glas och sitt exakt matchande svarta pumphuvud och genomskinliga s\u00e4kerhetslock i glas.<\/p>\n<h2>Viktiga specifikationer<\/h2>\n<table style=\"border-collapse: collapse; margin-left: auto; margin-right: auto; width: 80%;\" border=\"0\" width=\"486\" cellspacing=\"0\" cellpadding=\"0\">\n<tbody>\n<tr style=\"height: 13.50pt;\">\n<td style=\"height: 13.50pt; width: 117.75pt;\" width=\"157\" height=\"18\">S\u00e4rdrag<\/td>\n<td style=\"width: 246.75pt;\" width=\"329\">Detalj<\/td>\n<\/tr>\n<tr style=\"height: 13.50pt;\">\n<td style=\"height: 13.50pt;\" height=\"18\">Kapacitetsalternativ<\/td>\n<td>5 ml, 10 ml, 15 ml, 20 ml, 30 ml, 50 ml, 100 ml<\/td>\n<\/tr>\n<tr style=\"height: 13.50pt;\">\n<td style=\"height: 13.50pt;\" height=\"18\">Flaskstorleksintervall<\/td>\n<td>22\u201344,5 mm diameter, 50\u2013112 mm h\u00f6jd<\/td>\n<\/tr>\n<tr style=\"height: 13.50pt;\">\n<td style=\"height: 13.50pt;\" height=\"18\">Material<\/td>\n<td>Brunt glas med h\u00f6g klarhet<\/td>\n<\/tr>\n<tr style=\"height: 13.50pt;\">\n<td style=\"height: 13.50pt;\" height=\"18\">St\u00e4ngning<\/td>\n<td>Svart pump med vinklad spets<\/td>\n<\/tr>\n<tr style=\"height: 13.50pt;\">\n<td style=\"height: 13.50pt;\" height=\"18\">Pumpr\u00f6r<\/td>\n<td>L\u00e5ngt, genomskinligt r\u00f6r f\u00f6r full anv\u00e4ndning<\/td>\n<\/tr>\n<tr style=\"height: 13.50pt;\">\n<td style=\"height: 13.50pt;\" height=\"18\">Idealisk f\u00f6r<\/td>\n<td>Serum, lotioner, ansiktsoljor<\/td>\n<\/tr>\n<\/tbody>\n<\/table>\n<h2>Framg\u00e5ngssaga<\/h2>\n<p>Det professionella hudv\u00e5rdsm\u00e4rket valde v\u00e5ra 30 ml bruna glasflaskor med pump efter att de lagt till en screentryckt &#034;airless&#034;-etikett och en effektiv pump som passar deras visk\u00f6sa serumprodukter. UV-skyddet bibeh\u00e5ller 95 % ingredienseffektivitet f\u00f6r serumet under hela 12 m\u00e5nader. Pumpsystemet minskar oxidation och avfallsproduktion med 30 % j\u00e4mf\u00f6rt med droppflaskor. M\u00e4rket uppn\u00e5dde enorma framg\u00e5ngar med sin produkt vilket resulterade i en uppf\u00f6ljningsorder p\u00e5 750 000 flaskor f\u00f6r hela deras sortiment av antioxidantserum och hudv\u00e5rdsprodukter.<\/p>\n<h2>Bruna glasflaskor med pumpanpassningsalternativ<\/h2>\n<ul>\n<li>Den ljust b\u00e4rnstensf\u00e4rgade glasflaskan finns i tre olika nyanser: ljust b\u00e4rnstensf\u00e4rgad, mellanf\u00e4rgad och m\u00f6rk b\u00e4rnstensf\u00e4rgad.<\/li>\n<li>Vakuumpumpsystemet ger anv\u00e4ndarna ett komplett vakuumpumpsystem som garanterar maximalt skydd f\u00f6r deras instabila aktiva ingredienser genom antioxidativa f\u00f6rsvarsmekanismer.<\/li>\n<li>Botten p\u00e5 flaskan kan visa en upph\u00f6jd skala som visar &#034;100 ml&#034; eller s\u00e5 kan anv\u00e4ndare v\u00e4lja att visa sin varum\u00e4rkeslogotyp genom en liten logotypdisplay.<\/li>\n<\/ul>","protected":false},"excerpt":{"rendered":"<p>Elegant b\u00e4rnstensf\u00e4rgad pumpflaska i glas med s\u00e4ker pump och kork. Bruna glasflaskor med pump f\u00f6r kr\u00e4mer och v\u00e4tskor. Anpassad m\u00e4rkning st\u00f6ds. Gratisprover.<\/p>","protected":false},"featured_media":5356,"comment_status":"open","ping_status":"closed","template":"","meta":{"_acf_changed":false,"site-sidebar-layout":"default","site-content-layout":"","ast-site-content-layout":"default","site-content-style":"default","site-sidebar-style":"default","ast-global-header-display":"","ast-banner-title-visibility":"","ast-main-header-display":"","ast-hfb-above-header-display":"","ast-hfb-below-header-display":"","ast-hfb-mobile-header-display":"","site-post-title":"","ast-breadcrumbs-content":"","ast-featured-img":"","footer-sml-layout":"","ast-disable-related-posts":"","theme-transparent-header-meta":"default","adv-header-id-meta":"","stick-header-meta":"","header-above-stick-meta":"","header-main-stick-meta":"","header-below-stick-meta":"","astra-migrate-meta-layouts":"set","ast-page-background-enabled":"default","ast-page-background-meta":{"desktop":{"background-color":"var(--ast-global-color-5)","background-image":"","background-repeat":"repeat","background-position":"center center","background-size":"auto","background-attachment":"scroll","background-type":"","background-media":"","overlay-type":"","overlay-color":"","overlay-opacity":"","overlay-gradient":""},"tablet":{"background-color":"","background-image":"","background-repeat":"repeat","background-position":"center center","background-size":"auto","background-attachment":"scroll","background-type":"","background-media":"","overlay-type":"","overlay-color":"","overlay-opacity":"","overlay-gradient":""},"mobile":{"background-color":"","background-image":"","background-repeat":"repeat","background-position":"center center","background-size":"auto","background-attachment":"scroll","background-type":"","background-media":"","overlay-type":"","overlay-color":"","overlay-opacity":"","overlay-gradient":""}},"ast-content-background-meta":{"desktop":{"background-color":"var(--ast-global-color-4)","background-image":"","background-repeat":"repeat","background-position":"center center","background-size":"auto","background-attachment":"scroll","background-type":"","background-media":"","overlay-type":"","overlay-color":"","overlay-opacity":"","overlay-gradient":""},"tablet":{"background-color":"var(--ast-global-color-4)","background-image":"","background-repeat":"repeat","background-position":"center center","background-size":"auto","background-attachment":"scroll","background-type":"","background-media":"","overlay-type":"","overlay-color":"","overlay-opacity":"","overlay-gradient":""},"mobile":{"background-color":"var(--ast-global-color-4)","background-image":"","background-repeat":"repeat","background-position":"center center","background-size":"auto","background-attachment":"scroll","background-type":"","background-media":"","overlay-type":"","overlay-color":"","overlay-opacity":"","overlay-gradient":""}}},"product_brand":[],"product_cat":[71,72,62],"product_tag":[190,204],"class_list":{"0":"post-5355","1":"product","2":"type-product","3":"status-publish","4":"has-post-thumbnail","6":"product_cat-glass-lotion-bottles","7":"product_cat-cosmetic-packaging","8":"product_cat-cosmetic-containers","9":"product_tag-cosmetic-pots-with-lids","10":"product_tag-frosted-cosmetic-jars","11":"desktop-align-left","12":"tablet-align-left","13":"mobile-align-left","15":"first","16":"instock","17":"shipping-taxable","18":"product-type-simple"},"acf":[],"jetpack_sharing_enabled":true,"_links":{"self":[{"href":"https:\/\/theperfumebottles.com\/sv\/wp-json\/wp\/v2\/product\/5355","targetHints":{"allow":["GET"]}}],"collection":[{"href":"https:\/\/theperfumebottles.com\/sv\/wp-json\/wp\/v2\/product"}],"about":[{"href":"https:\/\/theperfumebottles.com\/sv\/wp-json\/wp\/v2\/types\/product"}],"replies":[{"embeddable":true,"href":"https:\/\/theperfumebottles.com\/sv\/wp-json\/wp\/v2\/comments?post=5355"}],"wp:featuredmedia":[{"embeddable":true,"href":"https:\/\/theperfumebottles.com\/sv\/wp-json\/wp\/v2\/media\/5356"}],"wp:attachment":[{"href":"https:\/\/theperfumebottles.com\/sv\/wp-json\/wp\/v2\/media?parent=5355"}],"wp:term":[{"taxonomy":"product_brand","embeddable":true,"href":"https:\/\/theperfumebottles.com\/sv\/wp-json\/wp\/v2\/product_brand?post=5355"},{"taxonomy":"product_cat","embeddable":true,"href":"https:\/\/theperfumebottles.com\/sv\/wp-json\/wp\/v2\/product_cat?post=5355"},{"taxonomy":"product_tag","embeddable":true,"href":"https:\/\/theperfumebottles.com\/sv\/wp-json\/wp\/v2\/product_tag?post=5355"}],"curies":[{"name":"wp","href":"https:\/\/api.w.org\/{rel}","templated":true}]}}