{"id":5405,"date":"2025-08-11T17:27:27","date_gmt":"2025-08-11T09:27:27","guid":{"rendered":"https:\/\/theperfumebottles.com\/?post_type=product&#038;p=5405"},"modified":"2026-03-30T15:26:17","modified_gmt":"2026-03-30T07:26:17","slug":"essential-oil-roll-on-bottles-in-bulk","status":"publish","type":"product","link":"https:\/\/theperfumebottles.com\/sv\/produkt\/essential-oil-roll-on-bottles-in-bulk\/","title":{"rendered":"3ml-30ml roll-on-flaskor f\u00f6r eterisk olja i bulk"},"content":{"rendered":"<p>Beh\u00f6ver du roll-on-flaskor f\u00f6r eteriska oljor som v\u00e4cker uppm\u00e4rksamhet och levererar prestanda? V\u00e5ra roll-on-flaskor i glas \u00e4r tillverkade f\u00f6r varum\u00e4rken som vill ha beh\u00e5llare f\u00f6r eteriska oljor som blandar lyx med praktiska egenskaper.<\/p>\n<h2>Viktiga specifikationer<\/h2>\n<table style=\"border-collapse: collapse; width: 80%; margin-left: auto; margin-right: auto;\" border=\"0\" width=\"227\" cellspacing=\"0\" cellpadding=\"0\">\n<tbody>\n<tr style=\"height: 13.50pt;\">\n<td style=\"height: 13.5pt; width: 116.25pt; text-align: center;\" width=\"155\" height=\"18\">S\u00e4rdrag<\/td>\n<td style=\"width: 54pt; text-align: center;\" width=\"72\">Detaljer<\/td>\n<\/tr>\n<tr style=\"height: 13.50pt;\">\n<td style=\"height: 13.5pt; text-align: center;\" height=\"18\">Kapacitet<\/td>\n<td style=\"text-align: center;\">3ml, 5ml, 10ml, 15ml, 20ml, 30ml<\/td>\n<\/tr>\n<tr style=\"height: 13.50pt;\">\n<td style=\"height: 13.5pt; text-align: center;\" height=\"18\">Material<\/td>\n<td style=\"text-align: center;\">Glas<\/td>\n<\/tr>\n<tr style=\"height: 13.50pt;\">\n<td style=\"height: 13.5pt; text-align: center;\" height=\"18\">T\u00e4tningsmekanism<\/td>\n<td style=\"text-align: center;\">Skruvkork med rulle<\/td>\n<\/tr>\n<tr style=\"height: 13.50pt;\">\n<td style=\"height: 13.5pt; text-align: center;\" height=\"18\">Form<\/td>\n<td style=\"text-align: center;\">Runda<\/td>\n<\/tr>\n<tr style=\"height: 13.50pt;\">\n<td style=\"height: 13.5pt; text-align: center;\" height=\"18\">F\u00e4rg<\/td>\n<td style=\"text-align: center;\">Tydlig, anpassningsbar<\/td>\n<\/tr>\n<tr style=\"height: 13.50pt;\">\n<td style=\"height: 13.5pt; text-align: center;\" height=\"18\">Yttryck<\/td>\n<td style=\"text-align: center;\">Anpassningsbar<\/td>\n<\/tr>\n<\/tbody>\n<\/table>\n<h2>Fallstudie<\/h2>\n<p>Ett hudv\u00e5rdsf\u00f6retag som s\u00f6kte en m\u00f6jlighet att \u00f6ka sina int\u00e4kter best\u00e4mde sig f\u00f6r att \u00e5teruppfinna sin eteriska oljelinje och valde v\u00e5ra 28 ml roll-on-flaskor med rostfri st\u00e5lrulle och guldf\u00e4rgad kork som f\u00f6rpackning. Genom att best\u00e4lla grossist och anpassa roll-on-flaskorna f\u00f6r eteriska oljor s\u00e5 att de matchade deras logotypf\u00e4rger minskade de f\u00f6rpackningskostnaderna avsev\u00e4rt och \u00f6kade antalet \u00e5terkommande kunder med 65 %.<\/p>\n<h2>Checklista f\u00f6r anpassning<\/h2>\n<ul>\n<li><strong>glaskropp<\/strong>Borosilikatglas \/ Brun (f\u00f6redragen) eller annan ljust\u00e5lig f\u00e4rg \/ Best\u00e4m kapaciteten (t.ex. 10 ml)<\/li>\n<li><strong>Rollerball<\/strong>Rostfritt st\u00e5l (f\u00f6redras) \/ Best\u00e4m kulstorlek (t.ex. 5 mm)<\/li>\n<li><strong>Lock<\/strong>S\u00e4kerst\u00e4ll god t\u00e4tning \/ V\u00e4lj f\u00e4rg och finish (t.ex. blankt vitt lock)<\/li>\n<li><strong>Utskrift<\/strong>Best\u00e4m logotyp- och texttryck (t.ex. guldf\u00e4rgad silkscreen)<\/li>\n<li><strong>Provprovning<\/strong>Var noga med att beg\u00e4ra ett blankprov f\u00f6r att testa t\u00e4tningens och rullens j\u00e4mnhet.<\/li>\n<li><strong>Leverant\u00f6r<\/strong>Diskutera MOQ, pris, provtagningstid och produktionscykel.<\/li>\n<\/ul>","protected":false},"excerpt":{"rendered":"<p>Hitta h\u00f6gkvalitativa roll-on-flaskor med eteriska oljor och 28 ml roll-on-flaskor f\u00f6r ditt varum\u00e4rke. Perfekt f\u00f6r f\u00f6retag som s\u00f6ker h\u00f6gkvalitativa, specialanpassade f\u00f6rpackningar f\u00f6r bulkbest\u00e4llningar.<\/p>","protected":false},"featured_media":6631,"comment_status":"closed","ping_status":"closed","template":"","meta":{"_acf_changed":false,"site-sidebar-layout":"default","site-content-layout":"","ast-site-content-layout":"default","site-content-style":"default","site-sidebar-style":"default","ast-global-header-display":"","ast-banner-title-visibility":"","ast-main-header-display":"","ast-hfb-above-header-display":"","ast-hfb-below-header-display":"","ast-hfb-mobile-header-display":"","site-post-title":"","ast-breadcrumbs-content":"","ast-featured-img":"","footer-sml-layout":"","ast-disable-related-posts":"","theme-transparent-header-meta":"default","adv-header-id-meta":"","stick-header-meta":"","header-above-stick-meta":"","header-main-stick-meta":"","header-below-stick-meta":"","astra-migrate-meta-layouts":"set","ast-page-background-enabled":"default","ast-page-background-meta":{"desktop":{"background-color":"var(--ast-global-color-5)","background-image":"","background-repeat":"repeat","background-position":"center center","background-size":"auto","background-attachment":"scroll","background-type":"","background-media":"","overlay-type":"","overlay-color":"","overlay-opacity":"","overlay-gradient":""},"tablet":{"background-color":"","background-image":"","background-repeat":"repeat","background-position":"center center","background-size":"auto","background-attachment":"scroll","background-type":"","background-media":"","overlay-type":"","overlay-color":"","overlay-opacity":"","overlay-gradient":""},"mobile":{"background-color":"","background-image":"","background-repeat":"repeat","background-position":"center center","background-size":"auto","background-attachment":"scroll","background-type":"","background-media":"","overlay-type":"","overlay-color":"","overlay-opacity":"","overlay-gradient":""}},"ast-content-background-meta":{"desktop":{"background-color":"var(--ast-global-color-4)","background-image":"","background-repeat":"repeat","background-position":"center center","background-size":"auto","background-attachment":"scroll","background-type":"","background-media":"","overlay-type":"","overlay-color":"","overlay-opacity":"","overlay-gradient":""},"tablet":{"background-color":"var(--ast-global-color-4)","background-image":"","background-repeat":"repeat","background-position":"center center","background-size":"auto","background-attachment":"scroll","background-type":"","background-media":"","overlay-type":"","overlay-color":"","overlay-opacity":"","overlay-gradient":""},"mobile":{"background-color":"var(--ast-global-color-4)","background-image":"","background-repeat":"repeat","background-position":"center center","background-size":"auto","background-attachment":"scroll","background-type":"","background-media":"","overlay-type":"","overlay-color":"","overlay-opacity":"","overlay-gradient":""}}},"product_brand":[],"product_cat":[60,62,72,57],"product_tag":[223,222],"class_list":{"0":"post-5405","1":"product","2":"type-product","3":"status-publish","4":"has-post-thumbnail","6":"product_cat-roller-bottles","7":"product_cat-cosmetic-containers","8":"product_cat-cosmetic-packaging","9":"product_cat-essential-oil-bottles","10":"product_tag-essential-oil-roll-on-bottles","11":"product_tag-perfume-roller-bottles","12":"desktop-align-left","13":"tablet-align-left","14":"mobile-align-left","16":"first","17":"instock","18":"shipping-taxable","19":"product-type-simple"},"acf":[],"jetpack_sharing_enabled":true,"_links":{"self":[{"href":"https:\/\/theperfumebottles.com\/sv\/wp-json\/wp\/v2\/product\/5405","targetHints":{"allow":["GET"]}}],"collection":[{"href":"https:\/\/theperfumebottles.com\/sv\/wp-json\/wp\/v2\/product"}],"about":[{"href":"https:\/\/theperfumebottles.com\/sv\/wp-json\/wp\/v2\/types\/product"}],"replies":[{"embeddable":true,"href":"https:\/\/theperfumebottles.com\/sv\/wp-json\/wp\/v2\/comments?post=5405"}],"wp:featuredmedia":[{"embeddable":true,"href":"https:\/\/theperfumebottles.com\/sv\/wp-json\/wp\/v2\/media\/6631"}],"wp:attachment":[{"href":"https:\/\/theperfumebottles.com\/sv\/wp-json\/wp\/v2\/media?parent=5405"}],"wp:term":[{"taxonomy":"product_brand","embeddable":true,"href":"https:\/\/theperfumebottles.com\/sv\/wp-json\/wp\/v2\/product_brand?post=5405"},{"taxonomy":"product_cat","embeddable":true,"href":"https:\/\/theperfumebottles.com\/sv\/wp-json\/wp\/v2\/product_cat?post=5405"},{"taxonomy":"product_tag","embeddable":true,"href":"https:\/\/theperfumebottles.com\/sv\/wp-json\/wp\/v2\/product_tag?post=5405"}],"curies":[{"name":"wp","href":"https:\/\/api.w.org\/{rel}","templated":true}]}}