{"id":5424,"date":"2025-08-11T18:00:42","date_gmt":"2025-08-11T10:00:42","guid":{"rendered":"https:\/\/theperfumebottles.com\/?post_type=product&#038;p=5424"},"modified":"2026-03-26T16:36:21","modified_gmt":"2026-03-26T08:36:21","slug":"clear-glass-roller-bottles-for-cosmetic-packaging-wholesale","status":"publish","type":"product","link":"https:\/\/theperfumebottles.com\/sv\/produkt\/clear-glass-roller-bottles-for-cosmetic-packaging-wholesale\/","title":{"rendered":"10 ml klara glasrullflaskor f\u00f6r kosmetiska f\u00f6rpackningar grossist"},"content":{"rendered":"<p>Beh\u00f6ver du roll-on-glasflaskor som kombinerar milj\u00f6v\u00e4nlighet med lyx? V\u00e5ra roll-on-glasflaskor \u00e4r designade f\u00f6r varum\u00e4rken som vill ha kosmetikabeh\u00e5llare som skapar gl\u00e4dje och skyddar planeten.<\/p>\n<h2>Viktiga specifikationer<\/h2>\n<table style=\"border-collapse: collapse; width: 80%; margin-left: auto; margin-right: auto;\" border=\"0\" width=\"144\" cellspacing=\"0\" cellpadding=\"0\">\n<tbody>\n<tr style=\"height: 13.50pt;\">\n<td style=\"height: 13.50pt; width: 54.00pt;\" width=\"72\" height=\"18\">S\u00e4rdrag<\/td>\n<td style=\"width: 54.00pt;\" width=\"72\">Detaljer<\/td>\n<\/tr>\n<tr style=\"height: 13.50pt;\">\n<td style=\"height: 13.50pt;\" height=\"18\">Kapacitet<\/td>\n<td>10 ml<\/td>\n<\/tr>\n<tr style=\"height: 13.50pt;\">\n<td style=\"height: 13.50pt;\" height=\"18\">Lock<\/td>\n<td>Tr\u00e4 eller du anpassar<\/td>\n<\/tr>\n<tr style=\"height: 13.50pt;\">\n<td style=\"height: 13.50pt;\" height=\"18\">Form<\/td>\n<td>Cylinder<\/td>\n<\/tr>\n<tr style=\"height: 13.50pt;\">\n<td style=\"height: 13.50pt;\" height=\"18\">Yttryck<\/td>\n<td>Screentryck<\/td>\n<\/tr>\n<tr style=\"height: 13.50pt;\">\n<td style=\"height: 13.50pt;\" height=\"18\">F\u00e4rg<\/td>\n<td>Rensa<\/td>\n<\/tr>\n<\/tbody>\n<\/table>\n<h2>Framg\u00e5ngsfall<\/h2>\n<p><span aria-haspopup=\"dialog\" aria-expanded=\"false\" aria-controls=\"radix-_r_16_\" data-state=\"closed\" data-slot=\"popover-trigger\">Ett f\u00f6retag med eteriska oljor i USA anv\u00e4nde v\u00e5ra roll-on kristallflaskor av klart glas f\u00f6r att introducera sin nya kollektion av eteriska kristalloljor.<\/span> <span aria-haspopup=\"dialog\" aria-expanded=\"false\" aria-controls=\"radix-_r_17_\" data-state=\"closed\" data-slot=\"popover-trigger\">F\u00f6rst har vi valt naturliga bambuhattar i linje med deras varum\u00e4rkesimage att vara milj\u00f6v\u00e4nliga.<\/span> <span aria-haspopup=\"dialog\" aria-expanded=\"false\" aria-controls=\"radix-_r_18_\" data-state=\"closed\" data-slot=\"popover-trigger\">Vi personifierade \u00e4ven roll-onen d\u00e4r sl\u00e4tt rostfritt st\u00e5l anv\u00e4ndes f\u00f6r att \u00f6ka spridningen av de eteriska oljorna.<\/span> <span aria-haspopup=\"dialog\" aria-expanded=\"false\" aria-controls=\"radix-_r_19_\" data-state=\"closed\" data-slot=\"popover-trigger\">Dessutom erbj\u00f6d vi logotyptryck p\u00e5 glasflaskorna och hj\u00e4lpte till med att effektivisera f\u00f6rpackningsdesignen f\u00f6r att \u00f6ka produktens h\u00e5llbarhet.<\/span> <span aria-haspopup=\"dialog\" aria-expanded=\"false\" aria-controls=\"radix-_r_1a_\" data-state=\"closed\" data-slot=\"popover-trigger\">Efter lanseringen av den anpassade produkten h\u00e4vdade kunden att f\u00f6rs\u00e4ljningen online och offline \u00f6kade kraftigt, fr\u00e4mst p\u00e5 grund av produktens ovanliga estetiska design och den f\u00f6rb\u00e4ttrade anv\u00e4ndarupplevelsen.<\/span> <span aria-haspopup=\"dialog\" aria-expanded=\"false\" aria-controls=\"radix-_r_1b_\" data-state=\"closed\" data-slot=\"popover-trigger\">De gjorde fler best\u00e4llningar inom tre m\u00e5nader, vilket ut\u00f6kade m\u00e4ngden produkter och fler dofter i sortimentet, vilket ytterligare etablerade deras varum\u00e4rke p\u00e5 marknaden.<\/span><\/p>\n<h2>V\u00e4gledning f\u00f6r anpassning<\/h2>\n<ul>\n<li><span aria-haspopup=\"dialog\" aria-expanded=\"false\" aria-controls=\"radix-_r_1c_\" data-state=\"closed\" data-slot=\"popover-trigger\"><strong>Material och finish p\u00e5 locket:<\/strong> V\u00e4lj en kapsyl i naturlig bambu, plast eller aluminium med alternativ i matt, glansig eller anodiserad yta som passar de olika m\u00e4rkesstilarna.<\/span><\/li>\n<li><span aria-haspopup=\"dialog\" aria-expanded=\"false\" aria-controls=\"radix-_r_1d_\" data-state=\"closed\" data-slot=\"popover-trigger\"><strong>Rullboll:<\/strong> V\u00e4lj rullkulor i rostfritt st\u00e5l, glas eller \u00e4delstenar (t.ex. rosenkvarts, obsidian) f\u00f6r att anpassa eller f\u00f6rb\u00e4ttra funktionaliteten eller ge dem ett exklusivt, v\u00e4lbefinnandeinriktat utseende.<\/span><\/li>\n<li><span aria-haspopup=\"dialog\" aria-expanded=\"false\" aria-controls=\"radix-_r_1e_\" data-state=\"closed\" data-slot=\"popover-trigger\"><strong>Glasf\u00e4rg och bel\u00e4ggning:<\/strong> V\u00e4lj en klar, frostad, b\u00e4rnstensf\u00e4rgad eller specialbelagd f\u00e4rg f\u00f6r att bevara oljor som \u00e4r ljusk\u00e4nsliga eller f\u00f6r att ge ett unikt utseende.<\/span><\/li>\n<\/ul>","protected":false},"excerpt":{"rendered":"<p>F\u00f6rh\u00f6j sk\u00f6nhetsf\u00f6rpackningar med rullflaskor i genomskinligt glas. Perfekt f\u00f6r hudv\u00e5rd, parfymer med fin dimma och kosmetikaf\u00f6rpackningar. Snabb leverans.<\/p>","protected":false},"featured_media":5430,"comment_status":"open","ping_status":"closed","template":"","meta":{"_acf_changed":false,"site-sidebar-layout":"default","site-content-layout":"","ast-site-content-layout":"default","site-content-style":"default","site-sidebar-style":"default","ast-global-header-display":"","ast-banner-title-visibility":"","ast-main-header-display":"","ast-hfb-above-header-display":"","ast-hfb-below-header-display":"","ast-hfb-mobile-header-display":"","site-post-title":"","ast-breadcrumbs-content":"","ast-featured-img":"","footer-sml-layout":"","ast-disable-related-posts":"","theme-transparent-header-meta":"default","adv-header-id-meta":"","stick-header-meta":"","header-above-stick-meta":"","header-main-stick-meta":"","header-below-stick-meta":"","astra-migrate-meta-layouts":"set","ast-page-background-enabled":"default","ast-page-background-meta":{"desktop":{"background-color":"var(--ast-global-color-5)","background-image":"","background-repeat":"repeat","background-position":"center center","background-size":"auto","background-attachment":"scroll","background-type":"","background-media":"","overlay-type":"","overlay-color":"","overlay-opacity":"","overlay-gradient":""},"tablet":{"background-color":"","background-image":"","background-repeat":"repeat","background-position":"center center","background-size":"auto","background-attachment":"scroll","background-type":"","background-media":"","overlay-type":"","overlay-color":"","overlay-opacity":"","overlay-gradient":""},"mobile":{"background-color":"","background-image":"","background-repeat":"repeat","background-position":"center center","background-size":"auto","background-attachment":"scroll","background-type":"","background-media":"","overlay-type":"","overlay-color":"","overlay-opacity":"","overlay-gradient":""}},"ast-content-background-meta":{"desktop":{"background-color":"var(--ast-global-color-4)","background-image":"","background-repeat":"repeat","background-position":"center center","background-size":"auto","background-attachment":"scroll","background-type":"","background-media":"","overlay-type":"","overlay-color":"","overlay-opacity":"","overlay-gradient":""},"tablet":{"background-color":"var(--ast-global-color-4)","background-image":"","background-repeat":"repeat","background-position":"center center","background-size":"auto","background-attachment":"scroll","background-type":"","background-media":"","overlay-type":"","overlay-color":"","overlay-opacity":"","overlay-gradient":""},"mobile":{"background-color":"var(--ast-global-color-4)","background-image":"","background-repeat":"repeat","background-position":"center center","background-size":"auto","background-attachment":"scroll","background-type":"","background-media":"","overlay-type":"","overlay-color":"","overlay-opacity":"","overlay-gradient":""}}},"product_brand":[],"product_cat":[60,62,72,57],"product_tag":[226,220],"class_list":{"0":"post-5424","1":"product","2":"type-product","3":"status-publish","4":"has-post-thumbnail","6":"product_cat-roller-bottles","7":"product_cat-cosmetic-containers","8":"product_cat-cosmetic-packaging","9":"product_cat-essential-oil-bottles","10":"product_tag-clear-glass-roller-bottles","11":"product_tag-glass-roll-on-bottles","12":"desktop-align-left","13":"tablet-align-left","14":"mobile-align-left","16":"first","17":"instock","18":"shipping-taxable","19":"product-type-simple"},"acf":[],"jetpack_sharing_enabled":true,"_links":{"self":[{"href":"https:\/\/theperfumebottles.com\/sv\/wp-json\/wp\/v2\/product\/5424","targetHints":{"allow":["GET"]}}],"collection":[{"href":"https:\/\/theperfumebottles.com\/sv\/wp-json\/wp\/v2\/product"}],"about":[{"href":"https:\/\/theperfumebottles.com\/sv\/wp-json\/wp\/v2\/types\/product"}],"replies":[{"embeddable":true,"href":"https:\/\/theperfumebottles.com\/sv\/wp-json\/wp\/v2\/comments?post=5424"}],"wp:featuredmedia":[{"embeddable":true,"href":"https:\/\/theperfumebottles.com\/sv\/wp-json\/wp\/v2\/media\/5430"}],"wp:attachment":[{"href":"https:\/\/theperfumebottles.com\/sv\/wp-json\/wp\/v2\/media?parent=5424"}],"wp:term":[{"taxonomy":"product_brand","embeddable":true,"href":"https:\/\/theperfumebottles.com\/sv\/wp-json\/wp\/v2\/product_brand?post=5424"},{"taxonomy":"product_cat","embeddable":true,"href":"https:\/\/theperfumebottles.com\/sv\/wp-json\/wp\/v2\/product_cat?post=5424"},{"taxonomy":"product_tag","embeddable":true,"href":"https:\/\/theperfumebottles.com\/sv\/wp-json\/wp\/v2\/product_tag?post=5424"}],"curies":[{"name":"wp","href":"https:\/\/api.w.org\/{rel}","templated":true}]}}