{"id":5449,"date":"2025-08-11T18:08:00","date_gmt":"2025-08-11T10:08:00","guid":{"rendered":"https:\/\/theperfumebottles.com\/?post_type=product&#038;p=5449"},"modified":"2026-03-27T17:55:16","modified_gmt":"2026-03-27T09:55:16","slug":"amber-glass-tincture-bottles-frosted-glass-dropper-bottles-manufacturer","status":"publish","type":"product","link":"https:\/\/theperfumebottles.com\/sv\/produkt\/amber-glass-tincture-bottles-frosted-glass-dropper-bottles-manufacturer\/","title":{"rendered":"B\u00e4rnstensf\u00e4rgade glastinkturflaskor \u2013 30 ml frostade glasdroppflaskor"},"content":{"rendered":"<p>De 30 ml frostade glasflaskorna \u00e4r mycket UV-skyddande och g\u00f6r det m\u00f6jligt att bevara den k\u00e4nsliga formulan, och precisionsdropptapparna bibeh\u00e5ller konsistens och noggrannhet vid dosering av v\u00e4tskan. Detta sortiment tillgodoser olika varum\u00e4rkes- och specialf\u00f6rpackningskrav fr\u00e5n internationella grossistkunder tack vare en m\u00e4ngd olika f\u00e4rgval som black frost, clear frost och brown frost.<\/p>\n<h2>Viktiga specifikationer<\/h2>\n<table style=\"border-collapse: collapse; margin-left: auto; margin-right: auto; width: 80%;\" border=\"0\" width=\"559\" cellspacing=\"0\" cellpadding=\"0\">\n<tbody>\n<tr style=\"height: 13.50pt;\">\n<td style=\"height: 13.50pt; width: 136.50pt;\" width=\"182\" height=\"18\">Specifikation<\/td>\n<td style=\"width: 282.75pt;\" width=\"377\">Detaljer<\/td>\n<\/tr>\n<tr style=\"height: 13.50pt;\">\n<td style=\"height: 13.50pt;\" height=\"18\">Produkttyp<\/td>\n<td>Glasdroppflaska<\/td>\n<\/tr>\n<tr style=\"height: 13.50pt;\">\n<td style=\"height: 13.50pt;\" height=\"18\">Material<\/td>\n<td>100 % \u00e5tervinningsbart soda-limeglas<\/td>\n<\/tr>\n<tr style=\"height: 13.50pt;\">\n<td style=\"height: 13.50pt;\" height=\"18\">Kapacitet<\/td>\n<td>30 ml \/ 1 oz<\/td>\n<\/tr>\n<tr style=\"height: 13.50pt;\">\n<td style=\"height: 13.50pt;\" height=\"18\">Halsfinish<\/td>\n<td>14 mm<\/td>\n<\/tr>\n<tr style=\"height: 13.50pt;\">\n<td style=\"height: 13.50pt;\" height=\"18\">Flaskans diameter<\/td>\n<td>36 mm<\/td>\n<\/tr>\n<tr style=\"height: 13.50pt;\">\n<td style=\"height: 13.50pt;\" height=\"18\">H\u00f6jd (bas till hals)<\/td>\n<td>68 mm<\/td>\n<\/tr>\n<tr style=\"height: 13.50pt;\">\n<td style=\"height: 13.50pt;\" height=\"18\">F\u00e4rgalternativ<\/td>\n<td>Svartfrost, klarfrost, b\u00e4rnstensf\u00e4rgad frost<\/td>\n<\/tr>\n<tr style=\"height: 13.50pt;\">\n<td style=\"height: 13.50pt;\" height=\"18\">St\u00e4ngningsalternativ<\/td>\n<td>Dropper-\/spraypump<\/td>\n<\/tr>\n<tr style=\"height: 13.50pt;\">\n<td style=\"height: 13.50pt;\" height=\"18\">Ans\u00f6kan<\/td>\n<td>Eterisk olja, tinktur, serum, v\u00e4tska<\/td>\n<\/tr>\n<tr style=\"height: 13.50pt;\">\n<td style=\"height: 13.50pt;\" height=\"18\">F\u00f6rpackningstyp<\/td>\n<td>Bulk \/ specialanpassad \/ grossist<\/td>\n<\/tr>\n<\/tbody>\n<\/table>\n<h2>Framg\u00e5ngsfall<\/h2>\n<p>Ett av de naturliga hudv\u00e5rdsm\u00e4rkena i Tyskland (som tillverkar sitt eget varum\u00e4rke) k\u00f6pte dessa 30 ml frostade glasflaskor f\u00f6r att anv\u00e4ndas i deras sortiment av glasflaskor med ekologiska eteriska oljor.<\/p>\n<ul>\n<li><strong>Minst 50 000 st (30 ml storlek)<\/strong>F\u00f6rsta partiet.<\/li>\n<li><strong>Skr\u00e4ddarsydd<\/strong>Spr\u00e4cklig b\u00e4rnsten, guldf\u00e4rgade halsbandspender, silkscreen-logotyp.<\/li>\n<li><strong>Praktik<\/strong>Essenser av \u00f6rter och oljor tinktur.<\/li>\n<li><strong>Resultat<\/strong>F\u00f6rs\u00e4ljningen av den nya premiumproduktlinjen f\u00f6r glasf\u00f6rpackningar \u00f6kade med 35 procent p\u00e5 6 m\u00e5nader.<\/li>\n<li><strong>Omordna<\/strong>Fortsatta veckovisa bulkk\u00f6p av SKU:er som ut\u00f6kas med 10 ml glasrullflaskor.<\/li>\n<\/ul>\n<h2>F\u00f6rslag inom B2B-anpassning<\/h2>\n<ol>\n<li><strong>Varum\u00e4rkesbyggande och dekoration<\/strong>F\u00e5 silkestryck, varmst\u00e4mpling eller etikettering f\u00f6r att skapa en snygg identitet f\u00f6r din linje med flaskor f\u00f6r eteriska oljor eller kosmetikabeh\u00e5llare.<\/li>\n<li><strong>St\u00e4ngning och funktionsalternativ<\/strong>V\u00e4lj droppare, spraypumpar eller andra doseringsalternativ som passar olika flytande produkter som serum eller handdesinfektionsmedel.<\/li>\n<li><strong>Optimering av f\u00f6rpackning och logistik<\/strong>Samarbeta med en v\u00e4lrenommerad tillverkare f\u00f6r att utveckla en skyddande typ av f\u00f6rpackning f\u00f6r att minimera risken f\u00f6r brott och ge s\u00e4ker internationell frakt.<\/li>\n<\/ol>\n<p>Denna premiumproduktlinje av b\u00e4rnstensf\u00e4rgade glasdropperflaskor \u00e4r utformad som en p\u00e5litlig, anpassningsbar och visuellt tilltalande glasflaska som kan s\u00e4ljas p\u00e5 grossist- och v\u00e4rldsmarknader.<\/p>","protected":false},"excerpt":{"rendered":"<p>H\u00f6gkvalitativa b\u00e4rnstensf\u00e4rgade glastinkturflaskor, 30 ml frostade glasdropperflaskor f\u00f6r f\u00f6rpackning av eteriska oljor, grossist- och specialanpassade alternativ tillg\u00e4ngliga.<\/p>","protected":false},"featured_media":7493,"comment_status":"closed","ping_status":"closed","template":"","meta":{"_acf_changed":false,"site-sidebar-layout":"default","site-content-layout":"","ast-site-content-layout":"default","site-content-style":"default","site-sidebar-style":"default","ast-global-header-display":"","ast-banner-title-visibility":"","ast-main-header-display":"","ast-hfb-above-header-display":"","ast-hfb-below-header-display":"","ast-hfb-mobile-header-display":"","site-post-title":"","ast-breadcrumbs-content":"","ast-featured-img":"","footer-sml-layout":"","ast-disable-related-posts":"","theme-transparent-header-meta":"default","adv-header-id-meta":"","stick-header-meta":"","header-above-stick-meta":"","header-main-stick-meta":"","header-below-stick-meta":"","astra-migrate-meta-layouts":"set","ast-page-background-enabled":"default","ast-page-background-meta":{"desktop":{"background-color":"var(--ast-global-color-5)","background-image":"","background-repeat":"repeat","background-position":"center center","background-size":"auto","background-attachment":"scroll","background-type":"","background-media":"","overlay-type":"","overlay-color":"","overlay-opacity":"","overlay-gradient":""},"tablet":{"background-color":"","background-image":"","background-repeat":"repeat","background-position":"center center","background-size":"auto","background-attachment":"scroll","background-type":"","background-media":"","overlay-type":"","overlay-color":"","overlay-opacity":"","overlay-gradient":""},"mobile":{"background-color":"","background-image":"","background-repeat":"repeat","background-position":"center center","background-size":"auto","background-attachment":"scroll","background-type":"","background-media":"","overlay-type":"","overlay-color":"","overlay-opacity":"","overlay-gradient":""}},"ast-content-background-meta":{"desktop":{"background-color":"var(--ast-global-color-4)","background-image":"","background-repeat":"repeat","background-position":"center center","background-size":"auto","background-attachment":"scroll","background-type":"","background-media":"","overlay-type":"","overlay-color":"","overlay-opacity":"","overlay-gradient":""},"tablet":{"background-color":"var(--ast-global-color-4)","background-image":"","background-repeat":"repeat","background-position":"center center","background-size":"auto","background-attachment":"scroll","background-type":"","background-media":"","overlay-type":"","overlay-color":"","overlay-opacity":"","overlay-gradient":""},"mobile":{"background-color":"var(--ast-global-color-4)","background-image":"","background-repeat":"repeat","background-position":"center center","background-size":"auto","background-attachment":"scroll","background-type":"","background-media":"","overlay-type":"","overlay-color":"","overlay-opacity":"","overlay-gradient":""}}},"product_brand":[],"product_cat":[59,62,72,57],"product_tag":[190,204],"class_list":{"0":"post-5449","1":"product","2":"type-product","3":"status-publish","4":"has-post-thumbnail","6":"product_cat-glass-dropper-bottles","7":"product_cat-cosmetic-containers","8":"product_cat-cosmetic-packaging","9":"product_cat-essential-oil-bottles","10":"product_tag-cosmetic-pots-with-lids","11":"product_tag-frosted-cosmetic-jars","12":"desktop-align-left","13":"tablet-align-left","14":"mobile-align-left","16":"first","17":"instock","18":"shipping-taxable","19":"product-type-simple"},"acf":[],"jetpack_sharing_enabled":true,"_links":{"self":[{"href":"https:\/\/theperfumebottles.com\/sv\/wp-json\/wp\/v2\/product\/5449","targetHints":{"allow":["GET"]}}],"collection":[{"href":"https:\/\/theperfumebottles.com\/sv\/wp-json\/wp\/v2\/product"}],"about":[{"href":"https:\/\/theperfumebottles.com\/sv\/wp-json\/wp\/v2\/types\/product"}],"replies":[{"embeddable":true,"href":"https:\/\/theperfumebottles.com\/sv\/wp-json\/wp\/v2\/comments?post=5449"}],"wp:featuredmedia":[{"embeddable":true,"href":"https:\/\/theperfumebottles.com\/sv\/wp-json\/wp\/v2\/media\/7493"}],"wp:attachment":[{"href":"https:\/\/theperfumebottles.com\/sv\/wp-json\/wp\/v2\/media?parent=5449"}],"wp:term":[{"taxonomy":"product_brand","embeddable":true,"href":"https:\/\/theperfumebottles.com\/sv\/wp-json\/wp\/v2\/product_brand?post=5449"},{"taxonomy":"product_cat","embeddable":true,"href":"https:\/\/theperfumebottles.com\/sv\/wp-json\/wp\/v2\/product_cat?post=5449"},{"taxonomy":"product_tag","embeddable":true,"href":"https:\/\/theperfumebottles.com\/sv\/wp-json\/wp\/v2\/product_tag?post=5449"}],"curies":[{"name":"wp","href":"https:\/\/api.w.org\/{rel}","templated":true}]}}