{"id":5472,"date":"2025-08-13T17:42:20","date_gmt":"2025-08-13T09:42:20","guid":{"rendered":"https:\/\/theperfumebottles.com\/?post_type=product&#038;p=5472"},"modified":"2025-08-14T18:34:52","modified_gmt":"2025-08-14T10:34:52","slug":"glass-perfume-roller-bottles-for-luxury-cosmetic-packaging-wholesale","status":"publish","type":"product","link":"https:\/\/theperfumebottles.com\/sv\/produkt\/glass-perfume-roller-bottles-for-luxury-cosmetic-packaging-wholesale\/","title":{"rendered":"3ml 6ml 10ml 12ml glas parfymrullar f\u00f6r lyxig kosmetisk f\u00f6rpackning grossist"},"content":{"rendered":"<p>Letar du efter roll-on-glasflaskor som utstr\u00e5lar lyx? V\u00e5ra parfymflaskor i glas kombinerar dj\u00e4rv design med precision \u2013 t\u00e4nk \u00e5ttkantiga former, guldf\u00e4rgade korkar och r\u00f6da accenter.<\/p>\n<h2><strong data-spm-anchor-id=\"5176.28103460.0.i7.29ab1db8wkbRsE\">Viktiga specifikationer<\/strong><\/h2>\n<table style=\"border-collapse: collapse;width: 80%;margin-right: auto;margin-left: auto\" border=\"0\" width=\"144\" cellspacing=\"0\" cellpadding=\"0\">\n<tbody>\n<tr style=\"height: 13.50pt\">\n<td style=\"height: 13.50pt;width: 54.00pt\" width=\"72\" height=\"18\">S\u00e4rdrag<\/td>\n<td style=\"width: 54.00pt\" width=\"72\">Detaljer<\/td>\n<\/tr>\n<tr style=\"height: 13.50pt\">\n<td style=\"height: 13.50pt\" height=\"18\">Kapacitet<\/td>\n<td>3 ml \/ 6 ml \/ 10 ml \/ 12 ml<\/td>\n<\/tr>\n<tr style=\"height: 13.50pt\">\n<td style=\"height: 13.50pt\" height=\"18\">Form<\/td>\n<td>Oktogon<\/td>\n<\/tr>\n<tr style=\"height: 13.50pt\">\n<td style=\"height: 13.50pt\" height=\"18\">T\u00e4tningsmekanism<\/td>\n<td>Guldf\u00e4rgad skruvkork + metallrulle<\/td>\n<\/tr>\n<tr style=\"height: 13.50pt\">\n<td style=\"height: 13.50pt\" height=\"18\">Avsluta<\/td>\n<td>Klart glas med r\u00f6d accent (anpassade f\u00e4rger tillg\u00e4ngliga)<\/td>\n<\/tr>\n<tr style=\"height: 13.50pt\">\n<td style=\"height: 13.50pt\" height=\"18\">Yttryck<\/td>\n<td>Screentryck<\/td>\n<\/tr>\n<tr style=\"height: 13.50pt\">\n<td style=\"height: 13.50pt\" height=\"18\">Anv\u00e4ndande<\/td>\n<td>F\u00f6r f\u00f6rpackning av eteriska oljor och parfymoljor<\/td>\n<\/tr>\n<\/tbody>\n<\/table>\n<h2>Proffstips f\u00f6r anpassning<\/h2>\n<ul>\n<li><strong>Milj\u00f6v\u00e4nlig f\u00f6rdel:<\/strong>V\u00e4lj f\u00f6rpackningar i bulk med \u00e5tervunnet glas. Kunder \u00e4lskar sk\u00f6nhetsf\u00f6rpackningar som \u00f6verensst\u00e4mmer med h\u00e5llbarhets\u00f6nskem\u00e5l.<\/li>\n<li><strong>M\u00e4rkes-f\u00e4rgmatchning:<\/strong>Anv\u00e4nd screentryck f\u00f6r att l\u00e4gga till din logotyps signaturf\u00e4rg p\u00e5 glasflaskorna med doftkrullar \u2013 som en lila kork f\u00f6r dj\u00e4rvhet eller bl\u00e5 f\u00f6r lugn. Detta g\u00f6r din sk\u00f6nhetsf\u00f6rpackning direkt igenk\u00e4nnbar.<\/li>\n<\/ul>\n<p>&nbsp;<\/p>","protected":false},"excerpt":{"rendered":"<p>Uppgradera dina sk\u00f6nhetsf\u00f6rpackningar med parfymrullar i glas. Perfekt f\u00f6r hudv\u00e5rd, finf\u00f6rst\u00e4rkta parfymer och kosmetikaf\u00f6rpackningar.<\/p>","protected":false},"featured_media":5473,"comment_status":"closed","ping_status":"closed","template":"","meta":{"_acf_changed":false,"site-sidebar-layout":"default","site-content-layout":"","ast-site-content-layout":"default","site-content-style":"default","site-sidebar-style":"default","ast-global-header-display":"","ast-banner-title-visibility":"","ast-main-header-display":"","ast-hfb-above-header-display":"","ast-hfb-below-header-display":"","ast-hfb-mobile-header-display":"","site-post-title":"","ast-breadcrumbs-content":"","ast-featured-img":"","footer-sml-layout":"","ast-disable-related-posts":"","theme-transparent-header-meta":"default","adv-header-id-meta":"","stick-header-meta":"","header-above-stick-meta":"","header-main-stick-meta":"","header-below-stick-meta":"","astra-migrate-meta-layouts":"set","ast-page-background-enabled":"default","ast-page-background-meta":{"desktop":{"background-color":"var(--ast-global-color-5)","background-image":"","background-repeat":"repeat","background-position":"center center","background-size":"auto","background-attachment":"scroll","background-type":"","background-media":"","overlay-type":"","overlay-color":"","overlay-opacity":"","overlay-gradient":""},"tablet":{"background-color":"","background-image":"","background-repeat":"repeat","background-position":"center center","background-size":"auto","background-attachment":"scroll","background-type":"","background-media":"","overlay-type":"","overlay-color":"","overlay-opacity":"","overlay-gradient":""},"mobile":{"background-color":"","background-image":"","background-repeat":"repeat","background-position":"center center","background-size":"auto","background-attachment":"scroll","background-type":"","background-media":"","overlay-type":"","overlay-color":"","overlay-opacity":"","overlay-gradient":""}},"ast-content-background-meta":{"desktop":{"background-color":"var(--ast-global-color-4)","background-image":"","background-repeat":"repeat","background-position":"center center","background-size":"auto","background-attachment":"scroll","background-type":"","background-media":"","overlay-type":"","overlay-color":"","overlay-opacity":"","overlay-gradient":""},"tablet":{"background-color":"var(--ast-global-color-4)","background-image":"","background-repeat":"repeat","background-position":"center center","background-size":"auto","background-attachment":"scroll","background-type":"","background-media":"","overlay-type":"","overlay-color":"","overlay-opacity":"","overlay-gradient":""},"mobile":{"background-color":"var(--ast-global-color-4)","background-image":"","background-repeat":"repeat","background-position":"center center","background-size":"auto","background-attachment":"scroll","background-type":"","background-media":"","overlay-type":"","overlay-color":"","overlay-opacity":"","overlay-gradient":""}}},"product_brand":[],"product_cat":[72,62,57,60],"product_tag":[219,227],"class_list":{"0":"post-5472","1":"product","2":"type-product","3":"status-publish","4":"has-post-thumbnail","6":"product_cat-cosmetic-packaging","7":"product_cat-cosmetic-containers","8":"product_cat-essential-oil-bottles","9":"product_cat-roller-bottles","10":"product_tag-glass-perfume-roller-bottles","11":"product_tag-roll-on-glass-bottle","12":"desktop-align-left","13":"tablet-align-left","14":"mobile-align-left","16":"first","17":"instock","18":"shipping-taxable","19":"product-type-simple"},"acf":[],"jetpack_sharing_enabled":true,"_links":{"self":[{"href":"https:\/\/theperfumebottles.com\/sv\/wp-json\/wp\/v2\/product\/5472","targetHints":{"allow":["GET"]}}],"collection":[{"href":"https:\/\/theperfumebottles.com\/sv\/wp-json\/wp\/v2\/product"}],"about":[{"href":"https:\/\/theperfumebottles.com\/sv\/wp-json\/wp\/v2\/types\/product"}],"replies":[{"embeddable":true,"href":"https:\/\/theperfumebottles.com\/sv\/wp-json\/wp\/v2\/comments?post=5472"}],"wp:featuredmedia":[{"embeddable":true,"href":"https:\/\/theperfumebottles.com\/sv\/wp-json\/wp\/v2\/media\/5473"}],"wp:attachment":[{"href":"https:\/\/theperfumebottles.com\/sv\/wp-json\/wp\/v2\/media?parent=5472"}],"wp:term":[{"taxonomy":"product_brand","embeddable":true,"href":"https:\/\/theperfumebottles.com\/sv\/wp-json\/wp\/v2\/product_brand?post=5472"},{"taxonomy":"product_cat","embeddable":true,"href":"https:\/\/theperfumebottles.com\/sv\/wp-json\/wp\/v2\/product_cat?post=5472"},{"taxonomy":"product_tag","embeddable":true,"href":"https:\/\/theperfumebottles.com\/sv\/wp-json\/wp\/v2\/product_tag?post=5472"}],"curies":[{"name":"wp","href":"https:\/\/api.w.org\/{rel}","templated":true}]}}