{"id":5502,"date":"2025-08-12T18:03:13","date_gmt":"2025-08-12T10:03:13","guid":{"rendered":"https:\/\/theperfumebottles.com\/?post_type=product&#038;p=5502"},"modified":"2026-03-26T18:01:33","modified_gmt":"2026-03-26T10:01:33","slug":"matte-black-dropper-bottle-premium-essential-oil-glass-bottle","status":"publish","type":"product","link":"https:\/\/theperfumebottles.com\/sv\/produkt\/matte-black-dropper-bottle-premium-essential-oil-glass-bottle\/","title":{"rendered":"Mattsvart droppflaska | Premium glasflaska med eterisk olja"},"content":{"rendered":"<p>Denna mattsvarta droppflaska inneh\u00e5ller 30 ml eterisk olja och har en mjuk och ren struktur med en tillplattad axel och en rektangul\u00e4r form med v\u00e4l avrundade kanter. Flaskan \u00e4r belagd med mjuk mattsvart finish och ger ett visuellt intryck av mjukhet och ett extra ljusskydd f\u00f6r k\u00e4nsliga formler.<\/p>\n<p>Den anv\u00e4nds tillsammans med en droppanordning med en vit gummikula och en glaspipett som anv\u00e4nds f\u00f6r att dosera noggrant och kontrollerat. Kragen kan vara i metalliska ytor som guld eller silver, vilket ger en elegant kontrast till den matta ytan. Dess stabilitet kan s\u00e4kerst\u00e4llas tack vare den breda basen och de platta panelerna, samt ger gott om utrymme f\u00f6r att skriva etiketter, vilket \u00e4r anledningen till att den kan anv\u00e4ndas f\u00f6r att f\u00f6rpacka kvalitetshudv\u00e5rds- och aromaterapiprodukter.<\/p>\n<h2>Viktiga specifikationer<\/h2>\n<table style=\"border-collapse: collapse; margin-left: auto; margin-right: auto; width: 80%;\" border=\"0\" width=\"407\" cellspacing=\"0\" cellpadding=\"0\">\n<tbody>\n<tr style=\"height: 13.50pt;\">\n<td style=\"height: 13.50pt; width: 108.75pt;\" width=\"145\" height=\"18\">S\u00e4rdrag<\/td>\n<td style=\"width: 196.50pt;\" width=\"262\">Detalj<\/td>\n<\/tr>\n<tr style=\"height: 13.50pt;\">\n<td style=\"height: 13.50pt;\" height=\"18\">Kapacitet<\/td>\n<td>30 ml<\/td>\n<\/tr>\n<tr style=\"height: 13.50pt;\">\n<td style=\"height: 13.50pt;\" height=\"18\">Material<\/td>\n<td>H\u00f6gkvalitativt glas<\/td>\n<\/tr>\n<tr style=\"height: 13.50pt;\">\n<td style=\"height: 13.50pt;\" height=\"18\">Form<\/td>\n<td>Fyrkant<\/td>\n<\/tr>\n<tr style=\"height: 13.50pt;\">\n<td style=\"height: 13.50pt;\" height=\"18\">F\u00e4rg<\/td>\n<td>Svart (kropp), Silver\/Guld (lock)<\/td>\n<\/tr>\n<tr style=\"height: 13.50pt;\">\n<td style=\"height: 13.50pt;\" height=\"18\">Anpassning<\/td>\n<td>Logotyp, lockf\u00e4rg, f\u00f6rpackning<\/td>\n<\/tr>\n<tr style=\"height: 13.50pt;\">\n<td style=\"height: 13.50pt;\" height=\"18\">F\u00f6rpackningsstorlek<\/td>\n<td>26\u00d750\u00d750 mm<\/td>\n<\/tr>\n<tr style=\"height: 13.50pt;\">\n<td style=\"height: 13.50pt;\" height=\"18\">Idealisk f\u00f6r<\/td>\n<td>Serum, lotioner, tinkturer<\/td>\n<\/tr>\n<\/tbody>\n<\/table>\n<h2>En sann framg\u00e5ng<\/h2>\n<p>Ett hudv\u00e5rdsf\u00f6retag fr\u00e5n Frankrike ville lansera en h\u00f6gkvalitativ ansiktsolja, men de beh\u00f6vde inte prover i tydliga, genomskinliga flaskor. De ville ha n\u00e5got dj\u00e4rvt, n\u00e5got som skulle ge kunderna en k\u00e4nsla av lyx innan de ens \u00f6ppnade f\u00f6rpackningen. Vi rekommenderade en 30 ml svart rektangul\u00e4r glasflaska med pipett \u2013 komplett med ett guldkork och laseretsad logotyp. Kontrasten blev avg\u00f6rande: det svarta glaset inneh\u00f6ll oljan, och den rektangul\u00e4ra formen stack ut p\u00e5 Instagram. De best\u00e4llde 50 000 flaskor, och den f\u00f6rsta satsen s\u00e5ldes inom 3 veckor. Du beh\u00f6ver inte en i\u00f6gonfallande logotyp f\u00f6r att skapa uppm\u00e4rksamhet. V\u00e4lj bara r\u00e4tt f\u00f6rpackning f\u00f6r grossist-droppflaskan.<\/p>\n<h2>Vill du anpassa din produkt? B\u00f6rja h\u00e4r<\/h2>\n<ul>\n<li>T\u00e4nk p\u00e5 din m\u00e5lgrupp. F\u00f6redrar de ren sk\u00f6nhet? V\u00e4lj en silverkeps \u2013 enkel och modern. F\u00f6redrar de lyx? Guld symboliserar &#034;unna dig sj\u00e4lv&#034;. Gillar du inte n\u00e5gon av dem? Inga problem. L\u00e5t oss bara veta din \u00f6nskade f\u00e4rg s\u00e5 tillgodoser vi dina \u00f6nskem\u00e5l.<\/li>\n<li>Vill du att din logotyp ska synas framme och i mitten? Vi kan etsa, trycka eller pr\u00e4gla din logotyp direkt p\u00e5 flaskan. Inga klisterm\u00e4rken beh\u00f6vs. Ingen avskalning.<\/li>\n<li>Om 30 ml-kapaciteten inte \u00e4r perfekt kan vi justera glasflaskan till din droppstorlek. Beh\u00f6ver du den h\u00f6gre eller bredare? Vi ordnar det.<\/li>\n<\/ul>","protected":false},"excerpt":{"rendered":"<p>30 ml mattsvart droppflaska med UV-skydd och metallkrage. Perfekt f\u00f6r eteriska oljor, serum och f\u00f6rpackningar av premium hudv\u00e5rd.<\/p>","protected":false},"featured_media":7479,"comment_status":"closed","ping_status":"closed","template":"","meta":{"_acf_changed":false,"site-sidebar-layout":"default","site-content-layout":"","ast-site-content-layout":"default","site-content-style":"default","site-sidebar-style":"default","ast-global-header-display":"","ast-banner-title-visibility":"","ast-main-header-display":"","ast-hfb-above-header-display":"","ast-hfb-below-header-display":"","ast-hfb-mobile-header-display":"","site-post-title":"","ast-breadcrumbs-content":"","ast-featured-img":"","footer-sml-layout":"","ast-disable-related-posts":"","theme-transparent-header-meta":"default","adv-header-id-meta":"","stick-header-meta":"","header-above-stick-meta":"","header-main-stick-meta":"","header-below-stick-meta":"","astra-migrate-meta-layouts":"set","ast-page-background-enabled":"default","ast-page-background-meta":{"desktop":{"background-color":"var(--ast-global-color-5)","background-image":"","background-repeat":"repeat","background-position":"center center","background-size":"auto","background-attachment":"scroll","background-type":"","background-media":"","overlay-type":"","overlay-color":"","overlay-opacity":"","overlay-gradient":""},"tablet":{"background-color":"","background-image":"","background-repeat":"repeat","background-position":"center center","background-size":"auto","background-attachment":"scroll","background-type":"","background-media":"","overlay-type":"","overlay-color":"","overlay-opacity":"","overlay-gradient":""},"mobile":{"background-color":"","background-image":"","background-repeat":"repeat","background-position":"center center","background-size":"auto","background-attachment":"scroll","background-type":"","background-media":"","overlay-type":"","overlay-color":"","overlay-opacity":"","overlay-gradient":""}},"ast-content-background-meta":{"desktop":{"background-color":"var(--ast-global-color-4)","background-image":"","background-repeat":"repeat","background-position":"center center","background-size":"auto","background-attachment":"scroll","background-type":"","background-media":"","overlay-type":"","overlay-color":"","overlay-opacity":"","overlay-gradient":""},"tablet":{"background-color":"var(--ast-global-color-4)","background-image":"","background-repeat":"repeat","background-position":"center center","background-size":"auto","background-attachment":"scroll","background-type":"","background-media":"","overlay-type":"","overlay-color":"","overlay-opacity":"","overlay-gradient":""},"mobile":{"background-color":"var(--ast-global-color-4)","background-image":"","background-repeat":"repeat","background-position":"center center","background-size":"auto","background-attachment":"scroll","background-type":"","background-media":"","overlay-type":"","overlay-color":"","overlay-opacity":"","overlay-gradient":""}}},"product_brand":[],"product_cat":[59,62,72,57],"product_tag":[190,204],"class_list":{"0":"post-5502","1":"product","2":"type-product","3":"status-publish","4":"has-post-thumbnail","6":"product_cat-glass-dropper-bottles","7":"product_cat-cosmetic-containers","8":"product_cat-cosmetic-packaging","9":"product_cat-essential-oil-bottles","10":"product_tag-cosmetic-pots-with-lids","11":"product_tag-frosted-cosmetic-jars","12":"desktop-align-left","13":"tablet-align-left","14":"mobile-align-left","16":"first","17":"instock","18":"shipping-taxable","19":"product-type-simple"},"acf":[],"jetpack_sharing_enabled":true,"_links":{"self":[{"href":"https:\/\/theperfumebottles.com\/sv\/wp-json\/wp\/v2\/product\/5502","targetHints":{"allow":["GET"]}}],"collection":[{"href":"https:\/\/theperfumebottles.com\/sv\/wp-json\/wp\/v2\/product"}],"about":[{"href":"https:\/\/theperfumebottles.com\/sv\/wp-json\/wp\/v2\/types\/product"}],"replies":[{"embeddable":true,"href":"https:\/\/theperfumebottles.com\/sv\/wp-json\/wp\/v2\/comments?post=5502"}],"wp:featuredmedia":[{"embeddable":true,"href":"https:\/\/theperfumebottles.com\/sv\/wp-json\/wp\/v2\/media\/7479"}],"wp:attachment":[{"href":"https:\/\/theperfumebottles.com\/sv\/wp-json\/wp\/v2\/media?parent=5502"}],"wp:term":[{"taxonomy":"product_brand","embeddable":true,"href":"https:\/\/theperfumebottles.com\/sv\/wp-json\/wp\/v2\/product_brand?post=5502"},{"taxonomy":"product_cat","embeddable":true,"href":"https:\/\/theperfumebottles.com\/sv\/wp-json\/wp\/v2\/product_cat?post=5502"},{"taxonomy":"product_tag","embeddable":true,"href":"https:\/\/theperfumebottles.com\/sv\/wp-json\/wp\/v2\/product_tag?post=5502"}],"curies":[{"name":"wp","href":"https:\/\/api.w.org\/{rel}","templated":true}]}}