{"id":5606,"date":"2025-08-13T18:02:24","date_gmt":"2025-08-13T10:02:24","guid":{"rendered":"https:\/\/theperfumebottles.com\/?post_type=product&#038;p=5606"},"modified":"2026-03-26T17:26:36","modified_gmt":"2026-03-26T09:26:36","slug":"custom-glass-serum-bottles-clear-bottle-with-glass-dropper","status":"publish","type":"product","link":"https:\/\/theperfumebottles.com\/sv\/produkt\/custom-glass-serum-bottles-clear-bottle-with-glass-dropper\/","title":{"rendered":"Anpassade glasserumflaskor | Klar flaska med glasdroppar 15ml 30ml"},"content":{"rendered":"<p>Dessa glasflaskor f\u00f6r eteriska oljor har en rundad, kupolformad glaskropp med en tjock och stabil botten. V\u00e4tskan inuti framh\u00e4vs av den klara, sl\u00e4ta ytan och \u00e4r d\u00e4rf\u00f6r l\u00e4mplig f\u00f6r h\u00f6gkvalitativa formuleringar. Pipett\u00f6ppnaren p\u00e5 flaskan matchas med en pipett som \u00e4r tillverkad av mjuk vit gummikula och en rak glaspipett som doserar inneh\u00e5llet exakt. Kragen kan f\u00e5s i metalliska ytor som guld och silver och har texturerade detaljer som ger en elegant kontrast i bilden. Den lilla storleken p\u00e5 b\u00e5de 15 ml och 30 ml \u00e4r utformad s\u00e5 att de ser v\u00e4lbalanserade och eleganta ut samtidigt som de \u00e4r b\u00e4rbara.<\/p>\n<h2>Viktiga specifikationer<\/h2>\n<table style=\"border-collapse: collapse; margin-left: auto; margin-right: auto; width: 80%;\" border=\"0\" width=\"812\" cellspacing=\"0\" cellpadding=\"0\">\n<tbody>\n<tr style=\"height: 13.50pt;\">\n<td style=\"height: 13.50pt; width: 136.50pt;\" width=\"182\" height=\"18\">S\u00e4rdrag<\/td>\n<td style=\"width: 472.50pt;\" width=\"630\">Detaljer<\/td>\n<\/tr>\n<tr style=\"height: 13.50pt;\">\n<td style=\"height: 13.50pt;\" height=\"18\">Tillg\u00e4ngliga kapaciteter<\/td>\n<td>15 ml, 30 ml<\/td>\n<\/tr>\n<tr style=\"height: 13.50pt;\">\n<td style=\"height: 13.50pt;\" height=\"18\">Material<\/td>\n<td>H\u00f6gkvalitativt glas (klart, premiumtransparens)<\/td>\n<\/tr>\n<tr style=\"height: 13.50pt;\">\n<td style=\"height: 13.50pt;\" height=\"18\">F\u00e4rgalternativ<\/td>\n<td>Standard klar; anpassningsbar (t.ex. frostad, tonad)<\/td>\n<\/tr>\n<tr style=\"height: 13.50pt;\">\n<td style=\"height: 13.50pt;\" height=\"18\">Flaskform<\/td>\n<td>Bred bas, kort hals, rundad design \u2013 ger stabilitet och elegant profil<\/td>\n<\/tr>\n<tr style=\"height: 13.50pt;\">\n<td style=\"height: 13.50pt;\" height=\"18\">Idealisk f\u00f6r<\/td>\n<td>\u00d6rttinkturer Eteriska oljor, ansiktsserum och hudv\u00e5rd<\/td>\n<\/tr>\n<\/tbody>\n<\/table>\n<h2>Framg\u00e5ngssaga<\/h2>\n<p>En leverant\u00f6r av \u00f6rtextrakt bytte till den h\u00e4r flaskan med glasdroppar f\u00f6r sin grossistproduktlinje f\u00f6r det ultimata \u00e5ret. De \u00e4lskade den tydliga designen, som inte bara visar produktens \u00f6rtf\u00e4rg, utan \u00e4ven l\u00e4ckages\u00e4kra f\u00f6rseglingen som garanterar att produkten f\u00f6rblir intakt. Inom tre m\u00e5nader s\u00e5g de en \u00f6kning med 20 % av \u00e5terkommande kunder, och deras kunder uppskattade ocks\u00e5 den f\u00f6rb\u00e4ttrade kvaliteten.<\/p>\n<h2>Anpassningstips<\/h2>\n<p>Vill du f\u00e5 ut det mesta av din flaska med glasdroppar? Testa dessa tips:<\/p>\n<ul>\n<li>F\u00f6r ljusk\u00e4nsliga formuleringar, anv\u00e4nd frostade glasflaskor. Det ger skydd och skapar en mjuk, exklusiv look.<\/li>\n<li>Byt ut ditt texturerade metalllock mot en matt eller borstad finish f\u00f6r att komplettera din lyxiga hudv\u00e5rdslinje.<\/li>\n<li>F\u00f6r ytterligare ytbehandlingar erbjuder vi varmpr\u00e4gling, screentryck, ytbehandling med mera.<\/li>\n<\/ul>\n<p>Redo att hitta p\u00e5litliga glasflaskor med ett brett utbud av f\u00e4rger och snabb leverans? Kontakta oss. Vi hj\u00e4lper B2B-k\u00f6pare att bygga starka och enhetliga produktlinjer \u2013 varje g\u00e5ng.<\/p>","protected":false},"excerpt":{"rendered":"<p>Genomskinliga droppflaskor f\u00f6r eteriska oljor p\u00e5 15 ml och 30 ml, med glaspipett och metallkrage. Perfekta glasflaskor med serum f\u00f6r hudv\u00e5rds- och aromaterapim\u00e4rken.<\/p>","protected":false},"featured_media":5607,"comment_status":"closed","ping_status":"closed","template":"","meta":{"_acf_changed":false,"site-sidebar-layout":"default","site-content-layout":"","ast-site-content-layout":"default","site-content-style":"default","site-sidebar-style":"default","ast-global-header-display":"","ast-banner-title-visibility":"","ast-main-header-display":"","ast-hfb-above-header-display":"","ast-hfb-below-header-display":"","ast-hfb-mobile-header-display":"","site-post-title":"","ast-breadcrumbs-content":"","ast-featured-img":"","footer-sml-layout":"","ast-disable-related-posts":"","theme-transparent-header-meta":"default","adv-header-id-meta":"","stick-header-meta":"","header-above-stick-meta":"","header-main-stick-meta":"","header-below-stick-meta":"","astra-migrate-meta-layouts":"set","ast-page-background-enabled":"default","ast-page-background-meta":{"desktop":{"background-color":"var(--ast-global-color-5)","background-image":"","background-repeat":"repeat","background-position":"center center","background-size":"auto","background-attachment":"scroll","background-type":"","background-media":"","overlay-type":"","overlay-color":"","overlay-opacity":"","overlay-gradient":""},"tablet":{"background-color":"","background-image":"","background-repeat":"repeat","background-position":"center center","background-size":"auto","background-attachment":"scroll","background-type":"","background-media":"","overlay-type":"","overlay-color":"","overlay-opacity":"","overlay-gradient":""},"mobile":{"background-color":"","background-image":"","background-repeat":"repeat","background-position":"center center","background-size":"auto","background-attachment":"scroll","background-type":"","background-media":"","overlay-type":"","overlay-color":"","overlay-opacity":"","overlay-gradient":""}},"ast-content-background-meta":{"desktop":{"background-color":"var(--ast-global-color-4)","background-image":"","background-repeat":"repeat","background-position":"center center","background-size":"auto","background-attachment":"scroll","background-type":"","background-media":"","overlay-type":"","overlay-color":"","overlay-opacity":"","overlay-gradient":""},"tablet":{"background-color":"var(--ast-global-color-4)","background-image":"","background-repeat":"repeat","background-position":"center center","background-size":"auto","background-attachment":"scroll","background-type":"","background-media":"","overlay-type":"","overlay-color":"","overlay-opacity":"","overlay-gradient":""},"mobile":{"background-color":"var(--ast-global-color-4)","background-image":"","background-repeat":"repeat","background-position":"center center","background-size":"auto","background-attachment":"scroll","background-type":"","background-media":"","overlay-type":"","overlay-color":"","overlay-opacity":"","overlay-gradient":""}}},"product_brand":[],"product_cat":[59,62,72,57],"product_tag":[190,204],"class_list":{"0":"post-5606","1":"product","2":"type-product","3":"status-publish","4":"has-post-thumbnail","6":"product_cat-glass-dropper-bottles","7":"product_cat-cosmetic-containers","8":"product_cat-cosmetic-packaging","9":"product_cat-essential-oil-bottles","10":"product_tag-cosmetic-pots-with-lids","11":"product_tag-frosted-cosmetic-jars","12":"desktop-align-left","13":"tablet-align-left","14":"mobile-align-left","16":"first","17":"instock","18":"shipping-taxable","19":"product-type-simple"},"acf":[],"jetpack_sharing_enabled":true,"_links":{"self":[{"href":"https:\/\/theperfumebottles.com\/sv\/wp-json\/wp\/v2\/product\/5606","targetHints":{"allow":["GET"]}}],"collection":[{"href":"https:\/\/theperfumebottles.com\/sv\/wp-json\/wp\/v2\/product"}],"about":[{"href":"https:\/\/theperfumebottles.com\/sv\/wp-json\/wp\/v2\/types\/product"}],"replies":[{"embeddable":true,"href":"https:\/\/theperfumebottles.com\/sv\/wp-json\/wp\/v2\/comments?post=5606"}],"wp:featuredmedia":[{"embeddable":true,"href":"https:\/\/theperfumebottles.com\/sv\/wp-json\/wp\/v2\/media\/5607"}],"wp:attachment":[{"href":"https:\/\/theperfumebottles.com\/sv\/wp-json\/wp\/v2\/media?parent=5606"}],"wp:term":[{"taxonomy":"product_brand","embeddable":true,"href":"https:\/\/theperfumebottles.com\/sv\/wp-json\/wp\/v2\/product_brand?post=5606"},{"taxonomy":"product_cat","embeddable":true,"href":"https:\/\/theperfumebottles.com\/sv\/wp-json\/wp\/v2\/product_cat?post=5606"},{"taxonomy":"product_tag","embeddable":true,"href":"https:\/\/theperfumebottles.com\/sv\/wp-json\/wp\/v2\/product_tag?post=5606"}],"curies":[{"name":"wp","href":"https:\/\/api.w.org\/{rel}","templated":true}]}}