{"id":5625,"date":"2025-08-14T18:00:02","date_gmt":"2025-08-14T10:00:02","guid":{"rendered":"https:\/\/theperfumebottles.com\/?post_type=product&#038;p=5625"},"modified":"2025-08-25T17:58:23","modified_gmt":"2025-08-25T09:58:23","slug":"wholesale-flat-square-amber-bottles-with-dropper","status":"publish","type":"product","link":"https:\/\/theperfumebottles.com\/sv\/produkt\/wholesale-flat-square-amber-bottles-with-dropper\/","title":{"rendered":"Partihandel 30 ml platta fyrkantiga b\u00e4rnstensf\u00e4rgade flaskor med dropper"},"content":{"rendered":"<p><span class=\"diff-highlight\">\u00c4r<\/span> <span class=\"diff-highlight\">du<\/span> <span class=\"diff-highlight\">tittar<\/span> f\u00f6r en snygg och <span class=\"diff-highlight\">funktionell<\/span> s\u00e4tt att f\u00f6rvara dina eteriska oljor eller <span class=\"diff-highlight\">serum<\/span>V\u00e5ra b\u00e4rnstensf\u00e4rgade flaskor med droppare \u00e4r perfekta <span class=\"diff-highlight\">f\u00f6r<\/span> <span class=\"diff-highlight\">du<\/span><span class=\"diff-highlight\">!<\/span> <span class=\"diff-highlight\">Gjord<\/span> fr\u00e5n kvalitetsglas, <span class=\"diff-highlight\">v\u00e5r<\/span> <span class=\"diff-highlight\">b\u00e4rnsten<\/span> <span class=\"diff-highlight\">flaskor<\/span> <span class=\"diff-highlight\">f\u00f6rhindra<\/span> <span class=\"diff-highlight\">de<\/span> <span class=\"diff-highlight\">l\u00e4ckage<\/span> <span class=\"diff-highlight\">av<\/span> <span class=\"diff-highlight\">skadlig<\/span> <span class=\"diff-highlight\">UV-ljus<\/span> <span class=\"diff-highlight\">str\u00e5lar<\/span><span class=\"diff-highlight\">.<\/span> <span class=\"diff-highlight\">Dessutom<\/span>, <span class=\"diff-highlight\">med<\/span> <span class=\"diff-highlight\">de<\/span> <span class=\"diff-highlight\">dropp<\/span><span class=\"diff-highlight\">,<\/span> <span class=\"diff-highlight\">du<\/span> <span class=\"diff-highlight\">burk<\/span> <span class=\"diff-highlight\">f\u00f6rdela<\/span> de <span class=\"diff-highlight\">perfekt<\/span> m\u00e4ngd varje g\u00e5ng.<\/p>\n<h2>Viktiga specifikationer<\/h2>\n<table style=\"border-collapse: collapse;margin-left: auto;margin-right: auto;width: 80%\" border=\"0\" width=\"537\" cellspacing=\"0\" cellpadding=\"0\">\n<tbody>\n<tr style=\"height: 13.50pt\">\n<td style=\"height: 13.50pt;width: 111.00pt\" width=\"148\" height=\"18\">S\u00e4rdrag<\/td>\n<td style=\"width: 291.75pt\" width=\"389\">Detaljer<\/td>\n<\/tr>\n<tr style=\"height: 13.50pt\">\n<td style=\"height: 13.50pt\" height=\"18\">Tillg\u00e4ngliga storlekar<\/td>\n<td>30 ml<\/td>\n<\/tr>\n<tr style=\"height: 13.50pt\">\n<td style=\"height: 13.50pt\" height=\"18\">Material<\/td>\n<td>H\u00f6gkvalitativt glas<\/td>\n<\/tr>\n<tr style=\"height: 13.50pt\">\n<td style=\"height: 13.50pt\" height=\"18\">F\u00e4rg<\/td>\n<td>Standard klar, b\u00e4rnstensf\u00e4rgad, rosa (anpassade f\u00e4rgalternativ finns)<\/td>\n<\/tr>\n<tr style=\"height: 13.50pt\">\n<td style=\"height: 13.50pt\" height=\"18\">Avsluta<\/td>\n<td>Klar eller frostfri (p\u00e5 beg\u00e4ran)<\/td>\n<\/tr>\n<tr style=\"height: 13.50pt\">\n<td style=\"height: 13.50pt\" height=\"18\">Anv\u00e4ndningsfall<\/td>\n<td>Tinkturer, eteriska oljor, serum<\/td>\n<\/tr>\n<\/tbody>\n<\/table>\n<h2>Vinst i verkligheten: Fr\u00e5n r\u00f6rigt till tydligt varum\u00e4rke<\/h2>\n<p>Ett naturligt varum\u00e4rke bytte fr\u00e5n klara glasflaskor till 30 ml b\u00e4rnstensf\u00e4rgade droppflaskor f\u00f6r sina \u00f6rttinkturer. Det b\u00e4rnstensf\u00e4rgade glaset l\u00f6ste problem med ljusexponering och h\u00f6ll formulan fr\u00e4sch l\u00e4ngre. Dessutom tyckte kunderna att de b\u00e4rnstensf\u00e4rgade droppflaskorna var mer p\u00e5litliga, med den gyllene ringen som gav en premiumk\u00e4nsla och de platta sidorna som f\u00f6rb\u00e4ttrade greppet och f\u00f6renklingen av m\u00e4rkningen.<\/p>\n<h2>Smarta anpassningstips f\u00f6r din best\u00e4llning<\/h2>\n<p>Vill du f\u00e5 ditt varum\u00e4rke att sticka ut? Testa dessa id\u00e9er:<\/p>\n<ul>\n<li>Anv\u00e4nd frostfinishen p\u00e5 b\u00e4rnstensf\u00e4rgat glas f\u00f6r ett mjukare, organiskt utseende \u2013 perfekt f\u00f6r ren sk\u00f6nhet eller ekologiska linjer.<\/li>\n<li>Byt ut guldringen mot mattsvart eller borstat silver f\u00f6r att matcha ditt varum\u00e4rkes k\u00e4nsla.<\/li>\n<li>Paketera flera b\u00e4rnstensf\u00e4rgade flaskor med pipett i en m\u00e4rkesask. Perfekt f\u00f6r grossister och detaljhandelspartners eller presentset.<\/li>\n<\/ul>\n<p>Fr\u00e5n grossistf\u00f6retag till stora distribut\u00f6rer, dessa b\u00e4rnstensf\u00e4rgade glasflaskor anpassas med dig. De klarar b\u00e5de sm\u00e5 testk\u00f6rningar och stora bulkbest\u00e4llningar \u2013 utan att offra h\u00f6ga kvalitetsstandarder.<\/p>","protected":false},"excerpt":{"rendered":"<p>Partihandelsflaskor i b\u00e4rnsten med dropp f\u00f6r eteriska oljor, serum och kosmetika. Slitstarkt glas, anpassningsbart, perfekt f\u00f6r bulkbest\u00e4llningar.<\/p>","protected":false},"featured_media":5641,"comment_status":"closed","ping_status":"closed","template":"","meta":{"_acf_changed":false,"site-sidebar-layout":"default","site-content-layout":"","ast-site-content-layout":"default","site-content-style":"default","site-sidebar-style":"default","ast-global-header-display":"","ast-banner-title-visibility":"","ast-main-header-display":"","ast-hfb-above-header-display":"","ast-hfb-below-header-display":"","ast-hfb-mobile-header-display":"","site-post-title":"","ast-breadcrumbs-content":"","ast-featured-img":"","footer-sml-layout":"","ast-disable-related-posts":"","theme-transparent-header-meta":"default","adv-header-id-meta":"","stick-header-meta":"","header-above-stick-meta":"","header-main-stick-meta":"","header-below-stick-meta":"","astra-migrate-meta-layouts":"set","ast-page-background-enabled":"default","ast-page-background-meta":{"desktop":{"background-color":"var(--ast-global-color-5)","background-image":"","background-repeat":"repeat","background-position":"center center","background-size":"auto","background-attachment":"scroll","background-type":"","background-media":"","overlay-type":"","overlay-color":"","overlay-opacity":"","overlay-gradient":""},"tablet":{"background-color":"","background-image":"","background-repeat":"repeat","background-position":"center center","background-size":"auto","background-attachment":"scroll","background-type":"","background-media":"","overlay-type":"","overlay-color":"","overlay-opacity":"","overlay-gradient":""},"mobile":{"background-color":"","background-image":"","background-repeat":"repeat","background-position":"center center","background-size":"auto","background-attachment":"scroll","background-type":"","background-media":"","overlay-type":"","overlay-color":"","overlay-opacity":"","overlay-gradient":""}},"ast-content-background-meta":{"desktop":{"background-color":"var(--ast-global-color-4)","background-image":"","background-repeat":"repeat","background-position":"center center","background-size":"auto","background-attachment":"scroll","background-type":"","background-media":"","overlay-type":"","overlay-color":"","overlay-opacity":"","overlay-gradient":""},"tablet":{"background-color":"var(--ast-global-color-4)","background-image":"","background-repeat":"repeat","background-position":"center center","background-size":"auto","background-attachment":"scroll","background-type":"","background-media":"","overlay-type":"","overlay-color":"","overlay-opacity":"","overlay-gradient":""},"mobile":{"background-color":"var(--ast-global-color-4)","background-image":"","background-repeat":"repeat","background-position":"center center","background-size":"auto","background-attachment":"scroll","background-type":"","background-media":"","overlay-type":"","overlay-color":"","overlay-opacity":"","overlay-gradient":""}}},"product_brand":[],"product_cat":[62,72,57,59],"product_tag":[190,204],"class_list":{"0":"post-5625","1":"product","2":"type-product","3":"status-publish","4":"has-post-thumbnail","6":"product_cat-cosmetic-containers","7":"product_cat-cosmetic-packaging","8":"product_cat-essential-oil-bottles","9":"product_cat-glass-dropper-bottles","10":"product_tag-cosmetic-pots-with-lids","11":"product_tag-frosted-cosmetic-jars","12":"desktop-align-left","13":"tablet-align-left","14":"mobile-align-left","16":"first","17":"instock","18":"shipping-taxable","19":"product-type-simple"},"acf":[],"jetpack_sharing_enabled":true,"_links":{"self":[{"href":"https:\/\/theperfumebottles.com\/sv\/wp-json\/wp\/v2\/product\/5625","targetHints":{"allow":["GET"]}}],"collection":[{"href":"https:\/\/theperfumebottles.com\/sv\/wp-json\/wp\/v2\/product"}],"about":[{"href":"https:\/\/theperfumebottles.com\/sv\/wp-json\/wp\/v2\/types\/product"}],"replies":[{"embeddable":true,"href":"https:\/\/theperfumebottles.com\/sv\/wp-json\/wp\/v2\/comments?post=5625"}],"wp:featuredmedia":[{"embeddable":true,"href":"https:\/\/theperfumebottles.com\/sv\/wp-json\/wp\/v2\/media\/5641"}],"wp:attachment":[{"href":"https:\/\/theperfumebottles.com\/sv\/wp-json\/wp\/v2\/media?parent=5625"}],"wp:term":[{"taxonomy":"product_brand","embeddable":true,"href":"https:\/\/theperfumebottles.com\/sv\/wp-json\/wp\/v2\/product_brand?post=5625"},{"taxonomy":"product_cat","embeddable":true,"href":"https:\/\/theperfumebottles.com\/sv\/wp-json\/wp\/v2\/product_cat?post=5625"},{"taxonomy":"product_tag","embeddable":true,"href":"https:\/\/theperfumebottles.com\/sv\/wp-json\/wp\/v2\/product_tag?post=5625"}],"curies":[{"name":"wp","href":"https:\/\/api.w.org\/{rel}","templated":true}]}}