{"id":6374,"date":"2025-09-15T18:04:21","date_gmt":"2025-09-15T10:04:21","guid":{"rendered":"https:\/\/theperfumebottles.com\/?post_type=product&#038;p=6374"},"modified":"2026-03-26T14:54:19","modified_gmt":"2026-03-26T06:54:19","slug":"cosmetic-glass-containers-with-gold-trim-design-bulk","status":"publish","type":"product","link":"https:\/\/theperfumebottles.com\/sv\/produkt\/cosmetic-glass-containers-with-gold-trim-design-bulk\/","title":{"rendered":"30 ml \u2013 130 ml kosmetiska glasbeh\u00e5llare med guldf\u00e4rgad design, bulk"},"content":{"rendered":"<p>Varje produkt i detta set med kosmetiska glasbeh\u00e5llare har en sl\u00e5ende triangul\u00e4r bas \u2013 robust, stabil och omedelbart i\u00f6gonfallande. De or\u00f6rda vita flaskorna st\u00e5r i kontrast till de guldf\u00e4rgade accenterna p\u00e5 korken och mitten, vilket ger varje flaska och burk en exklusiv k\u00e4nsla. Setet inneh\u00e5ller kr\u00e4mburkar och pumpflaskor i olika storlekar.<\/p>\n<h2>Viktiga specifikationer<\/h2>\n<table style=\"border-collapse: collapse; margin-left: auto; margin-right: auto; width: 504.02pt;\" border=\"0\" width=\"672\" cellspacing=\"0\" cellpadding=\"0\">\n<tbody>\n<tr style=\"height: 13.50pt;\">\n<td class=\"et3\" style=\"height: 13.5pt; width: 121.5pt; text-align: center;\" width=\"162\" height=\"18\"><strong>Kapacitet (ml)<\/strong><\/td>\n<td class=\"et3\" style=\"width: 76.5pt; text-align: center;\" width=\"102\"><strong>30<\/strong><\/td>\n<td class=\"et3\" style=\"width: 76.5pt; text-align: center;\" width=\"102\"><strong>45<\/strong><\/td>\n<td class=\"et3\" style=\"width: 76.5pt; text-align: center;\" width=\"102\"><strong>50<\/strong><\/td>\n<td class=\"et3\" style=\"width: 76.5pt; text-align: center;\" width=\"102\"><strong>110<\/strong><\/td>\n<td class=\"et3\" style=\"width: 76.5pt; text-align: center;\" width=\"102\"><strong>130<\/strong><\/td>\n<\/tr>\n<tr style=\"height: 13.50pt;\">\n<td class=\"et2\" style=\"height: 13.5pt; text-align: center;\" height=\"18\">Halsdiameter (mm)<\/td>\n<td class=\"et2\" style=\"text-align: center;\">46<\/td>\n<td class=\"et2\" style=\"text-align: center;\">46<\/td>\n<td class=\"et2\" style=\"text-align: center;\">17<\/td>\n<td class=\"et2\" style=\"text-align: center;\">20<\/td>\n<td class=\"et2\" style=\"text-align: center;\">20<\/td>\n<\/tr>\n<tr style=\"height: 13.50pt;\">\n<td class=\"et2\" style=\"height: 13.5pt; text-align: center;\" height=\"18\">Diameter (mm)<\/td>\n<td class=\"et2\" style=\"text-align: center;\">56<\/td>\n<td class=\"et2\" style=\"text-align: center;\">64<\/td>\n<td class=\"et2\" style=\"text-align: center;\">38<\/td>\n<td class=\"et2\" style=\"text-align: center;\">46<\/td>\n<td class=\"et2\" style=\"text-align: center;\">48<\/td>\n<\/tr>\n<tr style=\"height: 13.50pt;\">\n<td class=\"et2\" style=\"height: 13.5pt; text-align: center;\" height=\"18\">Flaskans h\u00f6jd (mm)<\/td>\n<td class=\"et2\" style=\"text-align: center;\">42<\/td>\n<td class=\"et2\" style=\"text-align: center;\">46<\/td>\n<td class=\"et2\" style=\"text-align: center;\">106<\/td>\n<td class=\"et2\" style=\"text-align: center;\">142<\/td>\n<td class=\"et2\" style=\"text-align: center;\">162<\/td>\n<\/tr>\n<tr style=\"height: 13.50pt;\">\n<td class=\"et2\" style=\"height: 13.5pt; text-align: center;\" height=\"18\">Totalh\u00f6jd (mm)<\/td>\n<td class=\"et2\" style=\"text-align: center;\">50<\/td>\n<td class=\"et2\" style=\"text-align: center;\">60<\/td>\n<td class=\"et2\" style=\"text-align: center;\">140<\/td>\n<td class=\"et2\" style=\"text-align: center;\">182<\/td>\n<td class=\"et2\" style=\"text-align: center;\">200<\/td>\n<\/tr>\n<tr style=\"height: 13.50pt;\">\n<td class=\"et2\" style=\"height: 13.5pt; text-align: center;\" height=\"18\">Material<\/td>\n<td class=\"et2\" style=\"text-align: center;\" colspan=\"5\">Kristall<\/td>\n<\/tr>\n<tr style=\"height: 13.50pt;\">\n<td class=\"et2\" style=\"height: 13.50pt;\" height=\"18\">Anpassade alternativ<\/td>\n<td class=\"et2\" style=\"text-align: center;\" colspan=\"5\">Ytbehandling, f\u00e4rg, storlek, form, logotyp, tillbeh\u00f6r<\/td>\n<\/tr>\n<tr style=\"height: 13.50pt;\">\n<td class=\"et2\" style=\"height: 13.5pt; text-align: center;\" height=\"18\">Idealisk f\u00f6r<\/td>\n<td class=\"et2\" style=\"text-align: center;\" colspan=\"5\">Hudv\u00e5rdsset, reng\u00f6ring, essensvatten, essenslotion\/kr\u00e4m<\/td>\n<\/tr>\n<\/tbody>\n<\/table>\n<h2>Framg\u00e5ngsfall<\/h2>\n<p>Ett av de mest exklusiva hudv\u00e5rdsm\u00e4rkena i Sydkorea best\u00e4mde sig s\u00e5 sm\u00e5ningom f\u00f6r v\u00e5rt set med vita glasflaskor och anpassade det sedan kraftigt till deras minimalistiska k\u00e4nslor: en mattvit flaska med en elektropl\u00e4terad ring i champagnef\u00e4rgat guld som en exklusiv kontrast; den har en specialdesignad pumpdispenser f\u00f6r att reglera m\u00e4ngden lotion och serum som doseras. Dessutom tryckte vi varum\u00e4rkets logotyp p\u00e5 cellerna med hj\u00e4lp av varmpr\u00e4gling f\u00f6r att g\u00f6ra dem h\u00e5llbara och ge ett sl\u00e4tt och h\u00f6gklassigt utseende.<\/p>\n<p>Med introduktionen av den omdesignade f\u00f6rpackningen \u00f6kade f\u00f6rs\u00e4ljningen med 28 procent p\u00e5 tv\u00e5 m\u00e5nader. Kunden var mycket n\u00f6jd med f\u00f6rpackningens kvalitet och marknadens gensvar, vilket resulterade i fler best\u00e4llningar och en utvidgning av denna typ av f\u00f6rpackning till andra hudv\u00e5rdsprodukter.<\/p>\n<h2>Anpassningstips<\/h2>\n<p>Vill du g\u00f6ra den h\u00e4r kosmetiska glasbeh\u00e5llaren helt personlig?<\/p>\n<ul>\n<li>Justera halsfinishen \u2013 matcha din befintliga filningslinje genom att v\u00e4lja en specifik g\u00e4ngstorlek.<\/li>\n<li>\u00c4ndra glasf\u00e4rgen \u2013 Byt ut mot extra UV-skydd eller byt ut mot koboltbl\u00e5tt.<\/li>\n<li>Laser \u2013 L\u00e4gger till subtil varum\u00e4rkesf\u00f6rfining direkt p\u00e5 logotypen\/glaset.<\/li>\n<li>Optimera burkens kantdesign \u2013 V\u00e4lj en sl\u00e4t eller rufsig kant f\u00f6r att f\u00f6rb\u00e4ttra f\u00f6rseglingens integritet vid bulkfrakt.<\/li>\n<\/ul>\n<p>Det h\u00e4r \u00e4r inte bara twics \u2013 det \u00e4r strategiska uppgraderingar som omvandlar en standardbeh\u00e5llare till en signaturdel av ditt varum\u00e4rke.<\/p>","protected":false},"excerpt":{"rendered":"<p>Vita kosmetiska glasbeh\u00e5llare med gulddetaljer. Partihandelsset av glasflaskor l\u00e4mpliga f\u00f6r kr\u00e4mer, serum och lyxiga kosmetikaf\u00f6rpackningar. Snabb leverans.<\/p>","protected":false},"featured_media":6380,"comment_status":"closed","ping_status":"closed","template":"","meta":{"_acf_changed":false,"site-sidebar-layout":"default","site-content-layout":"","ast-site-content-layout":"default","site-content-style":"default","site-sidebar-style":"default","ast-global-header-display":"","ast-banner-title-visibility":"","ast-main-header-display":"","ast-hfb-above-header-display":"","ast-hfb-below-header-display":"","ast-hfb-mobile-header-display":"","site-post-title":"","ast-breadcrumbs-content":"","ast-featured-img":"","footer-sml-layout":"","ast-disable-related-posts":"","theme-transparent-header-meta":"default","adv-header-id-meta":"","stick-header-meta":"","header-above-stick-meta":"","header-main-stick-meta":"","header-below-stick-meta":"","astra-migrate-meta-layouts":"set","ast-page-background-enabled":"default","ast-page-background-meta":{"desktop":{"background-color":"var(--ast-global-color-5)","background-image":"","background-repeat":"repeat","background-position":"center center","background-size":"auto","background-attachment":"scroll","background-type":"","background-media":"","overlay-type":"","overlay-color":"","overlay-opacity":"","overlay-gradient":""},"tablet":{"background-color":"","background-image":"","background-repeat":"repeat","background-position":"center center","background-size":"auto","background-attachment":"scroll","background-type":"","background-media":"","overlay-type":"","overlay-color":"","overlay-opacity":"","overlay-gradient":""},"mobile":{"background-color":"","background-image":"","background-repeat":"repeat","background-position":"center center","background-size":"auto","background-attachment":"scroll","background-type":"","background-media":"","overlay-type":"","overlay-color":"","overlay-opacity":"","overlay-gradient":""}},"ast-content-background-meta":{"desktop":{"background-color":"var(--ast-global-color-4)","background-image":"","background-repeat":"repeat","background-position":"center center","background-size":"auto","background-attachment":"scroll","background-type":"","background-media":"","overlay-type":"","overlay-color":"","overlay-opacity":"","overlay-gradient":""},"tablet":{"background-color":"var(--ast-global-color-4)","background-image":"","background-repeat":"repeat","background-position":"center center","background-size":"auto","background-attachment":"scroll","background-type":"","background-media":"","overlay-type":"","overlay-color":"","overlay-opacity":"","overlay-gradient":""},"mobile":{"background-color":"var(--ast-global-color-4)","background-image":"","background-repeat":"repeat","background-position":"center center","background-size":"auto","background-attachment":"scroll","background-type":"","background-media":"","overlay-type":"","overlay-color":"","overlay-opacity":"","overlay-gradient":""}}},"product_brand":[],"product_cat":[236,62,72],"product_tag":[226,220],"class_list":{"0":"post-6374","1":"product","2":"type-product","3":"status-publish","4":"has-post-thumbnail","6":"product_cat-cosmetic-container-set","7":"product_cat-cosmetic-containers","8":"product_cat-cosmetic-packaging","9":"product_tag-clear-glass-roller-bottles","10":"product_tag-glass-roll-on-bottles","11":"desktop-align-left","12":"tablet-align-left","13":"mobile-align-left","15":"first","16":"instock","17":"shipping-taxable","18":"product-type-simple"},"acf":[],"jetpack_sharing_enabled":true,"_links":{"self":[{"href":"https:\/\/theperfumebottles.com\/sv\/wp-json\/wp\/v2\/product\/6374","targetHints":{"allow":["GET"]}}],"collection":[{"href":"https:\/\/theperfumebottles.com\/sv\/wp-json\/wp\/v2\/product"}],"about":[{"href":"https:\/\/theperfumebottles.com\/sv\/wp-json\/wp\/v2\/types\/product"}],"replies":[{"embeddable":true,"href":"https:\/\/theperfumebottles.com\/sv\/wp-json\/wp\/v2\/comments?post=6374"}],"wp:featuredmedia":[{"embeddable":true,"href":"https:\/\/theperfumebottles.com\/sv\/wp-json\/wp\/v2\/media\/6380"}],"wp:attachment":[{"href":"https:\/\/theperfumebottles.com\/sv\/wp-json\/wp\/v2\/media?parent=6374"}],"wp:term":[{"taxonomy":"product_brand","embeddable":true,"href":"https:\/\/theperfumebottles.com\/sv\/wp-json\/wp\/v2\/product_brand?post=6374"},{"taxonomy":"product_cat","embeddable":true,"href":"https:\/\/theperfumebottles.com\/sv\/wp-json\/wp\/v2\/product_cat?post=6374"},{"taxonomy":"product_tag","embeddable":true,"href":"https:\/\/theperfumebottles.com\/sv\/wp-json\/wp\/v2\/product_tag?post=6374"}],"curies":[{"name":"wp","href":"https:\/\/api.w.org\/{rel}","templated":true}]}}