{"id":6388,"date":"2025-09-16T10:37:07","date_gmt":"2025-09-16T02:37:07","guid":{"rendered":"https:\/\/theperfumebottles.com\/?post_type=product&#038;p=6388"},"modified":"2025-09-17T11:39:39","modified_gmt":"2025-09-17T03:39:39","slug":"bulk-white-skincare-bottle-and-cream-jars-with-diagonal-texture","status":"publish","type":"product","link":"https:\/\/theperfumebottles.com\/sv\/produkt\/bulk-white-skincare-bottle-and-cream-jars-with-diagonal-texture\/","title":{"rendered":"Bulk hudv\u00e5rdsflaskor och kr\u00e4mburkar med diagonal textur"},"content":{"rendered":"<p>T\u00e4nk dig: En vit hudv\u00e5rdsflaska med mjuka diagonala kanter. Korken \u00e4r lika enkel som sofistikerad: en tunn guldring pryder halsen och en metallisk accent pryder toppen. Detta hudv\u00e5rdsset inneh\u00e5ller pumplocksflaskor i olika storlekar och en burk f\u00f6r ansiktskr\u00e4m.<\/p>\n<h2>Viktiga specifikationer<\/h2>\n<table style=\"border-collapse: collapse;margin-left: auto;margin-right: auto;width: 546.77pt\" border=\"0\" width=\"729\" cellspacing=\"0\" cellpadding=\"0\">\n<tbody>\n<tr style=\"height: 13.50pt\">\n<td class=\"et2\" style=\"height: 13.50pt;width: 117.75pt\" width=\"157\" height=\"18\">Kapacitet (ml)<\/td>\n<td class=\"et3\" style=\"width: 119.25pt\" width=\"159\">105<\/td>\n<td class=\"et3\" style=\"width: 119.25pt\" width=\"159\">40<\/td>\n<td class=\"et3\" style=\"width: 96.75pt\" width=\"129\">105<\/td>\n<td class=\"et3\" style=\"width: 93.75pt\" width=\"125\">125<\/td>\n<\/tr>\n<tr style=\"height: 13.50pt\">\n<td class=\"et2\" style=\"height: 13.50pt\" height=\"18\">Halsdiameter (mm)<\/td>\n<td class=\"et3\">51<\/td>\n<td class=\"et3\">20<\/td>\n<td class=\"et3\">20<\/td>\n<td class=\"et3\">20<\/td>\n<\/tr>\n<tr style=\"height: 13.50pt\">\n<td class=\"et2\" style=\"height: 13.50pt\" height=\"18\">Diameter (mm)<\/td>\n<td class=\"et3\">75<\/td>\n<td class=\"et3\">40<\/td>\n<td class=\"et3\">45<\/td>\n<td class=\"et3\">46<\/td>\n<\/tr>\n<tr style=\"height: 13.50pt\">\n<td class=\"et2\" style=\"height: 13.50pt\" height=\"18\">Flaskans h\u00f6jd (mm)<\/td>\n<td class=\"et3\">56<\/td>\n<td class=\"et3\">84<\/td>\n<td class=\"et3\">125<\/td>\n<td class=\"et3\">142<\/td>\n<\/tr>\n<tr style=\"height: 13.50pt\">\n<td class=\"et2\" style=\"height: 13.50pt\" height=\"18\">Material<\/td>\n<td class=\"et3\" colspan=\"4\">Kristall<\/td>\n<\/tr>\n<tr style=\"height: 13.50pt\">\n<td class=\"et2\" style=\"height: 13.50pt\" height=\"18\">anpassade alternativ<\/td>\n<td class=\"et3\" colspan=\"4\">Storlek, f\u00e4rg, flaskform, ytbehandling, kapsyl, tillbeh\u00f6r, logotyp<\/td>\n<\/tr>\n<tr style=\"height: 13.50pt\">\n<td class=\"et2\" style=\"height: 13.50pt\" height=\"18\">Idealisk f\u00f6r<\/td>\n<td class=\"et3\" colspan=\"4\">Reng\u00f6ring, fuktighetskr\u00e4m, essens, kr\u00e4m, hudv\u00e5rdsset<\/td>\n<\/tr>\n<\/tbody>\n<\/table>\n<h2>Hur varum\u00e4rken kan vinna hyllutrymme utan en enorm annonsbudget<\/h2>\n<p>En ny ekologisk produktlinje erbjuder bara tre produkter: ett serum, en dagkr\u00e4m och en \u00e5terfuktande lotion. De anv\u00e4nder dessa hudv\u00e5rdsflaskor f\u00f6r att f\u00f6rvara serum och matchande sk\u00f6nhetskr\u00e4mburkar. Inga flashiga logotyper, bara en ren vit beh\u00e5llare med texturerade sidor och gulddetaljer. Detaljhandelsk\u00f6pare var mycket n\u00f6jda. En k\u00f6pare kommenterade: &#034;Det ser dyrt ut, men det \u00e4r inte alls gr\u00e4llt.&#034; Inom fyra m\u00e5nader fanns linjen i lager hos tv\u00e5 stora butikskedjor. Anledningen? F\u00f6r att h\u00f6gkvalitativa kosmetikaf\u00f6rpackningar varar l\u00e4nge \u2013 de blir en del av anv\u00e4ndarupplevelsen.<\/p>\n<h2>Hur anpassar man kosmetikaf\u00f6rpackningar?<\/h2>\n<p>Vill du verkligen g\u00f6ra den h\u00e4r beh\u00e5llaren till din egen? S\u00e5 h\u00e4r g\u00f6r du \u2013 utan att ens r\u00f6ra f\u00f6rpackningen:<\/p>\n<ul>\n<li>Justera vinkeln p\u00e5 den diagonala fiberriktningen \u2013 brantare linjer skapar en mer dynamisk k\u00e4nsla. Mjukare linjer skapar en mer samlad k\u00e4nsla.<\/li>\n<li>L\u00e4gg till en intern UV-bevarande bel\u00e4ggning \u2013 ger ytterligare skydd mot instabila aktiva ingredienser i lotion eller serum.<\/li>\n<li>Anpassa logotyp och varum\u00e4rkeselement: Integrera sloganen i ditt varum\u00e4rkesnamn, din logotyp och din flaskdesign.<\/li>\n<\/ul>\n<p>Dessa anpassningsalternativ l\u00e5ter dig optimera prestandan och upplevelsen inifr\u00e5n.<\/p>","protected":false},"excerpt":{"rendered":"<p>Eleganta vita hudv\u00e5rdsflaskor och sk\u00f6nhetskr\u00e4mburkar med diagonal textur och guldf\u00e4rgade accenter, perfekta f\u00f6r lyxf\u00f6rpackningar och grossistbest\u00e4llningar.<\/p>","protected":false},"featured_media":6393,"comment_status":"closed","ping_status":"closed","template":"","meta":{"_acf_changed":false,"site-sidebar-layout":"default","site-content-layout":"","ast-site-content-layout":"default","site-content-style":"default","site-sidebar-style":"default","ast-global-header-display":"","ast-banner-title-visibility":"","ast-main-header-display":"","ast-hfb-above-header-display":"","ast-hfb-below-header-display":"","ast-hfb-mobile-header-display":"","site-post-title":"","ast-breadcrumbs-content":"","ast-featured-img":"","footer-sml-layout":"","ast-disable-related-posts":"","theme-transparent-header-meta":"default","adv-header-id-meta":"","stick-header-meta":"","header-above-stick-meta":"","header-main-stick-meta":"","header-below-stick-meta":"","astra-migrate-meta-layouts":"set","ast-page-background-enabled":"default","ast-page-background-meta":{"desktop":{"background-color":"var(--ast-global-color-5)","background-image":"","background-repeat":"repeat","background-position":"center center","background-size":"auto","background-attachment":"scroll","background-type":"","background-media":"","overlay-type":"","overlay-color":"","overlay-opacity":"","overlay-gradient":""},"tablet":{"background-color":"","background-image":"","background-repeat":"repeat","background-position":"center center","background-size":"auto","background-attachment":"scroll","background-type":"","background-media":"","overlay-type":"","overlay-color":"","overlay-opacity":"","overlay-gradient":""},"mobile":{"background-color":"","background-image":"","background-repeat":"repeat","background-position":"center center","background-size":"auto","background-attachment":"scroll","background-type":"","background-media":"","overlay-type":"","overlay-color":"","overlay-opacity":"","overlay-gradient":""}},"ast-content-background-meta":{"desktop":{"background-color":"var(--ast-global-color-4)","background-image":"","background-repeat":"repeat","background-position":"center center","background-size":"auto","background-attachment":"scroll","background-type":"","background-media":"","overlay-type":"","overlay-color":"","overlay-opacity":"","overlay-gradient":""},"tablet":{"background-color":"var(--ast-global-color-4)","background-image":"","background-repeat":"repeat","background-position":"center center","background-size":"auto","background-attachment":"scroll","background-type":"","background-media":"","overlay-type":"","overlay-color":"","overlay-opacity":"","overlay-gradient":""},"mobile":{"background-color":"var(--ast-global-color-4)","background-image":"","background-repeat":"repeat","background-position":"center center","background-size":"auto","background-attachment":"scroll","background-type":"","background-media":"","overlay-type":"","overlay-color":"","overlay-opacity":"","overlay-gradient":""}}},"product_brand":[],"product_cat":[72,236,62],"product_tag":[226,220],"class_list":{"0":"post-6388","1":"product","2":"type-product","3":"status-publish","4":"has-post-thumbnail","6":"product_cat-cosmetic-packaging","7":"product_cat-cosmetic-container-set","8":"product_cat-cosmetic-containers","9":"product_tag-clear-glass-roller-bottles","10":"product_tag-glass-roll-on-bottles","11":"desktop-align-left","12":"tablet-align-left","13":"mobile-align-left","15":"first","16":"instock","17":"shipping-taxable","18":"product-type-simple"},"acf":[],"jetpack_sharing_enabled":true,"_links":{"self":[{"href":"https:\/\/theperfumebottles.com\/sv\/wp-json\/wp\/v2\/product\/6388","targetHints":{"allow":["GET"]}}],"collection":[{"href":"https:\/\/theperfumebottles.com\/sv\/wp-json\/wp\/v2\/product"}],"about":[{"href":"https:\/\/theperfumebottles.com\/sv\/wp-json\/wp\/v2\/types\/product"}],"replies":[{"embeddable":true,"href":"https:\/\/theperfumebottles.com\/sv\/wp-json\/wp\/v2\/comments?post=6388"}],"wp:featuredmedia":[{"embeddable":true,"href":"https:\/\/theperfumebottles.com\/sv\/wp-json\/wp\/v2\/media\/6393"}],"wp:attachment":[{"href":"https:\/\/theperfumebottles.com\/sv\/wp-json\/wp\/v2\/media?parent=6388"}],"wp:term":[{"taxonomy":"product_brand","embeddable":true,"href":"https:\/\/theperfumebottles.com\/sv\/wp-json\/wp\/v2\/product_brand?post=6388"},{"taxonomy":"product_cat","embeddable":true,"href":"https:\/\/theperfumebottles.com\/sv\/wp-json\/wp\/v2\/product_cat?post=6388"},{"taxonomy":"product_tag","embeddable":true,"href":"https:\/\/theperfumebottles.com\/sv\/wp-json\/wp\/v2\/product_tag?post=6388"}],"curies":[{"name":"wp","href":"https:\/\/api.w.org\/{rel}","templated":true}]}}