{"id":6455,"date":"2025-09-18T16:44:11","date_gmt":"2025-09-18T08:44:11","guid":{"rendered":"https:\/\/theperfumebottles.com\/?post_type=product&#038;p=6455"},"modified":"2026-03-26T14:53:28","modified_gmt":"2026-03-26T06:53:28","slug":"glass-skincare-packaging-set-for-brands-bulk","status":"publish","type":"product","link":"https:\/\/theperfumebottles.com\/sv\/produkt\/glass-skincare-packaging-set-for-brands-bulk\/","title":{"rendered":"30-125ml glasf\u00f6rpackning f\u00f6r hudv\u00e5rd i bulk f\u00f6r varum\u00e4rken"},"content":{"rendered":"<p>Vill du ha glasbeh\u00e5llare f\u00f6r hudv\u00e5rdsprodukter som utstr\u00e5lar lyx utan att ruinera dig? Vi tillverkar en precis kollektion av glasflaskor i svart toning med eleganta korkar \u2013 perfekta f\u00f6r f\u00f6rpackningar av lotioner, kr\u00e4mer, serum och eteriska oljor. Dessa beh\u00e5llare h\u00e5ller dina kosmetiska formler fr\u00e4scha med UV-skydd. Storbest\u00e4llningar f\u00e5r specialanpassade alternativ som matchar ditt varum\u00e4rkes stil.<\/p>\n<h2><strong data-spm-anchor-id=\"5176.28103460.0.i18.29ab2e31QyfPr1\">Viktiga specifikationer<\/strong><\/h2>\n<table style=\"border-collapse: collapse; width: 80%; margin-left: auto; margin-right: auto;\" border=\"0\" width=\"648\" cellspacing=\"0\" cellpadding=\"0\">\n<tbody>\n<tr style=\"height: 13.50pt;\">\n<td style=\"height: 13.5pt; text-align: center;\" width=\"72\" height=\"18\">Kapacitet (ml)<\/td>\n<td style=\"width: 54pt; text-align: center;\" width=\"72\">Form<\/td>\n<td style=\"width: 54pt; text-align: center;\" width=\"72\">Mundiameter (mm)<\/td>\n<td style=\"width: 54pt; text-align: center;\" width=\"72\">Flaskans diameter (mm)<\/td>\n<td style=\"width: 54pt; text-align: center;\" width=\"72\">Flaskh\u00f6jd (mm)<\/td>\n<td style=\"width: 54pt; text-align: center;\" width=\"72\">Totalh\u00f6jd med lock (mm)<\/td>\n<td style=\"width: 54pt; text-align: center;\" width=\"72\">F\u00e4rg<\/td>\n<td style=\"width: 54pt; text-align: center;\" width=\"72\">Anpassade alternativ<\/td>\n<td style=\"width: 54pt; text-align: center;\" width=\"72\">Anv\u00e4ndande<\/td>\n<\/tr>\n<tr style=\"height: 13.50pt;\">\n<td style=\"height: 13.5pt; text-align: center;\" height=\"18\">125<\/td>\n<td class=\"et2\" style=\"text-align: center;\" rowspan=\"4\">Raksidig<\/td>\n<td style=\"text-align: center;\">20<\/td>\n<td style=\"text-align: center;\">41&#215;41<\/td>\n<td style=\"text-align: center;\">130<\/td>\n<td style=\"text-align: center;\">180<\/td>\n<td class=\"et2\" style=\"text-align: center;\" rowspan=\"6\">Svart toning<\/td>\n<td class=\"et2\" style=\"text-align: center;\" rowspan=\"6\">Ytbehandling, f\u00e4rg, storlek, form, lock, tillbeh\u00f6r<\/td>\n<td class=\"et2\" style=\"text-align: center;\" rowspan=\"6\">Lotioner, kr\u00e4mer, essenser etc.<\/td>\n<\/tr>\n<tr style=\"height: 13.50pt;\">\n<td style=\"height: 13.5pt; text-align: center;\" height=\"18\">105<\/td>\n<td style=\"text-align: center;\">20<\/td>\n<td style=\"text-align: center;\">41&#215;41<\/td>\n<td style=\"text-align: center;\">150<\/td>\n<td style=\"text-align: center;\">160<\/td>\n<\/tr>\n<tr style=\"height: 13.50pt;\">\n<td style=\"height: 13.5pt; text-align: center;\" height=\"18\">50<\/td>\n<td style=\"text-align: center;\">20<\/td>\n<td style=\"text-align: center;\">37&#215;37<\/td>\n<td style=\"text-align: center;\">88<\/td>\n<td style=\"text-align: center;\">120<\/td>\n<\/tr>\n<tr style=\"height: 13.50pt;\">\n<td style=\"height: 13.5pt; text-align: center;\" height=\"18\">30<\/td>\n<td style=\"text-align: center;\">20<\/td>\n<td style=\"text-align: center;\">37&#215;37<\/td>\n<td style=\"text-align: center;\">75<\/td>\n<td style=\"text-align: center;\">105<\/td>\n<\/tr>\n<tr style=\"height: 13.50pt;\">\n<td style=\"height: 13.5pt; text-align: center;\" height=\"18\">40<\/td>\n<td class=\"et2\" style=\"text-align: center;\" rowspan=\"2\">Fyrkant<\/td>\n<td style=\"text-align: center;\">49<\/td>\n<td style=\"text-align: center;\">64&#215;64<\/td>\n<td style=\"text-align: center;\">40<\/td>\n<td style=\"text-align: center;\">52<\/td>\n<\/tr>\n<tr style=\"height: 13.50pt;\">\n<td style=\"height: 13.5pt; text-align: center;\" height=\"18\">30<\/td>\n<td style=\"text-align: center;\">49<\/td>\n<td style=\"text-align: center;\">60&#215;60<\/td>\n<td style=\"text-align: center;\">37<\/td>\n<td style=\"text-align: center;\">50<\/td>\n<\/tr>\n<\/tbody>\n<\/table>\n<h2>Framg\u00e5ngssaga<\/h2>\n<p>V\u00e5ra hudv\u00e5rdsf\u00f6rpackningar i svart glas har valts ut av en lyxig koreansk sk\u00f6nhetsprodukt. Kapsylerna \u00e4r utformade i en ergonomisk specialgjuten form f\u00f6r att passa kundens personliga behov och har \u00e4ven elektropl\u00e4terade halsar. Dessutom kommer detta set med en upps\u00e4ttning pumphuvuden och droppare i olika storlekar, vilket blir en m\u00e5ngfacetterad glasbeh\u00e5llare n\u00e4r det g\u00e4ller hudv\u00e5rdsprodukter.<\/p>\n<p>F\u00f6rs\u00e4ljningen \u00f6kade med 36 procent bara tv\u00e5 m\u00e5nader efter lanseringen, vilket ledde till ytterligare en best\u00e4llning p\u00e5 65 000 set f\u00f6r att m\u00f6jligg\u00f6ra tillv\u00e4xt b\u00e5de online och offline.<\/p>\n<h2>Din anpassningshandbok<\/h2>\n<ol>\n<li><strong>F\u00e4rgmatchning:<\/strong> Byt ut svarta gradienter mot anpassade nyanser som matchar din varum\u00e4rkespalett \u2013 ingen extra kostnad f\u00f6r bulk.<\/li>\n<li><strong>CAP-stilar:<\/strong> V\u00e4lj guldf\u00e4rgad accent eller mattkork f\u00f6r en premiumfinish p\u00e5 dina glasflaskor.<\/li>\n<li><strong>Etikettintegration:<\/strong> L\u00e4gg till din logotyp p\u00e5 en beh\u00e5llare \u2013 omedelbar varum\u00e4rkesigenk\u00e4nning f\u00f6r kosmetikaf\u00f6rpackningar.<\/li>\n<\/ol>","protected":false},"excerpt":{"rendered":"<p>\u00d6ka f\u00f6rs\u00e4ljningen med specialdesignade hudv\u00e5rdsf\u00f6rpackningar i svart gradientglas f\u00f6r kr\u00e4m och serum. Premium, h\u00e5llbar grossistf\u00f6rpackning som garanterar fr\u00e4sch\u00f6r och elegans.<\/p>","protected":false},"featured_media":6456,"comment_status":"closed","ping_status":"closed","template":"","meta":{"_acf_changed":false,"site-sidebar-layout":"default","site-content-layout":"","ast-site-content-layout":"default","site-content-style":"default","site-sidebar-style":"default","ast-global-header-display":"","ast-banner-title-visibility":"","ast-main-header-display":"","ast-hfb-above-header-display":"","ast-hfb-below-header-display":"","ast-hfb-mobile-header-display":"","site-post-title":"","ast-breadcrumbs-content":"","ast-featured-img":"","footer-sml-layout":"","ast-disable-related-posts":"","theme-transparent-header-meta":"default","adv-header-id-meta":"","stick-header-meta":"","header-above-stick-meta":"","header-main-stick-meta":"","header-below-stick-meta":"","astra-migrate-meta-layouts":"set","ast-page-background-enabled":"default","ast-page-background-meta":{"desktop":{"background-color":"var(--ast-global-color-5)","background-image":"","background-repeat":"repeat","background-position":"center center","background-size":"auto","background-attachment":"scroll","background-type":"","background-media":"","overlay-type":"","overlay-color":"","overlay-opacity":"","overlay-gradient":""},"tablet":{"background-color":"","background-image":"","background-repeat":"repeat","background-position":"center center","background-size":"auto","background-attachment":"scroll","background-type":"","background-media":"","overlay-type":"","overlay-color":"","overlay-opacity":"","overlay-gradient":""},"mobile":{"background-color":"","background-image":"","background-repeat":"repeat","background-position":"center center","background-size":"auto","background-attachment":"scroll","background-type":"","background-media":"","overlay-type":"","overlay-color":"","overlay-opacity":"","overlay-gradient":""}},"ast-content-background-meta":{"desktop":{"background-color":"var(--ast-global-color-4)","background-image":"","background-repeat":"repeat","background-position":"center center","background-size":"auto","background-attachment":"scroll","background-type":"","background-media":"","overlay-type":"","overlay-color":"","overlay-opacity":"","overlay-gradient":""},"tablet":{"background-color":"var(--ast-global-color-4)","background-image":"","background-repeat":"repeat","background-position":"center center","background-size":"auto","background-attachment":"scroll","background-type":"","background-media":"","overlay-type":"","overlay-color":"","overlay-opacity":"","overlay-gradient":""},"mobile":{"background-color":"var(--ast-global-color-4)","background-image":"","background-repeat":"repeat","background-position":"center center","background-size":"auto","background-attachment":"scroll","background-type":"","background-media":"","overlay-type":"","overlay-color":"","overlay-opacity":"","overlay-gradient":""}}},"product_brand":[],"product_cat":[236,62,72],"product_tag":[],"class_list":{"0":"post-6455","1":"product","2":"type-product","3":"status-publish","4":"has-post-thumbnail","6":"product_cat-cosmetic-container-set","7":"product_cat-cosmetic-containers","8":"product_cat-cosmetic-packaging","9":"desktop-align-left","10":"tablet-align-left","11":"mobile-align-left","13":"first","14":"instock","15":"shipping-taxable","16":"product-type-simple"},"acf":[],"jetpack_sharing_enabled":true,"_links":{"self":[{"href":"https:\/\/theperfumebottles.com\/sv\/wp-json\/wp\/v2\/product\/6455","targetHints":{"allow":["GET"]}}],"collection":[{"href":"https:\/\/theperfumebottles.com\/sv\/wp-json\/wp\/v2\/product"}],"about":[{"href":"https:\/\/theperfumebottles.com\/sv\/wp-json\/wp\/v2\/types\/product"}],"replies":[{"embeddable":true,"href":"https:\/\/theperfumebottles.com\/sv\/wp-json\/wp\/v2\/comments?post=6455"}],"wp:featuredmedia":[{"embeddable":true,"href":"https:\/\/theperfumebottles.com\/sv\/wp-json\/wp\/v2\/media\/6456"}],"wp:attachment":[{"href":"https:\/\/theperfumebottles.com\/sv\/wp-json\/wp\/v2\/media?parent=6455"}],"wp:term":[{"taxonomy":"product_brand","embeddable":true,"href":"https:\/\/theperfumebottles.com\/sv\/wp-json\/wp\/v2\/product_brand?post=6455"},{"taxonomy":"product_cat","embeddable":true,"href":"https:\/\/theperfumebottles.com\/sv\/wp-json\/wp\/v2\/product_cat?post=6455"},{"taxonomy":"product_tag","embeddable":true,"href":"https:\/\/theperfumebottles.com\/sv\/wp-json\/wp\/v2\/product_tag?post=6455"}],"curies":[{"name":"wp","href":"https:\/\/api.w.org\/{rel}","templated":true}]}}