{"id":6477,"date":"2025-09-18T17:19:24","date_gmt":"2025-09-18T09:19:24","guid":{"rendered":"https:\/\/theperfumebottles.com\/?post_type=product&#038;p=6477"},"modified":"2026-03-26T15:44:04","modified_gmt":"2026-03-26T07:44:04","slug":"black-glass-skincare-bottles-and-jars-sets-wholesale","status":"publish","type":"product","link":"https:\/\/theperfumebottles.com\/sv\/produkt\/black-glass-skincare-bottles-and-jars-sets-wholesale\/","title":{"rendered":"15ml \u2013 125ml svarta glasflaskor och burkar i grossistpris"},"content":{"rendered":"<p>Sluta n\u00f6ja dig med tr\u00e5kiga f\u00f6rpackningar. Vi skapar en precis kollektion av svarta glasflaskor och burkar designade f\u00f6r hudv\u00e5rdsm\u00e4rken som kr\u00e4ver lyx utan kompromisser. Glasbeh\u00e5llare h\u00e5ller din kr\u00e4m, lotion och essens fr\u00e4scha \u2013 inga UV-skador, ingen f\u00f6rst\u00f6ring. Storbest\u00e4llningar f\u00e5r specialanpassade korkar som matchar ditt varum\u00e4rkes vibe.<\/p>\n<h2><strong data-spm-anchor-id=\"5176.28103460.0.i9.29ab2e31KYNL5F\">Viktiga specifikationer<\/strong><\/h2>\n<table style=\"border-collapse: collapse; width: 80%; margin-left: auto; margin-right: auto;\" border=\"0\" width=\"648\" cellspacing=\"0\" cellpadding=\"0\">\n<tbody>\n<tr style=\"height: 13.50pt;\">\n<td style=\"height: 13.5pt; width: 54pt; text-align: center;\" width=\"72\" height=\"18\">Kapacitet (ml)<\/td>\n<td style=\"width: 54pt; text-align: center;\" width=\"72\">Form<\/td>\n<td style=\"width: 54pt; text-align: center;\" width=\"72\">Mundiameter (mm)<\/td>\n<td style=\"width: 54pt; text-align: center;\" width=\"72\">Flaskans diameter (mm)<\/td>\n<td style=\"width: 54pt; text-align: center;\" width=\"72\">H\u00f6jd (mm)<\/td>\n<td style=\"width: 54pt; text-align: center;\" width=\"72\">H\u00f6jd med lock (mm)<\/td>\n<td style=\"width: 54pt; text-align: center;\" width=\"72\">F\u00e4rg<\/td>\n<td style=\"width: 54pt; text-align: center;\" width=\"72\">Anpassat alternativ<\/td>\n<td style=\"width: 54pt; text-align: center;\" width=\"72\">Idealisk f\u00f6r<\/td>\n<\/tr>\n<tr style=\"height: 13.50pt;\">\n<td style=\"height: 13.5pt; text-align: center;\" height=\"18\">125<\/td>\n<td class=\"et2\" style=\"text-align: center;\" rowspan=\"3\">Raksidig<\/td>\n<td style=\"text-align: center;\">20<\/td>\n<td style=\"text-align: center;\">53<\/td>\n<td style=\"text-align: center;\">142<\/td>\n<td style=\"text-align: center;\">180<\/td>\n<td class=\"et2\" style=\"text-align: center;\" rowspan=\"5\">Svart<\/td>\n<td class=\"et2\" style=\"text-align: center;\" rowspan=\"5\">Ytbehandling, f\u00e4rg, logotyp, tillbeh\u00f6r<\/td>\n<td class=\"et2\" style=\"text-align: center;\" rowspan=\"5\">Hudv\u00e5rdsset, reng\u00f6ring, essensvatten, essenslotion\/kr\u00e4m<\/td>\n<\/tr>\n<tr style=\"height: 13.50pt;\">\n<td style=\"height: 13.5pt; text-align: center;\" height=\"18\">105<\/td>\n<td style=\"text-align: center;\">20<\/td>\n<td style=\"text-align: center;\">47<\/td>\n<td style=\"text-align: center;\">127<\/td>\n<td style=\"text-align: center;\">165<\/td>\n<\/tr>\n<tr style=\"height: 13.50pt;\">\n<td style=\"height: 13.5pt; text-align: center;\" height=\"18\">45<\/td>\n<td style=\"text-align: center;\">20<\/td>\n<td style=\"text-align: center;\">41<\/td>\n<td style=\"text-align: center;\">86<\/td>\n<td style=\"text-align: center;\">120<\/td>\n<\/tr>\n<tr style=\"height: 13.50pt;\">\n<td style=\"height: 13.5pt; text-align: center;\" height=\"18\">40<\/td>\n<td class=\"et2\" rowspan=\"2\">Runda<\/td>\n<td style=\"text-align: center;\">52<\/td>\n<td style=\"text-align: center;\">64<\/td>\n<td style=\"text-align: center;\">42<\/td>\n<td style=\"text-align: center;\">70<\/td>\n<\/tr>\n<tr style=\"height: 13.50pt;\">\n<td style=\"height: 13.5pt; text-align: center;\" height=\"18\">15<\/td>\n<td style=\"text-align: center;\">47<\/td>\n<td style=\"text-align: center;\">58<\/td>\n<td style=\"text-align: center;\">32<\/td>\n<td style=\"text-align: center;\">60<\/td>\n<\/tr>\n<\/tbody>\n<\/table>\n<h2>Framg\u00e5ngssaga<\/h2>\n<p>Ett av de europeiska hudv\u00e5rdsm\u00e4rkena har beslutat att anv\u00e4nda v\u00e5rt exklusiva svarta hudv\u00e5rdsset med burkar och flaskor. Flaskorna \u00e4r tillverkade med en h\u00f6gblank UV-finish, vilket tillsammans med det vakuumbelagda metalllocket skapar en sl\u00e5ende kontrast och en exklusiv k\u00e4nsla som passar kundens individuella behov. Flaskan \u00e4r silkscreentryckt med varum\u00e4rkets logotyp, vars silverf\u00e4rg ocks\u00e5 \u00e5terspeglar designen och bidrar till helhetseffekten.<\/p>\n<p>Sedan lanseringen av det nya setet med kosmetikaflaskor och burkar har f\u00f6rs\u00e4ljningen \u00f6kat med 32 % p\u00e5 bara tv\u00e5 m\u00e5nader och ytterligare 55 000 set best\u00e4lldes f\u00f6r att m\u00f6ta distribut\u00f6rernas \u00f6kande efterfr\u00e5gan.<\/p>\n<h2>Ditt anpassningsalternativ<\/h2>\n<ol>\n<li><strong>Alternativ f\u00f6r kapsyler:<\/strong> Erbjuder glansiga, matta, borstade metall- eller spegelblanka ytor som \u00e4r galvaniserade f\u00f6r att passa olika m\u00e4rkesstilar.<\/li>\n<li><strong>Dekorationstekniker:<\/strong> Silkscreentryck, varmst\u00e4mpling, gradientsprutning eller etikettering kan kombineras i flera lager f\u00f6r att skapa varum\u00e4rkeseffekter.<\/li>\n<li><strong>Sekund\u00e4r f\u00f6rpackningsdesign:<\/strong> L\u00e4gg till en detaljhandelspresentation till produkten genom att designa anpassade kartonger, magnetiska l\u00e5dor eller l\u00e5dliknande f\u00f6rpackningar.<\/li>\n<\/ol>","protected":false},"excerpt":{"rendered":"<p>F\u00f6rstklassiga hudv\u00e5rdsflaskor och burkar f\u00f6r ditt kosmetikaset. Skr\u00e4ddarsydda svarta glasbeh\u00e5llare. Partihandel i bulk. Ljusblockerande, l\u00e4ckages\u00e4ker f\u00f6rpackning.<\/p>","protected":false},"featured_media":6478,"comment_status":"closed","ping_status":"closed","template":"","meta":{"_acf_changed":false,"site-sidebar-layout":"default","site-content-layout":"","ast-site-content-layout":"default","site-content-style":"default","site-sidebar-style":"default","ast-global-header-display":"","ast-banner-title-visibility":"","ast-main-header-display":"","ast-hfb-above-header-display":"","ast-hfb-below-header-display":"","ast-hfb-mobile-header-display":"","site-post-title":"","ast-breadcrumbs-content":"","ast-featured-img":"","footer-sml-layout":"","ast-disable-related-posts":"","theme-transparent-header-meta":"default","adv-header-id-meta":"","stick-header-meta":"","header-above-stick-meta":"","header-main-stick-meta":"","header-below-stick-meta":"","astra-migrate-meta-layouts":"set","ast-page-background-enabled":"default","ast-page-background-meta":{"desktop":{"background-color":"var(--ast-global-color-5)","background-image":"","background-repeat":"repeat","background-position":"center center","background-size":"auto","background-attachment":"scroll","background-type":"","background-media":"","overlay-type":"","overlay-color":"","overlay-opacity":"","overlay-gradient":""},"tablet":{"background-color":"","background-image":"","background-repeat":"repeat","background-position":"center center","background-size":"auto","background-attachment":"scroll","background-type":"","background-media":"","overlay-type":"","overlay-color":"","overlay-opacity":"","overlay-gradient":""},"mobile":{"background-color":"","background-image":"","background-repeat":"repeat","background-position":"center center","background-size":"auto","background-attachment":"scroll","background-type":"","background-media":"","overlay-type":"","overlay-color":"","overlay-opacity":"","overlay-gradient":""}},"ast-content-background-meta":{"desktop":{"background-color":"var(--ast-global-color-4)","background-image":"","background-repeat":"repeat","background-position":"center center","background-size":"auto","background-attachment":"scroll","background-type":"","background-media":"","overlay-type":"","overlay-color":"","overlay-opacity":"","overlay-gradient":""},"tablet":{"background-color":"var(--ast-global-color-4)","background-image":"","background-repeat":"repeat","background-position":"center center","background-size":"auto","background-attachment":"scroll","background-type":"","background-media":"","overlay-type":"","overlay-color":"","overlay-opacity":"","overlay-gradient":""},"mobile":{"background-color":"var(--ast-global-color-4)","background-image":"","background-repeat":"repeat","background-position":"center center","background-size":"auto","background-attachment":"scroll","background-type":"","background-media":"","overlay-type":"","overlay-color":"","overlay-opacity":"","overlay-gradient":""}}},"product_brand":[],"product_cat":[236,62,72],"product_tag":[],"class_list":{"0":"post-6477","1":"product","2":"type-product","3":"status-publish","4":"has-post-thumbnail","6":"product_cat-cosmetic-container-set","7":"product_cat-cosmetic-containers","8":"product_cat-cosmetic-packaging","9":"desktop-align-left","10":"tablet-align-left","11":"mobile-align-left","13":"first","14":"instock","15":"shipping-taxable","16":"product-type-simple"},"acf":[],"jetpack_sharing_enabled":true,"_links":{"self":[{"href":"https:\/\/theperfumebottles.com\/sv\/wp-json\/wp\/v2\/product\/6477","targetHints":{"allow":["GET"]}}],"collection":[{"href":"https:\/\/theperfumebottles.com\/sv\/wp-json\/wp\/v2\/product"}],"about":[{"href":"https:\/\/theperfumebottles.com\/sv\/wp-json\/wp\/v2\/types\/product"}],"replies":[{"embeddable":true,"href":"https:\/\/theperfumebottles.com\/sv\/wp-json\/wp\/v2\/comments?post=6477"}],"wp:featuredmedia":[{"embeddable":true,"href":"https:\/\/theperfumebottles.com\/sv\/wp-json\/wp\/v2\/media\/6478"}],"wp:attachment":[{"href":"https:\/\/theperfumebottles.com\/sv\/wp-json\/wp\/v2\/media?parent=6477"}],"wp:term":[{"taxonomy":"product_brand","embeddable":true,"href":"https:\/\/theperfumebottles.com\/sv\/wp-json\/wp\/v2\/product_brand?post=6477"},{"taxonomy":"product_cat","embeddable":true,"href":"https:\/\/theperfumebottles.com\/sv\/wp-json\/wp\/v2\/product_cat?post=6477"},{"taxonomy":"product_tag","embeddable":true,"href":"https:\/\/theperfumebottles.com\/sv\/wp-json\/wp\/v2\/product_tag?post=6477"}],"curies":[{"name":"wp","href":"https:\/\/api.w.org\/{rel}","templated":true}]}}