{"id":6517,"date":"2025-09-22T12:52:43","date_gmt":"2025-09-22T04:52:43","guid":{"rendered":"https:\/\/theperfumebottles.com\/?post_type=product&#038;p=6517"},"modified":"2025-09-22T13:28:19","modified_gmt":"2025-09-22T05:28:19","slug":"wholesale-5ml-9ml-refill-perfume-bottles","status":"publish","type":"product","link":"https:\/\/theperfumebottles.com\/sv\/produkt\/wholesale-5ml-9ml-refill-perfume-bottles\/","title":{"rendered":"Partihandel 5ml 9ml Refill Parfymflaskor"},"content":{"rendered":"<h2>Uppt\u00e4ck v\u00e5r premium \u00e5terfyllningsbara parfymf\u00f6rst\u00e4rkare<\/h2>\n<p>V\u00e5r innovativa parfymflaska med refill \u00e4r utformad f\u00f6r att m\u00f6ta kraven fr\u00e5n moderna resor och erbjuder bekv\u00e4mlighet, stil och \u00f6verl\u00e4gsen prestanda. Perfekt f\u00f6r dig som \u00e4r p\u00e5 spr\u00e5ng, denna mini- och b\u00e4rbara atomizer \u00e4r ett idealiskt val f\u00f6r din produktlinje.<\/p>\n<h2>Viktiga specifikationer:<\/h2>\n<table style=\"border-collapse: collapse; width: 486.77pt; margin-left: auto; margin-right: auto;\" border=\"0\" width=\"649\" cellspacing=\"0\" cellpadding=\"0\">\n<tbody>\n<tr style=\"height: 13.50pt;\">\n<td style=\"height: 13.50pt; width: 94.50pt;\" width=\"126\" height=\"18\">S\u00e4rdrag<\/td>\n<td style=\"width: 392.25pt;\" width=\"523\">Detalj<\/td>\n<\/tr>\n<tr style=\"height: 13.50pt;\">\n<td style=\"height: 13.50pt;\" height=\"18\">Material<\/td>\n<td>PCTG + Ren Koppar L\u00e4ckages\u00e4ker Bas, Elektropl\u00e4terad Aluminiumh\u00f6lje<\/td>\n<\/tr>\n<tr style=\"height: 13.50pt;\">\n<td style=\"height: 13.50pt;\" height=\"18\">Kapacitet<\/td>\n<td>5 ml (1,8 * 8,7 cm), 9 ml (2,2 * 10 cm)<\/td>\n<\/tr>\n<tr style=\"height: 13.50pt;\">\n<td style=\"height: 13.50pt;\" height=\"18\">Form<\/td>\n<td>Cylindrisk<\/td>\n<\/tr>\n<tr style=\"height: 13.50pt;\">\n<td style=\"height: 13.50pt;\" height=\"18\">Fyllningsmetod<\/td>\n<td>Bottenfyllning<\/td>\n<\/tr>\n<tr style=\"height: 13.50pt;\">\n<td style=\"height: 13.50pt;\" height=\"18\">Innerflaska<\/td>\n<td>Klar, h\u00f6g transparens, god t\u00e4tning, icke-flyktig<\/td>\n<\/tr>\n<tr style=\"height: 13.50pt;\">\n<td style=\"height: 13.50pt;\" height=\"18\">Anv\u00e4ndande<\/td>\n<td>Dispensering av parfym, alkohol, toalettvatten<\/td>\n<\/tr>\n<\/tbody>\n<\/table>\n<h2>Framg\u00e5ngssaga:<\/h2>\n<p>Ett boutique-parfymm\u00e4rke integrerade nyligen v\u00e5r 5 ml parfymflaska i sin resekollektion. Han rapporterade en \u00f6kning med 40 % i f\u00f6rs\u00e4ljningen av sina reseformade s\u00f6kset under f\u00f6rsta kvartalet, vilket ledde till en enkel anv\u00e4ndning av flaskan och en premiumk\u00e4nsla. Kunderna \u00e4lskade att ha sin favoritparfym i en b\u00e4rbar och reflexv\u00e4nlig aromflaska.<\/p>\n<h2>Anpassning och grossistm\u00f6jlighet:<\/h2>\n<p>Som en stor tillverkare och grossistleverant\u00f6r f\u00f6rst\u00e5r vi ert behov av unik varum\u00e4rkesbyggande. Vi erbjuder ett brett utbud av anpassade alternativ f\u00f6r era p\u00e5fyllningsflaskor f\u00f6r parfymer, inklusive olika f\u00e4rgalternativ, ytbehandlingar och specifik kapacitet. Oavsett om ni beh\u00f6ver en liten best\u00e4llning eller grossistvolym, finns vi h\u00e4r f\u00f6r att st\u00f6dja ert varum\u00e4rkes vision. V\u00e4lj oss som er p\u00e5litliga leverant\u00f6r f\u00f6r alternativen av parfymflaskor i glas och innovativ atmosf\u00e4r.<\/p>\n<h2>F\u00e5 ditt gratisprov idag!<\/h2>\n<p>Kvalitet ivrig att se f\u00f6rsta g\u00e5ngen? Gratisprover finns tillg\u00e4ngliga f\u00f6r kvalificerade grossistf\u00f6rfr\u00e5gningar. <a href=\"https:\/\/theperfumebottles.com\/sv\/contact\/\">Kontakta oss<\/a> idag f\u00f6r att diskutera era anpassningskrav, frakt- och distributionsalternativ. Elitisera ert varum\u00e4rke med v\u00e5ra premium sprayflaskl\u00f6sningar.<\/p>","protected":false},"excerpt":{"rendered":"<p>Uppt\u00e4ck v\u00e5r h\u00f6gkvalitativa <strong>p\u00e5fyllning av parfymflaska<\/strong>, perfekt f\u00f6r resor och idealisk f\u00f6r varum\u00e4rken som s\u00f6ker b\u00e4rbara f\u00f6r\u00e5ngare i grossistledet med anpassade alternativ.<\/p>","protected":false},"featured_media":6520,"comment_status":"closed","ping_status":"closed","template":"","meta":{"_acf_changed":false,"site-sidebar-layout":"default","site-content-layout":"","ast-site-content-layout":"default","site-content-style":"default","site-sidebar-style":"default","ast-global-header-display":"","ast-banner-title-visibility":"","ast-main-header-display":"","ast-hfb-above-header-display":"","ast-hfb-below-header-display":"","ast-hfb-mobile-header-display":"","site-post-title":"","ast-breadcrumbs-content":"","ast-featured-img":"","footer-sml-layout":"","ast-disable-related-posts":"","theme-transparent-header-meta":"default","adv-header-id-meta":"","stick-header-meta":"","header-above-stick-meta":"","header-main-stick-meta":"","header-below-stick-meta":"","astra-migrate-meta-layouts":"set","ast-page-background-enabled":"default","ast-page-background-meta":{"desktop":{"background-color":"var(--ast-global-color-5)","background-image":"","background-repeat":"repeat","background-position":"center center","background-size":"auto","background-attachment":"scroll","background-type":"","background-media":"","overlay-type":"","overlay-color":"","overlay-opacity":"","overlay-gradient":""},"tablet":{"background-color":"","background-image":"","background-repeat":"repeat","background-position":"center center","background-size":"auto","background-attachment":"scroll","background-type":"","background-media":"","overlay-type":"","overlay-color":"","overlay-opacity":"","overlay-gradient":""},"mobile":{"background-color":"","background-image":"","background-repeat":"repeat","background-position":"center center","background-size":"auto","background-attachment":"scroll","background-type":"","background-media":"","overlay-type":"","overlay-color":"","overlay-opacity":"","overlay-gradient":""}},"ast-content-background-meta":{"desktop":{"background-color":"var(--ast-global-color-4)","background-image":"","background-repeat":"repeat","background-position":"center center","background-size":"auto","background-attachment":"scroll","background-type":"","background-media":"","overlay-type":"","overlay-color":"","overlay-opacity":"","overlay-gradient":""},"tablet":{"background-color":"var(--ast-global-color-4)","background-image":"","background-repeat":"repeat","background-position":"center center","background-size":"auto","background-attachment":"scroll","background-type":"","background-media":"","overlay-type":"","overlay-color":"","overlay-opacity":"","overlay-gradient":""},"mobile":{"background-color":"var(--ast-global-color-4)","background-image":"","background-repeat":"repeat","background-position":"center center","background-size":"auto","background-attachment":"scroll","background-type":"","background-media":"","overlay-type":"","overlay-color":"","overlay-opacity":"","overlay-gradient":""}}},"product_brand":[],"product_cat":[72,90,41],"product_tag":[],"class_list":{"0":"post-6517","1":"product","2":"type-product","3":"status-publish","4":"has-post-thumbnail","6":"product_cat-cosmetic-packaging","7":"product_cat-refillable-perfume-bottles","8":"product_cat-perfume-bottles","9":"desktop-align-left","10":"tablet-align-left","11":"mobile-align-left","13":"first","14":"instock","15":"shipping-taxable","16":"product-type-simple"},"acf":[],"jetpack_sharing_enabled":true,"_links":{"self":[{"href":"https:\/\/theperfumebottles.com\/sv\/wp-json\/wp\/v2\/product\/6517","targetHints":{"allow":["GET"]}}],"collection":[{"href":"https:\/\/theperfumebottles.com\/sv\/wp-json\/wp\/v2\/product"}],"about":[{"href":"https:\/\/theperfumebottles.com\/sv\/wp-json\/wp\/v2\/types\/product"}],"replies":[{"embeddable":true,"href":"https:\/\/theperfumebottles.com\/sv\/wp-json\/wp\/v2\/comments?post=6517"}],"wp:featuredmedia":[{"embeddable":true,"href":"https:\/\/theperfumebottles.com\/sv\/wp-json\/wp\/v2\/media\/6520"}],"wp:attachment":[{"href":"https:\/\/theperfumebottles.com\/sv\/wp-json\/wp\/v2\/media?parent=6517"}],"wp:term":[{"taxonomy":"product_brand","embeddable":true,"href":"https:\/\/theperfumebottles.com\/sv\/wp-json\/wp\/v2\/product_brand?post=6517"},{"taxonomy":"product_cat","embeddable":true,"href":"https:\/\/theperfumebottles.com\/sv\/wp-json\/wp\/v2\/product_cat?post=6517"},{"taxonomy":"product_tag","embeddable":true,"href":"https:\/\/theperfumebottles.com\/sv\/wp-json\/wp\/v2\/product_tag?post=6517"}],"curies":[{"name":"wp","href":"https:\/\/api.w.org\/{rel}","templated":true}]}}