{"id":7021,"date":"2025-11-11T13:12:13","date_gmt":"2025-11-11T05:12:13","guid":{"rendered":"https:\/\/theperfumebottles.com\/?post_type=product&#038;p=7021"},"modified":"2025-12-10T11:40:29","modified_gmt":"2025-12-10T03:40:29","slug":"perfume-refill-bottles-wholesaler","status":"publish","type":"product","link":"https:\/\/theperfumebottles.com\/sv\/produkt\/perfume-refill-bottles-wholesaler\/","title":{"rendered":"8ml parfymp\u00e5fyllningsflaskor grossist f\u00f6r resor, daglig anv\u00e4ndning"},"content":{"rendered":"<p>Utforska v\u00e5ra \u00e5terfyllningsbara glasdoftflaskor som \u00e4r utformade f\u00f6r att imponera p\u00e5 ditt varum\u00e4rkes presentation. Vi tillverkar varje flaska s\u00e5 att din doft blir h\u00f6jdpunkten och \u00e4nd\u00e5 erbjuder en vacker och funktionell vara till dina kunder. V\u00e4lj den sorten som ber\u00e4ttar din varum\u00e4rkeshistoria utan ord.<\/p>\n<h2>Viktiga specifikationer<\/h2>\n<table style=\"border-collapse: collapse; width: 80%; margin-left: auto; margin-right: auto;\" border=\"0\" width=\"144\" cellspacing=\"0\" cellpadding=\"0\">\n<tbody>\n<tr style=\"height: 13.50pt;\">\n<td style=\"height: 13.5pt; width: 54pt; text-align: center;\" width=\"72\" height=\"18\">S\u00e4rdrag<\/td>\n<td style=\"width: 54pt; text-align: center;\" width=\"72\">Detaljer<\/td>\n<\/tr>\n<tr style=\"height: 13.50pt;\">\n<td style=\"height: 13.5pt; text-align: center;\" height=\"18\">Kapacitet<\/td>\n<td style=\"text-align: center;\">8 ml<\/td>\n<\/tr>\n<tr style=\"height: 13.50pt;\">\n<td style=\"height: 13.5pt; text-align: center;\" height=\"18\">M\u00e5tt<\/td>\n<td style=\"text-align: center;\">1,7 * 8,4 cm<\/td>\n<\/tr>\n<tr style=\"height: 13.50pt;\">\n<td style=\"height: 13.5pt; text-align: center;\" height=\"18\">Flaskmaterial<\/td>\n<td style=\"text-align: center;\">Genomskinligt glas<\/td>\n<\/tr>\n<tr style=\"height: 13.50pt;\">\n<td style=\"height: 13.5pt; text-align: center;\" height=\"18\">M\u00f6ssalternativ<\/td>\n<td style=\"text-align: center;\">Guld, Silver, Bl\u00e5, Rosa, Svart<\/td>\n<\/tr>\n<tr style=\"height: 13.50pt;\">\n<td style=\"height: 13.5pt; text-align: center;\" height=\"18\">T\u00e4tningstyp<\/td>\n<td style=\"text-align: center;\">Pumpspray<\/td>\n<\/tr>\n<tr style=\"height: 13.50pt;\">\n<td style=\"height: 13.5pt; text-align: center;\" height=\"18\">B\u00e4st f\u00f6r<\/td>\n<td style=\"text-align: center;\">Parfym, eteriska oljor, doftsprayer<\/td>\n<\/tr>\n<\/tbody>\n<\/table>\n<h2>Framg\u00e5ngsfall<\/h2>\n<p>En av v\u00e5ra 8 ml p\u00e5fyllningsbara parfymflaskor valdes ut av ett trendigt parfymm\u00e4rke f\u00f6r att ing\u00e5 i deras reseset-kollektion. F\u00f6rs\u00e4ljningen av deras reseset har \u00f6kat med 35 % p\u00e5 bara tre m\u00e5nader \u2013 den p\u00e5fyllningsbara designen g\u00f6r det m\u00f6jligt f\u00f6r anv\u00e4ndarna att alltid ha sina mest \u00e4lskade dofter med sig, och spraymunstyckets design hj\u00e4lper till att minska l\u00e4ckage och ger en fin dimma.<\/p>\n<h2>V\u00e4gledning f\u00f6r anpassning<\/h2>\n<ol>\n<li><strong>Ytbehandling:<\/strong> Olika ytbehandlingar som frostad, klar och gradientgalvanisering kan anpassas f\u00f6r att skapa unika visuella effekter.<\/li>\n<li><strong>Flaskkorksdesign:<\/strong> Anpassningsbara aluminiumlock, plastlock eller metalllock som kan galvaniseras, med antingen en blank eller matt finish, kan du v\u00e4lja.<\/li>\n<li><strong>F\u00e4rg- och logotyputskrift:<\/strong> Det finns m\u00e5nga f\u00e4rger att v\u00e4lja mellan som matchar ditt varum\u00e4rkes f\u00e4rgschema, som elektropl\u00e4terat guld, ros\u00e9guld, silver, svart och bl\u00e5.<\/li>\n<\/ol>","protected":false},"excerpt":{"rendered":"<p>Uppt\u00e4ck snygga parfymflaskor med metallkork. V\u00e5ra p\u00e5fyllningsbara parfymflaskor \u00e4r perfekta f\u00f6r resor, enkla att anv\u00e4nda och milj\u00f6v\u00e4nliga.<\/p>","protected":false},"featured_media":7191,"comment_status":"open","ping_status":"closed","template":"","meta":{"_acf_changed":false,"site-sidebar-layout":"default","site-content-layout":"","ast-site-content-layout":"default","site-content-style":"default","site-sidebar-style":"default","ast-global-header-display":"","ast-banner-title-visibility":"","ast-main-header-display":"","ast-hfb-above-header-display":"","ast-hfb-below-header-display":"","ast-hfb-mobile-header-display":"","site-post-title":"","ast-breadcrumbs-content":"","ast-featured-img":"","footer-sml-layout":"","ast-disable-related-posts":"","theme-transparent-header-meta":"default","adv-header-id-meta":"","stick-header-meta":"","header-above-stick-meta":"","header-main-stick-meta":"","header-below-stick-meta":"","astra-migrate-meta-layouts":"set","ast-page-background-enabled":"default","ast-page-background-meta":{"desktop":{"background-color":"var(--ast-global-color-5)","background-image":"","background-repeat":"repeat","background-position":"center center","background-size":"auto","background-attachment":"scroll","background-type":"","background-media":"","overlay-type":"","overlay-color":"","overlay-opacity":"","overlay-gradient":""},"tablet":{"background-color":"","background-image":"","background-repeat":"repeat","background-position":"center center","background-size":"auto","background-attachment":"scroll","background-type":"","background-media":"","overlay-type":"","overlay-color":"","overlay-opacity":"","overlay-gradient":""},"mobile":{"background-color":"","background-image":"","background-repeat":"repeat","background-position":"center center","background-size":"auto","background-attachment":"scroll","background-type":"","background-media":"","overlay-type":"","overlay-color":"","overlay-opacity":"","overlay-gradient":""}},"ast-content-background-meta":{"desktop":{"background-color":"var(--ast-global-color-4)","background-image":"","background-repeat":"repeat","background-position":"center center","background-size":"auto","background-attachment":"scroll","background-type":"","background-media":"","overlay-type":"","overlay-color":"","overlay-opacity":"","overlay-gradient":""},"tablet":{"background-color":"var(--ast-global-color-4)","background-image":"","background-repeat":"repeat","background-position":"center center","background-size":"auto","background-attachment":"scroll","background-type":"","background-media":"","overlay-type":"","overlay-color":"","overlay-opacity":"","overlay-gradient":""},"mobile":{"background-color":"var(--ast-global-color-4)","background-image":"","background-repeat":"repeat","background-position":"center center","background-size":"auto","background-attachment":"scroll","background-type":"","background-media":"","overlay-type":"","overlay-color":"","overlay-opacity":"","overlay-gradient":""}}},"product_brand":[],"product_cat":[90,41],"product_tag":[],"class_list":{"0":"post-7021","1":"product","2":"type-product","3":"status-publish","4":"has-post-thumbnail","6":"product_cat-refillable-perfume-bottles","7":"product_cat-perfume-bottles","8":"desktop-align-left","9":"tablet-align-left","10":"mobile-align-left","12":"first","13":"instock","14":"shipping-taxable","15":"product-type-simple"},"acf":[],"jetpack_sharing_enabled":true,"_links":{"self":[{"href":"https:\/\/theperfumebottles.com\/sv\/wp-json\/wp\/v2\/product\/7021","targetHints":{"allow":["GET"]}}],"collection":[{"href":"https:\/\/theperfumebottles.com\/sv\/wp-json\/wp\/v2\/product"}],"about":[{"href":"https:\/\/theperfumebottles.com\/sv\/wp-json\/wp\/v2\/types\/product"}],"replies":[{"embeddable":true,"href":"https:\/\/theperfumebottles.com\/sv\/wp-json\/wp\/v2\/comments?post=7021"}],"wp:featuredmedia":[{"embeddable":true,"href":"https:\/\/theperfumebottles.com\/sv\/wp-json\/wp\/v2\/media\/7191"}],"wp:attachment":[{"href":"https:\/\/theperfumebottles.com\/sv\/wp-json\/wp\/v2\/media?parent=7021"}],"wp:term":[{"taxonomy":"product_brand","embeddable":true,"href":"https:\/\/theperfumebottles.com\/sv\/wp-json\/wp\/v2\/product_brand?post=7021"},{"taxonomy":"product_cat","embeddable":true,"href":"https:\/\/theperfumebottles.com\/sv\/wp-json\/wp\/v2\/product_cat?post=7021"},{"taxonomy":"product_tag","embeddable":true,"href":"https:\/\/theperfumebottles.com\/sv\/wp-json\/wp\/v2\/product_tag?post=7021"}],"curies":[{"name":"wp","href":"https:\/\/api.w.org\/{rel}","templated":true}]}}