{"id":7026,"date":"2025-11-11T14:11:22","date_gmt":"2025-11-11T06:11:22","guid":{"rendered":"https:\/\/theperfumebottles.com\/?post_type=product&#038;p=7026"},"modified":"2025-11-11T14:23:34","modified_gmt":"2025-11-11T06:23:34","slug":"perfume-refill-bottle-bulk-order","status":"publish","type":"product","link":"https:\/\/theperfumebottles.com\/sv\/produkt\/perfume-refill-bottle-bulk-order\/","title":{"rendered":"5 ml parfymp\u00e5fyllningsflaska f\u00f6r dagligt bruk, bulkbest\u00e4llning"},"content":{"rendered":"<p>Du \u00e4r\u200d\u200d\u200d\u200d\u200d\u200d p\u00e5 jakt efter en parfymflaska som p\u00e5 ett perfekt s\u00e4tt lyfter ditt varum\u00e4rkes visuella intryck. V\u00e5r refill parfymflaska p\u00e5 5 ml \u00e4r definitivt den r\u00e4tta! Den \u00e4r gjord f\u00f6r att l\u00e5ta din doft st\u00e5 i centrum och \u00e4nd\u00e5 erbjuda dina kunder en snygg och praktisk sk\u00f6nhet. Det \u00e4r sv\u00e5rt att motst\u00e5 stilen och funktionen som g\u00e5r hand i hand i denna f\u00f6rpackningslinjeprodukt.<\/p>\n<h2>Viktiga specifikationer<\/h2>\n<table style=\"border-collapse: collapse;width: 80%;margin-left: auto;margin-right: auto\" border=\"0\" width=\"144\" cellspacing=\"0\" cellpadding=\"0\">\n<tbody>\n<tr style=\"height: 13.50pt\">\n<td style=\"height: 13.5pt;width: 54pt;text-align: center\" width=\"72\" height=\"18\">S\u00e4rdrag<\/td>\n<td style=\"width: 54pt;text-align: center\" width=\"72\">Detaljer<\/td>\n<\/tr>\n<tr style=\"height: 13.50pt\">\n<td style=\"height: 13.5pt;text-align: center\" height=\"18\">Kapacitet<\/td>\n<td style=\"text-align: center\">5 ml<\/td>\n<\/tr>\n<tr style=\"height: 13.50pt\">\n<td style=\"height: 13.5pt;text-align: center\" height=\"18\">M\u00e5tt<\/td>\n<td style=\"text-align: center\">1,7 * 8,1 cm<\/td>\n<\/tr>\n<tr style=\"height: 13.50pt\">\n<td style=\"height: 13.5pt;text-align: center\" height=\"18\">Material<\/td>\n<td style=\"text-align: center\">Aluminium med f\u00f6nster av transparent glas<\/td>\n<\/tr>\n<tr style=\"height: 13.50pt\">\n<td style=\"height: 13.5pt;text-align: center\" height=\"18\">F\u00e4rgalternativ<\/td>\n<td style=\"text-align: center\">Bl\u00e5, gr\u00f6n, r\u00f6d, gul, lila<\/td>\n<\/tr>\n<tr style=\"height: 13.50pt\">\n<td style=\"height: 13.5pt;text-align: center\" height=\"18\">B\u00e4st f\u00f6r<\/td>\n<td style=\"text-align: center\">Parfym, eteriska oljor, doftsprayer<\/td>\n<\/tr>\n<\/tbody>\n<\/table>\n<h2>Framg\u00e5ngsfall<\/h2>\n<p>Ett franskt parfymm\u00e4rke kontaktade oss f\u00f6r att skr\u00e4ddarsy denna aluminiumkapslade parfymrefillflaska f\u00f6r deras b\u00e4rbara sortiment, med ett transparent f\u00f6nster f\u00f6r enkel visning av \u00e5terst\u00e5ende m\u00e4ngd. Flaskan anv\u00e4nder en anodiseringsprocess f\u00f6r att uppn\u00e5 en m\u00e4ngd olika livfulla f\u00e4rger och \u00e4r graverad med varum\u00e4rkets logotyp.<\/p>\n<p>Efter lanseringen av den nya f\u00f6rpackningen \u00f6kade f\u00f6rs\u00e4ljningen av varum\u00e4rkets portabla sortiment med 38%.<\/p>\n<h2>Anpassa din flaska<\/h2>\n<ol>\n<li><strong>Material\u200d\u200d\u200d\u200d\u200d\u200d\u200d och kapacitetsval:<\/strong> Kombinationen av ett yttre aluminiumskal och en inre glas- eller plastflaska ger en produkt som \u00e4r b\u00e5de l\u00e4tt i vikt och stark. Kapaciteterna 5 ml, 8 ml och 10 ml finns tillg\u00e4ngliga f\u00f6r att kunna t\u00e4cka olika situationer (resor, vardagsb\u00e4rande etc.).<\/li>\n<li><strong>Munstyckets utformning:<\/strong> Du kan v\u00e4lja ett munstycke f\u00f6r fin dimma som kan f\u00f6rfinas ytterligare f\u00f6r en finare finf\u00f6rdelning; eller helt enkelt v\u00e4lja en roterande l\u00e5smekanism f\u00f6r att f\u00f6rhindra oavsiktlig sprutning och f\u00f6r att g\u00f6ra enheten mer b\u00e4rbar.<\/li>\n<li><strong>F\u00f6nstrets form och genomskinlighet:<\/strong> Det finns anpassningsbara visningsf\u00f6nster i olika former (remsa, oval, hj\u00e4rta osv.) med variabel transparens f\u00f6r att vara b\u00e5de elegant och \u200d\u200d\u200d\u200d\u200d\u200d\u200dnyttig.<\/li>\n<\/ol>","protected":false},"excerpt":{"rendered":"<p>L\u00e4ttviktig parfymrefillflaska med genomskinligt f\u00f6nster. Perfekt refillflaska f\u00f6r resor, l\u00e4tt att b\u00e4ra med sig och fylla p\u00e5 n\u00e4r som helst.<\/p>","protected":false},"featured_media":7027,"comment_status":"open","ping_status":"closed","template":"","meta":{"_acf_changed":false,"site-sidebar-layout":"default","site-content-layout":"","ast-site-content-layout":"default","site-content-style":"default","site-sidebar-style":"default","ast-global-header-display":"","ast-banner-title-visibility":"","ast-main-header-display":"","ast-hfb-above-header-display":"","ast-hfb-below-header-display":"","ast-hfb-mobile-header-display":"","site-post-title":"","ast-breadcrumbs-content":"","ast-featured-img":"","footer-sml-layout":"","ast-disable-related-posts":"","theme-transparent-header-meta":"default","adv-header-id-meta":"","stick-header-meta":"","header-above-stick-meta":"","header-main-stick-meta":"","header-below-stick-meta":"","astra-migrate-meta-layouts":"set","ast-page-background-enabled":"default","ast-page-background-meta":{"desktop":{"background-color":"var(--ast-global-color-5)","background-image":"","background-repeat":"repeat","background-position":"center center","background-size":"auto","background-attachment":"scroll","background-type":"","background-media":"","overlay-type":"","overlay-color":"","overlay-opacity":"","overlay-gradient":""},"tablet":{"background-color":"","background-image":"","background-repeat":"repeat","background-position":"center center","background-size":"auto","background-attachment":"scroll","background-type":"","background-media":"","overlay-type":"","overlay-color":"","overlay-opacity":"","overlay-gradient":""},"mobile":{"background-color":"","background-image":"","background-repeat":"repeat","background-position":"center center","background-size":"auto","background-attachment":"scroll","background-type":"","background-media":"","overlay-type":"","overlay-color":"","overlay-opacity":"","overlay-gradient":""}},"ast-content-background-meta":{"desktop":{"background-color":"var(--ast-global-color-4)","background-image":"","background-repeat":"repeat","background-position":"center center","background-size":"auto","background-attachment":"scroll","background-type":"","background-media":"","overlay-type":"","overlay-color":"","overlay-opacity":"","overlay-gradient":""},"tablet":{"background-color":"var(--ast-global-color-4)","background-image":"","background-repeat":"repeat","background-position":"center center","background-size":"auto","background-attachment":"scroll","background-type":"","background-media":"","overlay-type":"","overlay-color":"","overlay-opacity":"","overlay-gradient":""},"mobile":{"background-color":"var(--ast-global-color-4)","background-image":"","background-repeat":"repeat","background-position":"center center","background-size":"auto","background-attachment":"scroll","background-type":"","background-media":"","overlay-type":"","overlay-color":"","overlay-opacity":"","overlay-gradient":""}}},"product_brand":[],"product_cat":[72,90],"product_tag":[],"class_list":{"0":"post-7026","1":"product","2":"type-product","3":"status-publish","4":"has-post-thumbnail","6":"product_cat-cosmetic-packaging","7":"product_cat-refillable-perfume-bottles","8":"desktop-align-left","9":"tablet-align-left","10":"mobile-align-left","12":"first","13":"instock","14":"shipping-taxable","15":"product-type-simple"},"acf":[],"jetpack_sharing_enabled":true,"_links":{"self":[{"href":"https:\/\/theperfumebottles.com\/sv\/wp-json\/wp\/v2\/product\/7026","targetHints":{"allow":["GET"]}}],"collection":[{"href":"https:\/\/theperfumebottles.com\/sv\/wp-json\/wp\/v2\/product"}],"about":[{"href":"https:\/\/theperfumebottles.com\/sv\/wp-json\/wp\/v2\/types\/product"}],"replies":[{"embeddable":true,"href":"https:\/\/theperfumebottles.com\/sv\/wp-json\/wp\/v2\/comments?post=7026"}],"wp:featuredmedia":[{"embeddable":true,"href":"https:\/\/theperfumebottles.com\/sv\/wp-json\/wp\/v2\/media\/7027"}],"wp:attachment":[{"href":"https:\/\/theperfumebottles.com\/sv\/wp-json\/wp\/v2\/media?parent=7026"}],"wp:term":[{"taxonomy":"product_brand","embeddable":true,"href":"https:\/\/theperfumebottles.com\/sv\/wp-json\/wp\/v2\/product_brand?post=7026"},{"taxonomy":"product_cat","embeddable":true,"href":"https:\/\/theperfumebottles.com\/sv\/wp-json\/wp\/v2\/product_cat?post=7026"},{"taxonomy":"product_tag","embeddable":true,"href":"https:\/\/theperfumebottles.com\/sv\/wp-json\/wp\/v2\/product_tag?post=7026"}],"curies":[{"name":"wp","href":"https:\/\/api.w.org\/{rel}","templated":true}]}}