{"id":7031,"date":"2025-11-11T15:55:53","date_gmt":"2025-11-11T07:55:53","guid":{"rendered":"https:\/\/theperfumebottles.com\/?post_type=product&#038;p=7031"},"modified":"2025-11-11T17:29:30","modified_gmt":"2025-11-11T09:29:30","slug":"10ml-double-end-perfume-bottles-wholesaler","status":"publish","type":"product","link":"https:\/\/theperfumebottles.com\/sv\/produkt\/10ml-double-end-perfume-bottles-wholesaler\/","title":{"rendered":"10 ml parfymflaskor med dubbla \u00e4ndar f\u00f6r resedoft i bulk"},"content":{"rendered":"<p>Utan att tappa stilen vill du ha en parfymburk som kan utf\u00f6ra tv\u00e5 funktioner samtidigt. V\u00e5ra 10 ml parfymflaskor med dubbla \u00e4ndar \u00e4r precis vad som kr\u00e4vs \u2013 designade f\u00f6r sk\u00f6nhet och daglig bekv\u00e4mlighet. En av dessa 2-i-1-glasflaskor kommer att helt f\u00f6r\u00e4ndra din doftupplevelse och du kommer att bli f\u00f6rv\u00e5nad.<\/p>\n<h2>Viktiga specifikationer<\/h2>\n<table style=\"border-collapse: collapse;width: 80%;margin-left: auto;margin-right: auto\" border=\"0\" width=\"144\" cellspacing=\"0\" cellpadding=\"0\">\n<tbody>\n<tr style=\"height: 13.50pt\">\n<td style=\"height: 13.5pt;width: 54pt;text-align: center\" width=\"72\" height=\"18\">S\u00e4rdrag<\/td>\n<td style=\"width: 54pt;text-align: center\" width=\"72\">Detaljer<\/td>\n<\/tr>\n<tr style=\"height: 13.50pt\">\n<td style=\"height: 13.5pt;text-align: center\" height=\"18\">Kapacitet<\/td>\n<td style=\"text-align: center\">10 ml<\/td>\n<\/tr>\n<tr style=\"height: 13.50pt\">\n<td style=\"height: 13.5pt;text-align: center\" height=\"18\">M\u00e5tt<\/td>\n<td style=\"text-align: center\">1,9 * 10,5 cm<\/td>\n<\/tr>\n<tr style=\"height: 13.50pt\">\n<td style=\"height: 13.5pt;text-align: center\" height=\"18\">Glasalternativ<\/td>\n<td style=\"text-align: center\">Klar eller b\u00e4rnstensf\u00e4rgad<\/td>\n<\/tr>\n<tr style=\"height: 13.50pt\">\n<td style=\"height: 13.5pt;text-align: center\" height=\"18\">F\u00e4rger p\u00e5 kepsarna<\/td>\n<td style=\"text-align: center\">Svart, Silver, Guld (anpassningsbar)<\/td>\n<\/tr>\n<tr style=\"height: 13.50pt\">\n<td style=\"height: 13.5pt;text-align: center\" height=\"18\">Typer av f\u00f6r\u00e5ngare<\/td>\n<td style=\"text-align: center\">Spray och roll-on (dubbelt huvud)<\/td>\n<\/tr>\n<tr style=\"height: 13.50pt\">\n<td style=\"height: 13.5pt;text-align: center\" height=\"18\">B\u00e4st f\u00f6r<\/td>\n<td style=\"text-align: center\">Parfym, eteriska oljor, kroppssprayer<\/td>\n<\/tr>\n<\/tbody>\n<\/table>\n<h2>Framg\u00e5ngsfall<\/h2>\n<p>Vi blev kontaktade av ett spanskt parfymm\u00e4rke f\u00f6r att anpassa denna parfymp\u00e5fyllningsflaska med dubbla \u00e4ndar. Ena \u00e4nden \u00e4r ett spraymunstycke och den andra en rollerball i rostfritt st\u00e5l f\u00f6r exakt applicering. De valde en tonad b\u00e4rnstensf\u00e4rgad finish och varum\u00e4rkeslogotypen lasergraverades p\u00e5 metallkorken. D\u00e4rmed passade deras minimalistiska men lyxiga estetik perfekt.<\/p>\n<p>Denna lilla fiffiga id\u00e9 var mycket efterfr\u00e5gad av kunderna och f\u00f6ljaktligen har f\u00f6rs\u00e4ljningen av produkter i resestorlek \u00f6kat med 30 % efter lanseringen.<\/p>\n<h2>Anpassa din flaska<\/h2>\n<ol>\n<li><strong>Anpassning av flaskans f\u00e4rg:<\/strong> V\u00e4lj mellan klara, bruna, tonade eller frostade verk f\u00f6r att matcha ditt varum\u00e4rkes parfymlinje eller s\u00e4songstema.<\/li>\n<li><strong>Material och f\u00e4rg p\u00e5 locket:<\/strong> Har olika metallutseenden som elektropl\u00e4terat guld, silver, svart och ros\u00e9guld, vilket uppgraderar produktens \u00f6vergripande niv\u00e5.<\/li>\n<li><strong>Kombination av spruta och rollerballmunstycke:<\/strong> Ett personligt sprutmunstycke, design med dubbla huvuden eller avtagbar struktur f\u00f6r enkel p\u00e5fyllning och multifunktionell anv\u00e4ndning.<\/li>\n<\/ol>","protected":false},"excerpt":{"rendered":"<p>Snygga parfymflaskor med dubbla \u00e4ndar tillverkade av h\u00e5llbar 2-i-1-glasdesign, perfekta f\u00f6r att f\u00f6rvara tv\u00e5 dofter i en kompakt, l\u00e4ckages\u00e4ker beh\u00e5llare.<\/p>","protected":false},"featured_media":7033,"comment_status":"open","ping_status":"closed","template":"","meta":{"_acf_changed":false,"site-sidebar-layout":"default","site-content-layout":"","ast-site-content-layout":"default","site-content-style":"default","site-sidebar-style":"default","ast-global-header-display":"","ast-banner-title-visibility":"","ast-main-header-display":"","ast-hfb-above-header-display":"","ast-hfb-below-header-display":"","ast-hfb-mobile-header-display":"","site-post-title":"","ast-breadcrumbs-content":"","ast-featured-img":"","footer-sml-layout":"","ast-disable-related-posts":"","theme-transparent-header-meta":"default","adv-header-id-meta":"","stick-header-meta":"","header-above-stick-meta":"","header-main-stick-meta":"","header-below-stick-meta":"","astra-migrate-meta-layouts":"set","ast-page-background-enabled":"default","ast-page-background-meta":{"desktop":{"background-color":"var(--ast-global-color-5)","background-image":"","background-repeat":"repeat","background-position":"center center","background-size":"auto","background-attachment":"scroll","background-type":"","background-media":"","overlay-type":"","overlay-color":"","overlay-opacity":"","overlay-gradient":""},"tablet":{"background-color":"","background-image":"","background-repeat":"repeat","background-position":"center center","background-size":"auto","background-attachment":"scroll","background-type":"","background-media":"","overlay-type":"","overlay-color":"","overlay-opacity":"","overlay-gradient":""},"mobile":{"background-color":"","background-image":"","background-repeat":"repeat","background-position":"center center","background-size":"auto","background-attachment":"scroll","background-type":"","background-media":"","overlay-type":"","overlay-color":"","overlay-opacity":"","overlay-gradient":""}},"ast-content-background-meta":{"desktop":{"background-color":"var(--ast-global-color-4)","background-image":"","background-repeat":"repeat","background-position":"center center","background-size":"auto","background-attachment":"scroll","background-type":"","background-media":"","overlay-type":"","overlay-color":"","overlay-opacity":"","overlay-gradient":""},"tablet":{"background-color":"var(--ast-global-color-4)","background-image":"","background-repeat":"repeat","background-position":"center center","background-size":"auto","background-attachment":"scroll","background-type":"","background-media":"","overlay-type":"","overlay-color":"","overlay-opacity":"","overlay-gradient":""},"mobile":{"background-color":"var(--ast-global-color-4)","background-image":"","background-repeat":"repeat","background-position":"center center","background-size":"auto","background-attachment":"scroll","background-type":"","background-media":"","overlay-type":"","overlay-color":"","overlay-opacity":"","overlay-gradient":""}}},"product_brand":[],"product_cat":[72,90,41],"product_tag":[],"class_list":{"0":"post-7031","1":"product","2":"type-product","3":"status-publish","4":"has-post-thumbnail","6":"product_cat-cosmetic-packaging","7":"product_cat-refillable-perfume-bottles","8":"product_cat-perfume-bottles","9":"desktop-align-left","10":"tablet-align-left","11":"mobile-align-left","13":"first","14":"instock","15":"shipping-taxable","16":"product-type-simple"},"acf":[],"jetpack_sharing_enabled":true,"_links":{"self":[{"href":"https:\/\/theperfumebottles.com\/sv\/wp-json\/wp\/v2\/product\/7031","targetHints":{"allow":["GET"]}}],"collection":[{"href":"https:\/\/theperfumebottles.com\/sv\/wp-json\/wp\/v2\/product"}],"about":[{"href":"https:\/\/theperfumebottles.com\/sv\/wp-json\/wp\/v2\/types\/product"}],"replies":[{"embeddable":true,"href":"https:\/\/theperfumebottles.com\/sv\/wp-json\/wp\/v2\/comments?post=7031"}],"wp:featuredmedia":[{"embeddable":true,"href":"https:\/\/theperfumebottles.com\/sv\/wp-json\/wp\/v2\/media\/7033"}],"wp:attachment":[{"href":"https:\/\/theperfumebottles.com\/sv\/wp-json\/wp\/v2\/media?parent=7031"}],"wp:term":[{"taxonomy":"product_brand","embeddable":true,"href":"https:\/\/theperfumebottles.com\/sv\/wp-json\/wp\/v2\/product_brand?post=7031"},{"taxonomy":"product_cat","embeddable":true,"href":"https:\/\/theperfumebottles.com\/sv\/wp-json\/wp\/v2\/product_cat?post=7031"},{"taxonomy":"product_tag","embeddable":true,"href":"https:\/\/theperfumebottles.com\/sv\/wp-json\/wp\/v2\/product_tag?post=7031"}],"curies":[{"name":"wp","href":"https:\/\/api.w.org\/{rel}","templated":true}]}}