{"id":7062,"date":"2025-11-20T11:41:58","date_gmt":"2025-11-20T03:41:58","guid":{"rendered":"https:\/\/theperfumebottles.com\/?post_type=product&#038;p=7062"},"modified":"2025-11-20T17:15:55","modified_gmt":"2025-11-20T09:15:55","slug":"2-in-1-spray-bottle-with-roller-ball-wholesale","status":"publish","type":"product","link":"https:\/\/theperfumebottles.com\/sv\/produkt\/2-in-1-spray-bottle-with-roller-ball-wholesale\/","title":{"rendered":"2 i 1 sprayflaska med rullboll grossist 10 ml"},"content":{"rendered":"<p>Den parfymflaska du vill ha beh\u00f6ver inte bara vara effektiv utan ocks\u00e5 snygg. V\u00e5ra sm\u00e5 10 ml glasflaskor med rullar \u00e4r precis vad du letade efter \u2013 en genuin 2-i-1-sprayflaska som passar perfekt f\u00f6r din parfymlinje. Denna parfymflaska i glas kommer utan tvekan att f\u00e5 ditt varum\u00e4rke att gl\u00e4nsa, och det \u00e4r n\u00e5got du inte kan motst\u00e5.<\/p>\n<h2>Viktiga specifikationer<\/h2>\n<table style=\"border-collapse: collapse;width: 80%;margin-left: auto;margin-right: auto\" border=\"0\" width=\"144\" cellspacing=\"0\" cellpadding=\"0\">\n<tbody>\n<tr style=\"height: 13.50pt\">\n<td style=\"height: 13.5pt;width: 54pt;text-align: center\" width=\"72\" height=\"18\">S\u00e4rdrag<\/td>\n<td style=\"width: 54pt;text-align: center\" width=\"72\">Detaljer<\/td>\n<\/tr>\n<tr style=\"height: 13.50pt\">\n<td style=\"height: 13.5pt;text-align: center\" height=\"18\">Kapacitet<\/td>\n<td style=\"text-align: center\">10 ml<\/td>\n<\/tr>\n<tr style=\"height: 13.50pt\">\n<td style=\"height: 13.5pt;text-align: center\" height=\"18\">M\u00e5tt<\/td>\n<td style=\"text-align: center\">1,6 * 10,0 cm<\/td>\n<\/tr>\n<tr style=\"height: 13.50pt\">\n<td style=\"height: 13.5pt;text-align: center\" height=\"18\">F\u00e4rger<\/td>\n<td style=\"text-align: center\">Silver, svart, guld (anpassningsbar)<\/td>\n<\/tr>\n<tr style=\"height: 13.50pt\">\n<td style=\"height: 13.5pt;text-align: center\" height=\"18\">F\u00f6r\u00e5ngare<\/td>\n<td style=\"text-align: center\">Spruta och roller (dubbelt huvud)<\/td>\n<\/tr>\n<tr style=\"height: 13.50pt\">\n<td style=\"height: 13.5pt;text-align: center\" height=\"18\">B\u00e4st f\u00f6r<\/td>\n<td style=\"text-align: center\">Parfym, eteriska oljor, doftsprayer<\/td>\n<\/tr>\n<\/tbody>\n<\/table>\n<h2>Framg\u00e5ngsfall<\/h2>\n<p>Vi blev kontaktade av ett kanadensiskt doftf\u00f6retag som ville ha en portabel f\u00f6rpackning som kunde f\u00f6rvara en fin parfymdimma s\u00e5v\u00e4l som en naturlig oljeblandning. V\u00e5r l\u00f6sning blev en 2-i-1-sprayflaska med ett elegant metallutsida och en liten inbyggd rollerball-applikator i glas. Efter f\u00e4rganpassningen av flaskan och uppgraderingen av spraypumpen f\u00f6r en mildare dimma, presenterade m\u00e4rket en kollektion i resestorlek, som blev deras b\u00e4sts\u00e4ljande present p\u00e5 nolltid.<\/p>\n<p>Ordervolymen f\u00f6r stora kvantiteter har \u00f6kat med 40 % p\u00e5 bara tv\u00e5 m\u00e5nader.<\/p>\n<h2>Anpassa din 2-i-1-sprayflaska<\/h2>\n<ol>\n<li><strong>Justerbar galvaniseringsf\u00e4rg:<\/strong> V\u00e4lj f\u00e4rg p\u00e5 galvaniseringen, s\u00e5som guld, silver, ros\u00e9guld, gunmetal eller n\u00e5gon annan, f\u00f6r att ge ditt varum\u00e4rke ett mer enhetligt utseende.<\/li>\n<li><strong>Olika material f\u00f6r kullagret:<\/strong> Tillhandah\u00e5ll olika typer av kullager, s\u00e5som glas, rostfritt st\u00e5l och keramik, f\u00f6r att matcha konsistensen av eteriska oljor eller parfymer.<\/li>\n<li><strong>Varum\u00e4rkesm\u00e4rkning och dekorativt m\u00f6nster:<\/strong> V\u00e4lj mellan silkscreentryck, lasergravyr, varmst\u00e4mpling och andra tekniker f\u00f6r att identifiera ditt varum\u00e4rke och \u00f6ka varum\u00e4rkesigenk\u00e4nningen.<\/li>\n<\/ol>","protected":false},"excerpt":{"rendered":"<p>M\u00e5ngsidig 2-i-1-sprayflaska med rollerball, perfekt f\u00f6r dofter eller olja. Direktleverans fr\u00e5n fabrik med specialanpassade alternativ. Finns f\u00f6r omedelbar leverans.<\/p>","protected":false},"featured_media":7063,"comment_status":"open","ping_status":"closed","template":"","meta":{"_acf_changed":false,"site-sidebar-layout":"default","site-content-layout":"","ast-site-content-layout":"default","site-content-style":"default","site-sidebar-style":"default","ast-global-header-display":"","ast-banner-title-visibility":"","ast-main-header-display":"","ast-hfb-above-header-display":"","ast-hfb-below-header-display":"","ast-hfb-mobile-header-display":"","site-post-title":"","ast-breadcrumbs-content":"","ast-featured-img":"","footer-sml-layout":"","ast-disable-related-posts":"","theme-transparent-header-meta":"default","adv-header-id-meta":"","stick-header-meta":"","header-above-stick-meta":"","header-main-stick-meta":"","header-below-stick-meta":"","astra-migrate-meta-layouts":"set","ast-page-background-enabled":"default","ast-page-background-meta":{"desktop":{"background-color":"var(--ast-global-color-5)","background-image":"","background-repeat":"repeat","background-position":"center center","background-size":"auto","background-attachment":"scroll","background-type":"","background-media":"","overlay-type":"","overlay-color":"","overlay-opacity":"","overlay-gradient":""},"tablet":{"background-color":"","background-image":"","background-repeat":"repeat","background-position":"center center","background-size":"auto","background-attachment":"scroll","background-type":"","background-media":"","overlay-type":"","overlay-color":"","overlay-opacity":"","overlay-gradient":""},"mobile":{"background-color":"","background-image":"","background-repeat":"repeat","background-position":"center center","background-size":"auto","background-attachment":"scroll","background-type":"","background-media":"","overlay-type":"","overlay-color":"","overlay-opacity":"","overlay-gradient":""}},"ast-content-background-meta":{"desktop":{"background-color":"var(--ast-global-color-4)","background-image":"","background-repeat":"repeat","background-position":"center center","background-size":"auto","background-attachment":"scroll","background-type":"","background-media":"","overlay-type":"","overlay-color":"","overlay-opacity":"","overlay-gradient":""},"tablet":{"background-color":"var(--ast-global-color-4)","background-image":"","background-repeat":"repeat","background-position":"center center","background-size":"auto","background-attachment":"scroll","background-type":"","background-media":"","overlay-type":"","overlay-color":"","overlay-opacity":"","overlay-gradient":""},"mobile":{"background-color":"var(--ast-global-color-4)","background-image":"","background-repeat":"repeat","background-position":"center center","background-size":"auto","background-attachment":"scroll","background-type":"","background-media":"","overlay-type":"","overlay-color":"","overlay-opacity":"","overlay-gradient":""}}},"product_brand":[],"product_cat":[72,90,41],"product_tag":[],"class_list":{"0":"post-7062","1":"product","2":"type-product","3":"status-publish","4":"has-post-thumbnail","6":"product_cat-cosmetic-packaging","7":"product_cat-refillable-perfume-bottles","8":"product_cat-perfume-bottles","9":"desktop-align-left","10":"tablet-align-left","11":"mobile-align-left","13":"first","14":"instock","15":"shipping-taxable","16":"product-type-simple"},"acf":[],"jetpack_sharing_enabled":true,"_links":{"self":[{"href":"https:\/\/theperfumebottles.com\/sv\/wp-json\/wp\/v2\/product\/7062","targetHints":{"allow":["GET"]}}],"collection":[{"href":"https:\/\/theperfumebottles.com\/sv\/wp-json\/wp\/v2\/product"}],"about":[{"href":"https:\/\/theperfumebottles.com\/sv\/wp-json\/wp\/v2\/types\/product"}],"replies":[{"embeddable":true,"href":"https:\/\/theperfumebottles.com\/sv\/wp-json\/wp\/v2\/comments?post=7062"}],"wp:featuredmedia":[{"embeddable":true,"href":"https:\/\/theperfumebottles.com\/sv\/wp-json\/wp\/v2\/media\/7063"}],"wp:attachment":[{"href":"https:\/\/theperfumebottles.com\/sv\/wp-json\/wp\/v2\/media?parent=7062"}],"wp:term":[{"taxonomy":"product_brand","embeddable":true,"href":"https:\/\/theperfumebottles.com\/sv\/wp-json\/wp\/v2\/product_brand?post=7062"},{"taxonomy":"product_cat","embeddable":true,"href":"https:\/\/theperfumebottles.com\/sv\/wp-json\/wp\/v2\/product_cat?post=7062"},{"taxonomy":"product_tag","embeddable":true,"href":"https:\/\/theperfumebottles.com\/sv\/wp-json\/wp\/v2\/product_tag?post=7062"}],"curies":[{"name":"wp","href":"https:\/\/api.w.org\/{rel}","templated":true}]}}