{"id":3,"date":"2024-12-05T06:22:48","date_gmt":"2024-12-05T06:22:48","guid":{"rendered":"https:\/\/theperfumebottles.com\/?page_id=3"},"modified":"2025-10-31T10:10:35","modified_gmt":"2025-10-31T02:10:35","slug":"privacy-policy","status":"publish","type":"page","link":"https:\/\/theperfumebottles.com\/tr\/privacy-policy\/","title":{"rendered":"Gizlilik Politikas\u0131"},"content":{"rendered":"<div data-elementor-type=\"wp-page\" data-elementor-id=\"3\" class=\"elementor elementor-3\" data-elementor-settings=\"{&quot;ha_cmc_init_switcher&quot;:&quot;no&quot;}\" data-elementor-post-type=\"page\">\n\t\t\t\t<div class=\"elementor-element elementor-element-7292605e e-flex e-con-boxed e-con e-parent\" data-id=\"7292605e\" data-element_type=\"container\" data-e-type=\"container\" data-settings=\"{&quot;_ha_eqh_enable&quot;:false}\">\n\t\t\t\t\t<div class=\"e-con-inner\">\n\t\t\t\t<div class=\"elementor-element elementor-element-23aa057f elementor-widget elementor-widget-text-editor\" data-id=\"23aa057f\" data-element_type=\"widget\" data-e-type=\"widget\" data-widget_type=\"text-editor.default\">\n\t\t\t\t<div class=\"elementor-widget-container\">\n\t\t\t\t\t\t\t\t\t<p>Bu Gizlilik Politikas\u0131, theperfumebottles.com (\"Site\") adresini ziyaret etti\u011finizde veya buradan bir sat\u0131n alma i\u015flemi yapt\u0131\u011f\u0131n\u0131zda ki\u015fisel bilgilerinizin nas\u0131l topland\u0131\u011f\u0131n\u0131, kullan\u0131ld\u0131\u011f\u0131n\u0131 ve payla\u015f\u0131ld\u0131\u011f\u0131n\u0131 a\u00e7\u0131klamaktad\u0131r.<\/p>\n<p><span style=\"color: #002b5b;\"><strong>TOPLADI\u011eIMIZ KI\u0307\u015eI\u0307SEL BI\u0307LGI\u0307LER<\/strong><\/span><\/p>\n<p>Siteyi ziyaret etti\u011finizde, web taray\u0131c\u0131n\u0131z, IP adresiniz, saat diliminiz ve cihaz\u0131n\u0131zda y\u00fckl\u00fc olan baz\u0131 \u00e7erezler hakk\u0131nda bilgiler de dahil olmak \u00fczere cihaz\u0131n\u0131z hakk\u0131nda belirli bilgileri otomatik olarak toplar\u0131z. Ayr\u0131ca, Sitede gezinirken, g\u00f6r\u00fcnt\u00fcledi\u011finiz tek tek web sayfalar\u0131 veya \u00fcr\u00fcnler, sizi Siteye y\u00f6nlendiren web siteleri veya arama terimleri ve Site ile nas\u0131l etkile\u015fimde bulundu\u011funuz hakk\u0131nda bilgi toplar\u0131z. Otomatik olarak toplanan bu bilgileri \"Cihaz Bilgileri\" olarak adland\u0131r\u0131yoruz.<\/p>\n<p>Cihaz Bilgilerini a\u015fa\u011f\u0131daki teknolojileri kullanarak toplar\u0131z:<br \/>- \"\u00c7erezler\" cihaz\u0131n\u0131za veya bilgisayar\u0131n\u0131za yerle\u015ftirilen ve genellikle anonim benzersiz bir tan\u0131mlay\u0131c\u0131 i\u00e7eren veri dosyalar\u0131d\u0131r. \u00c7erezler ve \u00e7erezlerin nas\u0131l devre d\u0131\u015f\u0131 b\u0131rak\u0131laca\u011f\u0131 hakk\u0131nda daha fazla bilgi i\u00e7in http:\/\/www.allaboutcookies.org adresini ziyaret edin.<br \/>- \"G\u00fcnl\u00fck dosyalar\u0131\" Sitede ger\u00e7ekle\u015fen eylemleri izler ve IP adresiniz, taray\u0131c\u0131 t\u00fcr\u00fcn\u00fcz, \u0130nternet servis sa\u011flay\u0131c\u0131n\u0131z, y\u00f6nlendirme\/\u00e7\u0131k\u0131\u015f sayfalar\u0131 ve tarih\/saat damgalar\u0131 gibi verileri toplar.<br \/>- \"Web i\u015faret\u00e7ileri\", \"etiketler\" ve \"pikseller\", Sitede nas\u0131l gezindi\u011finizle ilgili bilgileri kaydetmek i\u00e7in kullan\u0131lan elektronik dosyalard\u0131r.<\/p>\n<p>Ayr\u0131ca, Site \u00fczerinden bir sat\u0131n alma i\u015flemi yapt\u0131\u011f\u0131n\u0131zda veya yapmaya \u00e7al\u0131\u015ft\u0131\u011f\u0131n\u0131zda, ad\u0131n\u0131z, fatura adresiniz, g\u00f6nderim adresiniz, \u00f6deme bilgileriniz, e-posta adresiniz ve telefon numaran\u0131z dahil olmak \u00fczere sizden belirli bilgileri toplar\u0131z. Bu bilgileri \"Sipari\u015f Bilgileri\" olarak adland\u0131r\u0131yoruz.<\/p>\n<p>Bu Gizlilik Politikas\u0131nda \"Ki\u015fisel Bilgiler\" hakk\u0131nda konu\u015ftu\u011fumuzda, hem Cihaz Bilgileri hem de Sipari\u015f Bilgileri hakk\u0131nda konu\u015fuyoruz.<\/p>\n<p><span style=\"color: #002b5b;\"><strong>KI\u0307\u015eI\u0307SEL BI\u0307LGI\u0307LERI\u0307NI\u0307ZI\u0307 NASIL KULLANIYORUZ?<\/strong><\/span><\/p>\n<p>Toplad\u0131\u011f\u0131m\u0131z Sipari\u015f Bilgilerini genel olarak Site \u00fczerinden verilen sipari\u015fleri yerine getirmek i\u00e7in kullan\u0131r\u0131z (\u00f6deme bilgilerinizin i\u015flenmesi, sevkiyat\u0131n d\u00fczenlenmesi ve size fatura ve\/veya sipari\u015f onaylar\u0131n\u0131n sa\u011flanmas\u0131 dahil). Ayr\u0131ca, bu Sipari\u015f Bilgilerini a\u015fa\u011f\u0131dakiler i\u00e7in kullan\u0131r\u0131z:<br \/>- Sizinle ileti\u015fim kurmak;<br \/>- Sipari\u015flerimizi potansiyel risk veya doland\u0131r\u0131c\u0131l\u0131k a\u00e7\u0131s\u0131ndan taray\u0131n; <br \/>- Bizimle payla\u015ft\u0131\u011f\u0131n\u0131z tercihler do\u011frultusunda, size \u00fcr\u00fcnlerimiz veya hizmetlerimizle ilgili bilgi veya reklam sa\u011flamak.<\/p>\n<p>Toplad\u0131\u011f\u0131m\u0131z Cihaz Bilgilerini, potansiyel risk ve doland\u0131r\u0131c\u0131l\u0131\u011f\u0131 (\u00f6zellikle IP adresinizi) taramam\u0131za yard\u0131mc\u0131 olmak i\u00e7in ve daha genel olarak Sitemizi iyile\u015ftirmek ve optimize etmek i\u00e7in (\u00f6rne\u011fin, m\u00fc\u015fterilerimizin Siteye nas\u0131l g\u00f6z att\u0131klar\u0131 ve Siteyle nas\u0131l etkile\u015fimde bulunduklar\u0131 hakk\u0131nda analizler olu\u015fturarak ve pazarlama ve reklam kampanyalar\u0131m\u0131z\u0131n ba\u015far\u0131s\u0131n\u0131 de\u011ferlendirmek i\u00e7in) kullan\u0131r\u0131z.<\/p>\n<p><span style=\"color: #002b5b;\"><strong>KI\u0307\u015eI\u0307SEL BI\u0307LGI\u0307LERI\u0307NI\u0307ZI\u0307 PAYLA\u015eMA<\/strong><\/span><\/p>\n<p>Ki\u015fisel Bilgilerinizi yukar\u0131da a\u00e7\u0131kland\u0131\u011f\u0131 \u015fekilde kullanmam\u0131za yard\u0131mc\u0131 olmas\u0131 i\u00e7in Ki\u015fisel Bilgilerinizi \u00fc\u00e7\u00fcnc\u00fc taraflarla payla\u015f\u0131yoruz. <br \/>M\u00fc\u015fterilerimizin Siteyi nas\u0131l kulland\u0131\u011f\u0131n\u0131 anlamam\u0131za yard\u0131mc\u0131 olmas\u0131 i\u00e7in Google Analytics kullan\u0131yoruz - Google'\u0131n Ki\u015fisel Bilgilerinizi nas\u0131l kulland\u0131\u011f\u0131 hakk\u0131nda daha fazla bilgiyi buradan okuyabilirsiniz: https:\/\/www.google.com\/intl\/en\/policies\/privacy\/. Google Analytics'ten \u00e7\u0131kmay\u0131 da buradan tercih edebilirsiniz: https:\/\/tools.google.com\/dlpage\/gaoptout\/.<\/p>\n<p>Son olarak, Ki\u015fisel Bilgilerinizi y\u00fcr\u00fcrl\u00fckteki yasa ve y\u00f6netmeliklere uymak, mahkeme celbi, arama emri veya ald\u0131\u011f\u0131m\u0131z bilgiler i\u00e7in di\u011fer yasal taleplere yan\u0131t vermek veya haklar\u0131m\u0131z\u0131 ba\u015fka bir \u015fekilde korumak i\u00e7in de payla\u015fabiliriz.<\/p>\n<p><span style=\"color: #002b5b;\"><strong>TAK\u0130P ETMEY\u0130N<\/strong><\/span><\/p>\n<p>Taray\u0131c\u0131n\u0131zdan bir Do Not Track sinyali g\u00f6rd\u00fc\u011f\u00fcm\u00fczde Sitemizin veri toplama ve kullanma uygulamalar\u0131n\u0131 de\u011fi\u015ftirmedi\u011fimizi l\u00fctfen unutmay\u0131n.<\/p>\n<p><span style=\"color: #002b5b;\"><strong>S\u0130Z\u0130N HAKLARINIZ<\/strong><\/span><\/p>\n<p>Avrupa'da ikamet ediyorsan\u0131z, hakk\u0131n\u0131zda tuttu\u011fumuz ki\u015fisel bilgilere eri\u015fme ve ki\u015fisel bilgilerinizin d\u00fczeltilmesini, g\u00fcncellenmesini veya silinmesini isteme hakk\u0131na sahipsiniz. Bu hakk\u0131n\u0131z\u0131 kullanmak isterseniz, l\u00fctfen a\u015fa\u011f\u0131daki ileti\u015fim bilgileri arac\u0131l\u0131\u011f\u0131yla bizimle ileti\u015fime ge\u00e7in.<\/p>\n<p>Ayr\u0131ca, Avrupa'da ikamet ediyorsan\u0131z, sizinle yapabilece\u011fimiz s\u00f6zle\u015fmeleri yerine getirmek (\u00f6rne\u011fin Site \u00fczerinden bir sipari\u015f vermeniz durumunda) veya yukar\u0131da listelenen me\u015fru ticari \u00e7\u0131karlar\u0131m\u0131z\u0131 takip etmek i\u00e7in bilgilerinizi i\u015fledi\u011fimizi belirtiyoruz. Ayr\u0131ca, bilgilerinizin Kanada ve Amerika Birle\u015fik Devletleri de dahil olmak \u00fczere Avrupa d\u0131\u015f\u0131na aktar\u0131laca\u011f\u0131n\u0131 l\u00fctfen unutmay\u0131n.<\/p>\n<p><span style=\"color: #002b5b;\"><strong>VER\u0130 SAKLAMA<\/strong><\/span><\/p>\n<p>Site \u00fczerinden bir sipari\u015f verdi\u011finizde, bu bilgileri silmemizi istemedi\u011finiz s\u00fcrece ve isteyene kadar Sipari\u015f Bilgilerinizi kay\u0131tlar\u0131m\u0131zda tutaca\u011f\u0131z.<\/p>\n<p><span style=\"color: #002b5b;\"><strong>DE\u011e\u0130\u015e\u0130KL\u0130KLER<\/strong><\/span><\/p>\n<p>Bu gizlilik politikas\u0131n\u0131, \u00f6rne\u011fin uygulamalar\u0131m\u0131zdaki de\u011fi\u015fiklikleri yans\u0131tmak i\u00e7in veya di\u011fer operasyonel, yasal veya d\u00fczenleyici nedenlerle zaman zaman g\u00fcncelleyebiliriz.<\/p>\n<p><span style=\"color: #002b5b;\"><strong>K\u00dc\u00c7\u00dcKLER<\/strong><\/span><\/p>\n<p>Site 18 ya\u015f\u0131n alt\u0131ndaki bireyler i\u00e7in tasarlanmam\u0131\u015ft\u0131r.<\/p>\n<p><span style=\"color: #002b5b;\"><strong>B\u0130ZE ULA\u015eIN<\/strong><\/span><\/p>\n<p>Gizlilik uygulamalar\u0131m\u0131z hakk\u0131nda daha fazla bilgi almak, sorular\u0131n\u0131z varsa veya bir \u015fikayette bulunmak istiyorsan\u0131z l\u00fctfen bizimle ileti\u015fime ge\u00e7in.<\/p>\t\t\t\t\t\t\t\t<\/div>\n\t\t\t\t<\/div>\n\t\t\t\t\t<\/div>\n\t\t\t\t<\/div>\n\t\t\t\t<\/div>","protected":false},"excerpt":{"rendered":"<p>Bu Gizlilik Politikas\u0131, ziyaret etti\u011finizde veya bir sat\u0131n alma i\u015flemi yapt\u0131\u011f\u0131n\u0131zda ki\u015fisel bilgilerinizin nas\u0131l topland\u0131\u011f\u0131n\u0131, kullan\u0131ld\u0131\u011f\u0131n\u0131 ve payla\u015f\u0131ld\u0131\u011f\u0131n\u0131 a\u00e7\u0131klamaktad\u0131r [...]<\/p>","protected":false},"author":1,"featured_media":0,"parent":0,"menu_order":111,"comment_status":"closed","ping_status":"closed","template":"","meta":{"_acf_changed":false,"site-sidebar-layout":"default","site-content-layout":"","ast-site-content-layout":"default","site-content-style":"default","site-sidebar-style":"default","ast-global-header-display":"","ast-banner-title-visibility":"","ast-main-header-display":"","ast-hfb-above-header-display":"","ast-hfb-below-header-display":"","ast-hfb-mobile-header-display":"","site-post-title":"","ast-breadcrumbs-content":"","ast-featured-img":"","footer-sml-layout":"","ast-disable-related-posts":"","theme-transparent-header-meta":"","adv-header-id-meta":"","stick-header-meta":"","header-above-stick-meta":"","header-main-stick-meta":"","header-below-stick-meta":"","astra-migrate-meta-layouts":"default","ast-page-background-enabled":"default","ast-page-background-meta":{"desktop":{"background-color":"var(--ast-global-color-5)","background-image":"","background-repeat":"repeat","background-position":"center center","background-size":"auto","background-attachment":"scroll","background-type":"","background-media":"","overlay-type":"","overlay-color":"","overlay-opacity":"","overlay-gradient":""},"tablet":{"background-color":"","background-image":"","background-repeat":"repeat","background-position":"center center","background-size":"auto","background-attachment":"scroll","background-type":"","background-media":"","overlay-type":"","overlay-color":"","overlay-opacity":"","overlay-gradient":""},"mobile":{"background-color":"","background-image":"","background-repeat":"repeat","background-position":"center center","background-size":"auto","background-attachment":"scroll","background-type":"","background-media":"","overlay-type":"","overlay-color":"","overlay-opacity":"","overlay-gradient":""}},"ast-content-background-meta":{"desktop":{"background-color":"var(--ast-global-color-4)","background-image":"","background-repeat":"repeat","background-position":"center center","background-size":"auto","background-attachment":"scroll","background-type":"","background-media":"","overlay-type":"","overlay-color":"","overlay-opacity":"","overlay-gradient":""},"tablet":{"background-color":"var(--ast-global-color-4)","background-image":"","background-repeat":"repeat","background-position":"center center","background-size":"auto","background-attachment":"scroll","background-type":"","background-media":"","overlay-type":"","overlay-color":"","overlay-opacity":"","overlay-gradient":""},"mobile":{"background-color":"var(--ast-global-color-4)","background-image":"","background-repeat":"repeat","background-position":"center center","background-size":"auto","background-attachment":"scroll","background-type":"","background-media":"","overlay-type":"","overlay-color":"","overlay-opacity":"","overlay-gradient":""}},"footnotes":""},"class_list":["post-3","page","type-page","status-publish","hentry"],"acf":[],"jetpack_sharing_enabled":true,"_links":{"self":[{"href":"https:\/\/theperfumebottles.com\/tr\/wp-json\/wp\/v2\/pages\/3","targetHints":{"allow":["GET"]}}],"collection":[{"href":"https:\/\/theperfumebottles.com\/tr\/wp-json\/wp\/v2\/pages"}],"about":[{"href":"https:\/\/theperfumebottles.com\/tr\/wp-json\/wp\/v2\/types\/page"}],"author":[{"embeddable":true,"href":"https:\/\/theperfumebottles.com\/tr\/wp-json\/wp\/v2\/users\/1"}],"replies":[{"embeddable":true,"href":"https:\/\/theperfumebottles.com\/tr\/wp-json\/wp\/v2\/comments?post=3"}],"version-history":[{"count":5,"href":"https:\/\/theperfumebottles.com\/tr\/wp-json\/wp\/v2\/pages\/3\/revisions"}],"predecessor-version":[{"id":2216,"href":"https:\/\/theperfumebottles.com\/tr\/wp-json\/wp\/v2\/pages\/3\/revisions\/2216"}],"wp:attachment":[{"href":"https:\/\/theperfumebottles.com\/tr\/wp-json\/wp\/v2\/media?parent=3"}],"curies":[{"name":"wp","href":"https:\/\/api.w.org\/{rel}","templated":true}]}}