{"id":1698,"date":"2025-01-20T09:14:51","date_gmt":"2025-01-20T09:14:51","guid":{"rendered":"https:\/\/theperfumebottles.com\/?post_type=product&#038;p=1698"},"modified":"2025-05-30T13:11:05","modified_gmt":"2025-05-30T05:11:05","slug":"customizable-glass-perfume-bottles","status":"publish","type":"product","link":"https:\/\/theperfumebottles.com\/tr\/urun\/customizable-glass-perfume-bottles\/","title":{"rendered":"30ml 50ml 100ml D\u00fcz Cam Parf\u00fcm \u015ei\u015feleri"},"content":{"rendered":"<p>Bu d\u00fcz cam parf\u00fcm \u015fi\u015fesi modern bir bina kadar uzun, ancak yuvarlat\u0131lm\u0131\u015f k\u00f6\u015feleri klasik bir cazibeyi gizliyor. 30\/50\/100 ml'lik \u00fc\u00e7 kapasite, birden fazla senaryonun ihtiya\u00e7lar\u0131n\u0131 kar\u015f\u0131layarak ta\u015f\u0131ma \u00e7antas\u0131ndan hediye kutusuna kadar \u00e7e\u015fitlilik g\u00f6sterir. 3,5 mm kal\u0131nla\u015ft\u0131r\u0131lm\u0131\u015f kristal cam, kat\u0131la\u015fm\u0131\u015f ay \u0131\u015f\u0131\u011f\u0131 gibidir ve koku renginin bir sanat eseri gibi g\u00f6r\u00fcnmesini sa\u011flar. Serigrafi bask\u0131, buzlama ve renkli p\u00fcsk\u00fcrtme gibi \u00f6zelle\u015ftirme se\u00e7enekleri, marka hikayesinin yaln\u0131zca \u015fi\u015fe \u00fczerinde parlamas\u0131n\u0131 sa\u011flar. Patentli pompa ba\u015fl\u0131\u011f\u0131 tasar\u0131m\u0131 hassas p\u00fcsk\u00fcrtme sa\u011flar ve ister ki\u015fisel kullan\u0131m ister hediye olsun, m\u00fcze d\u00fczeyinde bir kutu a\u00e7ma t\u00f6reni hissi verir - sadece \u00fcst d\u00fczey kokular i\u00e7in ideal bir kap de\u011fil, ayn\u0131 zamanda kentsel ya\u015fam esteti\u011finin m\u00fckemmel bir a\u00e7\u0131klamas\u0131d\u0131r.<\/p>\n<h2>D\u00fcz Cam Parf\u00fcm \u015ei\u015felerimizin Temel \u00d6zellikleri<\/h2>\n<table style=\"border-collapse: collapse;margin-left: auto;margin-right: auto;width: 527.27pt\" border=\"0\" width=\"703\" cellspacing=\"0\" cellpadding=\"0\">\n<tbody>\n<tr style=\"height: 13.50pt\">\n<td class=\"et2\" style=\"height: 13.50pt;width: 165.75pt\" width=\"221\" height=\"18\">Model<\/td>\n<td class=\"et2\" style=\"width: 115.50pt\" width=\"154\">PB-BF1701<\/td>\n<td class=\"et2\" style=\"width: 116.25pt\" width=\"155\">PB-BF1702<\/td>\n<td class=\"et2\" style=\"width: 129.75pt\" width=\"173\">PB-BF1703<\/td>\n<\/tr>\n<tr style=\"height: 13.50pt\">\n<td class=\"et2\" style=\"height: 13.50pt\" height=\"18\">Kapasite<\/td>\n<td class=\"et5\">30 ml<\/td>\n<td class=\"et5\">50 ml<\/td>\n<td class=\"et5\">100 ml<\/td>\n<\/tr>\n<tr style=\"height: 13.50pt\">\n<td class=\"et2\" style=\"height: 13.50pt\" height=\"18\">Kalibre<\/td>\n<td class=\"et5\">15 mm<\/td>\n<td class=\"et5\">15 mm<\/td>\n<td class=\"et5\">15 mm<\/td>\n<\/tr>\n<tr style=\"height: 13.50pt\">\n<td class=\"et2\" style=\"height: 13.50pt\" height=\"18\">Cam \u00d6l\u00e7\u00fcs\u00fc\/mm<\/td>\n<td class=\"et5\">52*28*63<\/td>\n<td class=\"et5\">61*29*72<\/td>\n<td class=\"et5\">81*35*89<\/td>\n<\/tr>\n<tr style=\"height: 13.50pt\">\n<td class=\"et2\" style=\"height: 13.50pt\" height=\"18\">Renk<\/td>\n<td class=\"et5\" colspan=\"3\">\u015eeffaf<\/td>\n<\/tr>\n<tr style=\"height: 13.50pt\">\n<td class=\"et2\" style=\"height: 13.50pt\" height=\"18\">\u015eekil<\/td>\n<td class=\"et5\" colspan=\"3\">K\u00f6\u015feleri yuvarlat\u0131lm\u0131\u015f dikd\u00f6rtgen<\/td>\n<\/tr>\n<tr style=\"height: 13.50pt\">\n<td class=\"et2\" style=\"height: 13.50pt\" height=\"18\">Y\u00fczey \u0130\u015flem<\/td>\n<td class=\"et5\" colspan=\"3\">Cam g\u00f6vdenin ve kapa\u011f\u0131n kenarlar\u0131nda grav\u00fcr<\/td>\n<\/tr>\n<tr style=\"height: 13.50pt\">\n<td class=\"et2\" style=\"height: 13.50pt\" height=\"18\">Malzeme<\/td>\n<td class=\"et5\" colspan=\"3\">Y\u00fcksek kristal cam<\/td>\n<\/tr>\n<\/tbody>\n<\/table>\n<p>Y\u00fcksek kaliteli cam parf\u00fcm \u015fi\u015feleri, \u00f6zelle\u015ftirilebilir parf\u00fcm ambalaj \u00e7\u00f6z\u00fcmleri i\u00e7in bizimle i\u015f ortakl\u0131\u011f\u0131 yap\u0131n.<\/p>","protected":false},"excerpt":{"rendered":"<p>D\u00fcz cam parf\u00fcm \u015fi\u015felerimiz sofistike, i\u015flevsel ve stilin zarif bir kombinasyonunu sunar. Kozmetik end\u00fcstrisi i\u00e7in tasarlanan bu y\u00fcksek kaliteli kristal cam \u015fi\u015feler, birinci s\u0131n\u0131f kokular\u0131n\u0131z\u0131 muhafaza etmek i\u00e7in m\u00fckemmeldir. 30ml, 50ml ve 100ml boyutlar\u0131nda mevcut olan bu \u015fi\u015feler, parf\u00fcmler ve di\u011fer \u00fcst d\u00fczey s\u0131v\u0131 \u00fcr\u00fcnler i\u00e7in \u00e7ok y\u00f6nl\u00fc bir ambalaj \u00e7\u00f6z\u00fcm\u00fc sunar.<\/p>","protected":false},"featured_media":2265,"comment_status":"open","ping_status":"closed","template":"","meta":{"_acf_changed":false,"site-sidebar-layout":"default","site-content-layout":"","ast-site-content-layout":"default","site-content-style":"default","site-sidebar-style":"default","ast-global-header-display":"","ast-banner-title-visibility":"","ast-main-header-display":"","ast-hfb-above-header-display":"","ast-hfb-below-header-display":"","ast-hfb-mobile-header-display":"","site-post-title":"","ast-breadcrumbs-content":"","ast-featured-img":"","footer-sml-layout":"","ast-disable-related-posts":"","theme-transparent-header-meta":"default","adv-header-id-meta":"","stick-header-meta":"","header-above-stick-meta":"","header-main-stick-meta":"","header-below-stick-meta":"","astra-migrate-meta-layouts":"set","ast-page-background-enabled":"default","ast-page-background-meta":{"desktop":{"background-color":"var(--ast-global-color-5)","background-image":"","background-repeat":"repeat","background-position":"center center","background-size":"auto","background-attachment":"scroll","background-type":"","background-media":"","overlay-type":"","overlay-color":"","overlay-opacity":"","overlay-gradient":""},"tablet":{"background-color":"","background-image":"","background-repeat":"repeat","background-position":"center center","background-size":"auto","background-attachment":"scroll","background-type":"","background-media":"","overlay-type":"","overlay-color":"","overlay-opacity":"","overlay-gradient":""},"mobile":{"background-color":"","background-image":"","background-repeat":"repeat","background-position":"center center","background-size":"auto","background-attachment":"scroll","background-type":"","background-media":"","overlay-type":"","overlay-color":"","overlay-opacity":"","overlay-gradient":""}},"ast-content-background-meta":{"desktop":{"background-color":"var(--ast-global-color-4)","background-image":"","background-repeat":"repeat","background-position":"center center","background-size":"auto","background-attachment":"scroll","background-type":"","background-media":"","overlay-type":"","overlay-color":"","overlay-opacity":"","overlay-gradient":""},"tablet":{"background-color":"var(--ast-global-color-4)","background-image":"","background-repeat":"repeat","background-position":"center center","background-size":"auto","background-attachment":"scroll","background-type":"","background-media":"","overlay-type":"","overlay-color":"","overlay-opacity":"","overlay-gradient":""},"mobile":{"background-color":"var(--ast-global-color-4)","background-image":"","background-repeat":"repeat","background-position":"center center","background-size":"auto","background-attachment":"scroll","background-type":"","background-media":"","overlay-type":"","overlay-color":"","overlay-opacity":"","overlay-gradient":""}}},"product_brand":[],"product_cat":[41,72,91],"product_tag":[50,49],"class_list":{"0":"post-1698","1":"product","2":"type-product","3":"status-publish","4":"has-post-thumbnail","6":"product_cat-perfume-bottles","7":"product_cat-cosmetic-packaging","8":"product_cat-custom-perfume-bottles","9":"product_tag-glass-perfume-bottles","10":"product_tag-perfume-bottles","11":"desktop-align-left","12":"tablet-align-left","13":"mobile-align-left","15":"first","16":"instock","17":"shipping-taxable","18":"product-type-simple"},"acf":[],"jetpack_sharing_enabled":true,"_links":{"self":[{"href":"https:\/\/theperfumebottles.com\/tr\/wp-json\/wp\/v2\/product\/1698","targetHints":{"allow":["GET"]}}],"collection":[{"href":"https:\/\/theperfumebottles.com\/tr\/wp-json\/wp\/v2\/product"}],"about":[{"href":"https:\/\/theperfumebottles.com\/tr\/wp-json\/wp\/v2\/types\/product"}],"replies":[{"embeddable":true,"href":"https:\/\/theperfumebottles.com\/tr\/wp-json\/wp\/v2\/comments?post=1698"}],"wp:featuredmedia":[{"embeddable":true,"href":"https:\/\/theperfumebottles.com\/tr\/wp-json\/wp\/v2\/media\/2265"}],"wp:attachment":[{"href":"https:\/\/theperfumebottles.com\/tr\/wp-json\/wp\/v2\/media?parent=1698"}],"wp:term":[{"taxonomy":"product_brand","embeddable":true,"href":"https:\/\/theperfumebottles.com\/tr\/wp-json\/wp\/v2\/product_brand?post=1698"},{"taxonomy":"product_cat","embeddable":true,"href":"https:\/\/theperfumebottles.com\/tr\/wp-json\/wp\/v2\/product_cat?post=1698"},{"taxonomy":"product_tag","embeddable":true,"href":"https:\/\/theperfumebottles.com\/tr\/wp-json\/wp\/v2\/product_tag?post=1698"}],"curies":[{"name":"wp","href":"https:\/\/api.w.org\/{rel}","templated":true}]}}