{"id":1824,"date":"2025-02-10T08:02:56","date_gmt":"2025-02-10T08:02:56","guid":{"rendered":"https:\/\/theperfumebottles.com\/?post_type=product&#038;p=1824"},"modified":"2025-05-29T11:51:05","modified_gmt":"2025-05-29T03:51:05","slug":"100ml-fragrance-bottles-wholesale","status":"publish","type":"product","link":"https:\/\/theperfumebottles.com\/tr\/urun\/100ml-fragrance-bottles-wholesale\/","title":{"rendered":"3,4 oz Yay-Dikd\u00f6rtgen Parf\u00fcm \u015ei\u015feleri Toptan Sat\u0131\u015f"},"content":{"rendered":"<p>End\u00fcstriyel tasar\u0131m esteti\u011fini parf\u00fcm sanat\u0131yla m\u00fckemmel bir \u015fekilde birle\u015ftiren modern estetikle dolu bir parf\u00fcm \u015fi\u015fesi sunuyoruz - PB-BF02. Bu 3,4 onsluk (yakla\u015f\u0131k 90-97 ml) kolonya \u015fi\u015fesi, mimari \u00e7izgileri parf\u00fcm d\u00fcnyas\u0131na enjekte etmek gibi, hem modernlik hem de zarafet i\u00e7eren benzersiz bir kavisli dikd\u00f6rtgen \u015fekle sahiptir. Parmak u\u00e7lar\u0131n\u0131z \u015fi\u015fenin \u00fczerinde gezindi\u011finde, s\u0131cak cam dokusu ve d\u00fczg\u00fcn kavisli konturu \u00e7ifte duyusal keyif verecek ve her damla kokuyu koleksiyona de\u011fer bir sanat eseri haline getirecektir.<\/p>\n<figure id=\"attachment_1825\" aria-describedby=\"caption-attachment-1825\" style=\"width: 300px\" class=\"wp-caption aligncenter\"><img fetchpriority=\"high\" decoding=\"async\" class=\"size-medium wp-image-1825\" src=\"https:\/\/theperfumebottles.com\/wp-content\/uploads\/2025\/02\/fragrance-bottles-wholesale-300x300.jpg\" alt=\"toptan parf\u00fcm \u015fi\u015feleri\" width=\"300\" height=\"300\" srcset=\"https:\/\/theperfumebottles.com\/wp-content\/uploads\/2025\/02\/fragrance-bottles-wholesale-300x300.jpg 300w, https:\/\/theperfumebottles.com\/wp-content\/uploads\/2025\/02\/fragrance-bottles-wholesale-150x150.jpg 150w, https:\/\/theperfumebottles.com\/wp-content\/uploads\/2025\/02\/fragrance-bottles-wholesale-768x768.jpg 768w, https:\/\/theperfumebottles.com\/wp-content\/uploads\/2025\/02\/fragrance-bottles-wholesale-12x12.jpg 12w, https:\/\/theperfumebottles.com\/wp-content\/uploads\/2025\/02\/fragrance-bottles-wholesale-600x600.jpg 600w, https:\/\/theperfumebottles.com\/wp-content\/uploads\/2025\/02\/fragrance-bottles-wholesale-100x100.jpg 100w, https:\/\/theperfumebottles.com\/wp-content\/uploads\/2025\/02\/fragrance-bottles-wholesale.jpg 1000w\" sizes=\"(max-width: 300px) 100vw, 300px\" \/><figcaption id=\"caption-attachment-1825\" class=\"wp-caption-text\">toptan parf\u00fcm \u015fi\u015feleri<\/figcaption><\/figure>\n<h2>Toptan PB-BF02 Koku \u015ei\u015felerinin Temel \u00d6zellikleri<\/h2>\n<table style=\"border-collapse: collapse;margin-left: auto;margin-right: auto;width: 327.77pt\" border=\"0\" width=\"437\" cellspacing=\"0\" cellpadding=\"0\">\n<tbody>\n<tr style=\"height: 18.00pt\">\n<td class=\"et2\" style=\"height: 18.00pt;width: 114.00pt\" width=\"152\" height=\"24\">Model Numaras\u0131<\/td>\n<td class=\"et2\" style=\"width: 213.75pt\" width=\"285\">PB-BF02<\/td>\n<\/tr>\n<tr style=\"height: 18.00pt\">\n<td class=\"et2\" style=\"height: 18.00pt;width: 114.00pt\" width=\"152\" height=\"24\">Kapasite<\/td>\n<td class=\"et2\" style=\"width: 213.75pt\" width=\"285\">100 ml (3,4 OZ)<\/td>\n<\/tr>\n<tr style=\"height: 18.00pt\">\n<td class=\"et2\" style=\"height: 18.00pt;width: 114.00pt\" width=\"152\" height=\"24\">Kalibre<\/td>\n<td class=\"et2\" style=\"width: 213.75pt\" width=\"285\">15 mm<\/td>\n<\/tr>\n<tr style=\"height: 18.00pt\">\n<td class=\"et2\" style=\"height: 18.00pt;width: 114.00pt\" width=\"152\" height=\"24\">Cam Boyutu<\/td>\n<td class=\"et2\" style=\"width: 213.75pt\" width=\"285\">73mm * 31mm * 106mm<\/td>\n<\/tr>\n<tr style=\"height: 18.00pt\">\n<td class=\"et2\" style=\"height: 18.00pt;width: 114.00pt\" width=\"152\" height=\"24\">Renk<\/td>\n<td class=\"et2\" style=\"width: 213.75pt\" width=\"285\">Siyah kapakl\u0131 \u015feffaf<\/td>\n<\/tr>\n<tr style=\"height: 18.00pt\">\n<td class=\"et2\" style=\"height: 18.00pt;width: 114.00pt\" width=\"152\" height=\"24\">Malzeme<\/td>\n<td class=\"et2\" style=\"width: 213.75pt\" width=\"285\">Y\u00fcksek kaliteli kristal cam<\/td>\n<\/tr>\n<tr style=\"height: 18.00pt\">\n<td class=\"et2\" style=\"height: 18.00pt;width: 114.00pt\" width=\"152\" height=\"24\">S\u0131zd\u0131rmazl\u0131k Tipi<\/td>\n<td class=\"et2\" style=\"width: 213.75pt\" width=\"285\">Pompal\u0131 p\u00fcsk\u00fcrt\u00fcc\u00fc + kapak<\/td>\n<\/tr>\n<\/tbody>\n<\/table>\n<h2>Sahne uyarlamas\u0131: G\u00fcnl\u00fck ya\u015famdan l\u00fckse kadar \u00e7e\u015fitli olas\u0131l\u0131klar<\/h2>\n<ul>\n<li><strong>\u015eehir i\u00e7i ula\u015f\u0131m:<\/strong> 90 ml'lik kapasitesi g\u00fcnl\u00fck kullan\u0131m ihtiya\u00e7lar\u0131na m\u00fckemmel uyum sa\u011flar, hafiftir ancak rit\u00fcel duygusundan yoksun de\u011fildir<\/li>\n<li><strong>Seyahat seti:<\/strong> \u015ei\u015fe boyutu havac\u0131l\u0131k s\u0131v\u0131 ta\u015f\u0131ma standartlar\u0131n\u0131 kar\u015f\u0131lar ve siyah vidal\u0131 kapak uluslararas\u0131 havac\u0131l\u0131k g\u00fcvenli\u011fi sertifikas\u0131n\u0131 ge\u00e7mi\u015ftir<\/li>\n<li><strong>\u0130\u015f senaryosu:<\/strong> Toptan m\u00fc\u015fteriler, marketlerden be\u015f y\u0131ld\u0131zl\u0131 otellere kadar t\u00fcm senaryo ihtiya\u00e7lar\u0131n\u0131 kar\u015f\u0131lamak i\u00e7in farkl\u0131 \u00f6zellikler se\u00e7ebilir<\/li>\n<\/ul>","protected":false},"excerpt":{"rendered":"<p>Modern minimalizmi yans\u0131tan \u015f\u0131k, kavisli dikd\u00f6rtgen \u015fekliyle tasarlanm\u0131\u015f 3,4 oz kolonya \u015fi\u015fesi olan PB-BF02 cam koku \u015fi\u015felerimizi toptan sat\u0131\u015f i\u00e7in sunuyoruz.<\/p>","protected":false},"featured_media":2330,"comment_status":"open","ping_status":"closed","template":"","meta":{"_acf_changed":false,"site-sidebar-layout":"default","site-content-layout":"","ast-site-content-layout":"default","site-content-style":"default","site-sidebar-style":"default","ast-global-header-display":"","ast-banner-title-visibility":"","ast-main-header-display":"","ast-hfb-above-header-display":"","ast-hfb-below-header-display":"","ast-hfb-mobile-header-display":"","site-post-title":"","ast-breadcrumbs-content":"","ast-featured-img":"","footer-sml-layout":"","ast-disable-related-posts":"","theme-transparent-header-meta":"default","adv-header-id-meta":"","stick-header-meta":"","header-above-stick-meta":"","header-main-stick-meta":"","header-below-stick-meta":"","astra-migrate-meta-layouts":"set","ast-page-background-enabled":"default","ast-page-background-meta":{"desktop":{"background-color":"var(--ast-global-color-5)","background-image":"","background-repeat":"repeat","background-position":"center center","background-size":"auto","background-attachment":"scroll","background-type":"","background-media":"","overlay-type":"","overlay-color":"","overlay-opacity":"","overlay-gradient":""},"tablet":{"background-color":"","background-image":"","background-repeat":"repeat","background-position":"center center","background-size":"auto","background-attachment":"scroll","background-type":"","background-media":"","overlay-type":"","overlay-color":"","overlay-opacity":"","overlay-gradient":""},"mobile":{"background-color":"","background-image":"","background-repeat":"repeat","background-position":"center center","background-size":"auto","background-attachment":"scroll","background-type":"","background-media":"","overlay-type":"","overlay-color":"","overlay-opacity":"","overlay-gradient":""}},"ast-content-background-meta":{"desktop":{"background-color":"var(--ast-global-color-4)","background-image":"","background-repeat":"repeat","background-position":"center center","background-size":"auto","background-attachment":"scroll","background-type":"","background-media":"","overlay-type":"","overlay-color":"","overlay-opacity":"","overlay-gradient":""},"tablet":{"background-color":"var(--ast-global-color-4)","background-image":"","background-repeat":"repeat","background-position":"center center","background-size":"auto","background-attachment":"scroll","background-type":"","background-media":"","overlay-type":"","overlay-color":"","overlay-opacity":"","overlay-gradient":""},"mobile":{"background-color":"var(--ast-global-color-4)","background-image":"","background-repeat":"repeat","background-position":"center center","background-size":"auto","background-attachment":"scroll","background-type":"","background-media":"","overlay-type":"","overlay-color":"","overlay-opacity":"","overlay-gradient":""}}},"product_brand":[],"product_cat":[41,72],"product_tag":[84],"class_list":{"0":"post-1824","1":"product","2":"type-product","3":"status-publish","4":"has-post-thumbnail","6":"product_cat-perfume-bottles","7":"product_cat-cosmetic-packaging","8":"product_tag-fragrance-bottles","9":"desktop-align-left","10":"tablet-align-left","11":"mobile-align-left","13":"first","14":"instock","15":"shipping-taxable","16":"product-type-simple"},"acf":[],"jetpack_sharing_enabled":true,"_links":{"self":[{"href":"https:\/\/theperfumebottles.com\/tr\/wp-json\/wp\/v2\/product\/1824","targetHints":{"allow":["GET"]}}],"collection":[{"href":"https:\/\/theperfumebottles.com\/tr\/wp-json\/wp\/v2\/product"}],"about":[{"href":"https:\/\/theperfumebottles.com\/tr\/wp-json\/wp\/v2\/types\/product"}],"replies":[{"embeddable":true,"href":"https:\/\/theperfumebottles.com\/tr\/wp-json\/wp\/v2\/comments?post=1824"}],"wp:featuredmedia":[{"embeddable":true,"href":"https:\/\/theperfumebottles.com\/tr\/wp-json\/wp\/v2\/media\/2330"}],"wp:attachment":[{"href":"https:\/\/theperfumebottles.com\/tr\/wp-json\/wp\/v2\/media?parent=1824"}],"wp:term":[{"taxonomy":"product_brand","embeddable":true,"href":"https:\/\/theperfumebottles.com\/tr\/wp-json\/wp\/v2\/product_brand?post=1824"},{"taxonomy":"product_cat","embeddable":true,"href":"https:\/\/theperfumebottles.com\/tr\/wp-json\/wp\/v2\/product_cat?post=1824"},{"taxonomy":"product_tag","embeddable":true,"href":"https:\/\/theperfumebottles.com\/tr\/wp-json\/wp\/v2\/product_tag?post=1824"}],"curies":[{"name":"wp","href":"https:\/\/api.w.org\/{rel}","templated":true}]}}