{"id":1835,"date":"2025-02-12T08:36:19","date_gmt":"2025-02-12T08:36:19","guid":{"rendered":"https:\/\/theperfumebottles.com\/?post_type=product&#038;p=1835"},"modified":"2025-05-29T14:46:40","modified_gmt":"2025-05-29T06:46:40","slug":"20g-eco-friendly-cosmetic-jars","status":"publish","type":"product","link":"https:\/\/theperfumebottles.com\/tr\/urun\/20g-eco-friendly-cosmetic-jars\/","title":{"rendered":"20g \u00c7evre Dostu Kozmetik Kavanozlar\u0131"},"content":{"rendered":"<p>Bu PB-GS20 yuvarlak cam kavanoz, 20 graml\u0131k kapasitesinden ilham alarak sade esteti\u011fi s\u00fcrd\u00fcr\u00fclebilir konseptlerle m\u00fckemmel bir \u015fekilde birle\u015ftiriyor. \u015eeffaf cam, \u00fcr\u00fcn\u00fcn ger\u00e7ek rengini bir pencere gibi yans\u0131t\u0131yor. \u0130ster nemlendirici krem, ister hafif bir losyon veya l\u00fcks bir esans olsun, i\u00e7indekilerin etkisini sa\u011flam cam\u0131yla korurken, retro yuvarlak \u015fekliyle tuvalet masan\u0131z\u0131 ayd\u0131nlat\u0131yor.<\/p>\n<h2>Bu \u00c7evre Dostu Kozmetik Kavanozlar\u0131n\u0131n Temel \u00d6zellikleri<\/h2>\n<p>&nbsp;<\/p>\n<table style=\"border-collapse: collapse;margin-left: auto;margin-right: auto;width: 459.02pt\" border=\"0\" width=\"612\" cellspacing=\"0\" cellpadding=\"0\">\n<tbody>\n<tr style=\"height: 15.00pt\">\n<td style=\"height: 15.00pt;width: 122.25pt\" width=\"163\" height=\"20\">Model Numaras\u0131<\/td>\n<td style=\"width: 336.75pt\" width=\"449\">PB-GS20<\/td>\n<\/tr>\n<tr style=\"height: 15.00pt\">\n<td style=\"height: 15.00pt\" height=\"20\">Net \u0130\u00e7erik<\/td>\n<td>20g<\/td>\n<\/tr>\n<tr style=\"height: 15.00pt\">\n<td style=\"height: 15.00pt\" height=\"20\">\u015eapka<\/td>\n<td>Plastik Vidal\u0131 Kapak ve \u0130\u00e7 Kapak<\/td>\n<\/tr>\n<tr style=\"height: 15.00pt\">\n<td style=\"height: 15.00pt\" height=\"20\">\u015eekil<\/td>\n<td>Yuvarlak<\/td>\n<\/tr>\n<tr style=\"height: 15.00pt\">\n<td style=\"height: 15.00pt\" height=\"20\">Kullan\u0131m<\/td>\n<td>Krem, kozmetik \u00fcr\u00fcnleri<\/td>\n<\/tr>\n<tr style=\"height: 15.00pt\">\n<td style=\"height: 15.00pt\" height=\"20\">End\u00fcstriyel Kullan\u0131m<\/td>\n<td>Kozmetik ambalaj\u0131<\/td>\n<\/tr>\n<tr style=\"height: 15.00pt\">\n<td style=\"height: 15.00pt\" height=\"20\">Yaka Malzemesi<\/td>\n<td>Bardak<\/td>\n<\/tr>\n<tr style=\"height: 15.00pt\">\n<td style=\"height: 15.00pt\" height=\"20\">Y\u00fczey \u0130\u015flem<\/td>\n<td>Buzlu, \u00c7\u0131kartma, Cila, Boya, Sprey boya, vb.<\/td>\n<\/tr>\n<tr style=\"height: 15.00pt\">\n<td style=\"height: 15.00pt\" height=\"20\">Logo<\/td>\n<td>Kabul Edilebilir M\u00fc\u015fteri Logosu<\/td>\n<\/tr>\n<tr style=\"height: 15.00pt\">\n<td style=\"height: 15.00pt\" height=\"20\">\u00d6rnek<\/td>\n<td>\u00dccretsiz Sa\u011flan\u0131r<\/td>\n<\/tr>\n<tr style=\"height: 15.00pt\">\n<td style=\"height: 15.00pt\" height=\"20\">Paketleme<\/td>\n<td>\u00d6zelle\u015ftirilmi\u015f Kabul Edilebilir<\/td>\n<\/tr>\n<tr style=\"height: 15.00pt\">\n<td style=\"height: 15.00pt\" height=\"20\">Renk<\/td>\n<td>\u00d6zelle\u015ftirilmi\u015f Renk<\/td>\n<\/tr>\n<\/tbody>\n<\/table>\n<h2>\u00c7ok y\u00f6nl\u00fc kaplar, birden fazla ihtiyaca cevap veriyor<\/h2>\n<p>Bu 20 graml\u0131k cam kavanoz, ister nemlendirici kremler, ister hafif losyonlar, ister y\u00fcksek konsantrasyonlu esanslar, ister yumu\u015fak rujlar olsun, kozmetik ambalajlar\u0131n\u0131z i\u00e7in evrensel bir \u00e7\u00f6z\u00fcm orta\u011f\u0131d\u0131r. \u015eeffaf cam\u0131 sayesinde her damla esans\u0131n etkisini koruyabilir. Markalar i\u00e7in s\u0131n\u0131rl\u0131 say\u0131da hediye kutusu olu\u015fturmak i\u00e7in \u015f\u0131k bir ta\u015f\u0131y\u0131c\u0131; toptanc\u0131lar i\u00e7in \u00e7evre dostu tema setleri geli\u015ftirmek i\u00e7in ideal bir se\u00e7im; kurumsal m\u00fc\u015fteriler ise yarat\u0131c\u0131 seyahat paketleri tasarlayarak \u00fcr\u00fcnlerin m\u00fc\u015fterilerinin deneyimlerine hitap etmesini sa\u011flayabilir.<\/p>\n<p>Tasar\u0131m ekibimizle hemen ileti\u015fime ge\u00e7in ve bu g\u00fczel ve s\u00fcrd\u00fcr\u00fclebilir cam kavanozun \u00fcr\u00fcn gam\u0131n\u0131zdaki en iyi hikaye anlat\u0131c\u0131s\u0131 olmas\u0131na izin verin!<\/p>","protected":false},"excerpt":{"rendered":"<p>PB-GS20 kozmetik kavanozumuz, hem \u015f\u0131kl\u0131k hem de s\u00fcrd\u00fcr\u00fclebilirlik d\u00fc\u015f\u00fcn\u00fclerek tasarlanm\u0131\u015f, yuvarlak, 20 gr&#039;l\u0131k bir cam kozmetik kavanozudur.<\/p>","protected":false},"featured_media":1836,"comment_status":"open","ping_status":"closed","template":"","meta":{"_acf_changed":false,"site-sidebar-layout":"default","site-content-layout":"","ast-site-content-layout":"default","site-content-style":"default","site-sidebar-style":"default","ast-global-header-display":"","ast-banner-title-visibility":"","ast-main-header-display":"","ast-hfb-above-header-display":"","ast-hfb-below-header-display":"","ast-hfb-mobile-header-display":"","site-post-title":"","ast-breadcrumbs-content":"","ast-featured-img":"","footer-sml-layout":"","ast-disable-related-posts":"","theme-transparent-header-meta":"default","adv-header-id-meta":"","stick-header-meta":"","header-above-stick-meta":"","header-main-stick-meta":"","header-below-stick-meta":"","astra-migrate-meta-layouts":"set","ast-page-background-enabled":"default","ast-page-background-meta":{"desktop":{"background-color":"var(--ast-global-color-5)","background-image":"","background-repeat":"repeat","background-position":"center center","background-size":"auto","background-attachment":"scroll","background-type":"","background-media":"","overlay-type":"","overlay-color":"","overlay-opacity":"","overlay-gradient":""},"tablet":{"background-color":"","background-image":"","background-repeat":"repeat","background-position":"center center","background-size":"auto","background-attachment":"scroll","background-type":"","background-media":"","overlay-type":"","overlay-color":"","overlay-opacity":"","overlay-gradient":""},"mobile":{"background-color":"","background-image":"","background-repeat":"repeat","background-position":"center center","background-size":"auto","background-attachment":"scroll","background-type":"","background-media":"","overlay-type":"","overlay-color":"","overlay-opacity":"","overlay-gradient":""}},"ast-content-background-meta":{"desktop":{"background-color":"var(--ast-global-color-4)","background-image":"","background-repeat":"repeat","background-position":"center center","background-size":"auto","background-attachment":"scroll","background-type":"","background-media":"","overlay-type":"","overlay-color":"","overlay-opacity":"","overlay-gradient":""},"tablet":{"background-color":"var(--ast-global-color-4)","background-image":"","background-repeat":"repeat","background-position":"center center","background-size":"auto","background-attachment":"scroll","background-type":"","background-media":"","overlay-type":"","overlay-color":"","overlay-opacity":"","overlay-gradient":""},"mobile":{"background-color":"var(--ast-global-color-4)","background-image":"","background-repeat":"repeat","background-position":"center center","background-size":"auto","background-attachment":"scroll","background-type":"","background-media":"","overlay-type":"","overlay-color":"","overlay-opacity":"","overlay-gradient":""}}},"product_brand":[],"product_cat":[56,62,72],"product_tag":[],"class_list":{"0":"post-1835","1":"product","2":"type-product","3":"status-publish","4":"has-post-thumbnail","6":"product_cat-cosmetic-jars","7":"product_cat-cosmetic-containers","8":"product_cat-cosmetic-packaging","9":"desktop-align-left","10":"tablet-align-left","11":"mobile-align-left","13":"first","14":"instock","15":"shipping-taxable","16":"product-type-simple"},"acf":[],"jetpack_sharing_enabled":true,"_links":{"self":[{"href":"https:\/\/theperfumebottles.com\/tr\/wp-json\/wp\/v2\/product\/1835","targetHints":{"allow":["GET"]}}],"collection":[{"href":"https:\/\/theperfumebottles.com\/tr\/wp-json\/wp\/v2\/product"}],"about":[{"href":"https:\/\/theperfumebottles.com\/tr\/wp-json\/wp\/v2\/types\/product"}],"replies":[{"embeddable":true,"href":"https:\/\/theperfumebottles.com\/tr\/wp-json\/wp\/v2\/comments?post=1835"}],"wp:featuredmedia":[{"embeddable":true,"href":"https:\/\/theperfumebottles.com\/tr\/wp-json\/wp\/v2\/media\/1836"}],"wp:attachment":[{"href":"https:\/\/theperfumebottles.com\/tr\/wp-json\/wp\/v2\/media?parent=1835"}],"wp:term":[{"taxonomy":"product_brand","embeddable":true,"href":"https:\/\/theperfumebottles.com\/tr\/wp-json\/wp\/v2\/product_brand?post=1835"},{"taxonomy":"product_cat","embeddable":true,"href":"https:\/\/theperfumebottles.com\/tr\/wp-json\/wp\/v2\/product_cat?post=1835"},{"taxonomy":"product_tag","embeddable":true,"href":"https:\/\/theperfumebottles.com\/tr\/wp-json\/wp\/v2\/product_tag?post=1835"}],"curies":[{"name":"wp","href":"https:\/\/api.w.org\/{rel}","templated":true}]}}