{"id":1842,"date":"2025-02-13T08:27:09","date_gmt":"2025-02-13T08:27:09","guid":{"rendered":"https:\/\/theperfumebottles.com\/?post_type=product&#038;p=1842"},"modified":"2025-05-29T15:36:33","modified_gmt":"2025-05-29T07:36:33","slug":"wholesale-30ml-glass-lotion-bottles","status":"publish","type":"product","link":"https:\/\/theperfumebottles.com\/tr\/urun\/wholesale-30ml-glass-lotion-bottles\/","title":{"rendered":"Toptan 30 ml Cam Losyon \u015ei\u015feleri"},"content":{"rendered":"<p>PB-RY30 losyon \u015fi\u015feleri (30ml) \u015f\u0131k k\u0131vr\u0131mlar\u0131 ve buzlu y\u00fczeyiyle modern esteti\u011fi pratik tasar\u0131mla harmanlar - kare \u015fi\u015fe mimari \u00e7izgiler kadar d\u00fczg\u00fcnd\u00fcr ve siyah pompa ba\u015fl\u0131\u011f\u0131, damlama sorununa elveda diyerek hafif bir bas\u0131\u015fla s\u0131v\u0131y\u0131 do\u011fru bir \u015fekilde bo\u015faltabilen sessiz bir palet gibidir. \u0130ster nemlendirici losyon ister konsantre esans ile doldurulsun, kesintisiz s\u0131zd\u0131rmazl\u0131k tasar\u0131m\u0131 ile aktif bile\u015fenlerin her damlas\u0131n\u0131 koruyabilir. Kalite pe\u015finde ko\u015fan markalar i\u00e7in minimalist bir cilt bak\u0131m serisi olu\u015fturmak i\u00e7in zarif bir kapt\u0131r; toptanc\u0131lar i\u00e7in maliyet ve dokuyu dengelemek i\u00e7in ideal bir se\u00e7imdir. \u015ei\u015fe kapa\u011f\u0131n\u0131 a\u00e7t\u0131\u011f\u0131n\u0131z anda, ferahlat\u0131c\u0131 kokuya pompa ba\u015fl\u0131\u011f\u0131n\u0131n sesi e\u015flik eder ve cilt bak\u0131m zaman\u0131n\u0131 nazik bir ki\u015fisel bak\u0131ma d\u00f6n\u00fc\u015ft\u00fcr\u00fcr.<\/p>\n<h2>Bu Cam Losyon \u015ei\u015felerinin Temel \u00d6zellikleri<\/h2>\n<table style=\"border-collapse: collapse;margin-left: auto;margin-right: auto;width: 330.02pt\" border=\"0\" width=\"440\" cellspacing=\"0\" cellpadding=\"0\">\n<tbody>\n<tr style=\"height: 13.50pt\">\n<td style=\"height: 13.50pt;width: 111.00pt\" width=\"148\" height=\"18\">Model Numaras\u0131<\/td>\n<td style=\"width: 219.00pt\" width=\"292\">PB-RY30<\/td>\n<\/tr>\n<tr style=\"height: 13.50pt\">\n<td style=\"height: 13.50pt\" height=\"18\">S\u0131zd\u0131rmazl\u0131k Tipi<\/td>\n<td>Pompa P\u00fcsk\u00fcrt\u00fcc\u00fc<\/td>\n<\/tr>\n<tr style=\"height: 13.50pt\">\n<td style=\"height: 13.50pt\" height=\"18\">Malzeme<\/td>\n<td>Cam ve PET<\/td>\n<\/tr>\n<tr style=\"height: 13.50pt\">\n<td style=\"height: 13.50pt\" height=\"18\">Kullan\u0131m<\/td>\n<td>Kozmetik Ambalaj<\/td>\n<\/tr>\n<tr style=\"height: 13.50pt\">\n<td style=\"height: 13.50pt\" height=\"18\">Renk<\/td>\n<td>Siyah\/beyaz \u00fcst k\u0131sm\u0131 olan \u015feffaf cam<\/td>\n<\/tr>\n<tr style=\"height: 13.50pt\">\n<td style=\"height: 13.50pt\" height=\"18\">\u015eekil<\/td>\n<td>Kare<\/td>\n<\/tr>\n<tr style=\"height: 13.50pt\">\n<td style=\"height: 13.50pt\" height=\"18\">Kapasite<\/td>\n<td>30 ml<\/td>\n<\/tr>\n<tr style=\"height: 13.50pt\">\n<td style=\"height: 13.50pt\" height=\"18\">\u00d6deme ko\u015fullar\u0131<\/td>\n<td>30% T \/ T Depozito<\/td>\n<\/tr>\n<tr style=\"height: 13.50pt\">\n<td style=\"height: 13.50pt\" height=\"18\">Ambalajlama<\/td>\n<td>Ah\u015fap palet ve kartonlar<\/td>\n<\/tr>\n<\/tbody>\n<\/table>\n<h2>\u00c7e\u015fitli Kozmetikler i\u00e7in \u0130deal<\/h2>\n<p>Bu 30 ml'lik pompal\u0131 \u015fi\u015fe kozmetikler i\u00e7in samimi orta\u011f\u0131n\u0131zd\u0131r - \u015feffaf \u015fi\u015fe losyonlar, esanslar, u\u00e7ucu ya\u011flar vb. gibi \u00e7e\u015fitli form\u00fcller i\u00e7in uygundur. Kare \u015fekli ve p\u00fcr\u00fczs\u00fcz pompa kafas\u0131, her bas\u0131\u015f\u0131n\u0131zda hassas s\u0131v\u0131 bo\u015falt\u0131m\u0131 sa\u011flar. K\u00fc\u00e7\u00fck boyutu seyahat i\u00e7in uygundur ve ayn\u0131 zamanda yeni \u00fcr\u00fcn denemelerini tutabilir, m\u00fc\u015fterilerin \u00fcr\u00fcnlerinizin cazibesini kolayca deneyimlemelerini sa\u011flar.<\/p>\n<h2>Kozmetik Ambalaj \u0130htiya\u00e7lar\u0131n\u0131z \u0130\u00e7in Bizimle \u0130\u015f Orta\u011f\u0131 Olun<\/h2>\n<p>Ambalaja odaklanan bir i\u015f orta\u011f\u0131 olarak, cam pompa \u015fi\u015felerinden sprey \u015fi\u015felerine kadar eksiksiz bir \u00e7\u00f6z\u00fcm yelpazesi sunuyoruz. \u0130ster toplu olarak sat\u0131n al\u0131n ister \u00f6zelle\u015ftirin, profesyonel ekibimiz sizi en uygun ambalaj \u00e7\u00f6z\u00fcm\u00fcyle e\u015fle\u015ftirecektir. Hemen bizimle ileti\u015fime ge\u00e7in ve bu zarif k\u00fc\u00e7\u00fck \u015fi\u015fenin \u00fcr\u00fcnlerinize pratik ve \u015f\u0131k \u00e7\u00f6z\u00fcmler katmas\u0131na izin verin!<\/p>","protected":false},"excerpt":{"rendered":"<p>Kozmetik end\u00fcstrisinin \u00e7e\u015fitli ihtiya\u00e7lar\u0131n\u0131 kar\u015f\u0131lamak \u00fczere tasarlanm\u0131\u015f \u015f\u0131k ve \u00e7ok y\u00f6nl\u00fc 30 ml pompal\u0131 \u015fi\u015fe olan premium cam losyon \u015fi\u015felerimizle tan\u0131\u015f\u0131n.<\/p>","protected":false},"featured_media":1845,"comment_status":"open","ping_status":"closed","template":"","meta":{"_acf_changed":false,"site-sidebar-layout":"default","site-content-layout":"","ast-site-content-layout":"default","site-content-style":"default","site-sidebar-style":"default","ast-global-header-display":"","ast-banner-title-visibility":"","ast-main-header-display":"","ast-hfb-above-header-display":"","ast-hfb-below-header-display":"","ast-hfb-mobile-header-display":"","site-post-title":"","ast-breadcrumbs-content":"","ast-featured-img":"","footer-sml-layout":"","ast-disable-related-posts":"","theme-transparent-header-meta":"default","adv-header-id-meta":"","stick-header-meta":"","header-above-stick-meta":"","header-main-stick-meta":"","header-below-stick-meta":"","astra-migrate-meta-layouts":"set","ast-page-background-enabled":"default","ast-page-background-meta":{"desktop":{"background-color":"var(--ast-global-color-5)","background-image":"","background-repeat":"repeat","background-position":"center center","background-size":"auto","background-attachment":"scroll","background-type":"","background-media":"","overlay-type":"","overlay-color":"","overlay-opacity":"","overlay-gradient":""},"tablet":{"background-color":"","background-image":"","background-repeat":"repeat","background-position":"center center","background-size":"auto","background-attachment":"scroll","background-type":"","background-media":"","overlay-type":"","overlay-color":"","overlay-opacity":"","overlay-gradient":""},"mobile":{"background-color":"","background-image":"","background-repeat":"repeat","background-position":"center center","background-size":"auto","background-attachment":"scroll","background-type":"","background-media":"","overlay-type":"","overlay-color":"","overlay-opacity":"","overlay-gradient":""}},"ast-content-background-meta":{"desktop":{"background-color":"var(--ast-global-color-4)","background-image":"","background-repeat":"repeat","background-position":"center center","background-size":"auto","background-attachment":"scroll","background-type":"","background-media":"","overlay-type":"","overlay-color":"","overlay-opacity":"","overlay-gradient":""},"tablet":{"background-color":"var(--ast-global-color-4)","background-image":"","background-repeat":"repeat","background-position":"center center","background-size":"auto","background-attachment":"scroll","background-type":"","background-media":"","overlay-type":"","overlay-color":"","overlay-opacity":"","overlay-gradient":""},"mobile":{"background-color":"var(--ast-global-color-4)","background-image":"","background-repeat":"repeat","background-position":"center center","background-size":"auto","background-attachment":"scroll","background-type":"","background-media":"","overlay-type":"","overlay-color":"","overlay-opacity":"","overlay-gradient":""}}},"product_brand":[],"product_cat":[62,72,71],"product_tag":[87,86],"class_list":{"0":"post-1842","1":"product","2":"type-product","3":"status-publish","4":"has-post-thumbnail","6":"product_cat-cosmetic-containers","7":"product_cat-cosmetic-packaging","8":"product_cat-glass-lotion-bottles","9":"product_tag-glass-bottles","10":"product_tag-lotion-bottles","11":"desktop-align-left","12":"tablet-align-left","13":"mobile-align-left","15":"first","16":"instock","17":"shipping-taxable","18":"product-type-simple"},"acf":[],"jetpack_sharing_enabled":true,"_links":{"self":[{"href":"https:\/\/theperfumebottles.com\/tr\/wp-json\/wp\/v2\/product\/1842","targetHints":{"allow":["GET"]}}],"collection":[{"href":"https:\/\/theperfumebottles.com\/tr\/wp-json\/wp\/v2\/product"}],"about":[{"href":"https:\/\/theperfumebottles.com\/tr\/wp-json\/wp\/v2\/types\/product"}],"replies":[{"embeddable":true,"href":"https:\/\/theperfumebottles.com\/tr\/wp-json\/wp\/v2\/comments?post=1842"}],"wp:featuredmedia":[{"embeddable":true,"href":"https:\/\/theperfumebottles.com\/tr\/wp-json\/wp\/v2\/media\/1845"}],"wp:attachment":[{"href":"https:\/\/theperfumebottles.com\/tr\/wp-json\/wp\/v2\/media?parent=1842"}],"wp:term":[{"taxonomy":"product_brand","embeddable":true,"href":"https:\/\/theperfumebottles.com\/tr\/wp-json\/wp\/v2\/product_brand?post=1842"},{"taxonomy":"product_cat","embeddable":true,"href":"https:\/\/theperfumebottles.com\/tr\/wp-json\/wp\/v2\/product_cat?post=1842"},{"taxonomy":"product_tag","embeddable":true,"href":"https:\/\/theperfumebottles.com\/tr\/wp-json\/wp\/v2\/product_tag?post=1842"}],"curies":[{"name":"wp","href":"https:\/\/api.w.org\/{rel}","templated":true}]}}