{"id":1846,"date":"2025-02-13T09:27:43","date_gmt":"2025-02-13T09:27:43","guid":{"rendered":"https:\/\/theperfumebottles.com\/?post_type=product&#038;p=1846"},"modified":"2025-05-29T16:07:24","modified_gmt":"2025-05-29T08:07:24","slug":"roller-bottles-for-essential-oils","status":"publish","type":"product","link":"https:\/\/theperfumebottles.com\/tr\/urun\/roller-bottles-for-essential-oils\/","title":{"rendered":"Roll-On Esansiyel Ya\u011flar i\u00e7in Zarif Sekizgen Cam Rulo \u015ei\u015feler"},"content":{"rendered":"<p>Bu PB-OC312 cam silindir \u015fi\u015feler, modern geometriyi u\u00e7ucu ya\u011f uygulamalar\u0131 i\u00e7in i\u015flevsel tasar\u0131mla birle\u015ftiren mimari kenarlardan esinlenen sekizgen \u015fekliyle dikkat \u00e7ekiyor. \u015eeffaf cam, \u0131\u015f\u0131\u011f\u0131n alt\u0131nda hassas \u0131\u015f\u0131\u011f\u0131 yans\u0131tarak u\u00e7ucu ya\u011flar\u0131n, parf\u00fcmlerin veya cilt bak\u0131m esanslar\u0131n\u0131n silindirini kullanma an\u0131n\u0131 rit\u00fcel dolu hale getiriyor. \u0130ster iyile\u015ftirici u\u00e7ucu ya\u011flarla, ister \u00f6zelle\u015ftirilmi\u015f parf\u00fcmlerle doldurulsun, ister \u00f6zel cilt bak\u0131m form\u00fclleri harmanlans\u0131n, kesintisiz bir m\u00fch\u00fcr tasar\u0131m\u0131 ile de\u011ferli s\u0131v\u0131n\u0131n her damlas\u0131n\u0131 koruyabilir. Kozmetik ambalajlar\u0131na odaklanan bir i\u015f orta\u011f\u0131 olarak, uygun maliyetli toplu tedarik \u00e7\u00f6z\u00fcmleri sunarak bu \u015f\u0131k ve pratik cam \u015fi\u015feyi \u00fcr\u00fcn serinizde \u00e7arp\u0131c\u0131 bir \"sessiz y\u0131ld\u0131z\" haline getiriyoruz.<\/p>\n<h2>Bu Silindir \u015ei\u015felerin Temel \u00d6zellikleri<\/h2>\n<table style=\"border-collapse: collapse;margin-left: auto;margin-right: auto;width: 522.02pt\" border=\"0\" width=\"696\" cellspacing=\"0\" cellpadding=\"0\">\n<tbody>\n<tr style=\"height: 13.50pt\">\n<td style=\"height: 13.50pt;width: 111.00pt\" width=\"148\" height=\"18\">Model Numaras\u0131<\/td>\n<td style=\"width: 411.00pt\" width=\"548\">PB-OC312<\/td>\n<\/tr>\n<tr style=\"height: 13.50pt\">\n<td style=\"height: 13.50pt\" height=\"18\">Kapasite<\/td>\n<td>3ml, 6ml, 9ml, 12ml. (\u00f6zelle\u015ftirilebilir)<\/td>\n<\/tr>\n<tr style=\"height: 13.50pt\">\n<td style=\"height: 13.50pt\" height=\"18\">Renk<\/td>\n<td>\u015eeffaf, pembe (\u00f6zelle\u015ftirilebilir)<\/td>\n<\/tr>\n<tr style=\"height: 13.50pt\">\n<td style=\"height: 13.50pt\" height=\"18\">\u015eekil<\/td>\n<td>Sekizgen<\/td>\n<\/tr>\n<tr style=\"height: 13.50pt\">\n<td style=\"height: 13.50pt\" height=\"18\">Malzemeler<\/td>\n<td>Cam g\u00f6vde, anodize al\u00fcminyum kapak, cam k\u00fcre, plastik k\u00fcre taban<\/td>\n<\/tr>\n<tr style=\"height: 13.50pt\">\n<td style=\"height: 13.50pt\" height=\"18\">Y\u00fczey \u0130\u015flem<\/td>\n<td>Serigrafi bask\u0131, buzlu, \u00e7\u0131kartma, renkli sprey, etiket vb.<\/td>\n<\/tr>\n<\/tbody>\n<\/table>\n<h2>\u00c7ok Y\u00f6nl\u00fc<\/h2>\n<p>Bu zarif cam \u015fi\u015feler, a\u015fa\u011f\u0131dakiler de dahil olmak \u00fczere \u00e7e\u015fitli uygulamalar i\u00e7in uygundur:<\/p>\n<ul>\n<li><strong>U\u00e7ucu ya\u011f rulolar\u0131:<\/strong> Do\u011frudan cilde uygulay\u0131n ve iyile\u015ftirici form\u00fcl parmaklar\u0131n\u0131z\u0131n ucunda olsun.<\/li>\n<li><strong>Aromaterapi bile\u015fikleri:<\/strong> Parf\u00fcmeriden ambalaja, kokunun safl\u0131\u011f\u0131n\u0131 koruyun.<\/li>\n<li><strong>Parf\u00fcm\/dudak parlat\u0131c\u0131s\u0131:<\/strong> Roll-on hassas makyaj, g\u00fcnl\u00fck bak\u0131m y\u00fckseltme rit\u00fceli.<\/li>\n<\/ul>\n<p>\u0130ster silindir u\u00e7ucu ya\u011f \u015fi\u015fesine ister di\u011fer kozmetik kaplara ihtiyac\u0131n\u0131z olsun, tek noktadan \u00e7\u00f6z\u00fcm\u00fcn\u00fcz biziz - \u015fimdi bizimle ileti\u015fime ge\u00e7in ve zarif \u015fi\u015fenin \u00fcr\u00fcnlerinize pazar cazibesi katmas\u0131na izin verin!<\/p>","protected":false},"excerpt":{"rendered":"<p>Sekizgen cam silindir \u015fi\u015felerimiz hem estetik hem de i\u015flevsellik g\u00f6z \u00f6n\u00fcnde bulundurularak tasarlanm\u0131\u015ft\u0131r.<\/p>","protected":false},"featured_media":1849,"comment_status":"open","ping_status":"closed","template":"","meta":{"_acf_changed":false,"site-sidebar-layout":"default","site-content-layout":"","ast-site-content-layout":"default","site-content-style":"default","site-sidebar-style":"default","ast-global-header-display":"","ast-banner-title-visibility":"","ast-main-header-display":"","ast-hfb-above-header-display":"","ast-hfb-below-header-display":"","ast-hfb-mobile-header-display":"","site-post-title":"","ast-breadcrumbs-content":"","ast-featured-img":"","footer-sml-layout":"","ast-disable-related-posts":"","theme-transparent-header-meta":"default","adv-header-id-meta":"","stick-header-meta":"","header-above-stick-meta":"","header-main-stick-meta":"","header-below-stick-meta":"","astra-migrate-meta-layouts":"set","ast-page-background-enabled":"default","ast-page-background-meta":{"desktop":{"background-color":"var(--ast-global-color-5)","background-image":"","background-repeat":"repeat","background-position":"center center","background-size":"auto","background-attachment":"scroll","background-type":"","background-media":"","overlay-type":"","overlay-color":"","overlay-opacity":"","overlay-gradient":""},"tablet":{"background-color":"","background-image":"","background-repeat":"repeat","background-position":"center center","background-size":"auto","background-attachment":"scroll","background-type":"","background-media":"","overlay-type":"","overlay-color":"","overlay-opacity":"","overlay-gradient":""},"mobile":{"background-color":"","background-image":"","background-repeat":"repeat","background-position":"center center","background-size":"auto","background-attachment":"scroll","background-type":"","background-media":"","overlay-type":"","overlay-color":"","overlay-opacity":"","overlay-gradient":""}},"ast-content-background-meta":{"desktop":{"background-color":"var(--ast-global-color-4)","background-image":"","background-repeat":"repeat","background-position":"center center","background-size":"auto","background-attachment":"scroll","background-type":"","background-media":"","overlay-type":"","overlay-color":"","overlay-opacity":"","overlay-gradient":""},"tablet":{"background-color":"var(--ast-global-color-4)","background-image":"","background-repeat":"repeat","background-position":"center center","background-size":"auto","background-attachment":"scroll","background-type":"","background-media":"","overlay-type":"","overlay-color":"","overlay-opacity":"","overlay-gradient":""},"mobile":{"background-color":"var(--ast-global-color-4)","background-image":"","background-repeat":"repeat","background-position":"center center","background-size":"auto","background-attachment":"scroll","background-type":"","background-media":"","overlay-type":"","overlay-color":"","overlay-opacity":"","overlay-gradient":""}}},"product_brand":[],"product_cat":[60,72,62,57],"product_tag":[88],"class_list":{"0":"post-1846","1":"product","2":"type-product","3":"status-publish","4":"has-post-thumbnail","6":"product_cat-roller-bottles","7":"product_cat-cosmetic-packaging","8":"product_cat-cosmetic-containers","9":"product_cat-essential-oil-bottles","10":"product_tag-roller-bottles","11":"desktop-align-left","12":"tablet-align-left","13":"mobile-align-left","15":"first","16":"instock","17":"shipping-taxable","18":"product-type-simple"},"acf":[],"jetpack_sharing_enabled":true,"_links":{"self":[{"href":"https:\/\/theperfumebottles.com\/tr\/wp-json\/wp\/v2\/product\/1846","targetHints":{"allow":["GET"]}}],"collection":[{"href":"https:\/\/theperfumebottles.com\/tr\/wp-json\/wp\/v2\/product"}],"about":[{"href":"https:\/\/theperfumebottles.com\/tr\/wp-json\/wp\/v2\/types\/product"}],"replies":[{"embeddable":true,"href":"https:\/\/theperfumebottles.com\/tr\/wp-json\/wp\/v2\/comments?post=1846"}],"wp:featuredmedia":[{"embeddable":true,"href":"https:\/\/theperfumebottles.com\/tr\/wp-json\/wp\/v2\/media\/1849"}],"wp:attachment":[{"href":"https:\/\/theperfumebottles.com\/tr\/wp-json\/wp\/v2\/media?parent=1846"}],"wp:term":[{"taxonomy":"product_brand","embeddable":true,"href":"https:\/\/theperfumebottles.com\/tr\/wp-json\/wp\/v2\/product_brand?post=1846"},{"taxonomy":"product_cat","embeddable":true,"href":"https:\/\/theperfumebottles.com\/tr\/wp-json\/wp\/v2\/product_cat?post=1846"},{"taxonomy":"product_tag","embeddable":true,"href":"https:\/\/theperfumebottles.com\/tr\/wp-json\/wp\/v2\/product_tag?post=1846"}],"curies":[{"name":"wp","href":"https:\/\/api.w.org\/{rel}","templated":true}]}}