{"id":1899,"date":"2025-02-17T02:24:51","date_gmt":"2025-02-17T02:24:51","guid":{"rendered":"https:\/\/theperfumebottles.com\/?post_type=product&#038;p=1899"},"modified":"2025-05-29T16:24:46","modified_gmt":"2025-05-29T08:24:46","slug":"50ml-luxury-small-cologne-bottles-wholesale","status":"publish","type":"product","link":"https:\/\/theperfumebottles.com\/tr\/urun\/50ml-luxury-small-cologne-bottles-wholesale\/","title":{"rendered":"50 ml L\u00fcks K\u00fc\u00e7\u00fck Kolonya \u015ei\u015feleri Toptan Sat\u0131\u015f"},"content":{"rendered":"<p>Bu 50 ml'lik dikd\u00f6rtgen parf\u00fcm \u015fi\u015fesi, modern minimalist esteti\u011fi \u015feffaf cam - d\u00fczg\u00fcn \u00e7izgiler ve bej \u015fi\u015fe kapa\u011f\u0131 ile t\u0131pk\u0131 sabah \u0131\u015f\u0131\u011f\u0131n\u0131 k\u00fc\u00e7\u00fck bir alanda yo\u011funla\u015ft\u0131rmak gibi yorumluyor. G\u00fcne\u015f \u015fi\u015fenin i\u00e7inden parlad\u0131\u011f\u0131nda, kristal berrakl\u0131\u011f\u0131ndaki s\u0131v\u0131 \u0131\u015f\u0131k ve g\u00f6lge i\u00e7inde akarak her spreyi an\u0131lara de\u011fer veren bir rit\u00fcel an\u0131 haline getirir.<\/p>\n<h2>Temel \u00d6zellikler\uff1a<\/h2>\n<table style=\"border-collapse: collapse;margin-left: auto;margin-right: auto;width: 506.27pt\" border=\"0\" width=\"675\" cellspacing=\"0\" cellpadding=\"0\">\n<tbody>\n<tr style=\"height: 13.50pt\">\n<td style=\"height: 13.50pt;width: 130.50pt\" width=\"174\" height=\"18\">Model Numaras\u0131<\/td>\n<td style=\"width: 375.75pt\" width=\"501\">PB-BF04<\/td>\n<\/tr>\n<tr style=\"height: 13.50pt\">\n<td style=\"height: 13.50pt\" height=\"18\">Kapasite<\/td>\n<td>50 ml<\/td>\n<\/tr>\n<tr style=\"height: 13.50pt\">\n<td style=\"height: 13.50pt\" height=\"18\">\u00c7ap<\/td>\n<td>15 mm<\/td>\n<\/tr>\n<tr style=\"height: 13.50pt\">\n<td style=\"height: 13.50pt\" height=\"18\">Renk<\/td>\n<td>Bej kapakl\u0131 \u015feffaf cam<\/td>\n<\/tr>\n<tr style=\"height: 13.50pt\">\n<td style=\"height: 13.50pt\" height=\"18\">Cam boyutu<\/td>\n<td>39mm * 25mm * 115mm<\/td>\n<\/tr>\n<tr style=\"height: 13.50pt\">\n<td style=\"height: 13.50pt\" height=\"18\">\u015eekil<\/td>\n<td>Dikd\u00f6rtgen<\/td>\n<\/tr>\n<tr style=\"height: 13.50pt\">\n<td style=\"height: 13.50pt\" height=\"18\">Malzeme<\/td>\n<td>Y\u00fcksek kaliteli kristal cam, PET<\/td>\n<\/tr>\n<tr style=\"height: 13.50pt\">\n<td style=\"height: 13.50pt\" height=\"18\">Logo<\/td>\n<td>\u00d6zelle\u015ftirilebilir<\/td>\n<\/tr>\n<tr style=\"height: 13.50pt\">\n<td style=\"height: 13.50pt\" height=\"18\">Y\u00fczey \u0130\u015flem<\/td>\n<td>Serigrafi bask\u0131 \/ buzlu \/ \u00e7\u0131kartma \/ renk spreyi \/ etiket vb.<\/td>\n<\/tr>\n<\/tbody>\n<\/table>\n<h2>K\u00fc\u00e7\u00fck Kolonya \u015ei\u015felerimizin Kullan\u0131m Alanlar\u0131<\/h2>\n<p>Bu 50 ml'lik parf\u00fcm \u015fi\u015fesi koku severlerin yak\u0131n arkada\u015f\u0131d\u0131r - \u015feffaf cam parf\u00fcm, kolonya veya u\u00e7ucu ya\u011f bile\u015fimi i\u00e7in uygundur ve k\u00fc\u00e7\u00fck boyutu seyahat veya g\u00fcnl\u00fck koku i\u00e7in m\u00fckemmel olan bir bavula veya cebe kolayca yerle\u015ftirilebilir.<\/p>\n<h2>Premium Parf\u00fcm \u015ei\u015felerimizle Markan\u0131z\u0131 Y\u00fckseltin<\/h2>\n<p>\u0130yi bir parf\u00fcm\u00fcn sadece aromayla de\u011fil, ayn\u0131 zamanda her seferinde \u015fi\u015feye dokunma rit\u00fceliyle de ilgili oldu\u011funu biliyoruz. \u00dcst d\u00fczey koku ambalajlar\u0131na odaklanan bir i\u015f orta\u011f\u0131 olarak, ister toplu olarak sat\u0131n al\u0131n ister kendi marka bask\u0131n\u0131z\u0131 yarat\u0131n (s\u0131cak damgalama LOGO'dan degrade \u015fi\u015feye kadar), her detay\u0131n hikayenizi ta\u015f\u0131mas\u0131n\u0131 sa\u011flamak i\u00e7in \u00e7e\u015fitli yarat\u0131c\u0131 \u00e7\u00f6z\u00fcmler kullanabiliriz. \u015eimdi tasar\u0131m ekibimizle ileti\u015fime ge\u00e7in ve bu zarif k\u00fc\u00e7\u00fck \u015fi\u015fenin kokunuza stil ve pratiklik katmas\u0131na izin verin!<\/p>","protected":false},"excerpt":{"rendered":"<p>K\u00fc\u00e7\u00fck kolonya \u015fi\u015felerimiz \u015f\u0131k, dikd\u00f6rtgen silueti ve kristal berrakl\u0131\u011f\u0131ndaki cam yap\u0131s\u0131yla dikkat \u00e7ekecek \u015fekilde tasarlanm\u0131\u015ft\u0131r.<\/p>","protected":false},"featured_media":2332,"comment_status":"open","ping_status":"closed","template":"","meta":{"_acf_changed":false,"site-sidebar-layout":"default","site-content-layout":"","ast-site-content-layout":"default","site-content-style":"default","site-sidebar-style":"default","ast-global-header-display":"","ast-banner-title-visibility":"","ast-main-header-display":"","ast-hfb-above-header-display":"","ast-hfb-below-header-display":"","ast-hfb-mobile-header-display":"","site-post-title":"","ast-breadcrumbs-content":"","ast-featured-img":"","footer-sml-layout":"","ast-disable-related-posts":"","theme-transparent-header-meta":"default","adv-header-id-meta":"","stick-header-meta":"","header-above-stick-meta":"","header-main-stick-meta":"","header-below-stick-meta":"","astra-migrate-meta-layouts":"set","ast-page-background-enabled":"default","ast-page-background-meta":{"desktop":{"background-color":"var(--ast-global-color-5)","background-image":"","background-repeat":"repeat","background-position":"center center","background-size":"auto","background-attachment":"scroll","background-type":"","background-media":"","overlay-type":"","overlay-color":"","overlay-opacity":"","overlay-gradient":""},"tablet":{"background-color":"","background-image":"","background-repeat":"repeat","background-position":"center center","background-size":"auto","background-attachment":"scroll","background-type":"","background-media":"","overlay-type":"","overlay-color":"","overlay-opacity":"","overlay-gradient":""},"mobile":{"background-color":"","background-image":"","background-repeat":"repeat","background-position":"center center","background-size":"auto","background-attachment":"scroll","background-type":"","background-media":"","overlay-type":"","overlay-color":"","overlay-opacity":"","overlay-gradient":""}},"ast-content-background-meta":{"desktop":{"background-color":"var(--ast-global-color-4)","background-image":"","background-repeat":"repeat","background-position":"center center","background-size":"auto","background-attachment":"scroll","background-type":"","background-media":"","overlay-type":"","overlay-color":"","overlay-opacity":"","overlay-gradient":""},"tablet":{"background-color":"var(--ast-global-color-4)","background-image":"","background-repeat":"repeat","background-position":"center center","background-size":"auto","background-attachment":"scroll","background-type":"","background-media":"","overlay-type":"","overlay-color":"","overlay-opacity":"","overlay-gradient":""},"mobile":{"background-color":"var(--ast-global-color-4)","background-image":"","background-repeat":"repeat","background-position":"center center","background-size":"auto","background-attachment":"scroll","background-type":"","background-media":"","overlay-type":"","overlay-color":"","overlay-opacity":"","overlay-gradient":""}}},"product_brand":[],"product_cat":[41,72],"product_tag":[],"class_list":{"0":"post-1899","1":"product","2":"type-product","3":"status-publish","4":"has-post-thumbnail","6":"product_cat-perfume-bottles","7":"product_cat-cosmetic-packaging","8":"desktop-align-left","9":"tablet-align-left","10":"mobile-align-left","12":"first","13":"instock","14":"shipping-taxable","15":"product-type-simple"},"acf":[],"jetpack_sharing_enabled":true,"_links":{"self":[{"href":"https:\/\/theperfumebottles.com\/tr\/wp-json\/wp\/v2\/product\/1899","targetHints":{"allow":["GET"]}}],"collection":[{"href":"https:\/\/theperfumebottles.com\/tr\/wp-json\/wp\/v2\/product"}],"about":[{"href":"https:\/\/theperfumebottles.com\/tr\/wp-json\/wp\/v2\/types\/product"}],"replies":[{"embeddable":true,"href":"https:\/\/theperfumebottles.com\/tr\/wp-json\/wp\/v2\/comments?post=1899"}],"wp:featuredmedia":[{"embeddable":true,"href":"https:\/\/theperfumebottles.com\/tr\/wp-json\/wp\/v2\/media\/2332"}],"wp:attachment":[{"href":"https:\/\/theperfumebottles.com\/tr\/wp-json\/wp\/v2\/media?parent=1899"}],"wp:term":[{"taxonomy":"product_brand","embeddable":true,"href":"https:\/\/theperfumebottles.com\/tr\/wp-json\/wp\/v2\/product_brand?post=1899"},{"taxonomy":"product_cat","embeddable":true,"href":"https:\/\/theperfumebottles.com\/tr\/wp-json\/wp\/v2\/product_cat?post=1899"},{"taxonomy":"product_tag","embeddable":true,"href":"https:\/\/theperfumebottles.com\/tr\/wp-json\/wp\/v2\/product_tag?post=1899"}],"curies":[{"name":"wp","href":"https:\/\/api.w.org\/{rel}","templated":true}]}}