{"id":1904,"date":"2025-02-17T03:43:41","date_gmt":"2025-02-17T03:43:41","guid":{"rendered":"https:\/\/theperfumebottles.com\/?post_type=product&#038;p=1904"},"modified":"2025-05-29T09:03:10","modified_gmt":"2025-05-29T01:03:10","slug":"wholesale-custom-100ml-luxury-perfume-bottles","status":"publish","type":"product","link":"https:\/\/theperfumebottles.com\/tr\/urun\/wholesale-custom-100ml-luxury-perfume-bottles\/","title":{"rendered":"Toptan \u00d6zel 100 ml L\u00fcks Parf\u00fcm \u015ei\u015feleri"},"content":{"rendered":"<p>Bu 100ml kare cam l\u00fcks parf\u00fcm \u015fi\u015feleri sade ve modern bir tasar\u0131ma, \u015feffaf malzemeye, y\u00fcksek tan\u0131n\u0131rl\u0131\u011fa sahiptir ve ilk bak\u0131\u015fta unutulmazd\u0131r. \u015ei\u015fe g\u00f6vdesi, katmanl\u0131 bir mavi-siyah tonu sunmak i\u00e7in benzersiz bir boyama i\u015flemi kullan\u0131r. I\u015f\u0131k alt\u0131nda ola\u011fan\u00fcst\u00fc bir dokuya ve marka izlenimini ve haf\u0131za noktas\u0131n\u0131 geli\u015ftirmeye yard\u0131mc\u0131 olan belirgin bir g\u00f6rsel etkiye sahiptir. Modern erkek kokular\u0131 i\u00e7in \u00f6zel olarak tasarlanan \u015fi\u015fe, hem g\u00f6r\u00fcn\u00fcm g\u00fczelli\u011fini hem de pratik performans\u0131 dikkate alarak markan\u0131n rafine, \u00f6l\u00e7\u00fcl\u00fc ve \u015f\u0131k bir marka imaj\u0131n\u0131 do\u011fru bir \u015fekilde aktarmas\u0131na yard\u0131mc\u0131 oluyor.<\/p>\n<h2>L\u00fcks Parf\u00fcm \u015ei\u015felerimizin Temel \u00d6zellikleri<\/h2>\n<table style=\"border-collapse: collapse;margin-left: auto;margin-right: auto;width: 354.02pt\" border=\"0\" width=\"472\" cellspacing=\"0\" cellpadding=\"0\">\n<tbody>\n<tr style=\"height: 13.50pt\">\n<td style=\"height: 13.50pt;margin-left: auto;margin-right: auto;width: 130.50pt\" width=\"174\" height=\"18\">Model Numaras\u0131<\/td>\n<td style=\"width: 223.50pt\" width=\"298\">PB-BF05<\/td>\n<\/tr>\n<tr style=\"height: 13.50pt\">\n<td style=\"height: 13.50pt\" height=\"18\">Kapasite<\/td>\n<td>100 ml (3,4 oz)<\/td>\n<\/tr>\n<tr style=\"height: 13.50pt\">\n<td style=\"height: 13.50pt\" height=\"18\">\u00c7ap<\/td>\n<td>15 mm<\/td>\n<\/tr>\n<tr style=\"height: 13.50pt\">\n<td style=\"height: 13.50pt\" height=\"18\">Renk<\/td>\n<td>Mavi\/siyah kapakl\u0131 \u015feffaf cam<\/td>\n<\/tr>\n<tr style=\"height: 13.50pt\">\n<td style=\"height: 13.50pt\" height=\"18\">Cam boyutu<\/td>\n<td>68mm * 36mm * 100mm<\/td>\n<\/tr>\n<tr style=\"height: 13.50pt\">\n<td style=\"height: 13.50pt\" height=\"18\">\u015eekil<\/td>\n<td>Dikd\u00f6rtgen<\/td>\n<\/tr>\n<tr style=\"height: 13.50pt\">\n<td style=\"height: 13.50pt\" height=\"18\">Malzeme<\/td>\n<td>Y\u00fcksek kaliteli kristal cam<\/td>\n<\/tr>\n<\/tbody>\n<\/table>\n<h2>Kullan\u0131m senaryolar\u0131<\/h2>\n<p>Bu 100 ml mavi parf\u00fcm \u015fi\u015fesi erkek kokular\u0131 i\u00e7in tasarlanm\u0131\u015ft\u0131r, kolonya, t\u0131ra\u015f sonras\u0131 veya eau de toilette olsun, kolayca kontrol edilebilir. \u0130ster b\u00fcy\u00fck \u00f6l\u00e7ekli ambalaja ihtiya\u00e7 duyan bir parf\u00fcm \u00fcreticisi olun, ister \u00f6zel kokular yaratan bir marka. Bireysel ifadenin pe\u015finde ko\u015fan ni\u015f markalar veya el yap\u0131m\u0131 parf\u00fcmc\u00fcler i\u00e7in bile \u00e7ok cazip bir se\u00e7imdir.<\/p>\n<h2>Neden bizi se\u00e7melisiniz?<\/h2>\n<p>\u00dcst d\u00fczey parf\u00fcm \u015fi\u015felerine odaklanan bir ortak olarak, her koku \u015fi\u015fesinin markan\u0131n hikayesini ta\u015f\u0131d\u0131\u011f\u0131n\u0131 biliyoruz. Bu sprey \u015fi\u015fesinin tasar\u0131m\u0131 sadece g\u00f6r\u00fcn\u00fcme odaklanmakla kalm\u0131yor, ayn\u0131 zamanda marka tonuyla derin uyuma da dikkat ediyor - cam\u0131n saf dokusundan \u015fi\u015fe g\u00f6vdesinin p\u00fcr\u00fczs\u00fcz kavisine kadar her ayr\u0131nt\u0131, kalite ve g\u00fczellik aray\u0131\u015f\u0131n\u0131z\u0131 iletmek i\u00e7in tekrar tekrar parlat\u0131ld\u0131. \u0130ster hassas dokunu\u015fu ister kullan\u0131m kolayl\u0131\u011f\u0131 olsun, koku \u00fcr\u00fcnlerinizin m\u00fckemmel bir uzant\u0131s\u0131 olaca\u011f\u0131n\u0131 umuyoruz. \u0130ster toplu olarak sat\u0131n almak ister benzersiz bir tasar\u0131m\u0131 \u00f6zelle\u015ftirmek isteyin, fikirleriniz hakk\u0131nda konu\u015fmak i\u00e7in \u015fimdi bize ula\u015f\u0131n - kokunuza daha dokunakl\u0131 bir hikaye vermek ve markan\u0131z\u0131 pazarda \u00f6ne \u00e7\u0131karmak i\u00e7in zarif ambalajlar kullanal\u0131m.<\/p>","protected":false},"excerpt":{"rendered":"<p>Cam 100ml l\u00fcks parf\u00fcm \u015fi\u015felerimiz sofistike tasar\u0131m\u0131n ve \u00fcst\u00fcn kalitenin bir kan\u0131t\u0131d\u0131r. Parf\u00fcmler s\u00f6z konusu oldu\u011funda, do\u011fru sunum b\u00fcy\u00fck fark yaratabilir.<\/p>","protected":false},"featured_media":2335,"comment_status":"open","ping_status":"closed","template":"","meta":{"_acf_changed":false,"site-sidebar-layout":"default","site-content-layout":"","ast-site-content-layout":"default","site-content-style":"default","site-sidebar-style":"default","ast-global-header-display":"","ast-banner-title-visibility":"","ast-main-header-display":"","ast-hfb-above-header-display":"","ast-hfb-below-header-display":"","ast-hfb-mobile-header-display":"","site-post-title":"","ast-breadcrumbs-content":"","ast-featured-img":"","footer-sml-layout":"","ast-disable-related-posts":"","theme-transparent-header-meta":"default","adv-header-id-meta":"","stick-header-meta":"","header-above-stick-meta":"","header-main-stick-meta":"","header-below-stick-meta":"","astra-migrate-meta-layouts":"set","ast-page-background-enabled":"default","ast-page-background-meta":{"desktop":{"background-color":"var(--ast-global-color-5)","background-image":"","background-repeat":"repeat","background-position":"center center","background-size":"auto","background-attachment":"scroll","background-type":"","background-media":"","overlay-type":"","overlay-color":"","overlay-opacity":"","overlay-gradient":""},"tablet":{"background-color":"","background-image":"","background-repeat":"repeat","background-position":"center center","background-size":"auto","background-attachment":"scroll","background-type":"","background-media":"","overlay-type":"","overlay-color":"","overlay-opacity":"","overlay-gradient":""},"mobile":{"background-color":"","background-image":"","background-repeat":"repeat","background-position":"center center","background-size":"auto","background-attachment":"scroll","background-type":"","background-media":"","overlay-type":"","overlay-color":"","overlay-opacity":"","overlay-gradient":""}},"ast-content-background-meta":{"desktop":{"background-color":"var(--ast-global-color-4)","background-image":"","background-repeat":"repeat","background-position":"center center","background-size":"auto","background-attachment":"scroll","background-type":"","background-media":"","overlay-type":"","overlay-color":"","overlay-opacity":"","overlay-gradient":""},"tablet":{"background-color":"var(--ast-global-color-4)","background-image":"","background-repeat":"repeat","background-position":"center center","background-size":"auto","background-attachment":"scroll","background-type":"","background-media":"","overlay-type":"","overlay-color":"","overlay-opacity":"","overlay-gradient":""},"mobile":{"background-color":"var(--ast-global-color-4)","background-image":"","background-repeat":"repeat","background-position":"center center","background-size":"auto","background-attachment":"scroll","background-type":"","background-media":"","overlay-type":"","overlay-color":"","overlay-opacity":"","overlay-gradient":""}}},"product_brand":[],"product_cat":[41,72],"product_tag":[],"class_list":{"0":"post-1904","1":"product","2":"type-product","3":"status-publish","4":"has-post-thumbnail","6":"product_cat-perfume-bottles","7":"product_cat-cosmetic-packaging","8":"desktop-align-left","9":"tablet-align-left","10":"mobile-align-left","12":"first","13":"instock","14":"shipping-taxable","15":"product-type-simple"},"acf":[],"jetpack_sharing_enabled":true,"_links":{"self":[{"href":"https:\/\/theperfumebottles.com\/tr\/wp-json\/wp\/v2\/product\/1904","targetHints":{"allow":["GET"]}}],"collection":[{"href":"https:\/\/theperfumebottles.com\/tr\/wp-json\/wp\/v2\/product"}],"about":[{"href":"https:\/\/theperfumebottles.com\/tr\/wp-json\/wp\/v2\/types\/product"}],"replies":[{"embeddable":true,"href":"https:\/\/theperfumebottles.com\/tr\/wp-json\/wp\/v2\/comments?post=1904"}],"wp:featuredmedia":[{"embeddable":true,"href":"https:\/\/theperfumebottles.com\/tr\/wp-json\/wp\/v2\/media\/2335"}],"wp:attachment":[{"href":"https:\/\/theperfumebottles.com\/tr\/wp-json\/wp\/v2\/media?parent=1904"}],"wp:term":[{"taxonomy":"product_brand","embeddable":true,"href":"https:\/\/theperfumebottles.com\/tr\/wp-json\/wp\/v2\/product_brand?post=1904"},{"taxonomy":"product_cat","embeddable":true,"href":"https:\/\/theperfumebottles.com\/tr\/wp-json\/wp\/v2\/product_cat?post=1904"},{"taxonomy":"product_tag","embeddable":true,"href":"https:\/\/theperfumebottles.com\/tr\/wp-json\/wp\/v2\/product_tag?post=1904"}],"curies":[{"name":"wp","href":"https:\/\/api.w.org\/{rel}","templated":true}]}}