{"id":1909,"date":"2025-02-17T07:16:21","date_gmt":"2025-02-17T07:16:21","guid":{"rendered":"https:\/\/theperfumebottles.com\/?post_type=product&#038;p=1909"},"modified":"2026-04-07T16:33:12","modified_gmt":"2026-04-07T08:33:12","slug":"50ml-fragrance-bottles-wholesale","status":"publish","type":"product","link":"https:\/\/theperfumebottles.com\/tr\/urun\/50ml-fragrance-bottles-wholesale\/","title":{"rendered":"50 ml Kristal Cam Parf\u00fcm \u015ei\u015feleri Toptan Sat\u0131\u015f"},"content":{"rendered":"<p data-sourcepos=\"9:1-9:360\">Bu parf\u00fcm \u015fi\u015feleri, \u00e7ekici bir kare tasar\u0131ma sahiptir. \u015ei\u015fe tasar\u0131m\u0131nda, cilal\u0131 alt\u0131n metal bir halkay\u0131 tutan cam bir boyun \u00fczerine oturan elmas kesimli kristal bir kapak bulunur; bu da \u015fi\u015fenin l\u00fcks de\u011ferini art\u0131ran \u00e7ekici bir g\u00f6rsel efekt yarat\u0131r.<\/p>\n<p><img fetchpriority=\"high\" decoding=\"async\" class=\"size-medium wp-image-1910 aligncenter\" src=\"https:\/\/theperfumebottles.com\/wp-content\/uploads\/2025\/02\/fragrance-bottles-300x300.jpg\" alt=\"koku \u015fi\u015feleri\" width=\"300\" height=\"300\" srcset=\"https:\/\/theperfumebottles.com\/wp-content\/uploads\/2025\/02\/fragrance-bottles-300x300.jpg 300w, https:\/\/theperfumebottles.com\/wp-content\/uploads\/2025\/02\/fragrance-bottles-150x150.jpg 150w, https:\/\/theperfumebottles.com\/wp-content\/uploads\/2025\/02\/fragrance-bottles-768x768.jpg 768w, https:\/\/theperfumebottles.com\/wp-content\/uploads\/2025\/02\/fragrance-bottles-12x12.jpg 12w, https:\/\/theperfumebottles.com\/wp-content\/uploads\/2025\/02\/fragrance-bottles-600x600.jpg 600w, https:\/\/theperfumebottles.com\/wp-content\/uploads\/2025\/02\/fragrance-bottles-100x100.jpg 100w, https:\/\/theperfumebottles.com\/wp-content\/uploads\/2025\/02\/fragrance-bottles.jpg 1000w\" sizes=\"(max-width: 300px) 100vw, 300px\" \/><\/p>\n<h2>50 ml&#039;lik Parf\u00fcm \u015ei\u015felerimizin Ba\u015fl\u0131ca \u00d6zellikleri<\/h2>\n<table style=\"border-collapse: collapse; margin-left: auto; margin-right: auto; width: 354.02pt;\" border=\"0\" width=\"472\" cellspacing=\"0\" cellpadding=\"0\">\n<tbody>\n<tr style=\"height: 13.50pt;\">\n<td style=\"height: 13.50pt; width: 130.50pt;\" width=\"174\" height=\"18\">Model Numaras\u0131<\/td>\n<td style=\"width: 223.50pt;\" width=\"298\">PB-BF0801 \/ PB-BF0802<\/td>\n<\/tr>\n<tr style=\"height: 13.50pt;\">\n<td style=\"height: 13.50pt;\" height=\"18\">Kapasite<\/td>\n<td>50 ml<\/td>\n<\/tr>\n<tr style=\"height: 13.50pt;\">\n<td style=\"height: 13.50pt;\" height=\"18\">\u00c7ap<\/td>\n<td>15 mm<\/td>\n<\/tr>\n<tr style=\"height: 13.50pt;\">\n<td style=\"height: 13.50pt;\" height=\"18\">Renk<\/td>\n<td>Alt\u0131n\/g\u00fcm\u00fc\u015f kapakl\u0131 \u015feffaf cam<\/td>\n<\/tr>\n<tr style=\"height: 13.50pt;\">\n<td style=\"height: 13.50pt;\" height=\"18\">Cam Boyutu<\/td>\n<td>58mm 33mm 79mm \/ 58mm 35mm 91mm<\/td>\n<\/tr>\n<tr style=\"height: 13.50pt;\">\n<td style=\"height: 13.50pt;\" height=\"18\">\u015eekil<\/td>\n<td>Dikd\u00f6rtgen<\/td>\n<\/tr>\n<tr style=\"height: 13.50pt;\">\n<td style=\"height: 13.50pt;\" height=\"18\">Malzeme<\/td>\n<td>Y\u00fcksek kaliteli kristal cam<\/td>\n<\/tr>\n<\/tbody>\n<\/table>\n<h2>Ba\u015far\u0131 \u00d6yk\u00fcs\u00fc: Orta Do\u011fu&#039;dan L\u00fcks Bir Markan\u0131n \u00d6zel Sipari\u015fi<\/h2>\n<p>Dubai merkezli bir parf\u00fcm markas\u0131, kolonya i\u00e7in \u00f6zel olarak tasarlad\u0131\u011f\u0131m\u0131z alt\u0131n \u015fi\u015femizi tercih etti ve 24 ayar alt\u0131n kaplama boyun ve koyu mavi cam g\u00f6vdeli bir \u015fi\u015fe \u00fcretti. \u00d6zel tasar\u0131m \u015fi\u015fe b\u00fcy\u00fck ba\u015far\u0131 elde etti \u00e7\u00fcnk\u00fc yorumlar\u0131n &#039;i a\u011f\u0131rl\u0131\u011f\u0131n\u0131 ve rengini l\u00fcks\u00fcn temel g\u00f6stergeleri olarak tan\u0131mlarken, m\u00fc\u015fteriler y\u00fcksek kaliteli malzemelerin kullan\u0131m\u0131n\u0131n fiyat\u0131n\u0131 normal koleksiyona g\u00f6re art\u0131rd\u0131\u011f\u0131n\u0131 belirtti. \u015eirket, yak\u0131nda piyasaya s\u00fcrece\u011fi oud parf\u00fcm\u00fc ve \u00f6zel havaliman\u0131 g\u00fcmr\u00fcks\u00fcz sat\u0131\u015f \u00fcr\u00fcnleri i\u00e7in ek 360.000 \u015fi\u015fe sipari\u015f etti.<\/p>\n<h2>Parf\u00fcm \u015ei\u015fesi Ki\u015fiselle\u015ftirme Se\u00e7enekleri<\/h2>\n<ul>\n<li>Metal Halka ve Kapak Kombinasyonlar\u0131: Uyumlu veya z\u0131t renklerde boyun halkalar\u0131 ve metal tabanlarla (pembe alt\u0131n, koyu gri, antik g\u00fcm\u00fc\u015f) mevcuttur.<\/li>\n<li>Kapak Malzemesi ve Tasar\u0131m\u0131: \u015eirket, do\u011fal kristal, vitray ve mine i\u015flemeli metal olmak \u00fczere \u00fc\u00e7 \u00e7e\u015fit kapak malzemesi sunmaktad\u0131r.<\/li>\n<li>Boyut ve Oran: \u015ei\u015fe tasar\u0131m\u0131, farkl\u0131 ihtiya\u00e7lar\u0131 kar\u015f\u0131lamak i\u00e7in sa\u011flam 30 ml&#039;den ince 200 ml&#039;ye kadar \u00e7e\u015fitli y\u00fckseklik ve geni\u015flik se\u00e7enekleri sunar.<\/li>\n<\/ul>","protected":false},"excerpt":{"rendered":"<p>Elmas kesimli kapakl\u0131 ve alt\u0131n detayl\u0131, kristal camdan \u00fcretilmi\u015f birinci s\u0131n\u0131f parf\u00fcm \u015fi\u015feleri. L\u00fcks markalar i\u00e7in tasarlanm\u0131\u015f alt\u0131n renkli kolonya \u015fi\u015fesi. Toptan sat\u0131\u015f indirimleri mevcuttur.<\/p>","protected":false},"featured_media":2339,"comment_status":"open","ping_status":"closed","template":"","meta":{"_acf_changed":false,"site-sidebar-layout":"default","site-content-layout":"","ast-site-content-layout":"default","site-content-style":"default","site-sidebar-style":"default","ast-global-header-display":"","ast-banner-title-visibility":"","ast-main-header-display":"","ast-hfb-above-header-display":"","ast-hfb-below-header-display":"","ast-hfb-mobile-header-display":"","site-post-title":"","ast-breadcrumbs-content":"","ast-featured-img":"","footer-sml-layout":"","ast-disable-related-posts":"","theme-transparent-header-meta":"default","adv-header-id-meta":"","stick-header-meta":"","header-above-stick-meta":"","header-main-stick-meta":"","header-below-stick-meta":"","astra-migrate-meta-layouts":"set","ast-page-background-enabled":"default","ast-page-background-meta":{"desktop":{"background-color":"var(--ast-global-color-5)","background-image":"","background-repeat":"repeat","background-position":"center center","background-size":"auto","background-attachment":"scroll","background-type":"","background-media":"","overlay-type":"","overlay-color":"","overlay-opacity":"","overlay-gradient":""},"tablet":{"background-color":"","background-image":"","background-repeat":"repeat","background-position":"center center","background-size":"auto","background-attachment":"scroll","background-type":"","background-media":"","overlay-type":"","overlay-color":"","overlay-opacity":"","overlay-gradient":""},"mobile":{"background-color":"","background-image":"","background-repeat":"repeat","background-position":"center center","background-size":"auto","background-attachment":"scroll","background-type":"","background-media":"","overlay-type":"","overlay-color":"","overlay-opacity":"","overlay-gradient":""}},"ast-content-background-meta":{"desktop":{"background-color":"var(--ast-global-color-4)","background-image":"","background-repeat":"repeat","background-position":"center center","background-size":"auto","background-attachment":"scroll","background-type":"","background-media":"","overlay-type":"","overlay-color":"","overlay-opacity":"","overlay-gradient":""},"tablet":{"background-color":"var(--ast-global-color-4)","background-image":"","background-repeat":"repeat","background-position":"center center","background-size":"auto","background-attachment":"scroll","background-type":"","background-media":"","overlay-type":"","overlay-color":"","overlay-opacity":"","overlay-gradient":""},"mobile":{"background-color":"var(--ast-global-color-4)","background-image":"","background-repeat":"repeat","background-position":"center center","background-size":"auto","background-attachment":"scroll","background-type":"","background-media":"","overlay-type":"","overlay-color":"","overlay-opacity":"","overlay-gradient":""}}},"product_brand":[],"product_cat":[91,72,41],"product_tag":[],"class_list":{"0":"post-1909","1":"product","2":"type-product","3":"status-publish","4":"has-post-thumbnail","6":"product_cat-custom-perfume-bottles","7":"product_cat-cosmetic-packaging","8":"product_cat-perfume-bottles","9":"desktop-align-left","10":"tablet-align-left","11":"mobile-align-left","13":"first","14":"instock","15":"shipping-taxable","16":"product-type-simple"},"acf":[],"jetpack_sharing_enabled":true,"_links":{"self":[{"href":"https:\/\/theperfumebottles.com\/tr\/wp-json\/wp\/v2\/product\/1909","targetHints":{"allow":["GET"]}}],"collection":[{"href":"https:\/\/theperfumebottles.com\/tr\/wp-json\/wp\/v2\/product"}],"about":[{"href":"https:\/\/theperfumebottles.com\/tr\/wp-json\/wp\/v2\/types\/product"}],"replies":[{"embeddable":true,"href":"https:\/\/theperfumebottles.com\/tr\/wp-json\/wp\/v2\/comments?post=1909"}],"wp:featuredmedia":[{"embeddable":true,"href":"https:\/\/theperfumebottles.com\/tr\/wp-json\/wp\/v2\/media\/2339"}],"wp:attachment":[{"href":"https:\/\/theperfumebottles.com\/tr\/wp-json\/wp\/v2\/media?parent=1909"}],"wp:term":[{"taxonomy":"product_brand","embeddable":true,"href":"https:\/\/theperfumebottles.com\/tr\/wp-json\/wp\/v2\/product_brand?post=1909"},{"taxonomy":"product_cat","embeddable":true,"href":"https:\/\/theperfumebottles.com\/tr\/wp-json\/wp\/v2\/product_cat?post=1909"},{"taxonomy":"product_tag","embeddable":true,"href":"https:\/\/theperfumebottles.com\/tr\/wp-json\/wp\/v2\/product_tag?post=1909"}],"curies":[{"name":"wp","href":"https:\/\/api.w.org\/{rel}","templated":true}]}}