{"id":2550,"date":"2025-03-06T08:49:54","date_gmt":"2025-03-06T08:49:54","guid":{"rendered":"https:\/\/theperfumebottles.com\/?post_type=product&#038;p=2550"},"modified":"2025-05-29T09:15:02","modified_gmt":"2025-05-29T01:15:02","slug":"glass-perfume-bottle-50ml-with-pump","status":"publish","type":"product","link":"https:\/\/theperfumebottles.com\/tr\/urun\/glass-perfume-bottle-50ml-with-pump\/","title":{"rendered":"50 ml Pompal\u0131 Cam Parf\u00fcm \u015ei\u015fesi"},"content":{"rendered":"<h2>Premium Parf\u00fcm \u015ei\u015fesi 50ml<\/h2>\n<p>Sofistike bir \u015fekilde haz\u0131rlanm\u0131\u015f 50 ml'lik parf\u00fcm cam \u015fi\u015femiz, keskin geometrik \u00e7izgilere ve p\u00fcr\u00fczs\u00fcz kenarlara sahip \u015f\u0131k bir dikd\u00f6rtgen \u015fekle sahiptir. 50 ml'lik bu cam parf\u00fcm \u015fi\u015fesi, \u015feffaf cam malzeme ile kokunun saf rengini m\u00fckemmel bir \u015fekilde g\u00f6sterir ve g\u00fcm\u00fc\u015f \u015fi\u015fe kapa\u011f\u0131 dikkatlice parlat\u0131larak sade ve parlak modern bir his sunar. \u015fi\u015fe a\u011fz\u0131, her bas\u0131\u015fta kokuyu e\u015fit \u015fekilde serbest b\u0131rakabilen p\u00fcr\u00fczs\u00fcz bir p\u00fcsk\u00fcrt\u00fcc\u00fc tasar\u0131m\u0131na sahiptir ve p\u00fcr\u00fczs\u00fcz bir his verir ve s\u0131k\u0131\u015fmaz. \u015ei\u015feyi su ge\u00e7irmez olacak \u015fekilde tasarlad\u0131k, b\u00f6ylece siz ve m\u00fc\u015fterileriniz engebeli s\u00fcr\u00fc\u015f veya s\u0131cakl\u0131k de\u011fi\u015fikliklerinden ba\u011f\u0131ms\u0131z olarak g\u00fcvenle kullanabilirsiniz.<\/p>\n<h2>Farkl\u0131 ihtiya\u00e7lar\u0131 kar\u015f\u0131lamak i\u00e7in \u00e7ok y\u00f6nl\u00fc adaptasyon<\/h2>\n<p>\u0130ster y\u00fcksek kaliteli parf\u00fcm, ister seyahat boyutu, s\u0131n\u0131rl\u0131 say\u0131da veya aromaterapi esansiyel ya\u011f\u0131, cilt bak\u0131m esans\u0131 olsun, bu \u015fi\u015fe kolayca i\u015fleyebilir. K\u00fc\u00e7\u00fck kapasitesi, tuvalet masas\u0131nda, perakende raflar\u0131nda veya hediye kutular\u0131nda saklamak i\u00e7in uygundur ve \u00fcr\u00fcn\u00fcn\u00fcz\u00fcn her ortamda \u00f6ne \u00e7\u0131kmas\u0131n\u0131 sa\u011flar.<\/p>\n<h2>Temel \u00d6zellikler<\/h2>\n<table>\n<thead>\n<tr>\n<th><strong>Ba\u011flanmak<\/strong><\/th>\n<th><strong>Detaylar<\/strong><\/th>\n<\/tr>\n<\/thead>\n<tbody>\n<tr>\n<td>Model<\/td>\n<td>PB-BF07<\/td>\n<\/tr>\n<tr>\n<td>Kapasite<\/td>\n<td>50 ml<\/td>\n<\/tr>\n<tr>\n<td>Malzeme<\/td>\n<td>Kristal cam + Metal + PE<\/td>\n<\/tr>\n<tr>\n<td>Boyutlar<\/td>\n<td>41 * <em>30 * <\/em>107 mm<\/td>\n<\/tr>\n<tr>\n<td>S\u0131zd\u0131rmazl\u0131k Tipi<\/td>\n<td>P\u00fcsk\u00fcrtme tepesi (atomizer)<\/td>\n<\/tr>\n<tr>\n<td>Renk Se\u00e7enekleri<\/td>\n<td>G\u00fcm\u00fc\u015f kapakl\u0131 \u015feffaf cam<\/td>\n<\/tr>\n<tr>\n<td>\u00d6zelle\u015ftirme<\/td>\n<td>Grav\u00fcrler, UV bask\u0131, buzlanma vb.<\/td>\n<\/tr>\n<\/tbody>\n<\/table>\n<h2>Kokunuzu Geli\u015ftirin Ambalaj<\/h2>\n<p>Bu 50 ml'lik parf\u00fcm \u015fi\u015fesi ile kal\u0131c\u0131 bir etki yarat\u0131n. Art\u0131k araman\u0131za gerek yok - fabrikam\u0131z istikrarl\u0131 tedarik, g\u00fcvenli paketleme ve \u00f6zel \u00e7\u00f6z\u00fcmler sunuyor. M\u00fc\u015fterinizin l\u00fcks ihtiyac\u0131n\u0131 kar\u015f\u0131lamak i\u00e7in parf\u00fcm \u015fi\u015felerimizi se\u00e7in. Hesab\u0131n\u0131z\u0131 olu\u015fturmak ve kademeli fiyat teklifi istemek i\u00e7in bug\u00fcn bize ula\u015f\u0131n!<\/p>","protected":false},"excerpt":{"rendered":"<p>Sofistike bir \u015fekilde haz\u0131rlanm\u0131\u015f <strong>50ml parf\u00fcm cam \u015fi\u015fe<\/strong>\u00a0keskin geometrik hatlara ve p\u00fcr\u00fczs\u00fcz kenarlara sahip \u015f\u0131k bir dikd\u00f6rtgen \u015fekle sahiptir.<\/p>","protected":false},"featured_media":2551,"comment_status":"open","ping_status":"closed","template":"","meta":{"_acf_changed":false,"site-sidebar-layout":"default","site-content-layout":"","ast-site-content-layout":"default","site-content-style":"default","site-sidebar-style":"default","ast-global-header-display":"","ast-banner-title-visibility":"","ast-main-header-display":"","ast-hfb-above-header-display":"","ast-hfb-below-header-display":"","ast-hfb-mobile-header-display":"","site-post-title":"","ast-breadcrumbs-content":"","ast-featured-img":"","footer-sml-layout":"","ast-disable-related-posts":"","theme-transparent-header-meta":"default","adv-header-id-meta":"","stick-header-meta":"","header-above-stick-meta":"","header-main-stick-meta":"","header-below-stick-meta":"","astra-migrate-meta-layouts":"set","ast-page-background-enabled":"default","ast-page-background-meta":{"desktop":{"background-color":"var(--ast-global-color-5)","background-image":"","background-repeat":"repeat","background-position":"center center","background-size":"auto","background-attachment":"scroll","background-type":"","background-media":"","overlay-type":"","overlay-color":"","overlay-opacity":"","overlay-gradient":""},"tablet":{"background-color":"","background-image":"","background-repeat":"repeat","background-position":"center center","background-size":"auto","background-attachment":"scroll","background-type":"","background-media":"","overlay-type":"","overlay-color":"","overlay-opacity":"","overlay-gradient":""},"mobile":{"background-color":"","background-image":"","background-repeat":"repeat","background-position":"center center","background-size":"auto","background-attachment":"scroll","background-type":"","background-media":"","overlay-type":"","overlay-color":"","overlay-opacity":"","overlay-gradient":""}},"ast-content-background-meta":{"desktop":{"background-color":"var(--ast-global-color-4)","background-image":"","background-repeat":"repeat","background-position":"center center","background-size":"auto","background-attachment":"scroll","background-type":"","background-media":"","overlay-type":"","overlay-color":"","overlay-opacity":"","overlay-gradient":""},"tablet":{"background-color":"var(--ast-global-color-4)","background-image":"","background-repeat":"repeat","background-position":"center center","background-size":"auto","background-attachment":"scroll","background-type":"","background-media":"","overlay-type":"","overlay-color":"","overlay-opacity":"","overlay-gradient":""},"mobile":{"background-color":"var(--ast-global-color-4)","background-image":"","background-repeat":"repeat","background-position":"center center","background-size":"auto","background-attachment":"scroll","background-type":"","background-media":"","overlay-type":"","overlay-color":"","overlay-opacity":"","overlay-gradient":""}}},"product_brand":[],"product_cat":[72,41],"product_tag":[89],"class_list":{"0":"post-2550","1":"product","2":"type-product","3":"status-publish","4":"has-post-thumbnail","6":"product_cat-cosmetic-packaging","7":"product_cat-perfume-bottles","8":"product_tag-perfume-bottle","9":"desktop-align-left","10":"tablet-align-left","11":"mobile-align-left","13":"first","14":"instock","15":"shipping-taxable","16":"product-type-simple"},"acf":[],"jetpack_sharing_enabled":true,"_links":{"self":[{"href":"https:\/\/theperfumebottles.com\/tr\/wp-json\/wp\/v2\/product\/2550","targetHints":{"allow":["GET"]}}],"collection":[{"href":"https:\/\/theperfumebottles.com\/tr\/wp-json\/wp\/v2\/product"}],"about":[{"href":"https:\/\/theperfumebottles.com\/tr\/wp-json\/wp\/v2\/types\/product"}],"replies":[{"embeddable":true,"href":"https:\/\/theperfumebottles.com\/tr\/wp-json\/wp\/v2\/comments?post=2550"}],"wp:featuredmedia":[{"embeddable":true,"href":"https:\/\/theperfumebottles.com\/tr\/wp-json\/wp\/v2\/media\/2551"}],"wp:attachment":[{"href":"https:\/\/theperfumebottles.com\/tr\/wp-json\/wp\/v2\/media?parent=2550"}],"wp:term":[{"taxonomy":"product_brand","embeddable":true,"href":"https:\/\/theperfumebottles.com\/tr\/wp-json\/wp\/v2\/product_brand?post=2550"},{"taxonomy":"product_cat","embeddable":true,"href":"https:\/\/theperfumebottles.com\/tr\/wp-json\/wp\/v2\/product_cat?post=2550"},{"taxonomy":"product_tag","embeddable":true,"href":"https:\/\/theperfumebottles.com\/tr\/wp-json\/wp\/v2\/product_tag?post=2550"}],"curies":[{"name":"wp","href":"https:\/\/api.w.org\/{rel}","templated":true}]}}