{"id":2573,"date":"2025-03-10T06:34:47","date_gmt":"2025-03-10T06:34:47","guid":{"rendered":"https:\/\/theperfumebottles.com\/?post_type=product&#038;p=2573"},"modified":"2026-01-12T10:46:54","modified_gmt":"2026-01-12T02:46:54","slug":"custom-perfume-bottles-mens-cologne-bottles","status":"publish","type":"product","link":"https:\/\/theperfumebottles.com\/tr\/urun\/custom-perfume-bottles-mens-cologne-bottles\/","title":{"rendered":"50ml\/100ml Dikd\u00f6rtgen \u00d6zel Cam Parf\u00fcm \u015ei\u015feleri"},"content":{"rendered":"<p>Erkekler i\u00e7in \u00f6zel kolonya \u015fi\u015fesi, 50ml\/100ml \u00e7ift kapasite. K\u00f6\u015feli kesim kristal cam, kehribar kadar berrakt\u0131r ve sertlik ile yumu\u015fakl\u0131k aras\u0131nda bir kontrast olu\u015fturmak i\u00e7in mat siyah metal \u015fi\u015fe kapa\u011f\u0131yla e\u015fle\u015ftirilmi\u015ftir. Kal\u0131nla\u015ft\u0131r\u0131lm\u0131\u015f \u015fi\u015fe taban\u0131 masan\u0131n \u00fczerinde s\u0131k\u0131ca durur, g\u00fcnl\u00fck veya seyahat ihtiya\u00e7lar\u0131n\u0131 kolayca kar\u015f\u0131lar. Tuvalet masas\u0131n\u0131n g\u00f6rsel sanat\u0131ndan avucunuzun i\u00e7indeki dokunsal \u00e7\u00f6keltiye kadar her ayr\u0131nt\u0131 rasyonel tasar\u0131m ve duygusal deneyimi dengeler.<\/p>\n<h2>Temel \u00d6zellikler<\/h2>\n<table style=\"border-collapse: collapse;margin-left: auto;margin-right: auto;width: 443.27pt\" border=\"0\" width=\"591\" cellspacing=\"0\" cellpadding=\"0\">\n<tbody>\n<tr style=\"height: 17.25pt\">\n<td class=\"et2\" style=\"height: 17.25pt;width: 139.50pt\" width=\"186\" height=\"23\"><strong>Model<\/strong><\/td>\n<td class=\"et2\" style=\"width: 139.50pt\" width=\"186\"><strong>PB-BF1001<\/strong><\/td>\n<td class=\"et2\" style=\"width: 164.25pt\" width=\"219\"><strong>PB-BF1002<\/strong><\/td>\n<\/tr>\n<tr style=\"height: 17.25pt\">\n<td class=\"et3\" style=\"height: 17.25pt;width: 139.50pt\" width=\"186\" height=\"23\"><strong>Kapasite<\/strong><\/td>\n<td class=\"et3\" style=\"width: 139.50pt\" width=\"186\">50 ml<\/td>\n<td class=\"et3\" style=\"width: 164.25pt\" width=\"219\">100 ml<\/td>\n<\/tr>\n<tr style=\"height: 17.25pt\">\n<td class=\"et3\" style=\"height: 17.25pt;width: 139.50pt\" width=\"186\" height=\"23\"><strong>Boyutlar (Y\u00d7G\u00d7D)<\/strong><\/td>\n<td class=\"et3\" style=\"width: 139.50pt\" width=\"186\">82\u00d754\u00d729 mm<\/td>\n<td class=\"et3\" style=\"width: 164.25pt\" width=\"219\">107\u00d772\u00d731 mm<\/td>\n<\/tr>\n<tr style=\"height: 17.25pt\">\n<td class=\"et3\" style=\"height: 17.25pt;width: 139.50pt\" width=\"186\" height=\"23\"><strong>Kapak Rengi<\/strong><\/td>\n<td class=\"et3\" style=\"width: 139.50pt\" width=\"186\">Siyah<\/td>\n<td class=\"et3\" style=\"width: 164.25pt\" width=\"219\">Siyah<\/td>\n<\/tr>\n<tr style=\"height: 17.25pt\">\n<td class=\"et3\" style=\"height: 17.25pt;width: 139.50pt\" width=\"186\" height=\"23\"><strong>Malzeme<\/strong><\/td>\n<td class=\"et3\" style=\"width: 139.50pt\" width=\"186\">Kristal Cam<\/td>\n<td class=\"et3\" style=\"width: 164.25pt\" width=\"219\">Kristal Cam<\/td>\n<\/tr>\n<tr style=\"height: 17.25pt\">\n<td class=\"et3\" style=\"height: 17.25pt;width: 139.50pt\" width=\"186\" height=\"23\"><strong>S\u0131zd\u0131rmazl\u0131k Tipi<\/strong><\/td>\n<td class=\"et3\" style=\"width: 139.50pt\" width=\"186\">Sprey \u00dcst\u00fc<\/td>\n<td class=\"et3\" style=\"width: 164.25pt\" width=\"219\">Sprey \u00dcst\u00fc<\/td>\n<\/tr>\n<\/tbody>\n<\/table>\n<h2>Koku Markan\u0131z\u0131 Bug\u00fcn Y\u00fckseltin<\/h2>\n<p>\u00d6zel parf\u00fcm \u015fi\u015felerimizle unutulmaz kutu a\u00e7ma deneyimleri yarat\u0131n. Stok tasar\u0131mlar aras\u0131ndan se\u00e7im yap\u0131n veya ekibimizle i\u015fbirli\u011fi yaparak\u00a0<em>yaratmak<\/em>\u00a0markal\u0131 parf\u00fcm ambalajlar\u0131. Mevcut modelleri aramak, numune talep etmek veya bir sipari\u015f formu a\u00e7mak i\u00e7in ana sayfam\u0131z\u0131 ziyaret edin.\u00a0<em>hesap<\/em>\u00a0toptan fiyatland\u0131rma i\u00e7in. Acil sto\u011fa m\u0131 ihtiyac\u0131n\u0131z var? Hem spot \u00fcr\u00fcnler hem de \u00f6zel partiler tedarik ediyoruz - sipari\u015finizi g\u00fcvence alt\u0131na almak i\u00e7in hemen bilgi al\u0131n!<\/p>","protected":false},"excerpt":{"rendered":"<p>Erkekler i\u00e7in \u00f6zel parf\u00fcm \u015fi\u015fi, 50ml\/100ml \u00e7ift kapasite. K\u00f6\u015feli kesim kristal cam, amber kadar \u015feffaf olarak [...]<\/p>","protected":false},"featured_media":2574,"comment_status":"open","ping_status":"closed","template":"","meta":{"_acf_changed":false,"site-sidebar-layout":"default","site-content-layout":"","ast-site-content-layout":"default","site-content-style":"default","site-sidebar-style":"default","ast-global-header-display":"","ast-banner-title-visibility":"","ast-main-header-display":"","ast-hfb-above-header-display":"","ast-hfb-below-header-display":"","ast-hfb-mobile-header-display":"","site-post-title":"","ast-breadcrumbs-content":"","ast-featured-img":"","footer-sml-layout":"","ast-disable-related-posts":"","theme-transparent-header-meta":"default","adv-header-id-meta":"","stick-header-meta":"","header-above-stick-meta":"","header-main-stick-meta":"","header-below-stick-meta":"","astra-migrate-meta-layouts":"set","ast-page-background-enabled":"default","ast-page-background-meta":{"desktop":{"background-color":"var(--ast-global-color-5)","background-image":"","background-repeat":"repeat","background-position":"center center","background-size":"auto","background-attachment":"scroll","background-type":"","background-media":"","overlay-type":"","overlay-color":"","overlay-opacity":"","overlay-gradient":""},"tablet":{"background-color":"","background-image":"","background-repeat":"repeat","background-position":"center center","background-size":"auto","background-attachment":"scroll","background-type":"","background-media":"","overlay-type":"","overlay-color":"","overlay-opacity":"","overlay-gradient":""},"mobile":{"background-color":"","background-image":"","background-repeat":"repeat","background-position":"center center","background-size":"auto","background-attachment":"scroll","background-type":"","background-media":"","overlay-type":"","overlay-color":"","overlay-opacity":"","overlay-gradient":""}},"ast-content-background-meta":{"desktop":{"background-color":"var(--ast-global-color-4)","background-image":"","background-repeat":"repeat","background-position":"center center","background-size":"auto","background-attachment":"scroll","background-type":"","background-media":"","overlay-type":"","overlay-color":"","overlay-opacity":"","overlay-gradient":""},"tablet":{"background-color":"var(--ast-global-color-4)","background-image":"","background-repeat":"repeat","background-position":"center center","background-size":"auto","background-attachment":"scroll","background-type":"","background-media":"","overlay-type":"","overlay-color":"","overlay-opacity":"","overlay-gradient":""},"mobile":{"background-color":"var(--ast-global-color-4)","background-image":"","background-repeat":"repeat","background-position":"center center","background-size":"auto","background-attachment":"scroll","background-type":"","background-media":"","overlay-type":"","overlay-color":"","overlay-opacity":"","overlay-gradient":""}}},"product_brand":[],"product_cat":[72,41],"product_tag":[],"class_list":{"0":"post-2573","1":"product","2":"type-product","3":"status-publish","4":"has-post-thumbnail","6":"product_cat-cosmetic-packaging","7":"product_cat-perfume-bottles","8":"desktop-align-left","9":"tablet-align-left","10":"mobile-align-left","12":"first","13":"instock","14":"shipping-taxable","15":"product-type-simple"},"acf":[],"jetpack_sharing_enabled":true,"_links":{"self":[{"href":"https:\/\/theperfumebottles.com\/tr\/wp-json\/wp\/v2\/product\/2573","targetHints":{"allow":["GET"]}}],"collection":[{"href":"https:\/\/theperfumebottles.com\/tr\/wp-json\/wp\/v2\/product"}],"about":[{"href":"https:\/\/theperfumebottles.com\/tr\/wp-json\/wp\/v2\/types\/product"}],"replies":[{"embeddable":true,"href":"https:\/\/theperfumebottles.com\/tr\/wp-json\/wp\/v2\/comments?post=2573"}],"wp:featuredmedia":[{"embeddable":true,"href":"https:\/\/theperfumebottles.com\/tr\/wp-json\/wp\/v2\/media\/2574"}],"wp:attachment":[{"href":"https:\/\/theperfumebottles.com\/tr\/wp-json\/wp\/v2\/media?parent=2573"}],"wp:term":[{"taxonomy":"product_brand","embeddable":true,"href":"https:\/\/theperfumebottles.com\/tr\/wp-json\/wp\/v2\/product_brand?post=2573"},{"taxonomy":"product_cat","embeddable":true,"href":"https:\/\/theperfumebottles.com\/tr\/wp-json\/wp\/v2\/product_cat?post=2573"},{"taxonomy":"product_tag","embeddable":true,"href":"https:\/\/theperfumebottles.com\/tr\/wp-json\/wp\/v2\/product_tag?post=2573"}],"curies":[{"name":"wp","href":"https:\/\/api.w.org\/{rel}","templated":true}]}}