{"id":2580,"date":"2025-03-10T07:51:08","date_gmt":"2025-03-10T07:51:08","guid":{"rendered":"https:\/\/theperfumebottles.com\/?post_type=product&#038;p=2580"},"modified":"2026-04-08T18:18:42","modified_gmt":"2026-04-08T10:18:42","slug":"custom-glass-fragrance-bottles-bulk-perfume-bottles-set","status":"publish","type":"product","link":"https:\/\/theperfumebottles.com\/tr\/urun\/custom-glass-fragrance-bottles-bulk-perfume-bottles-set\/","title":{"rendered":"30 ml, 50 ml, 100 ml \u00d6zel Tasar\u0131m Cam Parf\u00fcm \u015ei\u015feleri \u2013 Toplu Parf\u00fcm \u015ei\u015fesi Seti"},"content":{"rendered":"<p>Bu serideki cam parf\u00fcm \u015fi\u015feleri, y\u00fcksek berrakl\u0131kta soda-kire\u00e7 cam\u0131ndan \u00fcretilmi\u015ftir. Keskin kenarl\u0131 ve kal\u0131n tabanl\u0131 dikd\u00f6rtgen bir \u015fekle sahiptirler. Tabanlar\u0131 sayesinde \u00e7ok sa\u011flam ve dayan\u0131kl\u0131d\u0131rlar. Dikd\u00f6rtgen g\u00f6vdeleri ve b\u00fcy\u00fck kapaklar\u0131 onlara modern ve l\u00fcks bir g\u00f6r\u00fcn\u00fcm kazand\u0131r\u0131r.<\/p>\n<h2>Temel \u00d6zellikler<\/h2>\n<table style=\"border-collapse: collapse; margin-left: auto; margin-right: auto; width: 80%;\" border=\"0\" width=\"618\" cellspacing=\"0\" cellpadding=\"0\">\n<tbody>\n<tr style=\"height: 19.00pt;\">\n<td class=\"et2\" style=\"height: 19.00pt; width: 117.75pt;\" width=\"157\" height=\"25\">Model<\/td>\n<td class=\"et3\" style=\"width: 116.25pt;\" width=\"155\">PB-BF1201<\/td>\n<td class=\"et3\" style=\"width: 115.50pt;\" width=\"154\">PB-BF1202<\/td>\n<td class=\"et3\" style=\"width: 114.00pt;\" width=\"152\">PB-BF1203<\/td>\n<\/tr>\n<tr style=\"height: 17.25pt;\">\n<td class=\"et2\" style=\"height: 17.25pt; width: 117.75pt;\" width=\"157\" height=\"23\">Kapasite<\/td>\n<td class=\"et3\" style=\"width: 116.25pt;\" width=\"155\">30 ml<\/td>\n<td class=\"et3\" style=\"width: 115.50pt;\" width=\"154\">50 ml<\/td>\n<td class=\"et3\" style=\"width: 114.00pt;\" width=\"152\">100 ml<\/td>\n<\/tr>\n<tr style=\"height: 17.25pt;\">\n<td class=\"et2\" style=\"height: 17.25pt; width: 117.75pt;\" width=\"157\" height=\"23\">Kalibre<\/td>\n<td class=\"et3\" style=\"width: 116.25pt;\" width=\"155\">15 mm<\/td>\n<td class=\"et3\" style=\"width: 115.50pt;\" width=\"154\">15 mm<\/td>\n<td class=\"et3\" style=\"width: 114.00pt;\" width=\"152\">15 mm<\/td>\n<\/tr>\n<tr style=\"height: 18.00pt;\">\n<td class=\"et2\" style=\"height: 18.00pt; width: 117.75pt;\" width=\"157\" height=\"24\">Boyutlar<\/td>\n<td class=\"et3\" style=\"width: 116.25pt;\" width=\"155\">60 x 32 x 51 \/ mm<\/td>\n<td class=\"et3\" style=\"width: 115.50pt;\" width=\"154\">75 x 35 x 58 \/ mm<\/td>\n<td class=\"et3\" style=\"width: 114.00pt;\" width=\"152\">92 x 45 x 62 mm<\/td>\n<\/tr>\n<tr style=\"height: 17.25pt;\">\n<td class=\"et2\" style=\"height: 17.25pt; width: 117.75pt;\" width=\"157\" height=\"23\">Kapak Rengi<\/td>\n<td class=\"et3\" style=\"width: 116.25pt;\" width=\"155\">Siyah\/K\u0131rm\u0131z\u0131\/Mavi<\/td>\n<td class=\"et3\" style=\"width: 115.50pt;\" width=\"154\">Siyah\/K\u0131rm\u0131z\u0131\/Mavi<\/td>\n<td class=\"et3\" style=\"width: 114.00pt;\" width=\"152\">Siyah\/K\u0131rm\u0131z\u0131\/Mavi<\/td>\n<\/tr>\n<\/tbody>\n<\/table>\n<h2 data-start=\"94\" data-end=\"114\"><strong data-start=\"94\" data-end=\"114\">Distrib\u00fct\u00f6r Kasas\u0131<\/strong><\/h2>\n<p>Bir y\u0131l \u00f6nce bizden 10 ml&#039;lik numune parf\u00fcm \u015fi\u015feleri sat\u0131n alan Hollandal\u0131 bir distrib\u00fct\u00f6r, bu dikd\u00f6rtgen cam parf\u00fcm \u015fi\u015felerini \u00fc\u00e7 farkl\u0131 boyutta da sipari\u015f ediyor. Mat siyah p\u00fcsk\u00fcrtme ve s\u0131cak bask\u0131 tekniklerini, \u015fi\u015felerin rengini yans\u0131tan kapaklarla birle\u015ftirerek, bu dikd\u00f6rtgen cam parf\u00fcm \u015fi\u015felerine ger\u00e7ekten l\u00fcks bir g\u00f6rsel estetik kazand\u0131rd\u0131lar.<\/p>\n<p>\u0130lk ba\u015fta 40 fitlik bir konteyner dolusu cam parf\u00fcm \u015fi\u015fesi sipari\u015f ettiler. Bu cam parf\u00fcm \u015fi\u015felerini ma\u011fazalarda ve internette satt\u0131lar. Yeni cam parf\u00fcm \u015fi\u015feleri raflarda daha g\u00fczel g\u00f6r\u00fcnd\u00fc\u011f\u00fc i\u00e7in insanlar markan\u0131n daha \u015f\u0131k oldu\u011funu d\u00fc\u015f\u00fcnd\u00fcler ve sadece bir \u00e7eyrek y\u0131lda daha fazla parf\u00fcm satt\u0131lar. \u015eirket cam parf\u00fcm \u015fi\u015felerini o kadar be\u011fendi ki daha fazla sipari\u015f verdi ve \u00fcr\u00fcnlerinin daha fazlas\u0131nda kullanmaya ba\u015flad\u0131.<\/p>\n<p>&nbsp;<\/p>\n<p>&nbsp;<\/p>","protected":false},"excerpt":{"rendered":"<p>Se\u00e7kin markalar i\u00e7in tasarlanan dikd\u00f6rtgen cam parf\u00fcm \u015fi\u015felerimiz, zarafet ve i\u015flevselli\u011fi bir araya getiriyor.<\/p>","protected":false},"featured_media":2584,"comment_status":"open","ping_status":"closed","template":"","meta":{"_acf_changed":false,"site-sidebar-layout":"default","site-content-layout":"","ast-site-content-layout":"default","site-content-style":"default","site-sidebar-style":"default","ast-global-header-display":"","ast-banner-title-visibility":"","ast-main-header-display":"","ast-hfb-above-header-display":"","ast-hfb-below-header-display":"","ast-hfb-mobile-header-display":"","site-post-title":"","ast-breadcrumbs-content":"","ast-featured-img":"","footer-sml-layout":"","ast-disable-related-posts":"","theme-transparent-header-meta":"default","adv-header-id-meta":"","stick-header-meta":"","header-above-stick-meta":"","header-main-stick-meta":"","header-below-stick-meta":"","astra-migrate-meta-layouts":"set","ast-page-background-enabled":"default","ast-page-background-meta":{"desktop":{"background-color":"var(--ast-global-color-5)","background-image":"","background-repeat":"repeat","background-position":"center center","background-size":"auto","background-attachment":"scroll","background-type":"","background-media":"","overlay-type":"","overlay-color":"","overlay-opacity":"","overlay-gradient":""},"tablet":{"background-color":"","background-image":"","background-repeat":"repeat","background-position":"center center","background-size":"auto","background-attachment":"scroll","background-type":"","background-media":"","overlay-type":"","overlay-color":"","overlay-opacity":"","overlay-gradient":""},"mobile":{"background-color":"","background-image":"","background-repeat":"repeat","background-position":"center center","background-size":"auto","background-attachment":"scroll","background-type":"","background-media":"","overlay-type":"","overlay-color":"","overlay-opacity":"","overlay-gradient":""}},"ast-content-background-meta":{"desktop":{"background-color":"var(--ast-global-color-4)","background-image":"","background-repeat":"repeat","background-position":"center center","background-size":"auto","background-attachment":"scroll","background-type":"","background-media":"","overlay-type":"","overlay-color":"","overlay-opacity":"","overlay-gradient":""},"tablet":{"background-color":"var(--ast-global-color-4)","background-image":"","background-repeat":"repeat","background-position":"center center","background-size":"auto","background-attachment":"scroll","background-type":"","background-media":"","overlay-type":"","overlay-color":"","overlay-opacity":"","overlay-gradient":""},"mobile":{"background-color":"var(--ast-global-color-4)","background-image":"","background-repeat":"repeat","background-position":"center center","background-size":"auto","background-attachment":"scroll","background-type":"","background-media":"","overlay-type":"","overlay-color":"","overlay-opacity":"","overlay-gradient":""}}},"product_brand":[],"product_cat":[91,72,41],"product_tag":[],"class_list":{"0":"post-2580","1":"product","2":"type-product","3":"status-publish","4":"has-post-thumbnail","6":"product_cat-custom-perfume-bottles","7":"product_cat-cosmetic-packaging","8":"product_cat-perfume-bottles","9":"desktop-align-left","10":"tablet-align-left","11":"mobile-align-left","13":"first","14":"instock","15":"shipping-taxable","16":"product-type-simple"},"acf":[],"jetpack_sharing_enabled":true,"_links":{"self":[{"href":"https:\/\/theperfumebottles.com\/tr\/wp-json\/wp\/v2\/product\/2580","targetHints":{"allow":["GET"]}}],"collection":[{"href":"https:\/\/theperfumebottles.com\/tr\/wp-json\/wp\/v2\/product"}],"about":[{"href":"https:\/\/theperfumebottles.com\/tr\/wp-json\/wp\/v2\/types\/product"}],"replies":[{"embeddable":true,"href":"https:\/\/theperfumebottles.com\/tr\/wp-json\/wp\/v2\/comments?post=2580"}],"wp:featuredmedia":[{"embeddable":true,"href":"https:\/\/theperfumebottles.com\/tr\/wp-json\/wp\/v2\/media\/2584"}],"wp:attachment":[{"href":"https:\/\/theperfumebottles.com\/tr\/wp-json\/wp\/v2\/media?parent=2580"}],"wp:term":[{"taxonomy":"product_brand","embeddable":true,"href":"https:\/\/theperfumebottles.com\/tr\/wp-json\/wp\/v2\/product_brand?post=2580"},{"taxonomy":"product_cat","embeddable":true,"href":"https:\/\/theperfumebottles.com\/tr\/wp-json\/wp\/v2\/product_cat?post=2580"},{"taxonomy":"product_tag","embeddable":true,"href":"https:\/\/theperfumebottles.com\/tr\/wp-json\/wp\/v2\/product_tag?post=2580"}],"curies":[{"name":"wp","href":"https:\/\/api.w.org\/{rel}","templated":true}]}}