{"id":2588,"date":"2025-03-10T09:12:01","date_gmt":"2025-03-10T09:12:01","guid":{"rendered":"https:\/\/theperfumebottles.com\/?post_type=product&#038;p=2588"},"modified":"2025-05-28T18:09:05","modified_gmt":"2025-05-28T10:09:05","slug":"cologne-bottles-wholesale-custom-fragrance-packaging","status":"publish","type":"product","link":"https:\/\/theperfumebottles.com\/tr\/urun\/cologne-bottles-wholesale-custom-fragrance-packaging\/","title":{"rendered":"60ml 80ml 100ml Kolonya \u015ei\u015feleri Toptan Sat\u0131\u015f"},"content":{"rendered":"<p>Toptan kolonya \u015fi\u015feleri i\u00e7in ideal olan PB-BF13 cam parf\u00fcm \u015fi\u015femiz l\u00fcks parf\u00fcm markalar\u0131 i\u00e7in tasarlanm\u0131\u015ft\u0131r. \u015eeffaf kal\u0131n kristal cam\u0131 ve koyu siyah dikd\u00f6rtgen kapa\u011f\u0131yla zarif bir dikd\u00f6rtgen \u015fekle sahiptir. 53x35x116mm \u00f6l\u00e7\u00fclerindeki bu parf\u00fcm \u015fi\u015fesi, sa\u011flaml\u0131\u011f\u0131 (sa\u011flam bir taban sayesinde) modern bir estetikle birle\u015ftirir. \u015ei\u015fenin i\u00e7 duvar\u0131ndaki \u00f6zel olarak tasarlanm\u0131\u015f kavisli i\u00e7b\u00fckey yap\u0131, s\u0131v\u0131n\u0131n daha do\u011fal bir \u015fekilde akmas\u0131n\u0131 sa\u011flamakla kalmaz, ayn\u0131 zamanda \u015fi\u015feye derin bir g\u00f6rsel seviye kazand\u0131r\u0131r. 60ml\/80ml\/100ml olmak \u00fczere \u00fc\u00e7 farkl\u0131 kapasitede mevcut olan \u015fi\u015fe, \u00e7e\u015fitli ihtiya\u00e7lar\u0131n\u0131z\u0131 kar\u015f\u0131lamak \u00fczere g\u00fcnl\u00fck kullan\u0131m, seyahat boyu ve s\u0131n\u0131rl\u0131 say\u0131da \u00fcretim i\u00e7in uygundur.<\/p>\n<h2>Temel \u00d6zellikler<\/h2>\n<table style=\"border-collapse: collapse;margin-left: auto;margin-right: auto;width: 384.77pt\" border=\"0\" width=\"513\" cellspacing=\"0\" cellpadding=\"0\">\n<tbody>\n<tr style=\"height: 13.50pt\">\n<td style=\"height: 13.50pt;width: 127.50pt\" width=\"170\" height=\"18\">Ba\u011flanmak<\/td>\n<td style=\"width: 257.25pt\" width=\"343\">Detaylar<\/td>\n<\/tr>\n<tr style=\"height: 13.50pt\">\n<td style=\"height: 13.50pt\" height=\"18\">Model<\/td>\n<td>PB-BF13<\/td>\n<\/tr>\n<tr style=\"height: 13.50pt\">\n<td style=\"height: 13.50pt\" height=\"18\">Kapasite Se\u00e7enekleri<\/td>\n<td>60ml, 80ml, 100ml (2 oz kolonya \u015fi\u015fesi)<\/td>\n<\/tr>\n<tr style=\"height: 13.50pt\">\n<td style=\"height: 13.50pt\" height=\"18\">Boyutlar<\/td>\n<td>53 x 35 x 116 mm<\/td>\n<\/tr>\n<tr style=\"height: 13.50pt\">\n<td style=\"height: 13.50pt\" height=\"18\">Malzeme<\/td>\n<td>Kristal cam, siyah sprey kapak<\/td>\n<\/tr>\n<tr style=\"height: 13.50pt\">\n<td style=\"height: 13.50pt\" height=\"18\">Renk<\/td>\n<td>\u015eeffaf cam, mat siyah kapak<\/td>\n<\/tr>\n<tr style=\"height: 13.50pt\">\n<td style=\"height: 13.50pt\" height=\"18\">S\u0131zd\u0131rmazl\u0131k Tipi<\/td>\n<td>\u00dcst sprey<\/td>\n<\/tr>\n<\/tbody>\n<\/table>\n<h2>Koku Markas\u0131 i\u00e7in \u00c7ok Y\u00f6nl\u00fc Uygulamalar<\/h2>\n<p>Bu bo\u015f parf\u00fcm \u015fi\u015feleri l\u00fcks kolonya, parf\u00fcm veya koku buhar\u0131 ambalajlar\u0131 i\u00e7in tasarlanm\u0131\u015ft\u0131r. Seyahat kokusu, s\u0131n\u0131rl\u0131 koleksiyon serisi veya tatil hediye setleri i\u00e7in uygundur. Erkek ve kad\u0131n kokular\u0131n\u0131n evrensel tasar\u0131m\u0131, sadece kad\u0131n \u00e7i\u00e7ek notalar\u0131n\u0131n yumu\u015fakl\u0131\u011f\u0131n\u0131 ortaya \u00e7\u0131karmakla kalmaz, ayn\u0131 zamanda erkek kolonyas\u0131n\u0131n derinli\u011fini de ta\u015f\u0131r. \u00d6zellikle cinsiyet ayr\u0131m\u0131 g\u00f6zetmeyen \u00fcst d\u00fczey koku markalar\u0131 i\u00e7in uygundur ve birden fazla senaryo i\u00e7in tek bir \u015fi\u015feden olu\u015fan zarif bir \u00e7\u00f6z\u00fcm sunar.<\/p>\n<h2>G\u00fcvenilir Bir \u00dcretici ile \u0130\u015f Orta\u011f\u0131 Olun<\/h2>\n<p>Bu birinci s\u0131n\u0131f cam parf\u00fcm \u015fi\u015feleri ile koku serinizi y\u00fckseltin. \u0130ster toptan kolonya \u015fi\u015felerine, ister \u00f6zel markalamaya veya 100 ml'lik sprey \u015fi\u015feleri toplu sipari\u015flerine ihtiyac\u0131n\u0131z olsun, fabrikam\u0131z h\u0131zl\u0131 geri d\u00f6n\u00fc\u015f, g\u00fcvenli paketleme ve ihracat uyumlulu\u011funu garanti eder. M\u00fc\u015fterilerinizi b\u00fcy\u00fcleyen ki\u015fiselle\u015ftirilmi\u015f parf\u00fcm ambalajlar\u0131 olu\u015fturmak i\u00e7in bug\u00fcn bize ula\u015f\u0131n!<\/p>","protected":false},"excerpt":{"rendered":"<p>L\u00fcks parf\u00fcm markalar\u0131 i\u00e7in \u00fcretilen Model PB-BF13 cam parf\u00fcm \u015fi\u015femiz, \u015feffaf, kal\u0131n kristal cam ve koyu siyah dikd\u00f6rtgen kapa\u011f\u0131yla zarif bir dikd\u00f6rtgen \u015fekle sahiptir.<\/p>","protected":false},"featured_media":2592,"comment_status":"open","ping_status":"closed","template":"","meta":{"_acf_changed":false,"site-sidebar-layout":"default","site-content-layout":"","ast-site-content-layout":"default","site-content-style":"default","site-sidebar-style":"default","ast-global-header-display":"","ast-banner-title-visibility":"","ast-main-header-display":"","ast-hfb-above-header-display":"","ast-hfb-below-header-display":"","ast-hfb-mobile-header-display":"","site-post-title":"","ast-breadcrumbs-content":"","ast-featured-img":"","footer-sml-layout":"","ast-disable-related-posts":"","theme-transparent-header-meta":"default","adv-header-id-meta":"","stick-header-meta":"","header-above-stick-meta":"","header-main-stick-meta":"","header-below-stick-meta":"","astra-migrate-meta-layouts":"set","ast-page-background-enabled":"default","ast-page-background-meta":{"desktop":{"background-color":"var(--ast-global-color-5)","background-image":"","background-repeat":"repeat","background-position":"center center","background-size":"auto","background-attachment":"scroll","background-type":"","background-media":"","overlay-type":"","overlay-color":"","overlay-opacity":"","overlay-gradient":""},"tablet":{"background-color":"","background-image":"","background-repeat":"repeat","background-position":"center center","background-size":"auto","background-attachment":"scroll","background-type":"","background-media":"","overlay-type":"","overlay-color":"","overlay-opacity":"","overlay-gradient":""},"mobile":{"background-color":"","background-image":"","background-repeat":"repeat","background-position":"center center","background-size":"auto","background-attachment":"scroll","background-type":"","background-media":"","overlay-type":"","overlay-color":"","overlay-opacity":"","overlay-gradient":""}},"ast-content-background-meta":{"desktop":{"background-color":"var(--ast-global-color-4)","background-image":"","background-repeat":"repeat","background-position":"center center","background-size":"auto","background-attachment":"scroll","background-type":"","background-media":"","overlay-type":"","overlay-color":"","overlay-opacity":"","overlay-gradient":""},"tablet":{"background-color":"var(--ast-global-color-4)","background-image":"","background-repeat":"repeat","background-position":"center center","background-size":"auto","background-attachment":"scroll","background-type":"","background-media":"","overlay-type":"","overlay-color":"","overlay-opacity":"","overlay-gradient":""},"mobile":{"background-color":"var(--ast-global-color-4)","background-image":"","background-repeat":"repeat","background-position":"center center","background-size":"auto","background-attachment":"scroll","background-type":"","background-media":"","overlay-type":"","overlay-color":"","overlay-opacity":"","overlay-gradient":""}}},"product_brand":[],"product_cat":[41,72],"product_tag":[],"class_list":{"0":"post-2588","1":"product","2":"type-product","3":"status-publish","4":"has-post-thumbnail","6":"product_cat-perfume-bottles","7":"product_cat-cosmetic-packaging","8":"desktop-align-left","9":"tablet-align-left","10":"mobile-align-left","12":"first","13":"instock","14":"shipping-taxable","15":"product-type-simple"},"acf":[],"jetpack_sharing_enabled":true,"_links":{"self":[{"href":"https:\/\/theperfumebottles.com\/tr\/wp-json\/wp\/v2\/product\/2588","targetHints":{"allow":["GET"]}}],"collection":[{"href":"https:\/\/theperfumebottles.com\/tr\/wp-json\/wp\/v2\/product"}],"about":[{"href":"https:\/\/theperfumebottles.com\/tr\/wp-json\/wp\/v2\/types\/product"}],"replies":[{"embeddable":true,"href":"https:\/\/theperfumebottles.com\/tr\/wp-json\/wp\/v2\/comments?post=2588"}],"wp:featuredmedia":[{"embeddable":true,"href":"https:\/\/theperfumebottles.com\/tr\/wp-json\/wp\/v2\/media\/2592"}],"wp:attachment":[{"href":"https:\/\/theperfumebottles.com\/tr\/wp-json\/wp\/v2\/media?parent=2588"}],"wp:term":[{"taxonomy":"product_brand","embeddable":true,"href":"https:\/\/theperfumebottles.com\/tr\/wp-json\/wp\/v2\/product_brand?post=2588"},{"taxonomy":"product_cat","embeddable":true,"href":"https:\/\/theperfumebottles.com\/tr\/wp-json\/wp\/v2\/product_cat?post=2588"},{"taxonomy":"product_tag","embeddable":true,"href":"https:\/\/theperfumebottles.com\/tr\/wp-json\/wp\/v2\/product_tag?post=2588"}],"curies":[{"name":"wp","href":"https:\/\/api.w.org\/{rel}","templated":true}]}}