{"id":2622,"date":"2025-03-12T06:50:06","date_gmt":"2025-03-12T06:50:06","guid":{"rendered":"https:\/\/theperfumebottles.com\/?post_type=product&#038;p=2622"},"modified":"2025-05-30T09:44:39","modified_gmt":"2025-05-30T01:44:39","slug":"25ml-silver-topped-mini-fragrance-bottles","status":"publish","type":"product","link":"https:\/\/theperfumebottles.com\/tr\/urun\/25ml-silver-topped-mini-fragrance-bottles\/","title":{"rendered":"25 ml G\u00fcm\u00fc\u015f Kapakl\u0131 Mini Parf\u00fcm \u015ei\u015feleri"},"content":{"rendered":"<p>Bu 25 ml dikd\u00f6rtgen cam parf\u00fcm \u015fi\u015fesi, modern ve l\u00fcks markalar i\u00e7in \u00f6zel olarak tasarlanm\u0131\u015f \u015f\u0131k bir tasar\u0131ma ve ince i\u015f\u00e7ili\u011fe sahiptir. E\u011fimli kenarlara sahip \u015feffaf kristal cam, sade ve zarif bir g\u00f6r\u00fcn\u00fcme ve rahat bir his sunar. Siyah veya \u015feffaf sprey kapa\u011f\u0131 ve g\u00fcm\u00fc\u015f \u015fi\u015fe kapa\u011f\u0131 sade ve \u015f\u0131kt\u0131r. K\u00fc\u00e7\u00fck \u015fi\u015fe g\u00f6vdesi ve 13 mm&#039;lik dar a\u011fz\u0131, ta\u015f\u0131mas\u0131 ve \u00e7e\u015fitli l\u00fcks ambalajlara entegre edilmesi kolayd\u0131r. Hem erkekler hem de kad\u0131nlar i\u00e7in uygun olan parf\u00fcm, kolonya veya ki\u015fiselle\u015ftirilmi\u015f parf\u00fcmler i\u00e7in uygundur.<\/p>\n<h2>Seyahat i\u00e7in \u015f\u0131k bir se\u00e7im, markalar i\u00e7in kaliteli bir ortak<\/h2>\n<p>Bu mini parf\u00fcm \u015fi\u015fesi, seyahatler, deneme setleri veya ki\u015fiye \u00f6zel kolonyalar i\u00e7in m\u00fckemmel, kompakt ve ta\u015f\u0131nabilirdir. Sofistike g\u00f6r\u00fcn\u00fcm\u00fc, hediye setlerini, abonelik kutular\u0131n\u0131 ve te\u015fhirleri g\u00fczelle\u015ftirir ve ayr\u0131ca promosyonlar, d\u00fc\u011f\u00fcnler veya etkinlikler i\u00e7in ki\u015fiselle\u015ftirilmi\u015f parf\u00fcm hediyeleri olarak da kullan\u0131labilir.<\/p>\n<h2>Temel \u00d6zellikler<\/h2>\n<div class=\"hyc-common-markdown__table-wrapper\">\n<table>\n<thead>\n<tr>\n<th>Parametre<\/th>\n<th>Detay<\/th>\n<\/tr>\n<\/thead>\n<tbody>\n<tr>\n<td>Model<\/td>\n<td>PB-BF1801<\/td>\n<\/tr>\n<tr>\n<td>Kapasite<\/td>\n<td>25 ml<\/td>\n<\/tr>\n<tr>\n<td>Boyutlar<\/td>\n<td>52x21x68mm<\/td>\n<\/tr>\n<tr>\n<td>Malzeme<\/td>\n<td>Y\u00fcksek kaliteli kristal cam<\/td>\n<\/tr>\n<tr>\n<td>Kapak Se\u00e7enekleri<\/td>\n<td>Siyah, \u015eeffaf, G\u00fcm\u00fc\u015f \u00dcst<\/td>\n<\/tr>\n<tr>\n<td>S\u0131zd\u0131rmazl\u0131k Tipi<\/td>\n<td>Sprey \u00dcst\u00fc<\/td>\n<\/tr>\n<tr>\n<td>\u015eekil<\/td>\n<td>E\u011fimli kenarl\u0131 dikd\u00f6rtgen<\/td>\n<\/tr>\n<\/tbody>\n<\/table>\n<\/div>\n<h2>G\u00fcvenilir tedarik\u00e7ilerle \u00e7al\u0131\u015f\u0131n<\/h2>\n<p>Profesyonel bir parf\u00fcm \u015fi\u015fesi \u00fcreticisi olarak, toptanc\u0131lara ve markalara tam kapsaml\u0131 destek hizmetleri sunmaya kararl\u0131y\u0131z:<\/p>\n<ul>\n<li><strong>Stokta haz\u0131r tedarik:<\/strong> b\u00fcy\u00fck hacimli sipari\u015fleri ve h\u0131zl\u0131 teslimat\u0131 destekler.<\/li>\n<li><strong>Ki\u015fiselle\u015ftirilmi\u015f \u00f6zelle\u015ftirme:<\/strong> \u00f6zelle\u015ftirilebilir \u015fi\u015fe \u015fekli, rengi, s\u0131zd\u0131rmazl\u0131k y\u00f6ntemi ve kremalama i\u015flemi.<\/li>\n<li><strong>Paketleme deste\u011fi:<\/strong> Ambalaj tasar\u0131m\u0131 konusunda da yard\u0131mc\u0131 olabiliriz! Sizin i\u00e7in benzersiz bir ambalaj \u00e7\u00f6z\u00fcm\u00fc yaratmaktan mutluluk duyar\u0131z.<\/li>\n<\/ul>\n<p>Benzersiz bir parf\u00fcm \u015fi\u015fesi mi tasarlamak istiyorsunuz? Bizimle ileti\u015fime ge\u00e7mekten \u00e7ekinmeyin! Parf\u00fcm\u00fcn\u00fcz\u00fc daha \u015f\u0131k hale getirmek i\u00e7in bizi tercih edin.<\/p>","protected":false},"excerpt":{"rendered":"<p>Markalar i\u00e7in birinci s\u0131n\u0131f cam parf\u00fcm ambalajl\u0131, \u015f\u0131k 25 ml g\u00fcm\u00fc\u015f kapakl\u0131 mini parf\u00fcm \u015fi\u015felerini ke\u015ffedin. Toplu sipari\u015fler ve \u00f6zel tasar\u0131mlar mevcuttur.<\/p>","protected":false},"featured_media":2625,"comment_status":"open","ping_status":"closed","template":"","meta":{"_acf_changed":false,"site-sidebar-layout":"default","site-content-layout":"","ast-site-content-layout":"default","site-content-style":"default","site-sidebar-style":"default","ast-global-header-display":"","ast-banner-title-visibility":"","ast-main-header-display":"","ast-hfb-above-header-display":"","ast-hfb-below-header-display":"","ast-hfb-mobile-header-display":"","site-post-title":"","ast-breadcrumbs-content":"","ast-featured-img":"","footer-sml-layout":"","ast-disable-related-posts":"","theme-transparent-header-meta":"default","adv-header-id-meta":"","stick-header-meta":"","header-above-stick-meta":"","header-main-stick-meta":"","header-below-stick-meta":"","astra-migrate-meta-layouts":"set","ast-page-background-enabled":"default","ast-page-background-meta":{"desktop":{"background-color":"var(--ast-global-color-5)","background-image":"","background-repeat":"repeat","background-position":"center center","background-size":"auto","background-attachment":"scroll","background-type":"","background-media":"","overlay-type":"","overlay-color":"","overlay-opacity":"","overlay-gradient":""},"tablet":{"background-color":"","background-image":"","background-repeat":"repeat","background-position":"center center","background-size":"auto","background-attachment":"scroll","background-type":"","background-media":"","overlay-type":"","overlay-color":"","overlay-opacity":"","overlay-gradient":""},"mobile":{"background-color":"","background-image":"","background-repeat":"repeat","background-position":"center center","background-size":"auto","background-attachment":"scroll","background-type":"","background-media":"","overlay-type":"","overlay-color":"","overlay-opacity":"","overlay-gradient":""}},"ast-content-background-meta":{"desktop":{"background-color":"var(--ast-global-color-4)","background-image":"","background-repeat":"repeat","background-position":"center center","background-size":"auto","background-attachment":"scroll","background-type":"","background-media":"","overlay-type":"","overlay-color":"","overlay-opacity":"","overlay-gradient":""},"tablet":{"background-color":"var(--ast-global-color-4)","background-image":"","background-repeat":"repeat","background-position":"center center","background-size":"auto","background-attachment":"scroll","background-type":"","background-media":"","overlay-type":"","overlay-color":"","overlay-opacity":"","overlay-gradient":""},"mobile":{"background-color":"var(--ast-global-color-4)","background-image":"","background-repeat":"repeat","background-position":"center center","background-size":"auto","background-attachment":"scroll","background-type":"","background-media":"","overlay-type":"","overlay-color":"","overlay-opacity":"","overlay-gradient":""}}},"product_brand":[],"product_cat":[41,72,74],"product_tag":[84],"class_list":{"0":"post-2622","1":"product","2":"type-product","3":"status-publish","4":"has-post-thumbnail","6":"product_cat-perfume-bottles","7":"product_cat-cosmetic-packaging","8":"product_cat-mini-perfume-bottles","9":"product_tag-fragrance-bottles","10":"desktop-align-left","11":"tablet-align-left","12":"mobile-align-left","14":"first","15":"instock","16":"shipping-taxable","17":"product-type-simple"},"acf":[],"jetpack_sharing_enabled":true,"_links":{"self":[{"href":"https:\/\/theperfumebottles.com\/tr\/wp-json\/wp\/v2\/product\/2622","targetHints":{"allow":["GET"]}}],"collection":[{"href":"https:\/\/theperfumebottles.com\/tr\/wp-json\/wp\/v2\/product"}],"about":[{"href":"https:\/\/theperfumebottles.com\/tr\/wp-json\/wp\/v2\/types\/product"}],"replies":[{"embeddable":true,"href":"https:\/\/theperfumebottles.com\/tr\/wp-json\/wp\/v2\/comments?post=2622"}],"wp:featuredmedia":[{"embeddable":true,"href":"https:\/\/theperfumebottles.com\/tr\/wp-json\/wp\/v2\/media\/2625"}],"wp:attachment":[{"href":"https:\/\/theperfumebottles.com\/tr\/wp-json\/wp\/v2\/media?parent=2622"}],"wp:term":[{"taxonomy":"product_brand","embeddable":true,"href":"https:\/\/theperfumebottles.com\/tr\/wp-json\/wp\/v2\/product_brand?post=2622"},{"taxonomy":"product_cat","embeddable":true,"href":"https:\/\/theperfumebottles.com\/tr\/wp-json\/wp\/v2\/product_cat?post=2622"},{"taxonomy":"product_tag","embeddable":true,"href":"https:\/\/theperfumebottles.com\/tr\/wp-json\/wp\/v2\/product_tag?post=2622"}],"curies":[{"name":"wp","href":"https:\/\/api.w.org\/{rel}","templated":true}]}}