{"id":2696,"date":"2025-03-14T09:32:49","date_gmt":"2025-03-14T09:32:49","guid":{"rendered":"https:\/\/theperfumebottles.com\/?post_type=product&#038;p=2696"},"modified":"2025-05-27T10:50:16","modified_gmt":"2025-05-27T02:50:16","slug":"50ml-100ml-empty-perfume-spray-bottles","status":"publish","type":"product","link":"https:\/\/theperfumebottles.com\/tr\/urun\/50ml-100ml-empty-perfume-spray-bottles\/","title":{"rendered":"50 ml 100 ml Bo\u015f Parf\u00fcm Sprey \u015ei\u015feleri"},"content":{"rendered":"<p>Bu bo\u015f parf\u00fcm sprey \u015fi\u015feleri, y\u00fcksek kalite pe\u015finde ko\u015fan markalar i\u00e7in \u00f6zel olarak tasarlanm\u0131\u015ft\u0131r. Y\u00fcksek kaliteli kristal camdan \u00fcretilen \u015fi\u015fe, temiz hatlara sahip hafif e\u011fimli dikd\u00f6rtgen bir tasar\u0131ma sahiptir. \u015eeffaf \u015fi\u015fe, parf\u00fcm veya kolonyan\u0131n renk cazibesini m\u00fckemmel bir \u015fekilde g\u00f6sterebilir ve her damla kokuyu g\u00f6rsel \u00e7ekicilikle dolu hale getirir. Mavi metal kapak veya mat siyah kapak ile sadece \u00e7ok y\u00f6nl\u00fc bir stile sahip olmakla kalmaz, ayn\u0131 zamanda benzersiz bir mizaca sahiptir. Kal\u0131nla\u015ft\u0131r\u0131lm\u0131\u015f cam taban sabit ve sa\u011flamd\u0131r ve elinizde sakin ve l\u00fcks bir his verir, bu da \u00fcst d\u00fczey veya ni\u015f parf\u00fcm serileri i\u00e7in \u00e7ok uygundur.<\/p>\n<h2>\u00d6zel parf\u00fcmler yaratmak i\u00e7in ideal se\u00e7im<\/h2>\n<p>\u0130ster yeni bir marka yarat\u0131yor ister s\u0131n\u0131rl\u0131 bir koku serisi ba\u015flat\u0131yor olun, bu bo\u015f \u015fi\u015feler ideal ambalaj ortaklar\u0131d\u0131r. P\u00fcr\u00fczs\u00fcz \u015fi\u015fe y\u00fczeyi bask\u0131, grav\u00fcr veya etiketleme gibi \u00e7e\u015fitli \u00f6zelle\u015ftirme y\u00f6ntemlerini destekleyerek marka ki\u015fili\u011finizi kolayca sunman\u0131za yard\u0131mc\u0131 olur.<\/p>\n<h2>Anahtar \u00d6zellikler: Hassasiyet ve Kalite<\/h2>\n<div class=\"hyc-common-markdown__table-wrapper\">\n<table>\n<thead>\n<tr>\n<th>\u200b<strong>\u015eartname<\/strong><\/th>\n<th>\u200b<strong>Detaylar<\/strong><\/th>\n<\/tr>\n<\/thead>\n<tbody>\n<tr>\n<td>\u200b<strong>Modeller<\/strong><\/td>\n<td>PB-BF1802 (50ml), PB-BF1803 (100ml)<\/td>\n<\/tr>\n<tr>\n<td>\u200b<strong>Boyutlar<\/strong><\/td>\n<td>70*27*84 mm (50ml), 95*30*109 mm (100ml)<\/td>\n<\/tr>\n<tr>\n<td>\u200b<strong>Kapak Se\u00e7enekleri<\/strong><\/td>\n<td>Mavi metal kapak, Mat siyah PE kapak<\/td>\n<\/tr>\n<tr>\n<td>\u200b<strong>\u015eekil<\/strong><\/td>\n<td>Hafif e\u011fimli kenarlar\u0131 olan dikd\u00f6rtgen<\/td>\n<\/tr>\n<tr>\n<td>\u200b<strong>Malzeme<\/strong><\/td>\n<td>Y\u00fcksek kaliteli kristal cam<\/td>\n<\/tr>\n<tr>\n<td>\u200b<strong>S\u0131zd\u0131rmazl\u0131k Tipi<\/strong><\/td>\n<td>\u00dcst sprey<\/td>\n<\/tr>\n<\/tbody>\n<\/table>\n<\/div>\n<h2>Markan\u0131z\u0131 Premium Ambalajlarla Y\u00fckseltin<\/h2>\n<p>Parf\u00fcm serinize daha fazla stil katmak ister misiniz? \u0130ki adet 50 ml ve 100 ml kapasite sunuyoruz ve \u015fi\u015fe kapa\u011f\u0131n\u0131n rengi marka stiline g\u00f6re serbest\u00e7e se\u00e7ilebilir. Toplu sipari\u015fi, istikrarl\u0131 tedariki destekleyin ve markan\u0131n b\u00fcy\u00fcmesine yard\u0131mc\u0131 olun.<\/p>\n<p>Kendi \u00f6zel koku ambalaj\u0131n\u0131z\u0131 birlikte olu\u015fturmak i\u00e7in istedi\u011finiz zaman fabrikam\u0131zla ileti\u015fime ge\u00e7ebilirsiniz - bir \u015fi\u015feden ba\u015flayarak markay\u0131 daha s\u0131cak hale getirin.<\/p>","protected":false},"excerpt":{"rendered":"<p>Bo\u015f parf\u00fcm sprey \u015fi\u015felerimiz, koku ambalajlar\u0131n\u0131z\u0131 modern ve zarif bir estetikle y\u00fckseltmek i\u00e7in tasarlanm\u0131\u015ft\u0131r.<\/p>","protected":false},"featured_media":2697,"comment_status":"open","ping_status":"closed","template":"","meta":{"_acf_changed":false,"site-sidebar-layout":"default","site-content-layout":"","ast-site-content-layout":"default","site-content-style":"default","site-sidebar-style":"default","ast-global-header-display":"","ast-banner-title-visibility":"","ast-main-header-display":"","ast-hfb-above-header-display":"","ast-hfb-below-header-display":"","ast-hfb-mobile-header-display":"","site-post-title":"","ast-breadcrumbs-content":"","ast-featured-img":"","footer-sml-layout":"","ast-disable-related-posts":"","theme-transparent-header-meta":"default","adv-header-id-meta":"","stick-header-meta":"","header-above-stick-meta":"","header-main-stick-meta":"","header-below-stick-meta":"","astra-migrate-meta-layouts":"set","ast-page-background-enabled":"default","ast-page-background-meta":{"desktop":{"background-color":"var(--ast-global-color-5)","background-image":"","background-repeat":"repeat","background-position":"center center","background-size":"auto","background-attachment":"scroll","background-type":"","background-media":"","overlay-type":"","overlay-color":"","overlay-opacity":"","overlay-gradient":""},"tablet":{"background-color":"","background-image":"","background-repeat":"repeat","background-position":"center center","background-size":"auto","background-attachment":"scroll","background-type":"","background-media":"","overlay-type":"","overlay-color":"","overlay-opacity":"","overlay-gradient":""},"mobile":{"background-color":"","background-image":"","background-repeat":"repeat","background-position":"center center","background-size":"auto","background-attachment":"scroll","background-type":"","background-media":"","overlay-type":"","overlay-color":"","overlay-opacity":"","overlay-gradient":""}},"ast-content-background-meta":{"desktop":{"background-color":"var(--ast-global-color-4)","background-image":"","background-repeat":"repeat","background-position":"center center","background-size":"auto","background-attachment":"scroll","background-type":"","background-media":"","overlay-type":"","overlay-color":"","overlay-opacity":"","overlay-gradient":""},"tablet":{"background-color":"var(--ast-global-color-4)","background-image":"","background-repeat":"repeat","background-position":"center center","background-size":"auto","background-attachment":"scroll","background-type":"","background-media":"","overlay-type":"","overlay-color":"","overlay-opacity":"","overlay-gradient":""},"mobile":{"background-color":"var(--ast-global-color-4)","background-image":"","background-repeat":"repeat","background-position":"center center","background-size":"auto","background-attachment":"scroll","background-type":"","background-media":"","overlay-type":"","overlay-color":"","overlay-opacity":"","overlay-gradient":""}}},"product_brand":[],"product_cat":[72,41],"product_tag":[],"class_list":{"0":"post-2696","1":"product","2":"type-product","3":"status-publish","4":"has-post-thumbnail","6":"product_cat-cosmetic-packaging","7":"product_cat-perfume-bottles","8":"desktop-align-left","9":"tablet-align-left","10":"mobile-align-left","12":"first","13":"instock","14":"shipping-taxable","15":"product-type-simple"},"acf":[],"jetpack_sharing_enabled":true,"_links":{"self":[{"href":"https:\/\/theperfumebottles.com\/tr\/wp-json\/wp\/v2\/product\/2696","targetHints":{"allow":["GET"]}}],"collection":[{"href":"https:\/\/theperfumebottles.com\/tr\/wp-json\/wp\/v2\/product"}],"about":[{"href":"https:\/\/theperfumebottles.com\/tr\/wp-json\/wp\/v2\/types\/product"}],"replies":[{"embeddable":true,"href":"https:\/\/theperfumebottles.com\/tr\/wp-json\/wp\/v2\/comments?post=2696"}],"wp:featuredmedia":[{"embeddable":true,"href":"https:\/\/theperfumebottles.com\/tr\/wp-json\/wp\/v2\/media\/2697"}],"wp:attachment":[{"href":"https:\/\/theperfumebottles.com\/tr\/wp-json\/wp\/v2\/media?parent=2696"}],"wp:term":[{"taxonomy":"product_brand","embeddable":true,"href":"https:\/\/theperfumebottles.com\/tr\/wp-json\/wp\/v2\/product_brand?post=2696"},{"taxonomy":"product_cat","embeddable":true,"href":"https:\/\/theperfumebottles.com\/tr\/wp-json\/wp\/v2\/product_cat?post=2696"},{"taxonomy":"product_tag","embeddable":true,"href":"https:\/\/theperfumebottles.com\/tr\/wp-json\/wp\/v2\/product_tag?post=2696"}],"curies":[{"name":"wp","href":"https:\/\/api.w.org\/{rel}","templated":true}]}}