{"id":2734,"date":"2025-03-17T06:43:29","date_gmt":"2025-03-17T06:43:29","guid":{"rendered":"https:\/\/theperfumebottles.com\/?post_type=product&#038;p=2734"},"modified":"2026-04-08T15:31:41","modified_gmt":"2026-04-08T07:31:41","slug":"best-perfume-bottles-glass-perfume-bottles-wholesale","status":"publish","type":"product","link":"https:\/\/theperfumebottles.com\/tr\/urun\/best-perfume-bottles-glass-perfume-bottles-wholesale\/","title":{"rendered":"50 ml - 100 ml En \u0130yi Parf\u00fcm \u015ei\u015feleri - Toptan Cam Parf\u00fcm \u015ei\u015feleri"},"content":{"rendered":"<h2>Markan\u0131za L\u00fcks Bir Hava Kat\u0131n<\/h2>\n<p>50 ml ve 100 ml boyutlar\u0131nda, deneme, tam veya s\u0131n\u0131rl\u0131 say\u0131da \u00fcretilen cam parf\u00fcm \u015fi\u015feleri toptan sat\u0131\u015f i\u00e7in uygundur. Yuvarlak dikd\u00f6rtgen \u015fi\u015fe, \u015feffaf bir parlakl\u0131k ve l\u00fcks hissi veren kal\u0131n kristal camla birle\u015ftirilmi\u015ftir ve erkek\/kad\u0131n parf\u00fcm serisine kusursuz bir \u015fekilde entegre edilerek birle\u015fik bir marka vizyonu olu\u015fturur. \u015ei\u015fe kapa\u011f\u0131, marka renk sistemiyle kolayca uyum sa\u011flayabilen parlak alt\u0131n, g\u00fcm\u00fc\u015f ve mat siyah renklerde mevcuttur. \u015eeffaf \u015fi\u015fe, parf\u00fcm\u00fcn rengini net bir \u015fekilde g\u00f6sterir, p\u00fcsk\u00fcrtme tasar\u0131m\u0131 hassas ve d\u00fczg\u00fcnd\u00fcr ve kullan\u0131m\u0131 sorunsuzdur, bu da son kullan\u0131c\u0131 deneyimini iyile\u015ftirir.<\/p>\n<h2>\u00c7ok Y\u00f6nl\u00fc Kullan\u0131m Alanlar\u0131: Numune \u00dcretiminden \u00d6zel Kokulara Kadar<\/h2>\n<p>Bu en iyi parf\u00fcm \u015fi\u015feleri, 100 ml&#039;lik \u015fi\u015fe koleksiyonlar\u0131, seyahat boyu parf\u00fcm \u015fi\u015feleri veya s\u0131n\u0131rl\u0131 say\u0131da \u00fcretilen koku \u015fi\u015feleri i\u00e7in m\u00fckemmeldir. Zarif tasar\u0131mlar\u0131, ni\u015f koku serileri, perakende te\u015fhirleri veya ki\u015fiselle\u015ftirilmi\u015f hediye setleri i\u00e7in uygundur. \u0130ster kolonya ister parf\u00fcm olsun, her kullan\u0131m alan\u0131nda l\u00fcks bir g\u00f6r\u00fcn\u00fcm sunarlar.<\/p>\n<h2>Ba\u015fl\u0131ca \u00d6zellikler: Premium Cam Parf\u00fcm \u015ei\u015feleri<\/h2>\n<div class=\"hyc-common-markdown__table-wrapper\">\n<table>\n<thead>\n<tr>\n<th>Model<\/th>\n<th>Kapasite<\/th>\n<th>Boyutlar (mm)<\/th>\n<th>\u015eapka Renkleri<\/th>\n<th>Malzeme<\/th>\n<th>Kapan\u0131\u015f<\/th>\n<\/tr>\n<\/thead>\n<tbody>\n<tr>\n<td>PB-BF1902<\/td>\n<td>50 ml<\/td>\n<td>53x31x73<\/td>\n<td>Alt\u0131n, G\u00fcm\u00fc\u015f, Mat Siyah<\/td>\n<td>Y\u00fcksek Kaliteli Kristal Cam<\/td>\n<td>Sprey \u00dcst\u00fc<\/td>\n<\/tr>\n<tr>\n<td>PB-BF1903<\/td>\n<td>50 ml<\/td>\n<td>43x30x88<\/td>\n<td>Alt\u0131n, G\u00fcm\u00fc\u015f, Mat Siyah<\/td>\n<td>Y\u00fcksek Kaliteli Kristal Cam<\/td>\n<td>Sprey \u00dcst\u00fc<\/td>\n<\/tr>\n<tr>\n<td>PB-BF1904<\/td>\n<td>100 ml<\/td>\n<td>57x38x107<\/td>\n<td>Alt\u0131n, G\u00fcm\u00fc\u015f, Mat Siyah<\/td>\n<td>Y\u00fcksek Kaliteli Kristal Cam<\/td>\n<td>Sprey \u00dcst\u00fc<\/td>\n<\/tr>\n<\/tbody>\n<\/table>\n<\/div>\n<h2>Ba\u015far\u0131 \u00d6yk\u00fcs\u00fc: New York&#039;lu Ni\u015f Bir Parf\u00fcm Markas\u0131ndan \u00d6zel Sipari\u015f<\/h2>\n<p>New York merkezli ni\u015f bir parf\u00fcm markas\u0131, dumanl\u0131 gri cam \u015fi\u015feler kullanarak \u00f6zel \u00fcr\u00fcnler yaratmak i\u00e7in toptan cam parf\u00fcm \u015fi\u015fesi hizmetimizi tercih etti. \u00d6zel \u015fi\u015feler dikkat \u00e7ekici sonu\u00e7lar elde etti: Olumlu m\u00fc\u015fteri yorumlar\u0131n\u0131n &#039;\u0131, \u015fi\u015felerin dolgun hissiyat\u0131n\u0131 ve minimalist tasar\u0131m\u0131n\u0131 vurgulad\u0131. Fotojenik g\u00f6r\u00fcn\u00fcmleri, sosyal medya influencer etkile\u015fiminde 0&#039;l\u00fck bir art\u0131\u015fa yol a\u00e7t\u0131. \u015eirket, ilk \u00fcr\u00fcn serisinin konsantre kokular ve s\u0131n\u0131rl\u0131 say\u0131da sanat\u00e7\u0131 i\u015f birlikleriyle ba\u015far\u0131l\u0131 olmas\u0131 nedeniyle 650.000 ek \u015fi\u015fe daha sat\u0131n almaya karar verdi.<\/p>\n<h2><strong>Markan\u0131z\u0131 Y\u00fckseltmek \u0130\u00e7in \u015eimdi Harekete Ge\u00e7in:<\/strong><\/h2>\n<ul>\n<li>En iyi parf\u00fcm \u015fi\u015felerimizin \u00fccretsiz \u00f6rneklerini talep edin.<\/li>\n<li>\u00d6zel grav\u00fcr ve y\u00fczey i\u015fleme se\u00e7eneklerini ke\u015ffedin.<\/li>\n<li>Markal\u0131 ambalajl\u0131 \u00fcr\u00fcnleri toplu miktarlarda sat\u0131n al\u0131n.<\/li>\n<\/ul>\n<p>Tasar\u0131m ve zanaat\u0131n bulu\u015ftu\u011fu l\u00fcks cam parf\u00fcm \u015fi\u015feleri toptan sat\u0131\u015f\u0131 ile koku serinizi d\u00f6n\u00fc\u015ft\u00fcr\u00fcn. Zamans\u0131z bir koleksiyon olu\u015fturmak i\u00e7in bug\u00fcn bizimle ileti\u015fime ge\u00e7in!<\/p>","protected":false},"excerpt":{"rendered":"<p>L\u00fcks markalar i\u00e7in toptan premium cam parf\u00fcm \u015fi\u015feleri. Parlak alt\u0131n\/g\u00fcm\u00fc\u015f\/mat siyah kapakl\u0131, \u00f6zelle\u015ftirilebilir 50 ml ve 100 ml&#039;lik en iyi parf\u00fcm \u015fi\u015feleri.<\/p>","protected":false},"featured_media":2736,"comment_status":"open","ping_status":"closed","template":"","meta":{"_acf_changed":false,"site-sidebar-layout":"default","site-content-layout":"","ast-site-content-layout":"default","site-content-style":"default","site-sidebar-style":"default","ast-global-header-display":"","ast-banner-title-visibility":"","ast-main-header-display":"","ast-hfb-above-header-display":"","ast-hfb-below-header-display":"","ast-hfb-mobile-header-display":"","site-post-title":"","ast-breadcrumbs-content":"","ast-featured-img":"","footer-sml-layout":"","ast-disable-related-posts":"","theme-transparent-header-meta":"default","adv-header-id-meta":"","stick-header-meta":"","header-above-stick-meta":"","header-main-stick-meta":"","header-below-stick-meta":"","astra-migrate-meta-layouts":"set","ast-page-background-enabled":"default","ast-page-background-meta":{"desktop":{"background-color":"var(--ast-global-color-5)","background-image":"","background-repeat":"repeat","background-position":"center center","background-size":"auto","background-attachment":"scroll","background-type":"","background-media":"","overlay-type":"","overlay-color":"","overlay-opacity":"","overlay-gradient":""},"tablet":{"background-color":"","background-image":"","background-repeat":"repeat","background-position":"center center","background-size":"auto","background-attachment":"scroll","background-type":"","background-media":"","overlay-type":"","overlay-color":"","overlay-opacity":"","overlay-gradient":""},"mobile":{"background-color":"","background-image":"","background-repeat":"repeat","background-position":"center center","background-size":"auto","background-attachment":"scroll","background-type":"","background-media":"","overlay-type":"","overlay-color":"","overlay-opacity":"","overlay-gradient":""}},"ast-content-background-meta":{"desktop":{"background-color":"var(--ast-global-color-4)","background-image":"","background-repeat":"repeat","background-position":"center center","background-size":"auto","background-attachment":"scroll","background-type":"","background-media":"","overlay-type":"","overlay-color":"","overlay-opacity":"","overlay-gradient":""},"tablet":{"background-color":"var(--ast-global-color-4)","background-image":"","background-repeat":"repeat","background-position":"center center","background-size":"auto","background-attachment":"scroll","background-type":"","background-media":"","overlay-type":"","overlay-color":"","overlay-opacity":"","overlay-gradient":""},"mobile":{"background-color":"var(--ast-global-color-4)","background-image":"","background-repeat":"repeat","background-position":"center center","background-size":"auto","background-attachment":"scroll","background-type":"","background-media":"","overlay-type":"","overlay-color":"","overlay-opacity":"","overlay-gradient":""}}},"product_brand":[],"product_cat":[91,72,41],"product_tag":[],"class_list":{"0":"post-2734","1":"product","2":"type-product","3":"status-publish","4":"has-post-thumbnail","6":"product_cat-custom-perfume-bottles","7":"product_cat-cosmetic-packaging","8":"product_cat-perfume-bottles","9":"desktop-align-left","10":"tablet-align-left","11":"mobile-align-left","13":"first","14":"instock","15":"shipping-taxable","16":"product-type-simple"},"acf":[],"jetpack_sharing_enabled":true,"_links":{"self":[{"href":"https:\/\/theperfumebottles.com\/tr\/wp-json\/wp\/v2\/product\/2734","targetHints":{"allow":["GET"]}}],"collection":[{"href":"https:\/\/theperfumebottles.com\/tr\/wp-json\/wp\/v2\/product"}],"about":[{"href":"https:\/\/theperfumebottles.com\/tr\/wp-json\/wp\/v2\/types\/product"}],"replies":[{"embeddable":true,"href":"https:\/\/theperfumebottles.com\/tr\/wp-json\/wp\/v2\/comments?post=2734"}],"wp:featuredmedia":[{"embeddable":true,"href":"https:\/\/theperfumebottles.com\/tr\/wp-json\/wp\/v2\/media\/2736"}],"wp:attachment":[{"href":"https:\/\/theperfumebottles.com\/tr\/wp-json\/wp\/v2\/media?parent=2734"}],"wp:term":[{"taxonomy":"product_brand","embeddable":true,"href":"https:\/\/theperfumebottles.com\/tr\/wp-json\/wp\/v2\/product_brand?post=2734"},{"taxonomy":"product_cat","embeddable":true,"href":"https:\/\/theperfumebottles.com\/tr\/wp-json\/wp\/v2\/product_cat?post=2734"},{"taxonomy":"product_tag","embeddable":true,"href":"https:\/\/theperfumebottles.com\/tr\/wp-json\/wp\/v2\/product_tag?post=2734"}],"curies":[{"name":"wp","href":"https:\/\/api.w.org\/{rel}","templated":true}]}}