{"id":2795,"date":"2025-03-20T08:59:46","date_gmt":"2025-03-20T08:59:46","guid":{"rendered":"https:\/\/theperfumebottles.com\/?post_type=product&#038;p=2795"},"modified":"2026-04-07T16:06:36","modified_gmt":"2026-04-07T08:06:36","slug":"custom-luxury-crystal-perfume-bottle-wholesale","status":"publish","type":"product","link":"https:\/\/theperfumebottles.com\/tr\/urun\/custom-luxury-crystal-perfume-bottle-wholesale\/","title":{"rendered":"100 ml \u00d6zel L\u00fcks Kristal Parf\u00fcm \u015ei\u015fesi Toptan Sat\u0131\u015f"},"content":{"rendered":"<p>Kristal parf\u00fcm \u015fi\u015fesi, \u015feffaf cam malzeme kullan\u0131larak tasarlanan yap\u0131s\u0131yla k\u00fcbik yap\u0131s\u0131n\u0131 sergiliyor. Kapa\u011f\u0131, parlak krom kaplamal\u0131 ve p\u00fcsk\u00fcrtme ba\u015fl\u0131\u011f\u0131n\u0131 i\u00e7eren metal bir halka ile ayr\u0131 bir kesme kristal kapak olmak \u00fczere iki farkl\u0131 par\u00e7adan olu\u015fuyor.<\/p>\n<h2>\u00d6zellikler<\/h2>\n<div>\n<table class=\"aligncenter\" style=\"border-collapse: collapse; width: 300.77pt;\" border=\"0\" width=\"401\" cellspacing=\"0\" cellpadding=\"0\">\n<tbody>\n<tr style=\"height: 13.50pt;\">\n<td style=\"height: 13.50pt; width: 88.50pt;\" width=\"118\" height=\"18\">\u00d6zellik<\/td>\n<td style=\"width: 212.25pt;\" width=\"283\">Detaylar<\/td>\n<\/tr>\n<tr style=\"height: 13.50pt;\">\n<td style=\"height: 13.50pt;\" height=\"18\">Kapasite<\/td>\n<td>100 ml (3,4 oz)<\/td>\n<\/tr>\n<tr style=\"height: 13.50pt;\">\n<td style=\"height: 13.50pt;\" height=\"18\">Malzeme<\/td>\n<td>Kristal cam, akrilik g\u00fcm\u00fc\u015f kapak<\/td>\n<\/tr>\n<tr style=\"height: 13.50pt;\">\n<td style=\"height: 13.50pt;\" height=\"18\">Boyutlar<\/td>\n<td>57\u00d757\u00d769 mm (kare \u015feklinde)<\/td>\n<\/tr>\n<tr style=\"height: 13.50pt;\">\n<td style=\"height: 13.50pt;\" height=\"18\">\u00d6zelle\u015ftirme<\/td>\n<td>Grav\u00fcr, buzlanma, UV bask\u0131<\/td>\n<\/tr>\n<tr style=\"height: 13.50pt;\">\n<td style=\"height: 13.50pt;\" height=\"18\">Minimum Sipari\u015f Adedi<\/td>\n<td>Rekabet\u00e7i toplu fiyatland\u0131rma mevcuttur<\/td>\n<\/tr>\n<tr style=\"height: 13.50pt;\">\n<td style=\"height: 13.50pt;\" height=\"18\">Nakliye<\/td>\n<td>K\u00fcresel lojistik deste\u011fi<\/td>\n<\/tr>\n<\/tbody>\n<\/table>\n<\/div>\n<h2>Ba\u015far\u0131 Hikayesi<\/h2>\n<p>Bu Frans\u0131z parf\u00fcm markas\u0131, antika bir kristal parf\u00fcm \u015fi\u015fesi se\u00e7ti ve alt\u0131n rengi i\u00e7 tasar\u0131ma sahip, \u00f6zel tasar\u0131ml\u0131, dumanl\u0131 gri cam bir \u015fi\u015fe sipari\u015f etti. \u00d6zel tasar\u0131m parf\u00fcm \u015fi\u015fesi b\u00fcy\u00fck bir ba\u015far\u0131 elde etti \u00e7\u00fcnk\u00fc vintage kristal tasar\u0131m\u0131 m\u00fc\u015fterilerin ilgisini \u00e7ekti ve mevcut m\u00fc\u015fterilerden gelen \u00f6n sipari\u015flerde 0&#039;l\u00fck bir art\u0131\u015fa yol a\u00e7t\u0131. \u00dcst\u00fcn malzemeler ve a\u011f\u0131rl\u0131k da bu l\u00fcks parf\u00fcm\u00fcn fiyat\u0131nda 0&#039;lik bir art\u0131\u015fa neden oldu. Marka, ba\u015far\u0131s\u0131n\u0131n ard\u0131ndan, yak\u0131nda piyasaya s\u00fcrece\u011fi vintage koku koleksiyonu i\u00e7in kullanaca\u011f\u0131 580.000 adet parf\u00fcm \u015fi\u015fesi daha sipari\u015f etti.<\/p>\n<h2>Antik Kristal Parf\u00fcm \u015ei\u015fesi Ki\u015fiselle\u015ftirme \u00d6nerileri<\/h2>\n<ul>\n<li>\u00dcst k\u0131s\u0131mda yer alan s\u00fcs e\u015fyas\u0131 te\u015fhir stand\u0131, \u00e7e\u015fitli de\u011ferli ta\u015f t\u00fcrleri, renkli kristaller ve markan\u0131n \u00f6zel tasar\u0131m desenini takip eden \u00f6zel cam s\u00fcslemeler de dahil olmak \u00fczere bir\u00e7ok se\u00e7enek sunmaktad\u0131r.<\/li>\n<li>Pompa halkas\u0131 i\u00e7in metal kaplama se\u00e7enekleri aras\u0131nda 24 ayar alt\u0131n kaplama, pembe alt\u0131n, siyah rodyum ve antik g\u00fcm\u00fc\u015f olmak \u00fczere d\u00f6rt farkl\u0131 ve \u00f6zenli kaplama bulunmaktad\u0131r.<\/li>\n<li>Manyetik \u00fcst s\u00fcsleme, y\u00fczeylere g\u00fcvenli ve rahat bir mekanizma ile yap\u0131\u015fan kristal bir \u00fcst par\u00e7aya sahiptir.<\/li>\n<\/ul>","protected":false},"excerpt":{"rendered":"<p>Se\u00e7kin m\u00fc\u015fterileri etkilemek isteyen marka sahipleri ve toptanc\u0131lar i\u00e7in 3,4 oz kristal parf\u00fcm \u015fi\u015fesi, zamans\u0131z zarafeti modern i\u015flevsellikle birle\u015ftiriyor.<\/p>","protected":false},"featured_media":2798,"comment_status":"open","ping_status":"closed","template":"","meta":{"_acf_changed":false,"site-sidebar-layout":"default","site-content-layout":"","ast-site-content-layout":"default","site-content-style":"default","site-sidebar-style":"default","ast-global-header-display":"","ast-banner-title-visibility":"","ast-main-header-display":"","ast-hfb-above-header-display":"","ast-hfb-below-header-display":"","ast-hfb-mobile-header-display":"","site-post-title":"","ast-breadcrumbs-content":"","ast-featured-img":"","footer-sml-layout":"","ast-disable-related-posts":"","theme-transparent-header-meta":"default","adv-header-id-meta":"","stick-header-meta":"","header-above-stick-meta":"","header-main-stick-meta":"","header-below-stick-meta":"","astra-migrate-meta-layouts":"set","ast-page-background-enabled":"default","ast-page-background-meta":{"desktop":{"background-color":"var(--ast-global-color-5)","background-image":"","background-repeat":"repeat","background-position":"center center","background-size":"auto","background-attachment":"scroll","background-type":"","background-media":"","overlay-type":"","overlay-color":"","overlay-opacity":"","overlay-gradient":""},"tablet":{"background-color":"","background-image":"","background-repeat":"repeat","background-position":"center center","background-size":"auto","background-attachment":"scroll","background-type":"","background-media":"","overlay-type":"","overlay-color":"","overlay-opacity":"","overlay-gradient":""},"mobile":{"background-color":"","background-image":"","background-repeat":"repeat","background-position":"center center","background-size":"auto","background-attachment":"scroll","background-type":"","background-media":"","overlay-type":"","overlay-color":"","overlay-opacity":"","overlay-gradient":""}},"ast-content-background-meta":{"desktop":{"background-color":"var(--ast-global-color-4)","background-image":"","background-repeat":"repeat","background-position":"center center","background-size":"auto","background-attachment":"scroll","background-type":"","background-media":"","overlay-type":"","overlay-color":"","overlay-opacity":"","overlay-gradient":""},"tablet":{"background-color":"var(--ast-global-color-4)","background-image":"","background-repeat":"repeat","background-position":"center center","background-size":"auto","background-attachment":"scroll","background-type":"","background-media":"","overlay-type":"","overlay-color":"","overlay-opacity":"","overlay-gradient":""},"mobile":{"background-color":"var(--ast-global-color-4)","background-image":"","background-repeat":"repeat","background-position":"center center","background-size":"auto","background-attachment":"scroll","background-type":"","background-media":"","overlay-type":"","overlay-color":"","overlay-opacity":"","overlay-gradient":""}}},"product_brand":[],"product_cat":[91,72,41],"product_tag":[],"class_list":{"0":"post-2795","1":"product","2":"type-product","3":"status-publish","4":"has-post-thumbnail","6":"product_cat-custom-perfume-bottles","7":"product_cat-cosmetic-packaging","8":"product_cat-perfume-bottles","9":"desktop-align-left","10":"tablet-align-left","11":"mobile-align-left","13":"first","14":"instock","15":"shipping-taxable","16":"product-type-simple"},"acf":[],"jetpack_sharing_enabled":true,"_links":{"self":[{"href":"https:\/\/theperfumebottles.com\/tr\/wp-json\/wp\/v2\/product\/2795","targetHints":{"allow":["GET"]}}],"collection":[{"href":"https:\/\/theperfumebottles.com\/tr\/wp-json\/wp\/v2\/product"}],"about":[{"href":"https:\/\/theperfumebottles.com\/tr\/wp-json\/wp\/v2\/types\/product"}],"replies":[{"embeddable":true,"href":"https:\/\/theperfumebottles.com\/tr\/wp-json\/wp\/v2\/comments?post=2795"}],"wp:featuredmedia":[{"embeddable":true,"href":"https:\/\/theperfumebottles.com\/tr\/wp-json\/wp\/v2\/media\/2798"}],"wp:attachment":[{"href":"https:\/\/theperfumebottles.com\/tr\/wp-json\/wp\/v2\/media?parent=2795"}],"wp:term":[{"taxonomy":"product_brand","embeddable":true,"href":"https:\/\/theperfumebottles.com\/tr\/wp-json\/wp\/v2\/product_brand?post=2795"},{"taxonomy":"product_cat","embeddable":true,"href":"https:\/\/theperfumebottles.com\/tr\/wp-json\/wp\/v2\/product_cat?post=2795"},{"taxonomy":"product_tag","embeddable":true,"href":"https:\/\/theperfumebottles.com\/tr\/wp-json\/wp\/v2\/product_tag?post=2795"}],"curies":[{"name":"wp","href":"https:\/\/api.w.org\/{rel}","templated":true}]}}