{"id":2801,"date":"2025-03-21T02:08:59","date_gmt":"2025-03-21T02:08:59","guid":{"rendered":"https:\/\/theperfumebottles.com\/?post_type=product&#038;p=2801"},"modified":"2026-04-08T15:16:34","modified_gmt":"2026-04-08T07:16:34","slug":"perfume-square-bottles-for-wholesale-custom-packaging","status":"publish","type":"product","link":"https:\/\/theperfumebottles.com\/tr\/urun\/perfume-square-bottles-for-wholesale-custom-packaging\/","title":{"rendered":"Toptan ve \u00d6zel Paketleme i\u00e7in 100 ml Kare Parf\u00fcm \u015ei\u015feleri"},"content":{"rendered":"<p>Parf\u00fcm serinizi PB-FZ02 kare \u015fi\u015femizle bir \u00fcst seviyeye ta\u015f\u0131y\u0131n. Bu kare parf\u00fcm \u015fi\u015fesi, ultra \u015feffaf, kal\u0131n duvarl\u0131 kristal camdan \u00fcretilmi\u015ftir. Parlat\u0131lm\u0131\u015f siyah kare kapak, klasik dikd\u00f6rtgen prizma \u015feklini zarif bir incelikle vurgular.<\/p>\n<h2>Teknik \u00d6zellikler<\/h2>\n<div>\n<table class=\"aligncenter\" style=\"border-collapse: collapse; width: 318.77pt;\" border=\"0\" width=\"425\" cellspacing=\"0\" cellpadding=\"0\">\n<tbody>\n<tr style=\"height: 13.50pt;\">\n<td style=\"height: 13.50pt; width: 124.50pt;\" width=\"166\" height=\"18\">\u00d6zellik<\/td>\n<td style=\"width: 194.25pt;\" width=\"259\">Detay<\/td>\n<\/tr>\n<tr style=\"height: 13.50pt;\">\n<td style=\"height: 13.50pt;\" height=\"18\">Model<\/td>\n<td>PB-FZ02<\/td>\n<\/tr>\n<tr style=\"height: 13.50pt;\">\n<td style=\"height: 13.50pt;\" height=\"18\">Malzeme<\/td>\n<td>Kristal Cam<\/td>\n<\/tr>\n<tr style=\"height: 13.50pt;\">\n<td style=\"height: 13.50pt;\" height=\"18\">Kapasite<\/td>\n<td>100 ml (3,4 oz)<\/td>\n<\/tr>\n<tr style=\"height: 13.50pt;\">\n<td style=\"height: 13.50pt;\" height=\"18\">Boyutlar<\/td>\n<td>52 \u00d7 52 \u00d7 103 mm<\/td>\n<\/tr>\n<tr style=\"height: 13.50pt;\">\n<td style=\"height: 13.50pt;\" height=\"18\">\u015eapka<\/td>\n<td>Mat Siyah Kare Kapak<\/td>\n<\/tr>\n<tr style=\"height: 13.50pt;\">\n<td style=\"height: 13.50pt;\" height=\"18\">Renk Se\u00e7enekleri<\/td>\n<td>\u015eeffaf (\u00f6zelle\u015ftirilebilir renkler)<\/td>\n<\/tr>\n<tr style=\"height: 13.50pt;\">\n<td style=\"height: 13.50pt;\" height=\"18\">\u00d6zelle\u015ftirme<\/td>\n<td>Logo, grav\u00fcr, son i\u015flem se\u00e7enekleri<\/td>\n<\/tr>\n<tr style=\"height: 13.50pt;\">\n<td style=\"height: 13.50pt;\" height=\"18\">\u00d6rnek Kullan\u0131labilirli\u011fi<\/td>\n<td>Tedarik edilen<\/td>\n<\/tr>\n<tr style=\"height: 13.50pt;\">\n<td style=\"height: 13.50pt;\" height=\"18\">Minimum Sipari\u015f<\/td>\n<td>Toptan sat\u0131\u015fa uygun<\/td>\n<\/tr>\n<\/tbody>\n<\/table>\n<\/div>\n<h2>Ba\u015far\u0131 \u00d6yk\u00fcs\u00fc: New Yorklu Minimalist Bir Markan\u0131n \u0130konik \u00dcr\u00fcn Serisi<\/h2>\n<p>New York merkezli minimalist parf\u00fcm markas\u0131, \u00f6zel mat buzlu \u015fi\u015fe ve beyaz serigrafi bask\u0131l\u0131 logo i\u00e7eren kare \u00f6zel parf\u00fcm ambalaj\u0131m\u0131z\u0131 se\u00e7ti. Tasar\u0131m, temiz ve minimalist bir g\u00f6r\u00fcn\u00fcm elde ederek, k\u00f6r raf testlerinde marka bilinirli\u011finde &#039;lik bir art\u0131\u015f sa\u011flad\u0131. Marka, minimalist tasar\u0131m sayesinde kendine \u00f6zg\u00fc stilini olu\u015fturdu ve sosyal medya etkile\u015fimlerinde 0&#039;l\u00fck bir art\u0131\u015f elde etti. Marka b\u00fcy\u00fck bir ba\u015far\u0131 elde etti ve ard\u0131ndan yeni bir ev kokusu ve kokulu mum serisi piyasaya s\u00fcrmek i\u00e7in 550.000 \u015fi\u015fe parf\u00fcm sipari\u015fi daha verdi.<\/p>\n<h2>100 ml Sprey \u015ei\u015feleri Toptan Sat\u0131\u015f \u00d6zelle\u015ftirme \u00d6nerileri<\/h2>\n<ul>\n<li>\u00dcst\u00fcn p\u00fcsk\u00fcrtme mekanizmas\u0131, farkl\u0131 p\u00fcsk\u00fcrtme \u00e7\u0131k\u0131\u015f seviyeleri sa\u011flayan, d\u00fcz ve d\u0131\u015fb\u00fckey se\u00e7enekleri de i\u00e7eren farkl\u0131 nozul tasar\u0131mlar\u0131na sahip \u00e7ok say\u0131da y\u00fcksek kaliteli p\u00fcsk\u00fcrtme pompas\u0131 sunar.<\/li>\n<li>Dikd\u00f6rtgen \u015fi\u015fe tasar\u0131m\u0131, kullan\u0131c\u0131lara 30 ml, 50 ml ve 200 ml gibi \u00e7e\u015fitli boyut se\u00e7enekleri olu\u015fturma olana\u011f\u0131 sunar.<\/li>\n<li>\u00d6zel y\u00fczey i\u015flemleri, kullan\u0131c\u0131lara elle uygulanan alt\u0131n varak s\u00fcsleme veya \u00f6zel bir kaplama aras\u0131nda se\u00e7im yapma olana\u011f\u0131 sunar.<\/li>\n<\/ul>","protected":false},"excerpt":{"rendered":"<p>Toptan ve \u00f6zel ambalajlama i\u00e7in birinci s\u0131n\u0131f 100 ml kare cam parf\u00fcm \u015fi\u015feleri. Dayan\u0131kl\u0131, \u00f6zelle\u015ftirilebilir ve l\u00fcks parf\u00fcm markalar\u0131 i\u00e7in idealdir.<\/p>","protected":false},"featured_media":2803,"comment_status":"open","ping_status":"closed","template":"","meta":{"_acf_changed":false,"site-sidebar-layout":"default","site-content-layout":"","ast-site-content-layout":"default","site-content-style":"default","site-sidebar-style":"default","ast-global-header-display":"","ast-banner-title-visibility":"","ast-main-header-display":"","ast-hfb-above-header-display":"","ast-hfb-below-header-display":"","ast-hfb-mobile-header-display":"","site-post-title":"","ast-breadcrumbs-content":"","ast-featured-img":"","footer-sml-layout":"","ast-disable-related-posts":"","theme-transparent-header-meta":"default","adv-header-id-meta":"","stick-header-meta":"","header-above-stick-meta":"","header-main-stick-meta":"","header-below-stick-meta":"","astra-migrate-meta-layouts":"set","ast-page-background-enabled":"default","ast-page-background-meta":{"desktop":{"background-color":"var(--ast-global-color-5)","background-image":"","background-repeat":"repeat","background-position":"center center","background-size":"auto","background-attachment":"scroll","background-type":"","background-media":"","overlay-type":"","overlay-color":"","overlay-opacity":"","overlay-gradient":""},"tablet":{"background-color":"","background-image":"","background-repeat":"repeat","background-position":"center center","background-size":"auto","background-attachment":"scroll","background-type":"","background-media":"","overlay-type":"","overlay-color":"","overlay-opacity":"","overlay-gradient":""},"mobile":{"background-color":"","background-image":"","background-repeat":"repeat","background-position":"center center","background-size":"auto","background-attachment":"scroll","background-type":"","background-media":"","overlay-type":"","overlay-color":"","overlay-opacity":"","overlay-gradient":""}},"ast-content-background-meta":{"desktop":{"background-color":"var(--ast-global-color-4)","background-image":"","background-repeat":"repeat","background-position":"center center","background-size":"auto","background-attachment":"scroll","background-type":"","background-media":"","overlay-type":"","overlay-color":"","overlay-opacity":"","overlay-gradient":""},"tablet":{"background-color":"var(--ast-global-color-4)","background-image":"","background-repeat":"repeat","background-position":"center center","background-size":"auto","background-attachment":"scroll","background-type":"","background-media":"","overlay-type":"","overlay-color":"","overlay-opacity":"","overlay-gradient":""},"mobile":{"background-color":"var(--ast-global-color-4)","background-image":"","background-repeat":"repeat","background-position":"center center","background-size":"auto","background-attachment":"scroll","background-type":"","background-media":"","overlay-type":"","overlay-color":"","overlay-opacity":"","overlay-gradient":""}}},"product_brand":[],"product_cat":[91,72,41],"product_tag":[],"class_list":{"0":"post-2801","1":"product","2":"type-product","3":"status-publish","4":"has-post-thumbnail","6":"product_cat-custom-perfume-bottles","7":"product_cat-cosmetic-packaging","8":"product_cat-perfume-bottles","9":"desktop-align-left","10":"tablet-align-left","11":"mobile-align-left","13":"first","14":"instock","15":"shipping-taxable","16":"product-type-simple"},"acf":[],"jetpack_sharing_enabled":true,"_links":{"self":[{"href":"https:\/\/theperfumebottles.com\/tr\/wp-json\/wp\/v2\/product\/2801","targetHints":{"allow":["GET"]}}],"collection":[{"href":"https:\/\/theperfumebottles.com\/tr\/wp-json\/wp\/v2\/product"}],"about":[{"href":"https:\/\/theperfumebottles.com\/tr\/wp-json\/wp\/v2\/types\/product"}],"replies":[{"embeddable":true,"href":"https:\/\/theperfumebottles.com\/tr\/wp-json\/wp\/v2\/comments?post=2801"}],"wp:featuredmedia":[{"embeddable":true,"href":"https:\/\/theperfumebottles.com\/tr\/wp-json\/wp\/v2\/media\/2803"}],"wp:attachment":[{"href":"https:\/\/theperfumebottles.com\/tr\/wp-json\/wp\/v2\/media?parent=2801"}],"wp:term":[{"taxonomy":"product_brand","embeddable":true,"href":"https:\/\/theperfumebottles.com\/tr\/wp-json\/wp\/v2\/product_brand?post=2801"},{"taxonomy":"product_cat","embeddable":true,"href":"https:\/\/theperfumebottles.com\/tr\/wp-json\/wp\/v2\/product_cat?post=2801"},{"taxonomy":"product_tag","embeddable":true,"href":"https:\/\/theperfumebottles.com\/tr\/wp-json\/wp\/v2\/product_tag?post=2801"}],"curies":[{"name":"wp","href":"https:\/\/api.w.org\/{rel}","templated":true}]}}