{"id":2806,"date":"2025-03-21T03:55:26","date_gmt":"2025-03-21T03:55:26","guid":{"rendered":"https:\/\/theperfumebottles.com\/?post_type=product&#038;p=2806"},"modified":"2025-05-29T10:24:39","modified_gmt":"2025-05-29T02:24:39","slug":"small-perfume-spray-bottle-30ml-50ml-perfume-oil-bottles","status":"publish","type":"product","link":"https:\/\/theperfumebottles.com\/tr\/urun\/small-perfume-spray-bottle-30ml-50ml-perfume-oil-bottles\/","title":{"rendered":"Ah\u015fap Kapakl\u0131 30 ml 50 ml K\u00fc\u00e7\u00fck Parf\u00fcm Sprey \u015ei\u015feleri"},"content":{"rendered":"<p>30 ml parf\u00fcm \u015fi\u015fesi ve 50 ml parf\u00fcm ya\u011f\u0131 \u015fi\u015fesi boyutlar\u0131nda mevcut olan k\u00fc\u00e7\u00fck parf\u00fcm sprey \u015fi\u015fesi serimizi sunuyoruz. Bu kristal cam \u015fi\u015fe, l\u00fcks markalar ve \u00e7evreciler i\u00e7in tasarlanm\u0131\u015ft\u0131r. El yap\u0131m\u0131 ah\u015fap kapa\u011f\u0131, do\u011fal, \u00e7evre dostu ve zarif modern kare \u015fi\u015fe tasar\u0131m\u0131yla bir araya getirilmi\u015ftir. Do\u011fal ah\u015fap \u015fi\u015fe kapa\u011f\u0131, \u00f6zelle\u015ftirilmi\u015f marka logolar\u0131n\u0131 destekler ve 30 ml\/50 ml kapasitesi, seyahat boylar\u0131na, \u00f6zel parf\u00fcmlere veya toptan sat\u0131\u015f ihtiya\u00e7lar\u0131na uyacak \u015fekilde esnektir.<\/p>\n<h2>Temel \u00d6zellikler<\/h2>\n<div class=\"hyc-common-markdown__table-wrapper\">\n<table>\n<thead>\n<tr>\n<th>\u00d6zellik<\/th>\n<th>PB-FZ0401<\/th>\n<th>PB-FZ0402<\/th>\n<\/tr>\n<\/thead>\n<tbody>\n<tr>\n<td>Malzeme<\/td>\n<td>Kristal Cam<\/td>\n<td>Kristal Cam<\/td>\n<\/tr>\n<tr>\n<td>Kapasite<\/td>\n<td>30 ml<\/td>\n<td>50 ml<\/td>\n<\/tr>\n<tr>\n<td>Boyutlar<\/td>\n<td>36 x 36 x 66 mm<\/td>\n<td>42 x 42 x 77 mm<\/td>\n<\/tr>\n<tr>\n<td>\u015eapka<\/td>\n<td>Do\u011fal Ah\u015fap Kapak<\/td>\n<td>Do\u011fal Ah\u015fap Kapak<\/td>\n<\/tr>\n<tr>\n<td>Renk Se\u00e7enekleri<\/td>\n<td>Temizle (\u00d6zelle\u015ftirilebilir)<\/td>\n<td>Temizle (\u00d6zelle\u015ftirilebilir)<\/td>\n<\/tr>\n<tr>\n<td>\u00d6zelle\u015ftirme<\/td>\n<td>Logo, Grav\u00fcr, Biti\u015f<\/td>\n<td>Logo, Grav\u00fcr, Biti\u015f<\/td>\n<\/tr>\n<tr>\n<td>\u00d6rnek Kullan\u0131labilirli\u011fi<\/td>\n<td>Tedarik edilen<\/td>\n<td>Tedarik edilen<\/td>\n<\/tr>\n<\/tbody>\n<\/table>\n<\/div>\n<h2>Neden Bu Cam Parf\u00fcm \u015ei\u015felerini Se\u00e7melisiniz?<\/h2>\n<p>\u00c7ok y\u00f6nl\u00fcl\u00fck i\u00e7in tasarlanan bu \u200b<strong>k\u00fc\u00e7\u00fck parf\u00fcm \u015fi\u015feleri<\/strong>\u00a0Ni\u015f markalar, \u00f6zel markalar veya toptan sat\u0131\u015f ortaklar\u0131 i\u00e7in idealdir. Kal\u0131n cam yap\u0131s\u0131 dayan\u0131kl\u0131l\u0131k sa\u011flarken, kare \u015fekli ve ah\u015fap kapaklar\u0131 g\u00f6z al\u0131c\u0131 bir raf g\u00f6r\u00fcn\u00fcm\u00fc yarat\u0131r.<strong>30 ml<\/strong>\u00a0ve<strong>50 ml<\/strong>\u00a0Boyutlar\u0131 farkl\u0131 olup ya\u011flar, kolonyalar veya yo\u011fun kokular i\u00e7in optimize edilmi\u015ftir.<\/p>\n<h2>\u00d6zel ve Toptan \u0130htiya\u00e7lar \u0130\u00e7in M\u00fckemmel<\/h2>\n<p>\u0130ster s\u0131n\u0131rl\u0131 say\u0131da \u00fcretilen \u00fcr\u00fcnler i\u00e7in bo\u015f 30 ml parf\u00fcm \u015fi\u015felerine, ister toplu sipari\u015fler i\u00e7in 50 ml parf\u00fcm ya\u011f\u0131 \u015fi\u015felerine ihtiyac\u0131n\u0131z olsun, bu seri esnek \u00e7\u00f6z\u00fcmler sunar. H\u0131zl\u0131 kargo, ODM\/OEM deste\u011fi ve d\u00fc\u015f\u00fck minimum sipari\u015f miktarlar\u0131, markan\u0131z\u0131 \u00f6l\u00e7eklendirmenizi kolayla\u015ft\u0131r\u0131r. S\u00fcrd\u00fcr\u00fclebilir ve ta\u015f\u0131nabilir parf\u00fcm sprey \u015fi\u015fesi tasar\u0131mlar\u0131m\u0131zla parf\u00fcm ambalaj\u0131n\u0131z\u0131 geli\u015ftirin. 30 ml parf\u00fcm \u015fi\u015fesi veya 50 ml parf\u00fcm ya\u011f\u0131 \u015fi\u015fesi numunelerini bug\u00fcn isteyin ve her ayr\u0131nt\u0131da l\u00fcks\u00fc deneyimleyin!<\/p>","protected":false},"excerpt":{"rendered":"<p>Ah\u015fap kapakl\u0131 birinci s\u0131n\u0131f k\u00fc\u00e7\u00fck parf\u00fcm sprey \u015fi\u015feleri; parf\u00fcm ya\u011flar\u0131, \u00f6zel markalama ve toplu sipari\u015fler i\u00e7in m\u00fckemmel. \u00c7evre dostu, ta\u015f\u0131nabilir ve markalamaya haz\u0131r.<\/p>","protected":false},"featured_media":2808,"comment_status":"open","ping_status":"closed","template":"","meta":{"_acf_changed":false,"site-sidebar-layout":"default","site-content-layout":"","ast-site-content-layout":"default","site-content-style":"default","site-sidebar-style":"default","ast-global-header-display":"","ast-banner-title-visibility":"","ast-main-header-display":"","ast-hfb-above-header-display":"","ast-hfb-below-header-display":"","ast-hfb-mobile-header-display":"","site-post-title":"","ast-breadcrumbs-content":"","ast-featured-img":"","footer-sml-layout":"","ast-disable-related-posts":"","theme-transparent-header-meta":"default","adv-header-id-meta":"","stick-header-meta":"","header-above-stick-meta":"","header-main-stick-meta":"","header-below-stick-meta":"","astra-migrate-meta-layouts":"set","ast-page-background-enabled":"default","ast-page-background-meta":{"desktop":{"background-color":"var(--ast-global-color-5)","background-image":"","background-repeat":"repeat","background-position":"center center","background-size":"auto","background-attachment":"scroll","background-type":"","background-media":"","overlay-type":"","overlay-color":"","overlay-opacity":"","overlay-gradient":""},"tablet":{"background-color":"","background-image":"","background-repeat":"repeat","background-position":"center center","background-size":"auto","background-attachment":"scroll","background-type":"","background-media":"","overlay-type":"","overlay-color":"","overlay-opacity":"","overlay-gradient":""},"mobile":{"background-color":"","background-image":"","background-repeat":"repeat","background-position":"center center","background-size":"auto","background-attachment":"scroll","background-type":"","background-media":"","overlay-type":"","overlay-color":"","overlay-opacity":"","overlay-gradient":""}},"ast-content-background-meta":{"desktop":{"background-color":"var(--ast-global-color-4)","background-image":"","background-repeat":"repeat","background-position":"center center","background-size":"auto","background-attachment":"scroll","background-type":"","background-media":"","overlay-type":"","overlay-color":"","overlay-opacity":"","overlay-gradient":""},"tablet":{"background-color":"var(--ast-global-color-4)","background-image":"","background-repeat":"repeat","background-position":"center center","background-size":"auto","background-attachment":"scroll","background-type":"","background-media":"","overlay-type":"","overlay-color":"","overlay-opacity":"","overlay-gradient":""},"mobile":{"background-color":"var(--ast-global-color-4)","background-image":"","background-repeat":"repeat","background-position":"center center","background-size":"auto","background-attachment":"scroll","background-type":"","background-media":"","overlay-type":"","overlay-color":"","overlay-opacity":"","overlay-gradient":""}}},"product_brand":[],"product_cat":[72,41],"product_tag":[],"class_list":{"0":"post-2806","1":"product","2":"type-product","3":"status-publish","4":"has-post-thumbnail","6":"product_cat-cosmetic-packaging","7":"product_cat-perfume-bottles","8":"desktop-align-left","9":"tablet-align-left","10":"mobile-align-left","12":"first","13":"instock","14":"shipping-taxable","15":"product-type-simple"},"acf":[],"jetpack_sharing_enabled":true,"_links":{"self":[{"href":"https:\/\/theperfumebottles.com\/tr\/wp-json\/wp\/v2\/product\/2806","targetHints":{"allow":["GET"]}}],"collection":[{"href":"https:\/\/theperfumebottles.com\/tr\/wp-json\/wp\/v2\/product"}],"about":[{"href":"https:\/\/theperfumebottles.com\/tr\/wp-json\/wp\/v2\/types\/product"}],"replies":[{"embeddable":true,"href":"https:\/\/theperfumebottles.com\/tr\/wp-json\/wp\/v2\/comments?post=2806"}],"wp:featuredmedia":[{"embeddable":true,"href":"https:\/\/theperfumebottles.com\/tr\/wp-json\/wp\/v2\/media\/2808"}],"wp:attachment":[{"href":"https:\/\/theperfumebottles.com\/tr\/wp-json\/wp\/v2\/media?parent=2806"}],"wp:term":[{"taxonomy":"product_brand","embeddable":true,"href":"https:\/\/theperfumebottles.com\/tr\/wp-json\/wp\/v2\/product_brand?post=2806"},{"taxonomy":"product_cat","embeddable":true,"href":"https:\/\/theperfumebottles.com\/tr\/wp-json\/wp\/v2\/product_cat?post=2806"},{"taxonomy":"product_tag","embeddable":true,"href":"https:\/\/theperfumebottles.com\/tr\/wp-json\/wp\/v2\/product_tag?post=2806"}],"curies":[{"name":"wp","href":"https:\/\/api.w.org\/{rel}","templated":true}]}}