{"id":2861,"date":"2025-03-24T07:22:27","date_gmt":"2025-03-24T07:22:27","guid":{"rendered":"https:\/\/theperfumebottles.com\/?post_type=product&#038;p=2861"},"modified":"2025-05-30T15:51:46","modified_gmt":"2025-05-30T07:51:46","slug":"30ml-glass-travel-perfume-bottle-refillable-customizable-luxury","status":"publish","type":"product","link":"https:\/\/theperfumebottles.com\/tr\/urun\/30ml-glass-travel-perfume-bottle-refillable-customizable-luxury\/","title":{"rendered":"30 ml Cam Seyahat Parf\u00fcm \u015ei\u015fesi Yeniden Doldurulabilir - \u00d6zelle\u015ftirilebilir L\u00fcks"},"content":{"rendered":"<p>Rafine bir rit\u00fcel anlay\u0131\u015f\u0131na sahip markalar i\u00e7in tasarlanan bu 30 ml'lik yeniden doldurulabilir parf\u00fcm \u015fi\u015fesi, sanatsal heykelin \u00e7izgi esteti\u011fini pragmatizmle m\u00fckemmel bir \u015fekilde birle\u015ftiriyor. Ni\u015f koku markalar\u0131 ve tasar\u0131mc\u0131lar bu \u015fi\u015feyi kendi koku hikayelerini anlatmak i\u00e7in kullan\u0131yor ve parf\u00fcm\u00fcn her damlas\u0131 koleksiyonluk bir sanat eserine d\u00f6n\u00fc\u015f\u00fcyor.<\/p>\n<h2>Temel \u00d6zellikler<\/h2>\n<table style=\"border-collapse: collapse;margin-left: auto;margin-right: auto;width: 80%\" border=\"0\" width=\"80%\" cellspacing=\"0\" cellpadding=\"0\">\n<tbody>\n<tr style=\"height: 13.50pt\">\n<td style=\"height: 13.50pt;width: 99.75pt\" width=\"133\" height=\"18\"><strong>Model<\/strong><\/td>\n<td style=\"width: 253.50pt\" width=\"338\">PB-BF1101<\/td>\n<\/tr>\n<tr style=\"height: 13.50pt\">\n<td style=\"height: 13.50pt\" height=\"18\"><strong>Malzeme<\/strong><\/td>\n<td>Kristal cam + metal\/plastik kapaklar<\/td>\n<\/tr>\n<tr style=\"height: 13.50pt\">\n<td style=\"height: 13.50pt\" height=\"18\"><strong>Kapasite<\/strong><\/td>\n<td>30ml seyahat parf\u00fcm \u015fi\u015fesi<\/td>\n<\/tr>\n<tr style=\"height: 13.50pt\">\n<td style=\"height: 13.50pt\" height=\"18\"><strong>Boyutlar<\/strong><\/td>\n<td>45 x 26 x 84 mm (18mm kalibre)<\/td>\n<\/tr>\n<tr style=\"height: 13.50pt\">\n<td style=\"height: 13.50pt\" height=\"18\"><strong>Renk Se\u00e7enekleri<\/strong><\/td>\n<td>\u015eeffaf cam + alt\u0131n\/g\u00fcm\u00fc\u015f\/siyah \u00fcst k\u0131s\u0131m<\/td>\n<\/tr>\n<tr style=\"height: 13.50pt\">\n<td style=\"height: 13.50pt\" height=\"18\"><strong>\u00d6rnekler<\/strong><\/td>\n<td>\u00dccretsiz \u00f6zelle\u015ftirilebilir numuneler mevcuttur<\/td>\n<\/tr>\n<tr style=\"height: 13.50pt\">\n<td style=\"height: 13.50pt\" height=\"18\"><strong>Kapak Tipi<\/strong><\/td>\n<td>Yuvarlak vidal\u0131 atomizer sprey<\/td>\n<\/tr>\n<tr style=\"height: 13.50pt\">\n<td style=\"height: 13.50pt\" height=\"18\"><strong>\u00d6zelle\u015ftirme<\/strong><\/td>\n<td>Logo bask\u0131s\u0131, renkli spreyler, ODM\/OEM<\/td>\n<\/tr>\n<\/tbody>\n<\/table>\n<h2>Neden Bu Doldurulabilir Parf\u00fcm \u015ei\u015felerini Se\u00e7melisiniz?<\/h2>\n<ul>\n<li><strong>Seyahat ve toptan sipari\u015fler i\u00e7in idealdir: <\/strong>Kompakt boyutu TSA d\u00fczenlemelerine uygundur ve toplu sipari\u015f se\u00e7enekleri cam parf\u00fcm \u015fi\u015feleri i\u00e7in toptan \u00e7\u00f6z\u00fcm arayan markalar\u0131n ihtiya\u00e7lar\u0131n\u0131 kar\u015f\u0131lar.<\/li>\n<li><strong>S\u0131n\u0131rs\u0131z markala\u015fma olanaklar\u0131: <\/strong>Kaz\u0131nm\u0131\u015f logolardan degrade y\u00fczeylere kadar, markan\u0131z\u0131n hikayesini yans\u0131tan bo\u015f parf\u00fcm \u015fi\u015feleri tasarlay\u0131n. \u00d6zel kal\u0131p geli\u015ftirme, tam bir ayr\u0131cal\u0131k sa\u011flar.<\/li>\n<li><strong>\u00dcst\u00fcn bir kutu a\u00e7ma deneyimi: <\/strong>Metalik bir kapakla (alt\u0131n, g\u00fcm\u00fc\u015f veya siyah renklerde mevcuttur) e\u015fle\u015ftirilen belden ba\u011flamal\u0131 cam sprey \u015fi\u015fesi, l\u00fcks parf\u00fcm ambalajlar\u0131 i\u00e7in m\u00fckemmel olan \u00fcst d\u00fczey bir dokunu\u015f katar.<\/li>\n<\/ul>\n<h2>Her Marka i\u00e7in \u00d6zelle\u015ftirme \u00c7\u00f6z\u00fcmleri<\/h2>\n<ul>\n<li>\u200b<strong>Logo Uygulamas\u0131<\/strong>: Serigrafi, s\u0131cak damgalama veya UV bask\u0131.<\/li>\n<li>\u200b<strong>Kapak Malzemeleri<\/strong>: Al\u00fcminyum, plastik veya s\u00fcrd\u00fcr\u00fclebilir ah\u015fap.<\/li>\n<li>\u200b<strong>Cam Efektleri<\/strong>: Buzlu, degrade ombr\u00e9 veya renk p\u00fcsk\u00fcrtmeli y\u00fczeyler.<\/li>\n<li>\u200b<strong>Toplu Sipari\u015f Avantajlar\u0131<\/strong>: Toptan cam \u015fi\u015feler i\u00e7in rekabet\u00e7i fiyatland\u0131rma.<\/li>\n<\/ul>\n<h2>\u0130deal:<\/h2>\n<ol>\n<li>Butik koku markalar\u0131 seyahat boylar\u0131n\u0131 piyasaya s\u00fcr\u00fcyor.<\/li>\n<li>Benzersiz parf\u00fcm ambalaj\u0131 gerektiren \u00f6zel etiket projeleri.<\/li>\n<li>\u00c7evre dostu yeniden doldurulabilir parf\u00fcm kaplar\u0131na \u00f6ncelik veren markalar.<\/li>\n<\/ol>","protected":false},"excerpt":{"rendered":"<p>Yeniden doldurulabilir premium 30ml cam seyahat parf\u00fcm \u015fi\u015fesini ke\u015ffedin. \u00d6zelle\u015ftirilebilir kapaklar, ergonomik tasar\u0131m, toplu sipari\u015fler. Koku markan\u0131z\u0131 bug\u00fcn y\u00fckseltin!<\/p>","protected":false},"featured_media":2862,"comment_status":"open","ping_status":"closed","template":"","meta":{"_acf_changed":false,"site-sidebar-layout":"default","site-content-layout":"","ast-site-content-layout":"default","site-content-style":"default","site-sidebar-style":"default","ast-global-header-display":"","ast-banner-title-visibility":"","ast-main-header-display":"","ast-hfb-above-header-display":"","ast-hfb-below-header-display":"","ast-hfb-mobile-header-display":"","site-post-title":"","ast-breadcrumbs-content":"","ast-featured-img":"","footer-sml-layout":"","ast-disable-related-posts":"","theme-transparent-header-meta":"default","adv-header-id-meta":"","stick-header-meta":"","header-above-stick-meta":"","header-main-stick-meta":"","header-below-stick-meta":"","astra-migrate-meta-layouts":"set","ast-page-background-enabled":"default","ast-page-background-meta":{"desktop":{"background-color":"var(--ast-global-color-5)","background-image":"","background-repeat":"repeat","background-position":"center center","background-size":"auto","background-attachment":"scroll","background-type":"","background-media":"","overlay-type":"","overlay-color":"","overlay-opacity":"","overlay-gradient":""},"tablet":{"background-color":"","background-image":"","background-repeat":"repeat","background-position":"center center","background-size":"auto","background-attachment":"scroll","background-type":"","background-media":"","overlay-type":"","overlay-color":"","overlay-opacity":"","overlay-gradient":""},"mobile":{"background-color":"","background-image":"","background-repeat":"repeat","background-position":"center center","background-size":"auto","background-attachment":"scroll","background-type":"","background-media":"","overlay-type":"","overlay-color":"","overlay-opacity":"","overlay-gradient":""}},"ast-content-background-meta":{"desktop":{"background-color":"var(--ast-global-color-4)","background-image":"","background-repeat":"repeat","background-position":"center center","background-size":"auto","background-attachment":"scroll","background-type":"","background-media":"","overlay-type":"","overlay-color":"","overlay-opacity":"","overlay-gradient":""},"tablet":{"background-color":"var(--ast-global-color-4)","background-image":"","background-repeat":"repeat","background-position":"center center","background-size":"auto","background-attachment":"scroll","background-type":"","background-media":"","overlay-type":"","overlay-color":"","overlay-opacity":"","overlay-gradient":""},"mobile":{"background-color":"var(--ast-global-color-4)","background-image":"","background-repeat":"repeat","background-position":"center center","background-size":"auto","background-attachment":"scroll","background-type":"","background-media":"","overlay-type":"","overlay-color":"","overlay-opacity":"","overlay-gradient":""}}},"product_brand":[],"product_cat":[72,74,41,90],"product_tag":[],"class_list":{"0":"post-2861","1":"product","2":"type-product","3":"status-publish","4":"has-post-thumbnail","6":"product_cat-cosmetic-packaging","7":"product_cat-mini-perfume-bottles","8":"product_cat-perfume-bottles","9":"product_cat-refillable-perfume-bottles","10":"desktop-align-left","11":"tablet-align-left","12":"mobile-align-left","14":"first","15":"instock","16":"shipping-taxable","17":"product-type-simple"},"acf":[],"jetpack_sharing_enabled":true,"_links":{"self":[{"href":"https:\/\/theperfumebottles.com\/tr\/wp-json\/wp\/v2\/product\/2861","targetHints":{"allow":["GET"]}}],"collection":[{"href":"https:\/\/theperfumebottles.com\/tr\/wp-json\/wp\/v2\/product"}],"about":[{"href":"https:\/\/theperfumebottles.com\/tr\/wp-json\/wp\/v2\/types\/product"}],"replies":[{"embeddable":true,"href":"https:\/\/theperfumebottles.com\/tr\/wp-json\/wp\/v2\/comments?post=2861"}],"wp:featuredmedia":[{"embeddable":true,"href":"https:\/\/theperfumebottles.com\/tr\/wp-json\/wp\/v2\/media\/2862"}],"wp:attachment":[{"href":"https:\/\/theperfumebottles.com\/tr\/wp-json\/wp\/v2\/media?parent=2861"}],"wp:term":[{"taxonomy":"product_brand","embeddable":true,"href":"https:\/\/theperfumebottles.com\/tr\/wp-json\/wp\/v2\/product_brand?post=2861"},{"taxonomy":"product_cat","embeddable":true,"href":"https:\/\/theperfumebottles.com\/tr\/wp-json\/wp\/v2\/product_cat?post=2861"},{"taxonomy":"product_tag","embeddable":true,"href":"https:\/\/theperfumebottles.com\/tr\/wp-json\/wp\/v2\/product_tag?post=2861"}],"curies":[{"name":"wp","href":"https:\/\/api.w.org\/{rel}","templated":true}]}}